{"id":5184,"date":"2022-09-29T20:59:07","date_gmt":"2022-09-29T20:59:07","guid":{"rendered":"https:\/\/apacame.org.br\/site\/?page_id=5184"},"modified":"2022-09-29T20:59:07","modified_gmt":"2022-09-29T20:59:07","slug":"atividade-5","status":"publish","type":"page","link":"https:\/\/apacame.org.br\/site\/revista\/mensagem-doce-n-168-setembro-de-2022\/atividade-5\/","title":{"rendered":"Atividade"},"content":{"rendered":"<h1 style=\"text-align: center;\">RAUI \u2013 REMO\u00c7\u00c3O DE ABELHAS EM \u00c1REAS URBANAS E INDUSTRIAIS.<\/h1>\n<blockquote><p>Grupo de estudos \u2013 Associados APACAME.<br \/>\nEdson Tim\u00f3teo Soares CPF &#8211; 122 004 428 82 &#8211; Paulo Cezar Alves de Souza CPF &#8211; 181 917 622 34 &#8211; Orlando Jos\u00e9 de Liberato CPF &#8211; 971 349 458 04<\/p><\/blockquote>\n<p><span style=\"font-size: large;\">As abelhas Apis Mel\u00edferas africanizadas no Brasil se adaptaram muito bem, devido ao clima e a grande oferta de alimento na natureza. Com tamanho continental, possui vastas regi\u00f5es privilegiadas de muita vegeta\u00e7\u00e3o nativa, assim tamb\u00e9m como, \u00e1reas de grande densidade populacional urbana, industrial e rural. Instalam-se em locais variados, sendo na cidade, os telhados de maior prefer\u00eancia. Nas industriais, no entanto, ocupam \u00e1reas e situa\u00e7\u00f5es que s\u00f3 ocorrem em ambiente fabril. J\u00e1 na \u00e1rea rural, nidificam em \u00e1rvores, cupinzeiros, barrancos entre outros locais.<\/span><\/p>\n<p><span style=\"font-size: large;\">A apicultura \u00e9 tradicionalmente conhecida por ser uma atividade de manejo das abelhas africanizadas com o intuito de produ\u00e7\u00e3o de mel, p\u00f3len, pr\u00f3polis, geleia real e cera. No entanto, com o passar dos anos, novas t\u00e9cnicas como poliniza\u00e7\u00e3o de lavouras, Apiterapia e remo\u00e7\u00f5es de abelhas tem-se destacado como novos ramos e op\u00e7\u00f5es de renda para o apicultor. As t\u00e9cnicas de manejo, por\u00e9m, s\u00e3o voltadas para o manejo de colmeias em ambiente controlado. Este ambiente consiste apenas nos enxames, o apicultor e uma grande \u00e1rea de vegeta\u00e7\u00e3o ao entorno com dist\u00e2ncia segura de qualquer instala\u00e7\u00e3o rural ou fluxo de pessoas e animais. <\/span><\/p>\n<p><span style=\"font-size: large;\">A atividade ap\u00edcola nas cidades e ind\u00fastrias se limita \u00e0 remo\u00e7\u00e3o de abelhas. No entanto, as t\u00e9cnicas e comportamento dos apicultores que comumente realizam esta atividade, ainda continuam a mesma utilizada no api\u00e1rio, sem o devido preparo para o ambiente urbano, muito menos para o local industrial onde al\u00e9m da caracter\u00edstica fabril, existem as especificidades inerentes a cada seguimento da empresa, podendo envolver desde inflam\u00e1veis, qu\u00edmicos, contaminantes, ambiente confinado, trabalho em altura e energizados.<\/span><\/p>\n<p><span style=\"font-size: large;\">O vestu\u00e1rio ap\u00edcola foi projetado para atender a necessidade do produtor no campo, dificultando a utiliza\u00e7\u00e3o em determinadas situa\u00e7\u00f5es de captura, por exemplo, trabalho em altura e ambiente confinado. Outro agravante, \u00e9 o fato de que o Minist\u00e9rio do Trabalho, tirou a necessidade do registro de Certificado de Aprova\u00e7\u00e3o-CA para as vestimentas ap\u00edcolas deixando de ser consideradas EPI. Esta situa\u00e7\u00e3o se torna um problema para o setor de seguran\u00e7a dentro do ambiente fabril, por exemplo, pois tornou-se uma situa\u00e7\u00e3o totalmente at\u00edpica as normas internas, o que pode gerar demora no atendimento por parte do especialista em remo\u00e7\u00e3o de abelhas.<\/span><\/p>\n<p><span style=\"font-size: large;\">A falta de legisla\u00e7\u00e3o n\u00e3o s\u00f3 para a atividade de apicultor produtor, mas tamb\u00e9m de RAUI, permite que pessoas sem o devido preparo, muitas vezes sem conhecimento algum, estimulados pela possibilidade de renda como prestador de servi\u00e7o retirando abelhas de casa, apenas comprem a roupa e se coloquem a si e a todos ao redor a riscos. Inclusive \u00f3rg\u00e3os p\u00fablicos acabam caindo no engano e contratando ou indicando.<\/span><\/p>\n<p><span style=\"font-size: large;\"><b>OBJETIVOS<\/b><\/span><\/p>\n<p><span style=\"font-size: large;\">Neste documento focamos na atividade de Remo\u00e7\u00f5es de Abelhas em \u00c1reas Urbanas e Industriais \u2013RAUI, tendo em mente a necessidade de darmos o devido valor a essa atividade que se tornou ap\u00f3s a Africaniza\u00e7\u00e3o das Europeias que no Brasil foram introduzidas, extremamente necess\u00e1ria para preservar a seguran\u00e7a de pessoas e animais que convivem no mesmo ambiente, al\u00e9m de proteger as abelhas de manejos inadequados.<\/span><\/p>\n<p><span style=\"font-size: large;\">O presente documento tem por finalidade solicitar a Cria\u00e7\u00e3o de um grupo de discuss\u00e3o dentro da Confedera\u00e7\u00e3o Brasileira de apicultura j\u00e1 para o pr\u00f3ximo Congresso Brasileiro de Apicultura e Meliponicultura-CONBRAPI;<\/span><\/p>\n<p><span style=\"font-size: large;\">Discutir formaliza\u00e7\u00e3o de atividade de RAUI;<\/span><\/p>\n<p><span style=\"font-size: large;\">Discutir normas de remo\u00e7\u00e3o segura;<\/span><\/p>\n<p><span style=\"font-size: large;\">Discutir a cria\u00e7\u00e3o de EPI\u2019s para a pr\u00e1tica de RAUI;<\/span><\/p>\n<p><span style=\"font-size: large;\">Valorizar o Apicultor que se especializar em RAUI.<\/span><\/p>\n","protected":false},"excerpt":{"rendered":"<p>RAUI \u2013 REMO\u00c7\u00c3O DE ABELHAS EM \u00c1REAS URBANAS E INDUSTRIAIS. Grupo de estudos \u2013 Associados APACAME. Edson Tim\u00f3teo Soares CPF &#8211; 122 004 428 82 &#8211; Paulo Cezar Alves de [&hellip;]<\/p>\n","protected":false},"author":20,"featured_media":0,"parent":5130,"menu_order":0,"comment_status":"open","ping_status":"open","template":"","meta":{"pmpro_default_level":"","_price":"","_stock":"","_tribe_ticket_header":"","_tribe_default_ticket_provider":"","_tribe_ticket_capacity":"0","_ticket_start_date":"","_ticket_end_date":"","_tribe_ticket_show_description":"","_tribe_ticket_show_not_going":false,"_tribe_ticket_use_global_stock":"","_tribe_ticket_global_stock_level":"","_global_stock_mode":"","_global_stock_cap":"","_tribe_rsvp_for_event":"","_tribe_ticket_going_count":"","_tribe_ticket_not_going_count":"","_tribe_tickets_list":"[]","_tribe_ticket_has_attendee_info_fields":false,"cybocfi_hide_featured_image":"","footnotes":""},"class_list":["post-5184","page","type-page","status-publish","hentry","pmpro-has-access"],"_links":{"self":[{"href":"https:\/\/apacame.org.br\/site\/wp-json\/wp\/v2\/pages\/5184"}],"collection":[{"href":"https:\/\/apacame.org.br\/site\/wp-json\/wp\/v2\/pages"}],"about":[{"href":"https:\/\/apacame.org.br\/site\/wp-json\/wp\/v2\/types\/page"}],"author":[{"embeddable":true,"href":"https:\/\/apacame.org.br\/site\/wp-json\/wp\/v2\/users\/20"}],"replies":[{"embeddable":true,"href":"https:\/\/apacame.org.br\/site\/wp-json\/wp\/v2\/comments?post=5184"}],"version-history":[{"count":2,"href":"https:\/\/apacame.org.br\/site\/wp-json\/wp\/v2\/pages\/5184\/revisions"}],"predecessor-version":[{"id":5187,"href":"https:\/\/apacame.org.br\/site\/wp-json\/wp\/v2\/pages\/5184\/revisions\/5187"}],"up":[{"embeddable":true,"href":"https:\/\/apacame.org.br\/site\/wp-json\/wp\/v2\/pages\/5130"}],"wp:attachment":[{"href":"https:\/\/apacame.org.br\/site\/wp-json\/wp\/v2\/media?parent=5184"}],"curies":[{"name":"wp","href":"https:\/\/api.w.org\/{rel}","templated":true}]}}