{"id":5152,"date":"2022-09-28T21:42:48","date_gmt":"2022-09-28T21:42:48","guid":{"rendered":"https:\/\/apacame.org.br\/site\/?page_id=5152"},"modified":"2022-09-28T21:42:48","modified_gmt":"2022-09-28T21:42:48","slug":"artigo-2","status":"publish","type":"page","link":"https:\/\/apacame.org.br\/site\/revista\/mensagem-doce-n-168-setembro-de-2022\/artigo-2\/","title":{"rendered":"Artigo"},"content":{"rendered":"<h1 style=\"text-align: center;\">Estudo aponta efeitos positivos da pr\u00f3polis EPP-AF\u00ae\u00a0em inflama\u00e7\u00f5es causadas pela asma, que crescem no inverno<\/h1>\n<blockquote><p>Mayara Coluci &#8211; Public Relations<br \/>\nRua Tabapu\u00e3, 649, conjunto 34 \u2013 Itaim Bibi &#8211; 04533-012 &#8211; S\u00e3o Paulo (SP) &#8211; Brasil<br \/>\nContatos: (11) 91015-3994 &#8211; <a href=\"http:\/\/www.prconsultingamericas.com\" target=\"_blank\" rel=\"noopener\">www.prconsultingamericas.com<\/a><\/p><\/blockquote>\n<p><span style=\"font-size: large;\">A pesquisa foi conduzida, ao longo de dois anos, por especialistas da Faculdade de Medicina da USP de Ribeir\u00e3o Preto e o N\u00facleo de Pesquisa e Desenvolvimento da Apis Flora, l\u00edder brasileira em apiter\u00e1picos<\/span><\/p>\n<p><span style=\"font-size: large;\"><a href=\"https:\/\/apacame.org.br\/site\/wp-content\/uploads\/2022\/09\/Foto-1-Estudos.jpg\"><img fetchpriority=\"high\" decoding=\"async\" class=\"alignright size-medium wp-image-5153\" src=\"https:\/\/apacame.org.br\/site\/wp-content\/uploads\/2022\/09\/Foto-1-Estudos-300x205.jpg\" alt=\"Foto-1-Estudos\" width=\"300\" height=\"205\" srcset=\"https:\/\/apacame.org.br\/site\/wp-content\/uploads\/2022\/09\/Foto-1-Estudos-300x205.jpg 300w, https:\/\/apacame.org.br\/site\/wp-content\/uploads\/2022\/09\/Foto-1-Estudos-150x102.jpg 150w, https:\/\/apacame.org.br\/site\/wp-content\/uploads\/2022\/09\/Foto-1-Estudos-500x341.jpg 500w, https:\/\/apacame.org.br\/site\/wp-content\/uploads\/2022\/09\/Foto-1-Estudos.jpg 774w\" sizes=\"(max-width: 300px) 100vw, 300px\" \/><\/a>Com a piora da qualidade do ar e maior concentra\u00e7\u00e3o de poluentes em diversas regi\u00f5es do Brasil neste inverno, agravadas por per\u00edodos de seca ou baixos \u00edndices de chuva, as doen\u00e7as respirat\u00f3rias protagonizam entradas em hospitais do norte ao sul do pa\u00eds. Entre as enfermidades que ganham destaque neste per\u00edodo, est\u00e1 a asma, objeto do\u00a0estudo\u00a0desenvolvido pelo n\u00facleo cient\u00edfico da Apis Flora, em parceria com a Faculdade de Medicina de Ribeir\u00e3o Preto (FMRP-USP), realizados pela pesquisadora Annie Pineros, e liderados pela Prof\u00aa\u00a0Dra. Vania Luiza Deperon Bonato e Dra. Juliana Issa Hori, com foco na regula\u00e7\u00e3o da resposta imunol\u00f3gica que ocorre nos pulm\u00f5es em situa\u00e7\u00f5es de alergias e infec\u00e7\u00f5es.<\/span><\/p>\n<p><span style=\"font-size: large;\">Apesar de existir tratamento para a asma que, na grande maioria das vezes, \u00e9 baseado no uso de corticoides, cerca de 30% da popula\u00e7\u00e3o \u00e9 n\u00e3o responsiva, o que refor\u00e7a a busca por terapias alternativas eficazes. \u201cDiversos estudos pr\u00e9vios j\u00e1 demonstraram o papel anti-inflamat\u00f3rio da pr\u00f3polis verde brasileira, em especial do extrato EPP-AF\u00ae. Por isso, decidimos avaliar se esse extrato padronizado tamb\u00e9m poderia ter efeito sobre o tipo de inflama\u00e7\u00e3o espec\u00edfica gerada durante a asma\u201d, declara a Bi\u00f3loga, P\u00f3s-Doutora em Imunologia e Biologia Celular pela FMRP-USP, Dra. Juliana Issa Hori, respons\u00e1vel pelo estudoDe acordo com a Organiza\u00e7\u00e3o Mundial da Sa\u00fade (2019), a asma acomete at\u00e9 262 milh\u00f5es de pessoas no mundo. Al\u00e9m disso, cerca de 25 a 30% das crian\u00e7as sofrem com a doen\u00e7a. \u201cA asma tem como caracter\u00edstica a inflama\u00e7\u00e3o br\u00f4nquica, que pode ser desencadeada por al\u00e9rgenos ou n\u00e3o, e que causam sintomas como tosse, chiado e respira\u00e7\u00e3o ofegante\u201d, afirma Dra. Andresa Berretta, farmac\u00eautica respons\u00e1vel e l\u00edder de pesquisa e desenvolvimento da Apis Flora.<\/span><\/p>\n<p><span style=\"font-size: large;\">H\u00e1 40 anos respons\u00e1vel por transformar a produ\u00e7\u00e3o ap\u00edcola no Brasil, a Apis Flora trabalha para aumentar a disponibilidade de um dos produtos mais ben\u00e9ficos para a sa\u00fade e imunidade do mundo: o extrato de pr\u00f3polis. Detentora de tecnologia pr\u00f3pria e patenteada, chamada EPP-AF\u00ae, a marca se dedica a centenas de estudos cient\u00edficos e cl\u00ednicos, junto a renomadas universidades brasileiras, que comprovam os benef\u00edcios da pr\u00f3polis. \u201cEstrat\u00e9gias terap\u00eauticas para melhorar a qualidade de vida dos pacientes asm\u00e1ticos s\u00e3o importantes. Nesse sentido, vislumbramos o uso da pr\u00f3polis EPP-AF\u00ae como um produto potencialmente interessante para auxiliar nos processos imunol\u00f3gicos e anti-inflamat\u00f3rios, contribuindo para a redu\u00e7\u00e3o das crises\u201d complementa Dra. Berretta.<\/span><\/p>\n<p><span style=\"font-size: large;\"><b>Conclus\u00f5es<\/b><\/span><\/p>\n<p><span style=\"font-size: large;\"><a href=\"https:\/\/apacame.org.br\/site\/wp-content\/uploads\/2022\/09\/Foto-2-Estudos.jpg\"><img decoding=\"async\" class=\"alignright size-medium wp-image-5154\" src=\"https:\/\/apacame.org.br\/site\/wp-content\/uploads\/2022\/09\/Foto-2-Estudos-300x198.jpg\" alt=\"Foto-2-Estudos\" width=\"300\" height=\"198\" srcset=\"https:\/\/apacame.org.br\/site\/wp-content\/uploads\/2022\/09\/Foto-2-Estudos-300x198.jpg 300w, https:\/\/apacame.org.br\/site\/wp-content\/uploads\/2022\/09\/Foto-2-Estudos-150x99.jpg 150w, https:\/\/apacame.org.br\/site\/wp-content\/uploads\/2022\/09\/Foto-2-Estudos-500x331.jpg 500w, https:\/\/apacame.org.br\/site\/wp-content\/uploads\/2022\/09\/Foto-2-Estudos.jpg 770w\" sizes=\"(max-width: 300px) 100vw, 300px\" \/><\/a>Durante o estudo, que consistiu em administrar a pr\u00f3polis EPP-AF\u00ae como modelo preventivo para a asma, chegou-se ao resultado que a pr\u00f3polis gerou uma redu\u00e7\u00e3o significativa dos par\u00e2metros inflamat\u00f3rios t\u00edpicos da doen\u00e7a, como por exemplo, redu\u00e7\u00e3o do n\u00famero de eosin\u00f3filos (c\u00e9lula t\u00edpica de processos al\u00e9rgicos) no pulm\u00e3o, citocinas de perfil Th2 (que \u00e9 o perfil caracter\u00edstico dos processos al\u00e9rgicos) e da produ\u00e7\u00e3o de muco no local.<\/span><\/p>\n<p><span style=\"font-size: large;\">\u201cAl\u00e9m do efeito positivo e a possibilidade de ter um tratamento que atue como adjuvante ao tratamento convencional para redu\u00e7\u00e3o dos sintomas inflamat\u00f3rios da asma al\u00e9rgica, o maior diferencial do trabalho foi ter identificado o prov\u00e1vel mecanismo envolvido nessa redu\u00e7\u00e3o: o extrato EPP-AF\u00ae induziu um aumento de c\u00e9lulas do sistema imune que s\u00e3o respons\u00e1veis pela supress\u00e3o de processos al\u00e9rgicos, denominadas de c\u00e9lulas MDSC (Myeloid-derived suppressor cells) e c\u00e9lulas T reguladoras\u201d, diz Prof\u00aa Dra. Vania Luiza.<\/span><\/p>\n<p><span style=\"font-size: large;\">Ap\u00f3s dois anos de pesquisas, o estudo, que foi publicado em 2020, demonstrou o potencial imunorregulador do extrato EPP-AF\u00ae frente a processos al\u00e9rgicos semelhantes \u00e0 asma e a via pela qual este extrato atua, abrindo in\u00fameras possibilidades de pesquisas futuras. Afinal, esses resultados foram observados ap\u00f3s 72h da indu\u00e7\u00e3o da asma nos modelos, dados que, segundo as especialistas envolvidas, inspiram um foco maior em pesquisa cl\u00ednica, a fim de observar a resposta em organismos humanos.<\/span><\/p>\n<p><span style=\"font-size: large;\"><b>Sobre a Apis Flora:<\/b><\/span><\/p>\n<p><span style=\"font-size: large;\">Fundada em 1982, a Apis Flora \u00e9 l\u00edder no mercado nacional no segmento de pr\u00f3polis, mel e extratos de plantas medicinais. A empresa \u00e9 reconhecida por investir regularmente em pesquisas voltadas ao desenvolvimento do setor no Brasil e, para isso, conta com parcerias com institui\u00e7\u00f5es de pesquisa, universidades e ag\u00eancias de fomento ao desenvolvimento \u2013 como USP, UNICAMP, UNESP, FAEPA, CNPq, FAPESP e FINEP. A partir dessas parcerias, j\u00e1 conquistou a publica\u00e7\u00e3o de mais de 130 estudos que envolveram mais de 400 pesquisadores, al\u00e9m do deposito de 7 pedidos de patente, sedo 4 j\u00e1 aprovados, entre elas a do EPP-AF\u00ae, um extrato de pr\u00f3polis padronizado e exclusivo que comp\u00f5e diversos produtos do portf\u00f3lio da marca, incluindo o PROPOMAX\u00ae, utilizado no estudo in\u00e9dito no mundo que mostra os benef\u00edcios desse extrato de pr\u00f3polis para o tratamento da COVID-19. Al\u00e9m de serem comercializados no Brasil, os mais de 100 produtos do cat\u00e1logo da Apis Flora tamb\u00e9m s\u00e3o exportados atualmente para mais 30 pa\u00edses, incluindo China, Estados Unidos, Jap\u00e3o e Fran\u00e7a.<\/span><\/p>\n","protected":false},"excerpt":{"rendered":"<p>Estudo aponta efeitos positivos da pr\u00f3polis EPP-AF\u00ae\u00a0em inflama\u00e7\u00f5es causadas pela asma, que crescem no inverno Mayara Coluci &#8211; Public Relations Rua Tabapu\u00e3, 649, conjunto 34 \u2013 Itaim Bibi &#8211; 04533-012 [&hellip;]<\/p>\n","protected":false},"author":20,"featured_media":0,"parent":5130,"menu_order":0,"comment_status":"open","ping_status":"open","template":"","meta":{"pmpro_default_level":"","_price":"","_stock":"","_tribe_ticket_header":"","_tribe_default_ticket_provider":"","_tribe_ticket_capacity":"0","_ticket_start_date":"","_ticket_end_date":"","_tribe_ticket_show_description":"","_tribe_ticket_show_not_going":false,"_tribe_ticket_use_global_stock":"","_tribe_ticket_global_stock_level":"","_global_stock_mode":"","_global_stock_cap":"","_tribe_rsvp_for_event":"","_tribe_ticket_going_count":"","_tribe_ticket_not_going_count":"","_tribe_tickets_list":"[]","_tribe_ticket_has_attendee_info_fields":false,"cybocfi_hide_featured_image":"","footnotes":""},"class_list":["post-5152","page","type-page","status-publish","hentry","pmpro-has-access"],"_links":{"self":[{"href":"https:\/\/apacame.org.br\/site\/wp-json\/wp\/v2\/pages\/5152"}],"collection":[{"href":"https:\/\/apacame.org.br\/site\/wp-json\/wp\/v2\/pages"}],"about":[{"href":"https:\/\/apacame.org.br\/site\/wp-json\/wp\/v2\/types\/page"}],"author":[{"embeddable":true,"href":"https:\/\/apacame.org.br\/site\/wp-json\/wp\/v2\/users\/20"}],"replies":[{"embeddable":true,"href":"https:\/\/apacame.org.br\/site\/wp-json\/wp\/v2\/comments?post=5152"}],"version-history":[{"count":2,"href":"https:\/\/apacame.org.br\/site\/wp-json\/wp\/v2\/pages\/5152\/revisions"}],"predecessor-version":[{"id":5156,"href":"https:\/\/apacame.org.br\/site\/wp-json\/wp\/v2\/pages\/5152\/revisions\/5156"}],"up":[{"embeddable":true,"href":"https:\/\/apacame.org.br\/site\/wp-json\/wp\/v2\/pages\/5130"}],"wp:attachment":[{"href":"https:\/\/apacame.org.br\/site\/wp-json\/wp\/v2\/media?parent=5152"}],"curies":[{"name":"wp","href":"https:\/\/api.w.org\/{rel}","templated":true}]}}