{"id":5141,"date":"2022-09-28T21:16:16","date_gmt":"2022-09-28T21:16:16","guid":{"rendered":"https:\/\/apacame.org.br\/site\/?page_id=5141"},"modified":"2022-09-28T21:16:16","modified_gmt":"2022-09-28T21:16:16","slug":"associativismo","status":"publish","type":"page","link":"https:\/\/apacame.org.br\/site\/revista\/mensagem-doce-n-168-setembro-de-2022\/associativismo\/","title":{"rendered":"Associativismo"},"content":{"rendered":"<h1 style=\"text-align: center;\">CONFEDERA\u00c7\u00c3O BRASILEIRA DE APICULTURA-CBA<\/h1>\n<h2 style=\"text-align: center;\"><em>Gest\u00e3o 2014-18 e Gest\u00e3o 2019-2022<\/em><\/h2>\n<blockquote><p>Texto: L\u00eddia Barreto presidente da comiss\u00e3o t\u00e9cnica cient\u00edfica.<\/p><\/blockquote>\n<p><span style=\"font-size: large;\"><a href=\"https:\/\/apacame.org.br\/site\/wp-content\/uploads\/2022\/09\/Logo-CBA.jpg\"><img decoding=\"async\" class=\"alignleft size-medium wp-image-5142\" src=\"https:\/\/apacame.org.br\/site\/wp-content\/uploads\/2022\/09\/Logo-CBA-300x152.jpg\" alt=\"Logo-CBA\" width=\"300\" height=\"152\" srcset=\"https:\/\/apacame.org.br\/site\/wp-content\/uploads\/2022\/09\/Logo-CBA-300x152.jpg 300w, https:\/\/apacame.org.br\/site\/wp-content\/uploads\/2022\/09\/Logo-CBA-150x76.jpg 150w, https:\/\/apacame.org.br\/site\/wp-content\/uploads\/2022\/09\/Logo-CBA-500x254.jpg 500w, https:\/\/apacame.org.br\/site\/wp-content\/uploads\/2022\/09\/Logo-CBA.jpg 747w\" sizes=\"(max-width: 300px) 100vw, 300px\" \/><\/a>Assumimos a presid\u00eancia da CBA no ano de 2014. T\u00ednhamos muitos projetos para melhoria da organiza\u00e7\u00e3o. E mau iniciamos, tivemos que contar com nossas federadas, para que em assembleia, fosse dada antes de qualquer a\u00e7\u00e3o da nova gest\u00e3o, a solu\u00e7\u00e3o sobre a parceria existente com a entidade A.B.E.L.H.A. Assim, ap\u00f3s dissolu\u00e7\u00e3o da parceria onde a CBA configurava-se como s\u00f3cio fundador, passamos a colocar em pratica nossos planos.<\/span><\/p>\n<p><span style=\"font-size: large;\">Uma de nossas propostas foi a cria\u00e7\u00e3o da Frente Parlamentar de Apicultura e Meliponicultura no ano de 2015 por entender que a mesma tem a finalidade de acompanhar as pol\u00edticas p\u00fablicas, programas e projetos da atividade na \u00e1rea de apicultura e meliponicultura, al\u00e9m de estimular o aumento da produtividade e competitividade no setor. <\/span><\/p>\n<p><span style=\"font-size: large;\">Com o apoio da Frente parlamentar, gest\u00e3o 2015, conseguimos dar celeridade a algumas antigas reivindica\u00e7\u00f5es de nossas entidades e nossos produtores, que tratava da atualiza\u00e7\u00e3o da resolu\u00e7\u00e3o CONAMA 346. Foi realizado um estudo a partir da Cria\u00e7\u00e3o da Comiss\u00e3o Nacional para revis\u00e3o da resolu\u00e7\u00e3o 346 do CONAMA, Sob a Presid\u00eancia do Prof. Dr. Carlos Alfredo de Carvalho-UFRBA, que fez um excelente trabalho com os referidos membros at\u00e9 o encaminhamento das propostas para atualiza\u00e7\u00e3o da citada resolu\u00e7\u00e3o ao Minist\u00e9rio do Meio Ambiente. <\/span><\/p>\n<p><span style=\"font-size: large;\">A moderniza\u00e7\u00e3o do RIISPOA, vigente com legisla\u00e7\u00e3o de 1950, tamb\u00e9m nos foi poss\u00edvel, colocarmos nossas demandas e nossas urg\u00eancias junto com frente parlamentar, e com outras cadeias produtivas, conseguimos a publica\u00e7\u00e3o do Novo RIISPOA sendo ele: DECRETO N\u00ba 9.013, DE 29 DE MAR\u00c7O DE 2017 que regulamenta a Lei n\u00ba 1.283, de 18 de dezembro de 1950, e a Lei n\u00ba 7.889, de 23 de novembro de 1989, que disp\u00f5em sobre a inspe\u00e7\u00e3o industrial e sanit\u00e1ria de produtos de origem animal. Em 2018 a legisla\u00e7\u00e3o, sofreu uma primeira atualiza\u00e7\u00e3o a pedido das diversas cadeias produtivas, inclusive a nossa cadeia melhorando a regulamenta\u00e7\u00e3o no Servi\u00e7o de Inspe\u00e7\u00e3o Federal e hoje vigente sob o DECRETO N\u00ba 9.621, DE 20 DE DEZEMBRO DE 2018. <\/span><\/p>\n<p><span style=\"font-size: large;\">Vencido o mandato dos deputados, fizemos uma nova composi\u00e7\u00e3o ampliando o \u00e2mbito de atua\u00e7\u00e3o da Frente Parlamentar incluindo tamb\u00e9m o Senado Nacional passando a ser denominada como Frente Parlamentar Mista de Apicultura e Meliponicultura em 2019, com a participa\u00e7\u00e3o ent\u00e3o dos senadores. <\/span><\/p>\n<p><span style=\"font-size: large;\">Em nossa primeira gest\u00e3o em fun\u00e7\u00e3o dos eventos estaduais tivemos a oportunidade de visitar alguns estados brasileiros para conhecer e levantar a realidade da apicultura e meliponicultura dos estados e realmente est\u00e1vamos diante de muitos desafios. Associa\u00e7\u00f5es, Cooperativas e as pr\u00f3prias Federa\u00e7\u00f5es sem recursos e com o processo sucess\u00f3rio de suas lideran\u00e7as altamente comprometido. Na busca por parceiros visitamos as diversas institui\u00e7\u00f5es brasileiras de fomento, para propor parcerias, mas infelizmente nem sempre tivemos sucesso, isso comprometendo fortemente nosso trabalho. Mas tocamos em frente nossos compromissos. <\/span><\/p>\n<p><span style=\"font-size: large;\">Os Congressos Brasileiros de Apicultura e Meliponicultura foram realizados, porem tanto o 20\u00ba Congresso Brasileiro de Apicultura, 6\u00ba Congresso Brasileiro de Meliponicultura E EXPOAPI Feira de Neg\u00f3cios 2014 no Par\u00e1, e o 21\u00ba CONBRAPI, 7\u00ba Congresso Brasileiro de Meliponicultura 2016 no Cear\u00e1, ambos realizados em tempos de grandes crises no pa\u00eds, foram desafiadores para tal realiza\u00e7\u00e3o. Mas tecnicamente falando foram dois congressos com muitos profissionais, pesquisadores da Fran\u00e7a, Portugal, Argentina, M\u00e9xico, Porto Rico, e nossos grandes pesquisadores e t\u00e9cnicos brasileiros que trouxeram novos resultados de pesquisas e novidades de inova\u00e7\u00e3o e tecnologia, podendo contar com institui\u00e7\u00f5es EMBRAPA, UFPA, UEPA, IF, FAEPA, EMATER, UFCE. Posteriormente veio a realiza\u00e7\u00e3o do 22\u00ba Congresso Brasileiro de Apicultura e 8\u00ba Congresso Brasileiro de Meliponicultura &#8211; 2018 em Santa Catarina, nos foi poss\u00edvel realizar um excelente evento para congregar apicultores e meliponicultores para troca de informa\u00e7\u00f5es e atualiza\u00e7\u00e3o das novas descobertas cientificas, conhecimento de tecnologias dispon\u00edveis, a equipe t\u00e9cnico-cient\u00edfica e a parceria com FAASC, EPAGRI, IF, Governo do Estado, Universidade Federais e Estaduais de Santa Catarina tamb\u00e9m foram grandes agregadores, para o sucesso do evento. Pesquisadores Brasileiros e internacionais com destaque para Am\u00e9rica Latina contribu\u00edram em muito para o sucesso t\u00e9cnico cientifico do Conbrapi-2018. <\/span><\/p>\n<p><span style=\"font-size: large;\">Os compromissos internacionais da CBA passaram pelos congressos da APIMONDIA 2015- korea, Turquia 2017, Canada 2019. Sem or\u00e7amento financeiro para tal, pudemos contar com o apoio de nossa diretoria e para pagar as anuidades com a entidade Internacional APIMONDIA de 1500,00 Euros\/ano, recebemos apoio de algumas entidades parceiras em cada ano do evento. <\/span><\/p>\n<p><span style=\"font-size: large;\">O Brasil como membro da entidade: Federa\u00e7\u00e3o Latino-Americana Internacional de Apicultura-FILAPI na qualidade de ocupar a Vice \u2013 presid\u00eancia da Federa\u00e7\u00e3o Latino Americana de Apicultura esteve presente, com recursos pr\u00f3prios, nas discuss\u00f5es da entidade e nos seguintes eventos: XI Congresso Latino-Americano De Apicultura Filapi-Argentina-2014, XII- Congresso Latino Americano De Apicultura-2018-Cuba, XIII-Congresso Latino Americano De Apicultura-2018-Uruguai, XIV Congresso Latino-Americano De Apicultura 2020-Chile (\u201conline\u201d\/per\u00edodo pand\u00eamico). <\/span><\/p>\n<p><span style=\"font-size: large;\">Ap\u00f3s nossos diversos pleitos frustrados frente as entidades de fomento e com a chegada da pandemia, que sem d\u00favida aumentou a crise financeira nacional, passamos a nos dedicar a reuni\u00f5es a dist\u00e2ncia com nossas federadas, participa\u00e7\u00f5es em eventos online e algumas m\u00ednimas viagens at\u00e9 Bras\u00edlia para poss\u00edveis articula\u00e7\u00f5es, principalmente nos Minist\u00e9rio de Agricultura, Minist\u00e9rio de Desenvolvimento Regional e Minist\u00e9rio do Meio ambiente, Frente Parlamentar, C\u00e2mara\u00a0Setorial da Cadeia Produtiva do\u00a0Mel\u00a0e Produtos Ap\u00edcolas-Bras\u00edlia. Tendo logrado \u00eaxito em algumas demandas a citar:<\/span><\/p>\n<p><span style=\"font-size: large;\">Cria\u00e7\u00e3o do Grupo T\u00e9cnico \u2013GT dos Agrot\u00f3xicos para cria\u00e7\u00e3o de um protocolo de ressarcimento a apicultores e meliponicultores que tenham perdido suas colmeias por agrot\u00f3xicos.<\/span><\/p>\n<p><span style=\"font-size: large;\">Grupo T\u00e9cnico-GT Mel Falso acionando da ANVISA, MAPA, Federa\u00e7\u00f5es, pesquisadores, para o combate \u00e0 falsifica\u00e7\u00e3o. <\/span><\/p>\n<p><span style=\"font-size: large;\">Em 2020 realizamos de forma online um bem sucedido F\u00d3RUM INTERNACIONAL DE ABELHAS EM TEMPOS DE PANDEMIA, a Comiss\u00e3o T\u00e9cnico Cient\u00edfica coordenou esse feito podendo trazer pesquisadores da Europa, Estados Unidos, Am\u00e9rica Central, Am\u00e9rica Latina e os pesquisadores brasileiros participantes da Comiss\u00e3o T\u00e9cnica e Cient\u00edfica da CBA para ministrarem as diversas conferencias e mesas de discuss\u00e3o, contando com a participa\u00e7\u00e3o de cerca de 550 apicultores, meliponicultores e profissionais ligado a cria\u00e7\u00e3o \u00e1rea.<\/span><\/p>\n<p><span style=\"font-size: large;\">Diversos foram os encaminhamentos, para atualiza\u00e7\u00e3o da legisla\u00e7\u00e3o correlatas a apicultura e meliponicultura. Destacamos que foi encaminhado a partir do trabalho Coordenado com Prof. Dr. Rogerio Alves uma proposta de Projeto de Lei para Regulariza\u00e7\u00e3o da Meliponicultura Brasileira, nos moldes das propostas da Comiss\u00e3o Nacional do Conama, legisla\u00e7\u00f5es estaduais de meliponicultura, validado por associa\u00e7\u00f5es e pesquisadores Brasileiros, a PL foi encaminhada para frente parlamentar via Confedera\u00e7\u00e3o Brasileira de apicultura. Outra a\u00e7\u00e3o foi a proposta da meliponicultura constar da Classifica\u00e7\u00e3o Nacional de Atividades Econ\u00f4micas-CNAE, ainda precisa ser aperfei\u00e7oada, porem passou a configurar no mesmo.<\/span><\/p>\n<p><span style=\"font-size: large;\">A participa\u00e7\u00e3o ativa da CBA na Rota do Mel do Minist\u00e9rio de Desenvolvimento Regional foi de extrema import\u00e2ncia pois pode criar e indicar novas rotas para auxiliar no desenvolvimento de alguns estados, essa a\u00e7\u00e3o est\u00e1 beneficiando diretamente cerca de 1081 criadores de abelhas (apicultores e meliponicultores), formando as seguintes Rotas do Mel: Polo Ap\u00edcola do Norte de Minas-MG, Polo do mel de Janda\u00edra- RN, Polo do Mel do Capara\u00f3 e Sul Capixaba &#8211; ES, Polo do Mel de Crate\u00fas e Inhamuns -CE, Polo do Mel do Pampa Ga\u00facho -RS, Polo do Mel do Semi\u00e1rido Baiano-Ba, Polo do Mel do Semi\u00e1rido Piauiense-PI, Polo do Mel do Sudeste do Par\u00e1 -PA e Polo do Mel dos Campos de Cima da Serra -RS.<\/span><\/p>\n<p><span style=\"font-size: large;\">Quanto a tomada p\u00fablica de subs\u00eddios que discute sobre regula\u00e7\u00e3o dos produtos processados de origem vegetal autodenominados \u201cplant based\u201d encaminhamos pela C\u00e2mara Setorial a solicita\u00e7\u00e3o de proibi\u00e7\u00e3o sobre o uso da palavra \u201cMEL\u201d para os referidos produtos evitando que o consumidor seja levado a erros no momento da aquisi\u00e7\u00e3o do mel. Criamos a Comiss\u00e3o de Estudo para atualiza\u00e7\u00e3o, da Portaria 486\/2021. Conseguimos construir e encaminhar diversos Projetos de Lei para favorecer a apicultura e a meliponicultura brasileira pela C\u00e2mara Setorial e Frente Parlamentar. Muitas s\u00e3o modificadas, outras demoram a sair e isso estejam certos \u00e9 angustiante.<\/span><\/p>\n<p><span style=\"font-size: large;\">Concluindo: Tivemos muito empenho em nossas a\u00e7\u00f5es, as diversas foram as tentativas de melhorias para nossa entidade, n\u00e3o acertamos em todas e, em tempos de crise econ\u00f4mica e financeira no pa\u00eds, n\u00e3o se consegue fazer magicas. Acreditamos que nestes anos tivemos pessoas fant\u00e1sticas nos ajudando, e a elas somos muito gratos. Tivemos erros, sim muitos, estejam certos de nossa reta inten\u00e7\u00e3o em fazer uma apicultura e meliponicultura melhor. Queremos ainda deixar os nossos mais profundos agradecimentos a todas as m\u00e3os estendidas em nosso trabalho, a todos que mesmo com conflitos chegaram at\u00e9 o fim de uma dif\u00edcil gest\u00e3o junto conosco, agradecer aos nossos apoiadores, agradecer a todos os que criticaram, mas nada fizeram para ajudar a entidade que \u00e9 de todos e n\u00e3o exclusividade de uma diretoria. Agradecemos tamb\u00e9m a Comiss\u00e3o T\u00e9cnico Cientifica-CTC-CBA que sempre esteve presente em momentos dif\u00edceis, com destaque na introdu\u00e7\u00e3o do Aethina t\u00famida no Brasil, que conseguiu impedir, com suas bases cientificas, o exterm\u00ednio desnecess\u00e1rio de in\u00fameros api\u00e1rios brasileiros, pela condu\u00e7\u00e3o cient\u00edfica de nossos Congressos Brasileiros, Simp\u00f3sio Internacional e pela produ\u00e7\u00e3o elevada t\u00e9cnico- cient\u00edfica movendo as diversas tem\u00e1ticas da cria\u00e7\u00e3o de abelhas. Pela nossa experi\u00eancia podemos categoricamente dizer: N\u00e3o dividam nossas organiza\u00e7\u00f5es, pois, cada grupo criado \u00e9 mais um enfraquecimento de uma institui\u00e7\u00e3o e que deveria, mesmo que com desaven\u00e7as permanecer juntos. A falta de recurso continuar\u00e1 sendo o maior desafio nos pr\u00f3ximos anos. Segundo estudos do SEBRAE o n\u00famero de apicultores e meliponicultores no Brasil est\u00e3o estimados em torno de 550 mil, se cada um contribu\u00edsse com poucos Reais para sua associa\u00e7\u00e3o, se cada associa\u00e7\u00e3o contribu\u00edsse com sua federa\u00e7\u00e3o e se cada federa\u00e7\u00e3o contribu\u00edsse com a confedera\u00e7\u00e3o n\u00e3o ter\u00edamos que ficar na depend\u00eancia de programas governamentais, seriamos t\u00e3o forte quanto o agro. Pensem nisso e apoiem muito os pr\u00f3ximos gestores da Confedera\u00e7\u00e3o Brasileira de Apicultura. <\/span><\/p>\n<p><span style=\"font-size: large;\">Convite final queremos convidar a todos a acessarem nosso site onde ter\u00e3o muito mais informa\u00e7\u00f5es sobre os feitos da CBA e outras tem\u00e1ticas da cria\u00e7\u00e3o de abelhas: <a href=\"https:\/\/www.cbraca.com.br\/\" target=\"_blank\" rel=\"noopener\">https:\/\/www.cbraca.com.br\/<\/a> A todos nosso muito obrigado.<\/span><\/p>\n<p><span style=\"font-size: large;\">Confedera\u00e7\u00e3o Brasileira de Apicultura- CBA<\/span><\/p>\n<p><span style=\"font-size: large;\">25 de junho de 2022<\/span><\/p>\n","protected":false},"excerpt":{"rendered":"<p>CONFEDERA\u00c7\u00c3O BRASILEIRA DE APICULTURA-CBA Gest\u00e3o 2014-18 e Gest\u00e3o 2019-2022 Texto: L\u00eddia Barreto presidente da comiss\u00e3o t\u00e9cnica cient\u00edfica. Assumimos a presid\u00eancia da CBA no ano de 2014. T\u00ednhamos muitos projetos para [&hellip;]<\/p>\n","protected":false},"author":20,"featured_media":0,"parent":5130,"menu_order":0,"comment_status":"open","ping_status":"open","template":"","meta":{"pmpro_default_level":"","_price":"","_stock":"","_tribe_ticket_header":"","_tribe_default_ticket_provider":"","_tribe_ticket_capacity":"0","_ticket_start_date":"","_ticket_end_date":"","_tribe_ticket_show_description":"","_tribe_ticket_show_not_going":false,"_tribe_ticket_use_global_stock":"","_tribe_ticket_global_stock_level":"","_global_stock_mode":"","_global_stock_cap":"","_tribe_rsvp_for_event":"","_tribe_ticket_going_count":"","_tribe_ticket_not_going_count":"","_tribe_tickets_list":"[]","_tribe_ticket_has_attendee_info_fields":false,"cybocfi_hide_featured_image":"","footnotes":""},"class_list":["post-5141","page","type-page","status-publish","hentry","pmpro-has-access"],"_links":{"self":[{"href":"https:\/\/apacame.org.br\/site\/wp-json\/wp\/v2\/pages\/5141"}],"collection":[{"href":"https:\/\/apacame.org.br\/site\/wp-json\/wp\/v2\/pages"}],"about":[{"href":"https:\/\/apacame.org.br\/site\/wp-json\/wp\/v2\/types\/page"}],"author":[{"embeddable":true,"href":"https:\/\/apacame.org.br\/site\/wp-json\/wp\/v2\/users\/20"}],"replies":[{"embeddable":true,"href":"https:\/\/apacame.org.br\/site\/wp-json\/wp\/v2\/comments?post=5141"}],"version-history":[{"count":2,"href":"https:\/\/apacame.org.br\/site\/wp-json\/wp\/v2\/pages\/5141\/revisions"}],"predecessor-version":[{"id":5144,"href":"https:\/\/apacame.org.br\/site\/wp-json\/wp\/v2\/pages\/5141\/revisions\/5144"}],"up":[{"embeddable":true,"href":"https:\/\/apacame.org.br\/site\/wp-json\/wp\/v2\/pages\/5130"}],"wp:attachment":[{"href":"https:\/\/apacame.org.br\/site\/wp-json\/wp\/v2\/media?parent=5141"}],"curies":[{"name":"wp","href":"https:\/\/api.w.org\/{rel}","templated":true}]}}