{"id":5137,"date":"2022-09-28T21:03:10","date_gmt":"2022-09-28T21:03:10","guid":{"rendered":"https:\/\/apacame.org.br\/site\/?page_id=5137"},"modified":"2022-09-28T21:03:10","modified_gmt":"2022-09-28T21:03:10","slug":"editorial","status":"publish","type":"page","link":"https:\/\/apacame.org.br\/site\/revista\/mensagem-doce-n-168-setembro-de-2022\/editorial\/","title":{"rendered":"Editorial"},"content":{"rendered":"<h1 style=\"text-align: center;\">CONGRESSOS E CBA no radar da APACAME<\/h1>\n<p><span style=\"font-size: large;\"><a href=\"https:\/\/apacame.org.br\/site\/wp-content\/uploads\/2021\/08\/Foto_Editorial.jpg\"><img fetchpriority=\"high\" decoding=\"async\" class=\"alignleft size-full wp-image-4205\" src=\"https:\/\/apacame.org.br\/site\/wp-content\/uploads\/2021\/08\/Foto_Editorial.jpg\" alt=\"Foto_Editorial\" width=\"385\" height=\"350\" srcset=\"https:\/\/apacame.org.br\/site\/wp-content\/uploads\/2021\/08\/Foto_Editorial.jpg 385w, https:\/\/apacame.org.br\/site\/wp-content\/uploads\/2021\/08\/Foto_Editorial-300x273.jpg 300w, https:\/\/apacame.org.br\/site\/wp-content\/uploads\/2021\/08\/Foto_Editorial-150x136.jpg 150w\" sizes=\"(max-width: 385px) 100vw, 385px\" \/><\/a>Parte da diretoria da APACAME foi a Chapec\u00f3 no 2\u00b0 COSBRAPIM (Congresso Sul Brasileiro de Apicultura e Meliponicultura) e 35\u00b0 ECAM (Encontro Catarinense de Apicultores e Meliponicultores). Ficamos impressionados com a organiza\u00e7\u00e3o do evento. Estava \u00e0 frente de tudo isso o presidente da FAASC e vice-presidente da CBA, o Sr. Ivanir Cella. Participamos de v\u00e1rias reuni\u00f5es sobre a apicultura no Sul e no Brasil, com uma discuss\u00e3o muito proveitosa sobre os rumos da CBA, onde estavam presentes os presidentes das federa\u00e7\u00f5es de S\u00e3o Paulo, Paran\u00e1, Rio Grande do Sul, Rio de Janeiro e Santa Catarina, alguns ex-presidentes da CBA. At\u00e9 o fechamento deste editorial a CBA est\u00e1 sem presidente, pois terminou o mandato de Jos\u00e9 Soares de Arag\u00e3o Brito e ainda n\u00e3o foram convocadas elei\u00e7\u00f5es para o pr\u00f3ximo, n\u00e3o temos nada de informes, todos calados. Os congressos de Bras\u00edlia e S\u00e3o Paulo nada definido at\u00e9 o momento, essa \u00e9 a organiza\u00e7\u00e3o m\u00e1xima da apicultura no Brasil. Apicultores precisamos urgente de uma uni\u00e3o entre as associa\u00e7\u00f5es, federa\u00e7\u00f5es, e confedera\u00e7\u00e3o, para alavancar a apicultura brasileira, aqui em S\u00e3o Paulo estamos tentando uma reuni\u00e3o da federa\u00e7\u00e3o com todas as associa\u00e7\u00f5es do Estado de S\u00e3o Paulo, pois sem uni\u00e3o n\u00e3o chegamos em lugar nenhum.<\/span><\/p>\n<p><span style=\"font-size: large;\">No cen\u00e1rio internacional est\u00e1 sendo realizado o congresso da APIMONDIA nesse m\u00eas de Agosto, na Turquia, e j\u00e1 foi fechado o pr\u00f3ximo 48\u00ba APIMONDIA CHILE 2023, de 4 a 8 de Setembro. J\u00e1 estamos preparando nossa caravana ao Chile!<\/span><\/p>\n<p><span style=\"font-size: large;\">\u201cE que as abelhas sejam motivos de reuni\u00e3o e uni\u00e3o entre os homens\u201d <\/span><\/p>\n<p><span style=\"font-size: large;\">Uma associa\u00e7\u00e3o se faz com associados.<\/span><\/p>\n<p><span style=\"font-size: large;\"><i><b>Eloi Viana da Silva \u2013 Presidente Executivo &#8211; <a href=\"mailto:eloi@apacame.org.br\">eloi@apacame.org.br<\/a><\/b><\/i> <\/span><\/p>\n","protected":false},"excerpt":{"rendered":"<p>CONGRESSOS E CBA no radar da APACAME Parte da diretoria da APACAME foi a Chapec\u00f3 no 2\u00b0 COSBRAPIM (Congresso Sul Brasileiro de Apicultura e Meliponicultura) e 35\u00b0 ECAM (Encontro Catarinense [&hellip;]<\/p>\n","protected":false},"author":20,"featured_media":0,"parent":5130,"menu_order":0,"comment_status":"open","ping_status":"open","template":"","meta":{"pmpro_default_level":"","_price":"","_stock":"","_tribe_ticket_header":"","_tribe_default_ticket_provider":"","_tribe_ticket_capacity":"0","_ticket_start_date":"","_ticket_end_date":"","_tribe_ticket_show_description":"","_tribe_ticket_show_not_going":false,"_tribe_ticket_use_global_stock":"","_tribe_ticket_global_stock_level":"","_global_stock_mode":"","_global_stock_cap":"","_tribe_rsvp_for_event":"","_tribe_ticket_going_count":"","_tribe_ticket_not_going_count":"","_tribe_tickets_list":"[]","_tribe_ticket_has_attendee_info_fields":false,"cybocfi_hide_featured_image":"","footnotes":""},"class_list":["post-5137","page","type-page","status-publish","hentry","pmpro-has-access"],"_links":{"self":[{"href":"https:\/\/apacame.org.br\/site\/wp-json\/wp\/v2\/pages\/5137"}],"collection":[{"href":"https:\/\/apacame.org.br\/site\/wp-json\/wp\/v2\/pages"}],"about":[{"href":"https:\/\/apacame.org.br\/site\/wp-json\/wp\/v2\/types\/page"}],"author":[{"embeddable":true,"href":"https:\/\/apacame.org.br\/site\/wp-json\/wp\/v2\/users\/20"}],"replies":[{"embeddable":true,"href":"https:\/\/apacame.org.br\/site\/wp-json\/wp\/v2\/comments?post=5137"}],"version-history":[{"count":1,"href":"https:\/\/apacame.org.br\/site\/wp-json\/wp\/v2\/pages\/5137\/revisions"}],"predecessor-version":[{"id":5138,"href":"https:\/\/apacame.org.br\/site\/wp-json\/wp\/v2\/pages\/5137\/revisions\/5138"}],"up":[{"embeddable":true,"href":"https:\/\/apacame.org.br\/site\/wp-json\/wp\/v2\/pages\/5130"}],"wp:attachment":[{"href":"https:\/\/apacame.org.br\/site\/wp-json\/wp\/v2\/media?parent=5137"}],"curies":[{"name":"wp","href":"https:\/\/api.w.org\/{rel}","templated":true}]}}