{"id":5096,"date":"2022-08-11T20:02:34","date_gmt":"2022-08-11T20:02:34","guid":{"rendered":"https:\/\/apacame.org.br\/site\/?page_id=5096"},"modified":"2022-08-11T20:02:34","modified_gmt":"2022-08-11T20:02:34","slug":"curiosidade","status":"publish","type":"page","link":"https:\/\/apacame.org.br\/site\/revista\/mensagem-doce-n-167-julho-de-2022\/curiosidade\/","title":{"rendered":"Curiosidade"},"content":{"rendered":"<h1 style=\"text-align: center;\">Lorenzo Lorraine LANGSTROTH<\/h1>\n<p><span style=\"font-size: large;\"><a href=\"https:\/\/apacame.org.br\/site\/wp-content\/uploads\/2022\/08\/Figura_1_Curiosidade.jpg\"><img fetchpriority=\"high\" decoding=\"async\" class=\"alignright size-medium wp-image-5097\" src=\"https:\/\/apacame.org.br\/site\/wp-content\/uploads\/2022\/08\/Figura_1_Curiosidade-300x279.jpg\" alt=\"Figura_1_Curiosidade\" width=\"300\" height=\"279\" srcset=\"https:\/\/apacame.org.br\/site\/wp-content\/uploads\/2022\/08\/Figura_1_Curiosidade-300x279.jpg 300w, https:\/\/apacame.org.br\/site\/wp-content\/uploads\/2022\/08\/Figura_1_Curiosidade-270x250.jpg 270w, https:\/\/apacame.org.br\/site\/wp-content\/uploads\/2022\/08\/Figura_1_Curiosidade-150x140.jpg 150w, https:\/\/apacame.org.br\/site\/wp-content\/uploads\/2022\/08\/Figura_1_Curiosidade-500x466.jpg 500w, https:\/\/apacame.org.br\/site\/wp-content\/uploads\/2022\/08\/Figura_1_Curiosidade.jpg 774w\" sizes=\"(max-width: 300px) 100vw, 300px\" \/><\/a>\u00c9 considerado o pai da apicultura americana. Langstroth nasceu em 25 de dezembro de 1810 na Filad\u00e9lfia nos Estados Unidos e faleceu em 1895, aos 85 anos de idade.<\/span><\/p>\n<p><span style=\"font-size: large;\">Langstroth era professor, pastor e apicultor. Ganhou fama na apicultura mundial por ter descoberto o chamado espa\u00e7o abelha e desenvolvido os quadros m\u00f3veis, facilitando o manejo das col\u00f4nias de abelhas e acelerando exponencialmente o desenvolvimento da apicultura nos Estados Unidos. <\/span><\/p>\n<p><span style=\"font-size: large;\">Langstroth verificou que as abelhas em uma colmeia, sempre completavam com pr\u00f3polis qualquer espa\u00e7o inferior a 5\/16 de polegada (4,7 mm) e todo espa\u00e7o superior a 3\/8 de polegada (9,5 mm) era preenchido com constru\u00e7\u00f5es de escada de cera ou favos. A m\u00e9dia entre estes dois valores \u00e9 de 5\/16 de polegada (7,9mm). Este \u201cc\u00f3digo de obras\u201d \u00e9 rigorosamente obedecido pelas abelhas, \u00e9 o que Langstroth chamou de espa\u00e7o-abelha.<\/span><\/p>\n<p><span style=\"font-size: large;\">O espa\u00e7o abelha est\u00e1 entre 6 a 8 mm, podendo em algumas colmeias ter uma varia\u00e7\u00e3o de at\u00e9 2 mm, ou seja, (7.0 +-2.0) mm. Este espa\u00e7o deve permanecer sempre livre para o tr\u00e2nsito de abelhas, tanto no transporte de alimentos como para ventila\u00e7\u00e3o. Nada \u00e9 constru\u00eddo neste espa\u00e7o.<\/span><\/p>\n<p><span style=\"font-size: large;\">Tamb\u00e9m publicou o famoso livro de apicultura \u201cThe hive and the honeybee\u201d em 1860. Atualmente o livro se encontra na 40\u00b0 edi\u00e7\u00e3o e \u00e9 considerado a b\u00edblia dos apicultores. <\/span><\/p>\n<p><span style=\"font-size: large;\">A colmeia Langstroth \u00e9 o modelo mais utilizado no mundo, cerca de 75% de todas as colmeias ap\u00edcolas s\u00e3o do modelo Langstroth ou derivadas desse modelo.<\/span><\/p>\n<p><span style=\"font-size: large;\">No Brasil a colmeia Langstroth foi adotada como colmeia padr\u00e3o, portanto, todos equipamentos ap\u00edcolas desenvolvidos no Brasil s\u00e3o fabricados para encaixar perfeitamente na colmeia padr\u00e3o.<\/span><\/p>\n","protected":false},"excerpt":{"rendered":"<p>Lorenzo Lorraine LANGSTROTH \u00c9 considerado o pai da apicultura americana. Langstroth nasceu em 25 de dezembro de 1810 na Filad\u00e9lfia nos Estados Unidos e faleceu em 1895, aos 85 anos [&hellip;]<\/p>\n","protected":false},"author":20,"featured_media":0,"parent":4982,"menu_order":0,"comment_status":"open","ping_status":"open","template":"","meta":{"pmpro_default_level":"","_price":"","_stock":"","_tribe_ticket_header":"","_tribe_default_ticket_provider":"","_tribe_ticket_capacity":"0","_ticket_start_date":"","_ticket_end_date":"","_tribe_ticket_show_description":"","_tribe_ticket_show_not_going":false,"_tribe_ticket_use_global_stock":"","_tribe_ticket_global_stock_level":"","_global_stock_mode":"","_global_stock_cap":"","_tribe_rsvp_for_event":"","_tribe_ticket_going_count":"","_tribe_ticket_not_going_count":"","_tribe_tickets_list":"[]","_tribe_ticket_has_attendee_info_fields":false,"cybocfi_hide_featured_image":"","footnotes":""},"class_list":["post-5096","page","type-page","status-publish","hentry","pmpro-has-access"],"_links":{"self":[{"href":"https:\/\/apacame.org.br\/site\/wp-json\/wp\/v2\/pages\/5096"}],"collection":[{"href":"https:\/\/apacame.org.br\/site\/wp-json\/wp\/v2\/pages"}],"about":[{"href":"https:\/\/apacame.org.br\/site\/wp-json\/wp\/v2\/types\/page"}],"author":[{"embeddable":true,"href":"https:\/\/apacame.org.br\/site\/wp-json\/wp\/v2\/users\/20"}],"replies":[{"embeddable":true,"href":"https:\/\/apacame.org.br\/site\/wp-json\/wp\/v2\/comments?post=5096"}],"version-history":[{"count":2,"href":"https:\/\/apacame.org.br\/site\/wp-json\/wp\/v2\/pages\/5096\/revisions"}],"predecessor-version":[{"id":5099,"href":"https:\/\/apacame.org.br\/site\/wp-json\/wp\/v2\/pages\/5096\/revisions\/5099"}],"up":[{"embeddable":true,"href":"https:\/\/apacame.org.br\/site\/wp-json\/wp\/v2\/pages\/4982"}],"wp:attachment":[{"href":"https:\/\/apacame.org.br\/site\/wp-json\/wp\/v2\/media?parent=5096"}],"curies":[{"name":"wp","href":"https:\/\/api.w.org\/{rel}","templated":true}]}}