{"id":5071,"date":"2022-08-11T19:45:21","date_gmt":"2022-08-11T19:45:21","guid":{"rendered":"https:\/\/apacame.org.br\/site\/?page_id=5071"},"modified":"2022-08-11T19:45:21","modified_gmt":"2022-08-11T19:45:21","slug":"pasto-apicola","status":"publish","type":"page","link":"https:\/\/apacame.org.br\/site\/revista\/mensagem-doce-n-167-julho-de-2022\/pasto-apicola\/","title":{"rendered":"Pasto Ap\u00edcola"},"content":{"rendered":"<h1 style=\"text-align: center;\">FONTES DE P\u00d3LEN &#8211; Plantas que alimentam as abelhas<\/h1>\n<blockquote><p>Dr. Jo\u00e3o Martins Ferreira \u00e9 Professor Titular da Universidade Paulista UNIP, Pesquisador junto \u00e0 Universidade de S\u00e3o Paulo, Apicultor e Jornalista &#8211; MTB 93480 SP &#8211; Site: <a href=\"http:\/\/martinsferreira.net\" target=\"_blank\" rel=\"noopener\">martinsferreira.net<\/a> &#8211; Contato: <a href=\"mailto:martins_ferreira@hotmail.com\" target=\"_blank\">martins_ferreira@hotmail.com<\/a><\/p><\/blockquote>\n<figure id=\"attachment_5073\" aria-describedby=\"caption-attachment-5073\" style=\"width: 300px\" class=\"wp-caption alignright\"><a href=\"https:\/\/apacame.org.br\/site\/wp-content\/uploads\/2022\/08\/Foto_1_Pasto.jpg\"><img fetchpriority=\"high\" decoding=\"async\" class=\"wp-image-5073 size-medium\" src=\"https:\/\/apacame.org.br\/site\/wp-content\/uploads\/2022\/08\/Foto_1_Pasto-300x214.jpg\" alt=\"Foto_1_Pasto\" width=\"300\" height=\"214\" srcset=\"https:\/\/apacame.org.br\/site\/wp-content\/uploads\/2022\/08\/Foto_1_Pasto-300x214.jpg 300w, https:\/\/apacame.org.br\/site\/wp-content\/uploads\/2022\/08\/Foto_1_Pasto-150x107.jpg 150w, https:\/\/apacame.org.br\/site\/wp-content\/uploads\/2022\/08\/Foto_1_Pasto-500x357.jpg 500w, https:\/\/apacame.org.br\/site\/wp-content\/uploads\/2022\/08\/Foto_1_Pasto.jpg 774w\" sizes=\"(max-width: 300px) 100vw, 300px\" \/><\/a><figcaption id=\"caption-attachment-5073\" class=\"wp-caption-text\">Apis Mellifera coletando p\u00f3lens na flor da Castanha-do-Maranh\u00e3o \u2013 Foto de Jo\u00e3o Martins Ferreira<\/figcaption><\/figure>\n<p><span style=\"font-size: large;\">Quando as pessoas falam sobre o que as abelhas fazem ou produzem, \u00e9 comum tratarem quase sempre apenas a respeito do mel. Por\u00e9m n\u00e3o menos importante nesse aspecto \u00e9 aquilo que diz respeito aos p\u00f3lens das flores, coletados pelas abelhas para consumo pr\u00f3prio, os quais tamb\u00e9m s\u00e3o \u00fateis a n\u00f3s, humanos, como alimento de consider\u00e1vel valor nutricional. O apicultor que pretende coletar muito mel em suas colmeias deve se preocupar n\u00e3o apenas com plantas que forne\u00e7am n\u00e9ctar abundante para supri-las, mas igualmente com fontes de p\u00f3lens dispon\u00edveis, pois desse modo poder\u00e1 vir a ter enxames fortes, os quais produzir\u00e3o de modo a satisfazer sua expectativa. Caso sua inten\u00e7\u00e3o seja ainda obter p\u00f3lens para si, ou para ser comercializado, dever\u00e1 previamente analisar as potencialidades do pasto ap\u00edcola na regi\u00e3o do api\u00e1rio, com vistas a alcan\u00e7ar bom sucesso em sua empreitada.<\/span><\/p>\n<p><span style=\"font-size: large;\">Uma col\u00f4nia forte, saud\u00e1vel e com um grande n\u00famero de abelhas, que esteja em condi\u00e7\u00f5es ideais para produzir bem tanto o mel, como a cera, a pr\u00f3polis e outros produtos em abund\u00e2ncia, depender\u00e1, entre outras coisas, de uma grande disponibilidade de p\u00f3len. Para que atinja tal n\u00edvel, \u00e9 fundamental contar com um vers\u00e1til pasto ap\u00edcola, al\u00e9m de \u00e1gua l\u00edmpida, \u00e9 claro, nas proximidades dela. Tamb\u00e9m \u00e9 indispens\u00e1vel que a oferta de p\u00f3lens ocorra em todas as esta\u00e7\u00f5es do ano, haja vista que no Brasil, por raz\u00f5es clim\u00e1ticas, as atividades das abelhas s\u00e3o quase ininterruptas. Portanto, para atender a tais necessidades, \u00e9 importante que se fa\u00e7a um bom planejamento, que se analise quais s\u00e3o as esp\u00e9cies de plantas que est\u00e3o naturalmente dispon\u00edveis, ou quais ser\u00e3o plantadas na regi\u00e3o. <\/span><\/p>\n<figure id=\"attachment_5074\" aria-describedby=\"caption-attachment-5074\" style=\"width: 300px\" class=\"wp-caption alignleft\"><a href=\"https:\/\/apacame.org.br\/site\/wp-content\/uploads\/2022\/08\/Foto_2_Pasto.jpg\"><img decoding=\"async\" class=\"wp-image-5074 size-medium\" src=\"https:\/\/apacame.org.br\/site\/wp-content\/uploads\/2022\/08\/Foto_2_Pasto-300x214.jpg\" alt=\"Foto_2_Pasto\" width=\"300\" height=\"214\" srcset=\"https:\/\/apacame.org.br\/site\/wp-content\/uploads\/2022\/08\/Foto_2_Pasto-300x214.jpg 300w, https:\/\/apacame.org.br\/site\/wp-content\/uploads\/2022\/08\/Foto_2_Pasto-150x107.jpg 150w, https:\/\/apacame.org.br\/site\/wp-content\/uploads\/2022\/08\/Foto_2_Pasto-500x357.jpg 500w, https:\/\/apacame.org.br\/site\/wp-content\/uploads\/2022\/08\/Foto_2_Pasto.jpg 774w\" sizes=\"(max-width: 300px) 100vw, 300px\" \/><\/a><figcaption id=\"caption-attachment-5074\" class=\"wp-caption-text\">Tetragonisca Angustula (Jata\u00ed) visitando a flor da Coroa-de-Cristo &#8211; Foto de Jo\u00e3o Martins Ferreira.<\/figcaption><\/figure>\n<p><span style=\"font-size: large;\">As abelhas s\u00e3o um exemplo de organiza\u00e7\u00e3o eficiente e \u00e9 sempre oportuno aprendermos com elas, observando-as e as estudando, compreendendo como tamb\u00e9m podemos metodicamente e racionalmente crescer mais e de modo positivo e sustent\u00e1vel. O apicultor deve primeiro pensar em qual \u00e9 sua inten\u00e7\u00e3o com suas colmeias para depois analisar as condi\u00e7\u00f5es da regi\u00e3o em que elas ser\u00e3o instaladas. No caso de uma apicultura migrat\u00f3ria, por exemplo, que vise mais a produ\u00e7\u00e3o de mel, obviamente ser\u00e1 necess\u00e1rio contar com plantas pr\u00f3ximas do api\u00e1rio que forne\u00e7am n\u00e3o apenas n\u00e9ctar, mas tamb\u00e9m uma boa quantidade de p\u00f3lens. No entanto, se a inten\u00e7\u00e3o for coletar p\u00f3lens em abund\u00e2ncia, com vistas \u00e0 comercializa\u00e7\u00e3o desse produto, ser\u00e1 preciso que a regi\u00e3o em que se instalar\u00e1 o api\u00e1rio disponha de esp\u00e9cies com excelente oferta dele. Tais apontamentos parecem tratar de coisas \u00f3bvias, mas em diversas ocasi\u00f5es percebemos que a falta de um planejamento coerente e adequado, ou de uma organiza\u00e7\u00e3o l\u00f3gica, tornaram-se as causas de infort\u00fanios para algumas pessoas que lidam com abelhas.<\/span><\/p>\n<p><span style=\"font-size: large;\">Nesse sentido, este texto fornece algumas informa\u00e7\u00f5es elementares e introdut\u00f3rias, indicando algumas op\u00e7\u00f5es para que o apicultor tenha um bom pasto ap\u00edcola com rela\u00e7\u00e3o ao fornecimento de p\u00f3lens para as abelhas. Para que se saiba se a oferta desse produto em uma regi\u00e3o est\u00e1 suprindo as necessidades, uma sugest\u00e3o \u00e9 que, quando o apicultor estiver verificando os quadros com crias das colmeias, observe, a cada \u00e9poca, se a quantidade de p\u00f3lens armazenados est\u00e1 equilibrada, ou n\u00e3o, ou seja, se h\u00e1 pouco ou muito p\u00f3len, ou se cont\u00e9m uma quantidade razo\u00e1vel, de acordo com o porte de cada col\u00f4nia. As abelhas apis mellifera costumam depositar os p\u00f3lens nas c\u00e9lulas dos favos logo acima das crias, ficando, portanto, guardado esse suprimento abaixo das c\u00e9lulas em que armazenam o mel. Quando se verifica que em tais c\u00e9lulas h\u00e1 pouco p\u00f3len, obviamente constata-se um ind\u00edcio da falta desse alimento na colmeia. Por outro lado, caso haja excesso de p\u00f3len, \u00e0s vezes at\u00e9 as c\u00e9lulas destinadas \u00e0s crias estar\u00e3o preenchidas com o armazenamento do produto. Ambas situa\u00e7\u00f5es poder\u00e3o gerar algum desequil\u00edbrio na din\u00e2mica da col\u00f4nia, como diminui\u00e7\u00e3o do n\u00famero de oper\u00e1rias, por exemplo. Outro modo de detectar se h\u00e1 muita ou pouca oferta de p\u00f3lens \u00e9 observar por algum tempo o movimento das abelhas na entrada da colmeia, verificando se aquelas que v\u00eam do campo est\u00e3o ou n\u00e3o transportando grandes quantidades dele em suas patas para dentro do ninho.<\/span><\/p>\n<figure id=\"attachment_5075\" aria-describedby=\"caption-attachment-5075\" style=\"width: 300px\" class=\"wp-caption alignright\"><a href=\"https:\/\/apacame.org.br\/site\/wp-content\/uploads\/2022\/08\/Foto_3_Pasto.jpg\"><img decoding=\"async\" class=\"size-medium wp-image-5075\" src=\"https:\/\/apacame.org.br\/site\/wp-content\/uploads\/2022\/08\/Foto_3_Pasto-300x214.jpg\" alt=\"Tetragonisca Angustula (Jata\u00ed) visitando a flor da Hibisco - Foto de Jo\u00e3o Martins Ferreira.\" width=\"300\" height=\"214\" srcset=\"https:\/\/apacame.org.br\/site\/wp-content\/uploads\/2022\/08\/Foto_3_Pasto-300x214.jpg 300w, https:\/\/apacame.org.br\/site\/wp-content\/uploads\/2022\/08\/Foto_3_Pasto-150x107.jpg 150w, https:\/\/apacame.org.br\/site\/wp-content\/uploads\/2022\/08\/Foto_3_Pasto-500x357.jpg 500w, https:\/\/apacame.org.br\/site\/wp-content\/uploads\/2022\/08\/Foto_3_Pasto.jpg 774w\" sizes=\"(max-width: 300px) 100vw, 300px\" \/><\/a><figcaption id=\"caption-attachment-5075\" class=\"wp-caption-text\">Tetragonisca Angustula (Jata\u00ed) visitando a flor da Hibisco &#8211; Foto de Jo\u00e3o Martins<br \/>Ferreira.<\/figcaption><\/figure>\n<p><span style=\"font-size: large;\">A maioria das plantas que fornecem n\u00e9ctar \u00e0s abelhas tamb\u00e9m fornecem p\u00f3len. No entanto, assim como h\u00e1 varia\u00e7\u00e3o na concentra\u00e7\u00e3o de a\u00e7\u00facares nos diversos tipos de n\u00e9ctares, tamb\u00e9m h\u00e1 varia\u00e7\u00f5es nas quantidades e nas qualidades de p\u00f3lens dispon\u00edveis. Dentre as esp\u00e9cies vegetais que al\u00e9m de ofertar o n\u00e9ctar disponibilizam bastante p\u00f3len para as abelhas est\u00e3o (nome popular seguido do nome cient\u00edfico em cada esp\u00e9cie): Assa-Peixe (Vernonia polyanthes Less) \u2013 veja na edi\u00e7\u00e3o 160 de \u201cMensagem Doce\u201d \u2013, Astrapeia (Dombeya wallichii), Capim-Gordura (Melinis minutiflora), Carqueja (Baccharis genistelloides), Cip\u00f3-de-S\u00e3o-Jo\u00e3o (Pyrostegia venusta) \u2013 veja na edi\u00e7\u00e3o 161 de \u201cMensagem Doce\u201d \u2013, Guabirobinha (Campomanesia aurea), Jabuticabeira (Myrciaria califlora), Jacar\u00e9 (Piptadenia communis), Jurema-Preta (Mimosa tenuiflora), Leiteira (Tabernaemontana spixiana), Leucena (Leucaena glauca), Maria-Mole \/ Flor-de-Finados \/ Flor-das-Almas (Senecio brasiliensis Less.), Miguel-Pintado \/ Camboat\u00e1 (Cupania oblongifolia), Pau-Pereira (Platycyamus regnellii), Pitanga (Stenocolyx michelis), Sans\u00e3o-do-Campo \/ Sabi\u00e1 (Mimosa caesalpiniaefloia Benth.) \u2013 veja na edi\u00e7\u00e3o 162 de \u201cMensagem Doce\u201d \u2013, Trapoeraba (Commelia agraria), Castanha-do-Maranh\u00e3o (Bombacopsis glabra (Pasq.) A.), Vassoura (Baccharis dracuneulifolia) e diversos tipos de eucaliptos, como o Eucalipto-Alba (Eucalyptus alba), Eucalipto-Robusta (Eucalyptus robusta) e Eucalipto-Salina (Eucalyptus saligna). Com r\u00e1pido crescimento, s\u00e3o muito \u00fateis tamb\u00e9m o Girassol (Helianthus annuus) e o Trigo-Sarraceno \/ Trigo-Mourisco (Fagoryrum sagittatum).<\/span><\/p>\n<p><span style=\"font-size: large;\"><a href=\"https:\/\/apacame.org.br\/site\/wp-content\/uploads\/2022\/08\/Tabela-Pasto-Apicola.jpg\"><img loading=\"lazy\" decoding=\"async\" class=\"aligncenter size-large wp-image-5072\" src=\"https:\/\/apacame.org.br\/site\/wp-content\/uploads\/2022\/08\/Tabela-Pasto-Apicola-834x1024.jpg\" alt=\"Tabela-Pasto-Apicola\" width=\"834\" height=\"1024\" srcset=\"https:\/\/apacame.org.br\/site\/wp-content\/uploads\/2022\/08\/Tabela-Pasto-Apicola-834x1024.jpg 834w, https:\/\/apacame.org.br\/site\/wp-content\/uploads\/2022\/08\/Tabela-Pasto-Apicola-244x300.jpg 244w, https:\/\/apacame.org.br\/site\/wp-content\/uploads\/2022\/08\/Tabela-Pasto-Apicola-150x184.jpg 150w, https:\/\/apacame.org.br\/site\/wp-content\/uploads\/2022\/08\/Tabela-Pasto-Apicola-407x500.jpg 407w, https:\/\/apacame.org.br\/site\/wp-content\/uploads\/2022\/08\/Tabela-Pasto-Apicola.jpg 1564w\" sizes=\"(max-width: 834px) 100vw, 834px\" \/><\/a>A import\u00e2ncia das abelhas como agentes polinizadores j\u00e1 \u00e9 bem conhecida. A poliniza\u00e7\u00e3o cruzada que elas realizam na natureza aumenta muito a produtividade dos p\u00e9s de frutas. Duas esp\u00e9cies frut\u00edferas que al\u00e9m de boa oferta de n\u00e9ctar disponibilizam muito p\u00f3len s\u00e3o: Laranjeira (Citrus aurantium) e Macieira (Pyrus malus), sendo que a Pereira (Pirus communis) fornece apenas p\u00f3len.<\/span><\/p>\n<p><span style=\"font-size: large;\">Quanto \u00e0s esp\u00e9cies que disponibilizam apenas p\u00f3lens, podem-se relacionar as seguintes: Vide tabela<\/span><\/p>\n<figure id=\"attachment_5076\" aria-describedby=\"caption-attachment-5076\" style=\"width: 300px\" class=\"wp-caption alignleft\"><a href=\"https:\/\/apacame.org.br\/site\/wp-content\/uploads\/2022\/08\/Foto_4_Pasto.jpg\"><img loading=\"lazy\" decoding=\"async\" class=\"size-medium wp-image-5076\" src=\"https:\/\/apacame.org.br\/site\/wp-content\/uploads\/2022\/08\/Foto_4_Pasto-300x214.jpg\" alt=\"Trigona spinipes (Irapu\u00e1) visitando a flor da Quaresmeira - Foto de Jo\u00e3o Martins Ferreira.\" width=\"300\" height=\"214\" srcset=\"https:\/\/apacame.org.br\/site\/wp-content\/uploads\/2022\/08\/Foto_4_Pasto-300x214.jpg 300w, https:\/\/apacame.org.br\/site\/wp-content\/uploads\/2022\/08\/Foto_4_Pasto-150x107.jpg 150w, https:\/\/apacame.org.br\/site\/wp-content\/uploads\/2022\/08\/Foto_4_Pasto-500x357.jpg 500w, https:\/\/apacame.org.br\/site\/wp-content\/uploads\/2022\/08\/Foto_4_Pasto.jpg 774w\" sizes=\"(max-width: 300px) 100vw, 300px\" \/><\/a><figcaption id=\"caption-attachment-5076\" class=\"wp-caption-text\">Trigona spinipes (Irapu\u00e1) visitando a flor da Quaresmeira &#8211; Foto de Jo\u00e3o Martins<br \/>Ferreira.<\/figcaption><\/figure>\n<p><span style=\"font-size: large;\">Certas esp\u00e9cies de plantas s\u00e3o indicadas por alguns pesquisadores como sendo fornecedoras apenas de p\u00f3lens, no entanto outros estudiosos apontam as mesmas plantas como tamb\u00e9m fornecedoras de n\u00e9ctares. Assim sendo, somente futuras e mais apuradas pesquisas poder\u00e3o efetivamente conduzir a conclus\u00f5es mais precisas quanto a isso. De qualquer modo, caso determinadas esp\u00e9cies de fato ofere\u00e7am tamb\u00e9m n\u00e9ctares, \u00e9 prov\u00e1vel que sejam ainda de maior valia para as abelhas. <\/span><\/p>\n<p><span style=\"font-size: large;\">De acordo com um dos autores, a Cip\u00f3-Unha-de-Gato, a Cora\u00e7\u00e3o-de-Negro e a Unha-de-Vaca s\u00e3o plantas com grande potencial no fornecimento de p\u00f3lens. Quanto aos meses de florescimento indicados na tabela, poder\u00e3o variar, conforme a regi\u00e3o do Brasil, sendo que estes relacionados apontam para per\u00edodos mais comuns \u00e0s regi\u00f5es sudeste e sul do pa\u00eds. \u00c9 preciso ter aten\u00e7\u00e3o ainda se a esp\u00e9cie listada na tabela \u00e9 considerada invasora, como \u00e9 o caso da Guanxuma, por exemplo, pois, caso seja cultivada e disseminada pelo apicultor, poder\u00e1 eventualmente vir a causar algum transtorno no cultivo de outras culturas, ou na manuten\u00e7\u00e3o de pastagens em determinadas \u00e1reas.<\/span><\/p>\n<p><span style=\"font-size: large;\">Al\u00e9m dessas plantas relacionadas, existem algumas que se configuram boas fornecedoras de p\u00f3lens especialmente para abelhas sem ferr\u00e3o. Dentre estas, cabe citar as seguintes: Carrapicho-Rasteiro, Ardisia, Aster, Vassourinha, Pic\u00e3o, Primavera, Louro, Esporinha, Dietes, Grev\u00edlea, Coroa-de-Cristo, B\u00e1lsamo-de-Tolu, Manjeric\u00e3o, Figo-da-\u00cdndia, Trepadeira Sete-L\u00e9guas-Rosa, Tapete-Ingl\u00eas, \u00c1rvore-dos-Viajantes, Azal\u00e9a, Moranguinho-Silvestre, Sabugueiro, Aroeira-Vermelha, Guapuruvu, Canudo-de-Pito, Alfinete, Feij\u00e3o-de-Praia, Papel-de-Arroz, Tumbergia, Quaresmeira e Capuchinho. <\/span><\/p>\n<p><span style=\"font-size: large;\">Verifica-se que um planejamento adequado para a instala\u00e7\u00e3o de um api\u00e1rio fixo levar\u00e1 em conta, entre outras coisas, o pasto ap\u00edcola em seu entorno tamb\u00e9m no que se refere \u00e0 oferta de p\u00f3lens para as abelhas durante o ano todo. Desse modo, conv\u00e9m relacionar quais esp\u00e9cies de plantas florescem em determinados per\u00edodos para depois averiguar a viabilidade de seu plantio nas proximidades das colmeias. \u00c9 importante considerar as dist\u00e2ncias, haja vista que as abelhas gastar\u00e3o mais energia e tempo caso as fontes de p\u00f3len e de n\u00e9ctar estejam muito distantes de seus ninhos, lembrando ainda que ao transportar o p\u00f3len em suas patas esses insetos ter\u00e3o maior peso e maior dificuldade para voar, o que levar\u00e1 a um maior consumo de alimento por eles, para que disponham da energia necess\u00e1ria para essas suas atividades. Outro ponto relevante a se notar \u00e9 o tempo que levar\u00e1 para que cada esp\u00e9cie vegetal efetivamente comece a florescer: o girassol floresce rapidamente e tem um ciclo de vida curto, ao contr\u00e1rio de algumas \u00e1rvores, que podem demorar meses ou anos at\u00e9 que flores\u00e7am, entretanto t\u00eam um tempo de vida bem maior e ir\u00e3o propiciar diversas floradas.<\/span><\/p>\n<figure id=\"attachment_5077\" aria-describedby=\"caption-attachment-5077\" style=\"width: 300px\" class=\"wp-caption alignright\"><a href=\"https:\/\/apacame.org.br\/site\/wp-content\/uploads\/2022\/08\/Foto_5_Pasto.jpg\"><img loading=\"lazy\" decoding=\"async\" class=\"size-medium wp-image-5077\" src=\"https:\/\/apacame.org.br\/site\/wp-content\/uploads\/2022\/08\/Foto_5_Pasto-300x214.jpg\" alt=\"Apis Mellifera coletando p\u00f3lens na flor do Milho - Foto de Jo\u00e3o Martins Ferreira.\" width=\"300\" height=\"214\" srcset=\"https:\/\/apacame.org.br\/site\/wp-content\/uploads\/2022\/08\/Foto_5_Pasto-300x214.jpg 300w, https:\/\/apacame.org.br\/site\/wp-content\/uploads\/2022\/08\/Foto_5_Pasto-150x107.jpg 150w, https:\/\/apacame.org.br\/site\/wp-content\/uploads\/2022\/08\/Foto_5_Pasto-500x357.jpg 500w, https:\/\/apacame.org.br\/site\/wp-content\/uploads\/2022\/08\/Foto_5_Pasto.jpg 774w\" sizes=\"(max-width: 300px) 100vw, 300px\" \/><\/a><figcaption id=\"caption-attachment-5077\" class=\"wp-caption-text\">Apis Mellifera coletando p\u00f3lens na flor do Milho &#8211; Foto de Jo\u00e3o Martins Ferreira.<\/figcaption><\/figure>\n<p><span style=\"font-size: large;\">Com rela\u00e7\u00e3o \u00e0 poliniza\u00e7\u00e3o, cabe destacar que as abelhas t\u00eam muitas vantagens como agentes polinizadores em compara\u00e7\u00e3o com outras causas, haja vista que \u00e9 poss\u00edvel realizarmos a\u00e7\u00f5es racionais e controladas por meio delas, al\u00e9m de outros fatores positivos que se poderiam listar. Com elas n\u00e3o se fica \u00e0 merc\u00ea de agentes polinizadores inst\u00e1veis, como o vento, a \u00e1gua, os p\u00e1ssaros, os animais ou outros insetos. Fatores como a f\u00e1cil adapta\u00e7\u00e3o a diversos climas, a const\u00e2ncia na coleta de p\u00f3lens, o instinto acumulativo de p\u00f3lens, a capacidade de visita\u00e7\u00e3o de v\u00e1rias esp\u00e9cies de plantas, ou o corpo com muitos pelos que possibilitam o transporte dos gr\u00e3os de p\u00f3len entre as flores, entre outros, fazem das abelhas os agentes ideais quando nossa inten\u00e7\u00e3o \u00e9 uma poliniza\u00e7\u00e3o controlada e eficiente. Al\u00e9m disso, elas nos possibilitam ainda a multiplica\u00e7\u00e3o de colmeias, a coleta de produtos produzidos em excesso, para o nosso benef\u00edcio, e mesmo a orienta\u00e7\u00e3o para uma visita\u00e7\u00e3o seletiva de flores, dentro de planejados processos de poliniza\u00e7\u00e3o. <\/span><\/p>\n<p><span style=\"font-size: large;\">Tudo isso remete \u00e0 import\u00e2ncia evidente que existe no desenvolvimento de nossa apicultura e na valoriza\u00e7\u00e3o do apicultor, bem como no investimento em sua boa forma\u00e7\u00e3o profissional. Assim como pensar sobre abelhas vai muito al\u00e9m do que pensar apenas em mel, pensar na apicultura e no apicultor, num sentido mais amplo, \u00e9 pensar em ecologia, em sustentabilidade, \u00e9 pensar na sobreviv\u00eancia humana, promovendo a harmonia entre os seres de nosso planeta. O apicultor tem em suas m\u00e3os um dos mais relevantes e eficientes instrumentos de apoio para os alimentos do mundo e, portanto, pode colaborar significativamente para a preserva\u00e7\u00e3o de todas as esp\u00e9cies. Ele \u00e9 como o regente de uma grande orquestra composta por dedicados insetos, as abelhas, que trabalham com afinco para que a sinfonia das flores nunca pare de vibrar, para que nunca se deixe de produzir os alimentos e as sementes, t\u00e3o vitais para as futuras gera\u00e7\u00f5es.<\/span><\/p>\n<p><span style=\"font-size: large;\"><b>Refer\u00eancias:<\/b><\/span><\/p>\n<p><span style=\"font-size: large;\">\u2013 CAMARGO, Jo\u00e3o M. F. de. Manual de Apicultura. S\u00e3o Paulo: Ed. Agron\u00f4mica Ceres, 1972.<\/span><\/p>\n<p><span style=\"font-size: large;\">\u2013 FEEBURG, Jo\u00e3o Bernardo. T\u00e9cnica e Pr\u00e1tica de Apicultura. Porto Alegre: ed. do Autor, 1986.<\/span><\/p>\n<p><span style=\"font-size: large;\">\u2013 GUIMAR\u00c3ES, Neif Pereira. Apicultura, a Ci\u00eancia da Longa Vida. Belo Horizonte: Itatiaia, 1989. <\/span><\/p>\n<p><span style=\"font-size: large;\">\u2013 <a href=\"http:\/\/reflora.jbrj.gov.br\/\" target=\"_blank\" rel=\"noopener\">http:\/\/reflora.jbrj.gov.br\/<\/a><\/span><\/p>\n<p><span style=\"font-size: large;\">\u2013 <a href=\"https:\/\/ala-bie.sibbr.gov.br\/ala-bie\/\" target=\"_blank\" rel=\"noopener\">https:\/\/ala-bie.sibbr.gov.br\/ala-bie\/<\/a><\/span><\/p>\n<p><span style=\"font-size: large;\">\u2013 <a href=\"https:\/\/eol.org\/\" target=\"_blank\" rel=\"noopener\">https:\/\/eol.org\/<\/a><\/span><\/p>\n<p><span style=\"font-size: large;\">\u2013 <a href=\"https:\/\/identify.plantnet.org\/\" target=\"_blank\" rel=\"noopener\">https:\/\/identify.plantnet.org\/<\/a><\/span><\/p>\n<p><span style=\"font-size: large;\">\u2013 <a href=\"https:\/\/pt.wikipedia.org\/\" target=\"_blank\" rel=\"noopener\">https:\/\/pt.wikipedia.org\/<\/a><\/span><\/p>\n<p><span style=\"font-size: large;\">\u2013 <a href=\"https:\/\/sites.unicentro.br\/wp\/manejoflorestal\/\" target=\"_blank\" rel=\"noopener\">https:\/\/sites.unicentro.br\/wp\/manejoflorestal\/<\/a><\/span><\/p>\n<p><span style=\"font-size: large;\">\u2013 <a href=\"https:\/\/www.agrolink.com.br\/problemas\/gorga_59.html\" target=\"_blank\" rel=\"noopener\">https:\/\/www.agrolink.com.br\/problemas\/gorga_59.html<\/a><\/span><\/p>\n<p><span style=\"font-size: large;\">\u2013 <a href=\"https:\/\/www.alice.cnptia.embrapa.br\/\" target=\"_blank\" rel=\"noopener\">https:\/\/www.alice.cnptia.embrapa.br\/<\/a><\/span><\/p>\n<p><span style=\"font-size: large;\">\u2013 <a href=\"https:\/\/www.gbif.org\/\" target=\"_blank\" rel=\"noopener\">https:\/\/www.gbif.org\/<\/a><\/span><\/p>\n<p><span style=\"font-size: large;\">\u2013 <a href=\"https:\/\/www.semabelhasemalimento.com.br\/plantas-para-abelhas\/#tabela\" target=\"_blank\" rel=\"noopener\">https:\/\/www.semabelhasemalimento.com.br\/plantas-para-abelhas\/#tabela<\/a><\/span><\/p>\n<p><span style=\"font-size: large;\">\u2013 LORENZI, Harri. \u00c1rvores Brasileiras \u2013 volumes 1 e 2. Nova Odessa: Plantarum, 1998.<\/span><\/p>\n<p><span style=\"font-size: large;\">\u2013 MARCHINI, Lu\u00eds Carlos et al. Plantas Visitadas por Abelhas e Poliniza\u00e7\u00e3o. Piracicaba: USP-ESALQ, 2003.<\/span><\/p>\n<p><span style=\"font-size: large;\">\u2013 NORDI, Jo\u00e3o Carlos. Flora ap\u00edcola e poliniza\u00e7\u00e3o. Taubat\u00e9: UNITAU, 2015.<\/span><\/p>\n<p><span style=\"font-size: large;\">\u2013 TOREZANI, Karoline R.S. et al. Poliniza\u00e7\u00e3o da ab\u00f3bora (Cucurbita pepo L.): comunidade de abelhas, em sistemas org\u00e2nicos e convencionais de produ\u00e7\u00e3o no Distrito Federal. Bras\u00edlia: CNPq\/UnB, 2014.<\/span><\/p>\n<p><span style=\"font-size: large;\">\u2013 VIEIRA, M\u00e1rcio Infante. Criar Abelhas \u00e9 Lucro Certo. S\u00e3o Paulo: Nobel, 1984.<\/span><\/p>\n<p><span style=\"font-size: large;\">\u2013 WIESE, Helmuth (coord.). Nova Apicultura. 3. ed. Porto Alegre: Agropecu\u00e1ria, 1982.<\/span><\/p>\n","protected":false},"excerpt":{"rendered":"<p>FONTES DE P\u00d3LEN &#8211; Plantas que alimentam as abelhas Dr. Jo\u00e3o Martins Ferreira \u00e9 Professor Titular da Universidade Paulista UNIP, Pesquisador junto \u00e0 Universidade de S\u00e3o Paulo, Apicultor e Jornalista [&hellip;]<\/p>\n","protected":false},"author":20,"featured_media":0,"parent":4982,"menu_order":0,"comment_status":"open","ping_status":"open","template":"","meta":{"pmpro_default_level":"","_price":"","_stock":"","_tribe_ticket_header":"","_tribe_default_ticket_provider":"","_tribe_ticket_capacity":"0","_ticket_start_date":"","_ticket_end_date":"","_tribe_ticket_show_description":"","_tribe_ticket_show_not_going":false,"_tribe_ticket_use_global_stock":"","_tribe_ticket_global_stock_level":"","_global_stock_mode":"","_global_stock_cap":"","_tribe_rsvp_for_event":"","_tribe_ticket_going_count":"","_tribe_ticket_not_going_count":"","_tribe_tickets_list":"[]","_tribe_ticket_has_attendee_info_fields":false,"cybocfi_hide_featured_image":"","footnotes":""},"class_list":["post-5071","page","type-page","status-publish","hentry","pmpro-has-access"],"_links":{"self":[{"href":"https:\/\/apacame.org.br\/site\/wp-json\/wp\/v2\/pages\/5071"}],"collection":[{"href":"https:\/\/apacame.org.br\/site\/wp-json\/wp\/v2\/pages"}],"about":[{"href":"https:\/\/apacame.org.br\/site\/wp-json\/wp\/v2\/types\/page"}],"author":[{"embeddable":true,"href":"https:\/\/apacame.org.br\/site\/wp-json\/wp\/v2\/users\/20"}],"replies":[{"embeddable":true,"href":"https:\/\/apacame.org.br\/site\/wp-json\/wp\/v2\/comments?post=5071"}],"version-history":[{"count":2,"href":"https:\/\/apacame.org.br\/site\/wp-json\/wp\/v2\/pages\/5071\/revisions"}],"predecessor-version":[{"id":5079,"href":"https:\/\/apacame.org.br\/site\/wp-json\/wp\/v2\/pages\/5071\/revisions\/5079"}],"up":[{"embeddable":true,"href":"https:\/\/apacame.org.br\/site\/wp-json\/wp\/v2\/pages\/4982"}],"wp:attachment":[{"href":"https:\/\/apacame.org.br\/site\/wp-json\/wp\/v2\/media?parent=5071"}],"curies":[{"name":"wp","href":"https:\/\/api.w.org\/{rel}","templated":true}]}}