{"id":5065,"date":"2022-08-11T19:28:26","date_gmt":"2022-08-11T19:28:26","guid":{"rendered":"https:\/\/apacame.org.br\/site\/?page_id=5065"},"modified":"2022-08-11T19:29:14","modified_gmt":"2022-08-11T19:29:14","slug":"artigo-5","status":"publish","type":"page","link":"https:\/\/apacame.org.br\/site\/revista\/mensagem-doce-n-167-julho-de-2022\/artigo-5\/","title":{"rendered":"Artigo"},"content":{"rendered":"<h1 style=\"text-align: center;\">A import\u00e2ncia da profissionaliza\u00e7\u00e3o e das ferramentas de aux\u00edlio ao manejo e gest\u00e3o ap\u00edcola<\/h1>\n<blockquote><p>Juliana Pagnoncelli Ferreira<sup>1<\/sup>, Ricardo Lotterman<sup>1<\/sup>, Iv\u00e2nia Ramos<sup>2<\/sup> e Pedro da Rosa Santos<sup>3<\/sup><br \/>\n<sup>1<\/sup>Senior Software Developer;<br \/>\n<sup>2<\/sup>Professora na UTFPR;<br \/>\n<sup>3<\/sup>Doutor em produ\u00e7\u00e3o animal. Criador do canal Apislogia no Youtube.<\/p><\/blockquote>\n<p><span style=\"font-size: large;\">O mercado ap\u00edcola brasileiro possui grande potencial produtivo, mas ainda \u00e9 pouco explorado pelos produtores. O Brasil produziu, em m\u00e9dia, 16 kg de mel por col\u00f4nia anualmente nos \u00faltimos 20 anos (IBGE, 2017). Enquanto pa\u00edses como Austr\u00e1lia e Argentina produziram aproximadamente 120 kg e 35 kg col\u00f4nia\/ano, respectivamente. No ano de 2020, apesar de ter alcan\u00e7ado seu recorde de exporta\u00e7\u00e3o, pouco mais de 40 mil toneladas, a produ\u00e7\u00e3o brasileira ainda est\u00e1 muito distante em dos principais produtores mundiais.<\/span><\/p>\n<p><span style=\"font-size: large;\">Mesmo possuindo vasta diversidade de plantas ap\u00edcolas (em quantidade e qualidade) nos mais variados biomas (Amaz\u00f4nia, caatinga, cerrado, mata atl\u00e2ntica, pampa e pantanal), por que o Brasil continua ineficiente na produ\u00e7\u00e3o ap\u00edcola?<\/span><\/p>\n<p><span style=\"font-size: large;\">Existem mais de 100 mil propriedades e mais de 350 mil pessoas envolvidas na cadeia ap\u00edcola brasileira. Sendo que, 92% dos produtores trabalham em regime de agricultura familiar, no qual a apicultura n\u00e3o \u00e9 a principal fonte de renda. Por isso, grande parte do mel produzido \u00e9 oriundo de apicultores sem ou com o m\u00ednimo de capacita\u00e7\u00e3o t\u00e9cnica e pouca dedica\u00e7\u00e3o a atividade. Muitas vezes, nem o pr\u00f3prio apicultor se enxerga como um empreendedor do meio rural. Logo, qual seria o caminho para o Brasil elevar sua produtividade ap\u00edcola? <\/span><\/p>\n<p><span style=\"font-size: large;\">O primeiro passo \u00e9 investir em conhecimento. A apicultura exige muito mais do que colocar uma col\u00f4nia pr\u00f3xima \u00e0 uma reserva florestal e aguardar a colheita do mel na safra. Existem v\u00e1rios fatores que devem considerados pelo produtor, entre eles:<\/span><\/p>\n<p><span style=\"font-size: large;\">Instala\u00e7\u00e3o do api\u00e1rio: quanto mais abundante e diversificado o pasto ap\u00edcola maior ser\u00e1 a probabilidade de sucesso do api\u00e1rio. Al\u00e9m disso, devem ser considerados a densidade de col\u00f4nias, ou seja, disponibilidade de \u00e1gua, presen\u00e7a de inimigos naturais, sombreamento, entre outros.<\/span><\/p>\n<p><span style=\"font-size: large;\">Revis\u00e3o: o apicultor deve realizar monitoramento cont\u00ednuo nas col\u00f4nias para alcan\u00e7ar melhores \u00edndices zoot\u00e9cnicos e se antecipar aos eventuais problemas que podem ocorrer ao longo do ano. Tais como, verificar o desenvolvimento populacional, uniformidade da postura, reserve de alimento, presen\u00e7a de pragas e doen\u00e7as, falta de espa\u00e7o na colmeia, condi\u00e7\u00e3o dos favos, entre outros par\u00e2metros.<\/span><\/p>\n<p><span style=\"font-size: large;\">Manejo inteligente: baseado nas revis\u00f5es peri\u00f3dicas o apicultor conseguir\u00e1 planejar e realizar os manejos rotineiros de forma a minimizar os impactos negativos que ocorrem em todos empreendimentos do agroneg\u00f3cio. E ao mesmo tempo, buscar solu\u00e7\u00f5es para melhorar a efici\u00eancia produtiva do seu plantel, visando sempre encontrar o ponto de equil\u00edbrio com maior possibilidade de lucro.<\/span><\/p>\n<p><span style=\"font-size: large;\">Al\u00e9m disso, um dos pontos chaves na revolu\u00e7\u00e3o da apicultura nacional \u00e9 a mudan\u00e7a de mentalidade. O apicultor precisa se conscientizar que criar abelhas \u00e9 respeitar \u00e0 biologia e o comportamento desses indiv\u00edduos. Proporcionando as melhores condi\u00e7\u00f5es para que as col\u00f4nias possam se manter, desenvolver e produzir.<\/span><\/p>\n<p><span style=\"font-size: large;\">Atualmente existe uma gama de conte\u00fado de excelente qualidade disponibilizado de forma gratuita na internet para auxiliar o pequeno produtor em todas as etapas da cadeia ap\u00edcola. Al\u00e9m de incentivo, assist\u00eancia especializada e capacita\u00e7\u00f5es t\u00e9cnicas proporcionadas por institui\u00e7\u00f5es de pesquisa e extens\u00e3o rural como Embrapa, SEBRAE e SENAR, visando profissionalizar a atividade.<\/span><\/p>\n<p><span style=\"font-size: large;\">A profissionaliza\u00e7\u00e3o proporciona muito mais do que incremento produtivo, sendo fundamental tamb\u00e9m para melhorar a qualidade dos produtos ap\u00edcolas produzidos e comercializados pelos produtores. Contudo, o apicultor necessita desenvolver, al\u00e9m de boas pr\u00e1ticas ap\u00edcolas e de fabrica\u00e7\u00e3o, habilidades m\u00ednimas de gest\u00e3o e administra\u00e7\u00e3o para poder entender se o seu neg\u00f3cio est\u00e1 proporcionando o retorno econ\u00f4mico-financeiro esperado. <\/span><\/p>\n<p><span style=\"font-size: large;\">\u00c0 primeira vista aliar um bom manejo das col\u00f4nias com uma boa gest\u00e3o do empreendimento parece ser algo complicado e entediante. No entanto, a boa not\u00edcia \u00e9 que existem ferramentas tecnol\u00f3gicas para auxiliar o produtor nesse processo.<\/span><\/p>\n<figure id=\"attachment_5066\" aria-describedby=\"caption-attachment-5066\" style=\"width: 300px\" class=\"wp-caption alignleft\"><a href=\"https:\/\/apacame.org.br\/site\/wp-content\/uploads\/2022\/08\/Figura_1_A-importancia.jpg\"><img decoding=\"async\" class=\"wp-image-5066 size-medium\" src=\"https:\/\/apacame.org.br\/site\/wp-content\/uploads\/2022\/08\/Figura_1_A-importancia-300x146.jpg\" alt=\"Figura_1_A importancia\" width=\"300\" height=\"146\" srcset=\"https:\/\/apacame.org.br\/site\/wp-content\/uploads\/2022\/08\/Figura_1_A-importancia-300x146.jpg 300w, https:\/\/apacame.org.br\/site\/wp-content\/uploads\/2022\/08\/Figura_1_A-importancia-1024x497.jpg 1024w, https:\/\/apacame.org.br\/site\/wp-content\/uploads\/2022\/08\/Figura_1_A-importancia-150x73.jpg 150w, https:\/\/apacame.org.br\/site\/wp-content\/uploads\/2022\/08\/Figura_1_A-importancia-500x243.jpg 500w, https:\/\/apacame.org.br\/site\/wp-content\/uploads\/2022\/08\/Figura_1_A-importancia.jpg 1140w\" sizes=\"(max-width: 300px) 100vw, 300px\" \/><\/a><figcaption id=\"caption-attachment-5066\" class=\"wp-caption-text\">Telas do aplicativo Abelheiro<\/figcaption><\/figure>\n<p><span style=\"font-size: large;\">O aplicativo Abelheiro \u00e9 um sistema de gest\u00e3o ap\u00edcola com diversos recursos que ir\u00e3o facilitar o planejamento das atividades, coleta e armazenamento de informa\u00e7\u00f5es no campo, acesso a gr\u00e1ficos e indicadores produtivos, geolocaliza\u00e7\u00e3o dos api\u00e1rios, entre muitas outras funcionalidades que auxiliam o apicultor nas tomadas de decis\u00e3o.<\/span><\/p>\n<p><span style=\"font-size: large;\">Para iniciar o apicultor ir\u00e1 realizar o cadastro dos seus api\u00e1rios e col\u00f4nias no aplicativo. Podendo gerar e imprimir QR Codes para colar nas suas colmeias a fim de identific\u00e1-las e facilitar as revis\u00f5es e manejo. Em seguida poder\u00e1 iniciar o planejamento das suas pr\u00f3ximas atividades criando tarefas a fazer. <\/span><\/p>\n<p><span style=\"font-size: large;\">Depois, basta escanear o QR Code com a c\u00e2mera do celular e selecionar a op\u00e7\u00e3o desejada no aplicativo, informando os dados referentes e salvar. Todas as suas informa\u00e7\u00f5es estar\u00e3o no aplicativo gerando gr\u00e1ficos e \u00edndices zoot\u00e9cnicos de forma totalmente segura.<\/span><\/p>\n<p><span style=\"font-size: large;\">Mas como utilizar o celular com luvas no meio do api\u00e1rio? N\u00e3o tenho internet no api\u00e1rio, como fa\u00e7o?<\/span><\/p>\n<p><span style=\"font-size: large;\">N\u00e3o se preocupe, existem no mercado canetas touch screen de baixo custo que possibilitam tocar \u00e0 tela do seu aparelho m\u00f3vel mesmo com as luvas, simulando a ponta do seu dedo. Al\u00e9m disso, o Abelheiro funciona de maneira off-line, ou seja, quando voc\u00ea estiver no campo poder\u00e1 usar o aplicativo da mesma forma e quando se conectar \u00e0 internet seus dados ser\u00e3o salvos na nuvem. Com o aplicativo voc\u00ea poder\u00e1 lan\u00e7ar suas Receitas e Despesas, permitindo melhor controle de estoque, entradas e sa\u00eddas. Tudo isso de forma intuitiva com alguns poucos toques na palma da sua m\u00e3o.<\/span><\/p>\n<p><span style=\"font-size: large;\">O Abelheiro est\u00e1 dispon\u00edvel para smartphones Android e iOS e conta com dois planos: Gr\u00e1tis e Premium. No plano Gr\u00e1tis voc\u00ea poder\u00e1 gerenciar um api\u00e1rio e at\u00e9 dez col\u00f4nias. No plano Premium o n\u00famero de col\u00f4nias e api\u00e1rios \u00e9 ilimitado, al\u00e9m de funcionalidades exclusivas, como a geolocaliza\u00e7\u00e3o em tempo real. O Abelheiro est\u00e1 em constante evolu\u00e7\u00e3o para trazer mais benef\u00edcios e melhorias aos apicultores. Para conhecer um pouco mais acesse o site e caso queira esclarecer d\u00favidas, sugest\u00f5es ou outros assuntos, entre em contato pelo email: &lt;contato@abelheiro.com&gt;. <\/span><\/p>\n<p><span style=\"font-size: large;\">Tecnologia aliada ao conhecimento s\u00e3o as ferramentas que voc\u00ea precisa para alavancar seu empreendimento ap\u00edcola. E nossa equipe est\u00e1 \u00e0 disposi\u00e7\u00e3o para auxiliar sua chegada ao sucesso!<\/span><\/p>\n","protected":false},"excerpt":{"rendered":"<p>A import\u00e2ncia da profissionaliza\u00e7\u00e3o e das ferramentas de aux\u00edlio ao manejo e gest\u00e3o ap\u00edcola Juliana Pagnoncelli Ferreira1, Ricardo Lotterman1, Iv\u00e2nia Ramos2 e Pedro da Rosa Santos3 1Senior Software Developer; 2Professora [&hellip;]<\/p>\n","protected":false},"author":20,"featured_media":0,"parent":4982,"menu_order":0,"comment_status":"open","ping_status":"open","template":"","meta":{"pmpro_default_level":"","_price":"","_stock":"","_tribe_ticket_header":"","_tribe_default_ticket_provider":"","_tribe_ticket_capacity":"0","_ticket_start_date":"","_ticket_end_date":"","_tribe_ticket_show_description":"","_tribe_ticket_show_not_going":false,"_tribe_ticket_use_global_stock":"","_tribe_ticket_global_stock_level":"","_global_stock_mode":"","_global_stock_cap":"","_tribe_rsvp_for_event":"","_tribe_ticket_going_count":"","_tribe_ticket_not_going_count":"","_tribe_tickets_list":"[]","_tribe_ticket_has_attendee_info_fields":false,"cybocfi_hide_featured_image":"","footnotes":""},"class_list":["post-5065","page","type-page","status-publish","hentry","pmpro-has-access"],"_links":{"self":[{"href":"https:\/\/apacame.org.br\/site\/wp-json\/wp\/v2\/pages\/5065"}],"collection":[{"href":"https:\/\/apacame.org.br\/site\/wp-json\/wp\/v2\/pages"}],"about":[{"href":"https:\/\/apacame.org.br\/site\/wp-json\/wp\/v2\/types\/page"}],"author":[{"embeddable":true,"href":"https:\/\/apacame.org.br\/site\/wp-json\/wp\/v2\/users\/20"}],"replies":[{"embeddable":true,"href":"https:\/\/apacame.org.br\/site\/wp-json\/wp\/v2\/comments?post=5065"}],"version-history":[{"count":3,"href":"https:\/\/apacame.org.br\/site\/wp-json\/wp\/v2\/pages\/5065\/revisions"}],"predecessor-version":[{"id":5069,"href":"https:\/\/apacame.org.br\/site\/wp-json\/wp\/v2\/pages\/5065\/revisions\/5069"}],"up":[{"embeddable":true,"href":"https:\/\/apacame.org.br\/site\/wp-json\/wp\/v2\/pages\/4982"}],"wp:attachment":[{"href":"https:\/\/apacame.org.br\/site\/wp-json\/wp\/v2\/media?parent=5065"}],"curies":[{"name":"wp","href":"https:\/\/api.w.org\/{rel}","templated":true}]}}