{"id":5051,"date":"2022-08-10T21:13:32","date_gmt":"2022-08-10T21:13:32","guid":{"rendered":"https:\/\/apacame.org.br\/site\/?page_id=5051"},"modified":"2022-08-10T21:13:32","modified_gmt":"2022-08-10T21:13:32","slug":"artigo-3","status":"publish","type":"page","link":"https:\/\/apacame.org.br\/site\/revista\/mensagem-doce-n-167-julho-de-2022\/artigo-3\/","title":{"rendered":"Artigo"},"content":{"rendered":"<h1 style=\"text-align: center;\">A moderniza\u00e7\u00e3o e a amplia\u00e7\u00e3o do Cr\u00e9dito Agr\u00edcola<\/h1>\n<blockquote><p>Arnaldo Jardim &#8211; Deputado Federal &#8211; Diretor da Frente Parlamentar da Agropecu\u00e1ria<\/p><\/blockquote>\n<p><span style=\"font-size: large;\">Os aperfei\u00e7oamentos trazidos pela Medida Provis\u00f3ria 1104, de 2022, v\u00e3o facilitar a vida de quem precisa de cr\u00e9dito agr\u00edcola.<\/span><\/p>\n<p><span style=\"font-size: large;\">Aprovado nessa \u00faltima ter\u00e7a-feira, o parecer do deputado Pedro Lupion que, como eu, integra a diretoria da Frente Parlamentar Agropecu\u00e1ria, foi um passo importante na moderniza\u00e7\u00e3o dos instrumentos de financiamento da produ\u00e7\u00e3o agr\u00edcola. Com emendas de minha autoria, conseguimos melhorar ainda mais o Fundo Garantidor Solid\u00e1rio (FGS), a CPR e o Fiagro.<\/span><\/p>\n<p><span style=\"font-size: large;\">O FGS foi criado pela Lei do Agro (n\u00ba 13.986\/20). \u00c9 um fundo formado por recursos de produtores rurais, utilizado para garantir seus respectivos financiamentos. At\u00e9 a edi\u00e7\u00e3o da MP 1104\/22, o fundo garantia apenas opera\u00e7\u00f5es realizadas por produtores rurais. A partir de agora, poder\u00e1 garantir toda e qualquer opera\u00e7\u00e3o financeira vinculada \u00e0 atividade empresarial rural, o que amplia ainda mais o acesso \u00e0s fontes de financiamento.<\/span><\/p>\n<p><span style=\"font-size: large;\">A CPR, por sua vez, \u00e9 uma esp\u00e9cie de nota promiss\u00f3ria, por meio da qual a agricultor obt\u00e9m financiamento junto a institui\u00e7\u00f5es financeiras em troca de uma promessa de entrega futura da safra. \u00a0A MP trouxe inova\u00e7\u00f5es importantes, como a inclus\u00e3o entre os que podem emitir o t\u00edtulo, dos produtores rurais que exercem atividades extrativistas, recuperam \u00e1reas degradadas ou prestam servi\u00e7os ambientais &#8211; \u00e9 a CPR adquirindo um vi\u00e9s mais sustent\u00e1vel.<\/span><\/p>\n<p><span style=\"font-size: large;\">Al\u00e9m disso, a MP passou a permitir que pessoas jur\u00eddicas tamb\u00e9m possam emitir CPR, beneficiando revendas de insumos, agroind\u00fastrias, empresas de comercializa\u00e7\u00e3o de commodities agr\u00edcolas e ind\u00fastrias de insumos &#8211; mais liquidez para esse importante instrumento.<\/span><\/p>\n<p><span style=\"font-size: large;\">E ainda temos as altera\u00e7\u00f5es na Lei 14.130\/21, que institui os Fundos de Investimento nas Cadeias Produtivas do Agroneg\u00f3cio &#8211; Fiagro\u2019s, de minha autoria e que busca ampliar os mecanismos de investimento do mercado de capitais para o agroneg\u00f3cio. Com a aprova\u00e7\u00e3o da MP, os fundos poder\u00e3o aplicar recursos em ativos financeiros emitidos por pessoas f\u00edsicas e jur\u00eddicas que integrem a cadeia produtiva do agroneg\u00f3cio como um todo &#8211; anteriormente, estava limitado \u00e0 cadeia agroindustrial.<\/span><\/p>\n<p><span style=\"font-size: large;\">A MP ainda ser\u00e1 apreciada no Senado Federal; com a aprova\u00e7\u00e3o da \u00faltima ter\u00e7a-feira demos um passo importante para aperfei\u00e7oarmos a estrutura de cr\u00e9dito rural no Brasil. <\/span><\/p>\n<p><span style=\"font-size: large;\">Ao mesmo tempo em que estamos refor\u00e7ando as linhas de cr\u00e9dito do Plano Safra, trabalhamos para modernizar os instrumentos que financiam o Agro &#8211; o setor mais din\u00e2mico, moderno e importante da economia brasileira.<\/span><\/p>\n","protected":false},"excerpt":{"rendered":"<p>A moderniza\u00e7\u00e3o e a amplia\u00e7\u00e3o do Cr\u00e9dito Agr\u00edcola Arnaldo Jardim &#8211; Deputado Federal &#8211; Diretor da Frente Parlamentar da Agropecu\u00e1ria Os aperfei\u00e7oamentos trazidos pela Medida Provis\u00f3ria 1104, de 2022, v\u00e3o [&hellip;]<\/p>\n","protected":false},"author":20,"featured_media":0,"parent":4982,"menu_order":0,"comment_status":"open","ping_status":"open","template":"","meta":{"pmpro_default_level":"","_price":"","_stock":"","_tribe_ticket_header":"","_tribe_default_ticket_provider":"","_tribe_ticket_capacity":"0","_ticket_start_date":"","_ticket_end_date":"","_tribe_ticket_show_description":"","_tribe_ticket_show_not_going":false,"_tribe_ticket_use_global_stock":"","_tribe_ticket_global_stock_level":"","_global_stock_mode":"","_global_stock_cap":"","_tribe_rsvp_for_event":"","_tribe_ticket_going_count":"","_tribe_ticket_not_going_count":"","_tribe_tickets_list":"[]","_tribe_ticket_has_attendee_info_fields":false,"cybocfi_hide_featured_image":"","footnotes":""},"class_list":["post-5051","page","type-page","status-publish","hentry","pmpro-has-access"],"_links":{"self":[{"href":"https:\/\/apacame.org.br\/site\/wp-json\/wp\/v2\/pages\/5051"}],"collection":[{"href":"https:\/\/apacame.org.br\/site\/wp-json\/wp\/v2\/pages"}],"about":[{"href":"https:\/\/apacame.org.br\/site\/wp-json\/wp\/v2\/types\/page"}],"author":[{"embeddable":true,"href":"https:\/\/apacame.org.br\/site\/wp-json\/wp\/v2\/users\/20"}],"replies":[{"embeddable":true,"href":"https:\/\/apacame.org.br\/site\/wp-json\/wp\/v2\/comments?post=5051"}],"version-history":[{"count":2,"href":"https:\/\/apacame.org.br\/site\/wp-json\/wp\/v2\/pages\/5051\/revisions"}],"predecessor-version":[{"id":5053,"href":"https:\/\/apacame.org.br\/site\/wp-json\/wp\/v2\/pages\/5051\/revisions\/5053"}],"up":[{"embeddable":true,"href":"https:\/\/apacame.org.br\/site\/wp-json\/wp\/v2\/pages\/4982"}],"wp:attachment":[{"href":"https:\/\/apacame.org.br\/site\/wp-json\/wp\/v2\/media?parent=5051"}],"curies":[{"name":"wp","href":"https:\/\/api.w.org\/{rel}","templated":true}]}}