{"id":5009,"date":"2022-08-09T19:08:34","date_gmt":"2022-08-09T19:08:34","guid":{"rendered":"https:\/\/apacame.org.br\/site\/?page_id=5009"},"modified":"2022-08-09T19:23:35","modified_gmt":"2022-08-09T19:23:35","slug":"artigo-2","status":"publish","type":"page","link":"https:\/\/apacame.org.br\/site\/revista\/mensagem-doce-n-167-julho-de-2022\/artigo-2\/","title":{"rendered":"Artigo"},"content":{"rendered":"<h1 style=\"text-align: center;\">20 DE MAIO, DIA MUNDIAL DAS ABELHAS: IMPORT\u00c2NCIA E PERSPECTIVAS<\/h1>\n<blockquote><p>Lionel Segui Gon\u00e7alves &#8211; Prof. aposentado da USP-(FFCLRP)<\/p><\/blockquote>\n<p><span style=\"font-size: large;\">Vinte de maio, Dia Mundial das Abelhas. A data foi sugerida pela Eslov\u00eania, pa\u00eds do leste europeu, para celebrar as abelhas &#8211; os mais importantes insetos polinizadores do mundo.<a href=\"https:\/\/apacame.org.br\/site\/wp-content\/uploads\/2022\/08\/Foto_Abertura_Dia-Mundial.jpg\"><img fetchpriority=\"high\" decoding=\"async\" class=\"alignright size-medium wp-image-5019\" src=\"https:\/\/apacame.org.br\/site\/wp-content\/uploads\/2022\/08\/Foto_Abertura_Dia-Mundial-228x300.jpg\" alt=\"Foto_Abertura_Dia-Mundial\" width=\"228\" height=\"300\" srcset=\"https:\/\/apacame.org.br\/site\/wp-content\/uploads\/2022\/08\/Foto_Abertura_Dia-Mundial-228x300.jpg 228w, https:\/\/apacame.org.br\/site\/wp-content\/uploads\/2022\/08\/Foto_Abertura_Dia-Mundial-150x197.jpg 150w, https:\/\/apacame.org.br\/site\/wp-content\/uploads\/2022\/08\/Foto_Abertura_Dia-Mundial-380x500.jpg 380w, https:\/\/apacame.org.br\/site\/wp-content\/uploads\/2022\/08\/Foto_Abertura_Dia-Mundial.jpg 774w\" sizes=\"(max-width: 228px) 100vw, 228px\" \/><\/a><\/span><\/p>\n<p><span style=\"font-size: large;\">Por iniciativa coletiva de criadores de abelhas do pa\u00eds, a Eslov\u00eania prop\u00f4s \u00e0 Organiza\u00e7\u00e3o das Na\u00e7\u00f5es Unidas (ONU) que a data de anivers\u00e1rio do mais famoso apicultor esloveno, Anton Jansa, fosse proclamada como o Dia Mundial das Abelhas.<\/span><\/p>\n<p><span style=\"font-size: large;\">Em 20\/12\/2017, os Estados-membros da ONU aprovaram, por unanimidade, a proposta que se tornou uma celebra\u00e7\u00e3o mundial. Na sequ\u00eancia, escolheu-se o dia 22 de maio como o \u201cDia do Apicultor\u201d com o objetivo de homenagear aqueles que as criam e defendem. <\/span><\/p>\n<p><span style=\"font-size: large;\">O tributo \u00e0s abelhas tem fundamenta\u00e7\u00e3o s\u00f3cio-hist\u00f3rica e cient\u00edfica. Homens e abelhas convivem desde tempos imemoriais. Registros rupestres destacam a atividade de coleta de mel nas paredes de cavernas que serviram de abrigo ao homem pr\u00e9-hist\u00f3rico. Modernamente, sabe-se que milhares de esp\u00e9cies diferentes de abelhas est\u00e3o presentes nas paisagens silvestres de todo o globo terrestre e, tamb\u00e9m, nas paisagens agr\u00edcolas, contribuindo para a sustentabilidade de ecossistemas naturais e para o incremento na qualidade e quantidade das produ\u00e7\u00f5es de gr\u00e3os e frutos, em favor da seguran\u00e7a alimentar do homem contempor\u00e2neo.<\/span><\/p>\n<p><span style=\"font-size: large;\">A celebra\u00e7\u00e3o da import\u00e2ncia das abelhas deve-se, portanto, ao servi\u00e7o ecossist\u00eamico de poliniza\u00e7\u00e3o que elas realizam &#8211; produto das abelhas que come\u00e7a a ser tangibilizado pelo mercado mundial. Para al\u00e9m do mel, da cera, da geleia real, da pr\u00f3polis e da apitoxina &#8211; produtos de h\u00e1 muito conhecidos e processados pelas ind\u00fastrias aliment\u00edcias, farmac\u00eauticas e cosmec\u00eauticas -, as abelhas passam a ser ainda mais valorizadas pelo trabalho de poliniza\u00e7\u00e3o que garante a produ\u00e7\u00e3o de boa parte dos alimentos, (sementes, castanhas frutos) que chegam \u00e0 nossa mesa.<\/span><\/p>\n<p><span style=\"font-size: large;\">In\u00fameros trabalhos cient\u00edficos buscam, atualmente, identificar e mensurar o valioso cons\u00f3rcio entre diferentes esp\u00e9cies de abelhas e plantas completas (angiospermas). Atra\u00eddas pela riqueza floral, as abelhas coletam nessas plantas os recursos de que necessitam (p\u00f3len, n\u00e9ctar, resinas, perfumes) para sustentar a vida na col\u00f4nia e nesse infinito vai-e-vem de flor e flor, transferem os gr\u00e3os de p\u00f3len da parte masculina para a parte feminina das plantas garantindo-lhes a reprodu\u00e7\u00e3o.<\/span><\/p>\n<p><span style=\"font-size: large;\">Considere-se, como curiosidade, que para uma abelha oper\u00e1ria de Apis mellifera produzir um quilo de mel, ela precisa visitar cerca de 4 milh\u00f5es de flores e voar dist\u00e2ncia equivalente a quatro vezes o di\u00e2metro de nosso planeta. Nesse incomensur\u00e1vel trabalho de sustento da pr\u00f3pria vida, elas sustentam muitas outras vidas que se interrelacionam em sofisticadas cadeias e teias alimentares.<\/span><\/p>\n<p><span style=\"font-size: large;\">Em s\u00edntese apertada, h\u00e1 que se considerar a presen\u00e7a de abelhas como bioindicador da sa\u00fade do meio ambiente. Sem abelhas, haveria preju\u00edzo para a sustentabilidade de diferentes ecossistemas. Importante parcela de alimentos que sustentam a biodiversidade silvestre (aves, p\u00e1ssaros, mam\u00edferos, r\u00e9pteis&#8230;) ficaria comprometida; e, sem a reprodu\u00e7\u00e3o das plantas, pode-se, no limite, conjeturar preju\u00edzo na produ\u00e7\u00e3o de oxig\u00eanio \u2013 condi\u00e7\u00e3o necess\u00e1ria \u00e0 vida terrena.<\/span><\/p>\n<p><span style=\"font-size: large;\">Face a argumentos t\u00e3o relevantes em favor da manuten\u00e7\u00e3o da vida \u00e9 que se celebra, em 20 de maio, a data festiva para a Apicultura Mundial, lembrada pela m\u00eddia escrita, falada, televisiva e, tamb\u00e9m, nas redes sociais, que repercutem in\u00fameras reportagens enfatizando seu importante papel na natureza. <\/span><\/p>\n<p><span style=\"font-size: large;\">Dentre os eventos no Brasil, destacamos a comemora\u00e7\u00e3o realizada na Universidade Federal do Semi\u00e1rido (UFERSA), em Mossor\u00f3-RN. O rec\u00e9m-inaugurado N\u00facleo de Capacita\u00e7\u00e3o Tecnol\u00f3gica em Apicultura (NCTA) que sucedeu ao Centro Tecnol\u00f3gico de Apicultura e Meliponicultura do Rio Grande do Norte-CETAPIS (Figuras 1 a 4), instalado na Fazenda Experimental dessa universidade passou a contar, por iniciativa da Profa. Dra. Katia Peres Gramacho, com o \u201cMelipon\u00e1rio Paulo Menezes\u201d (Figuras 5 e 6) . O melipon\u00e1rio experimental \u00e9 uma homenagem p\u00f3stuma ao importante meliponicultor potiguar que, durante mais de 40 anos, se dedicou \u00e0s abelhas Janda\u00edra (Melipona subnitida), chegando a manter cerca de 700 col\u00f4nias dessa esp\u00e9cie considerada respons\u00e1vel por mais de 50% da poliniza\u00e7\u00e3o de plantas nativas da Caatinga, como a jurema preta, o marmeleiro e o pau-ferro.<\/span><\/p>\n<p><span style=\"font-size: large;\">O segundo evento a ser destacado \u00e9 a a\u00e7\u00e3o \u201cAbelha Gigante\u201d, realizada em Ribeir\u00e3o Preto-SP pela organiza\u00e7\u00e3o \u201cBee Or Not To Be\u201d, com o apoio da ag\u00eancia 6P. Uma aeronave modelo Air Tractor 402B ( Figuras 7 a 9 )- a mesma usada na aplica\u00e7\u00e3o de defensivos agr\u00edcolas -, foi especialmente adesivada de preto e amarelo e sobrevoou os munic\u00edpios paulistas de Ribeir\u00e3o Preto, Sert\u00e3ozinho, Dumont e zonas rurais, na manh\u00e3 do dia 20\/5, caracterizada como uma abelha para lembrar a import\u00e2ncia da presen\u00e7a de abelhas em \u00e1reas agr\u00edcolas. <\/span><\/p>\n<p><span style=\"font-size: large;\">A a\u00e7\u00e3o reacendeu o debate acerca da prote\u00e7\u00e3o \u00e0s abelhas, colocando na pauta das discuss\u00f5es a quest\u00e3o da necessidade de maior controle, cuidado e responsabilidade na aplica\u00e7\u00e3o de defensivos agr\u00edcolas. O alerta foi dado a produtores agr\u00edcolas e pilotos de aeronaves semelhantes e \u00e0 sociedade em geral, no sentido de se preservarem \u00e1reas de prote\u00e7\u00e3o ambiental, cursos e nascentes de \u00e1guas e outras \u00e1reas eventualmente impactadas pelas \u201cderivas\u201d &#8211; desvio pelo vento dos produtos qu\u00edmicos dos alvos a serem atingidos no combate \u00e0s pragas agr\u00edcolas. A ONG insiste no trabalho de conscientiza\u00e7\u00e3o e educa\u00e7\u00e3o ambiental e a aeronave adesivada, \u201cABELH\u00c3O\u201d, como foi carinhosamente chamado pela imprensa local, tamb\u00e9m teve a oportunidade de demonstrar a import\u00e2ncia do uso dessas aeronaves como dispersores de sementes em \u00e1reas degradadas, ou no controle de inc\u00eandios, em per\u00edodos de estiagem, na regi\u00e3o. O evento com a aeronave lembrando uma abelha teve a presen\u00e7a de v\u00e1rias pessoas no aer\u00f3dromo Santa Lidia em Ribeir\u00e3o Preto-SP, como produtores de mel, ativistas, professores, imprensa, autoridades, representantes de empresas agr\u00edcolas, convidados especiais, representantes da Ong Bee Or Not To Be, da Ag\u00eancia 6P Comunica\u00e7\u00e3o e Coordenadores da A\u00e7\u00e3o, Daniel Malus\u00e1 Gon\u00e7alves, Karin Gon\u00e7alves Rossi, Silvia Machado, J\u00fanior Botrel e do piloto Jos\u00e9 Paulo Garcia. <\/span><\/p>\n<p><span style=\"font-size: large;\">O terceiro evento a ser lembrado e comemorado s\u00e3o os \u201cJardins de Mel \u201c. A iniciativa corresponde \u00e0 instala\u00e7\u00e3o de colmeias para abelhas-sem-ferr\u00e3o em parques p\u00fablicos no Estado do Paran\u00e1, por meio do Projeto \u201cPoliniza Paran\u00e1\u201d, lan\u00e7ado pela SEDEST (Secretaria do Desenvolvimento Sustent\u00e1vel e do Turismo). Essa Secretaria est\u00e1 instalando tr\u00eas ou quatro colmeias em parques urbanos de 398 munic\u00edpios do Paran\u00e1. O Projeto aumenta a presen\u00e7a de abelhas na natureza e promove o conhecimento das abelhas sociais nativas pelas comunidades locais. Os Jardins de Mel j\u00e1 s\u00e3o realidade em parques urbanos de Curitiba-PR e munic\u00edpios vizinhos e podem servir de inspira\u00e7\u00e3o para muitas outras cidades no Brasil. Naquela regi\u00e3o, as esp\u00e9cies de abelhas presentes s\u00e3o a guaraipo (Melipona bicolor), a mirim (Plebeia sp), a Jata\u00ed (Tetragonisca angustula), a manduri (Melipona marginata) e a manda\u00e7aia (Melipona quadrifasciata). que podem ser visitadas pelo p\u00fablico no Museu de Hist\u00f3ria Natural de Cap\u00e3o da Imbuia, no Zool\u00f3gico de Curitiba, no Passeio P\u00fablico, no Jardim Bot\u00e2nico, no Parque Barigui entre outros. Nos Jardins de Mel tamb\u00e9m s\u00e3o plantadas v\u00e1rias esp\u00e9cies de plantas polin\u00edferas e nectar\u00edferas. A SEDEST fornece as colmeias e as prefeituras locais cuidam da \u00e1rea e da manuten\u00e7\u00e3o das col\u00f4nias de abelhas.<\/span><\/p>\n<p><span style=\"font-size: large;\">Os projetos aqui mencionados, bem como outros divulgados em diferentes m\u00eddias e o elevado n\u00famero de cursos de apicultura e meliponicultura, em v\u00e1rias regi\u00f5es, constituem evid\u00eancia da franca expans\u00e3o da Apicultura e Meliponicultura no Brasil. Nos dias 30\/6 e 01 e 02\/7\/2022, realizam-se na Universidade Comunit\u00e1ria da Regi\u00e3o de Chapec\u00f3-SC (UNOCHAPEC\u00d3): o 2\u00ba COSBRAPIM &#8211; Congresso Sul Brasileiro de Apicultura e Meliponicultura; o 2\u00ba. Simp\u00f3sio dos Produtos das Colmeias e o 35\u00ba ECAM-Encontro Catarinense de Apicultores e Meliponicultores.<\/span><\/p>\n<p><span style=\"font-size: large;\">Em celebra\u00e7\u00e3o ao Dia Mundial das Abelhas, n\u00e3o faltaram lembran\u00e7as, homenagens, lan\u00e7amentos de produtos, cursos demonstra\u00e7\u00f5es, publica\u00e7\u00f5es e muito mais h\u00e1 de ser feito para despertar o interesse da sociedade, compartilhar conhecimento, promover o debate e a\u00e7\u00f5es efetivas em favor da prote\u00e7\u00e3o das abelhas, os mais importantes polinizadores do planeta. (LSG, 20\/5\/2022).<\/span><\/p>\n<div id='gallery-1' class='gallery galleryid-5009 gallery-columns-2 gallery-size-large'><figure class='gallery-item'>\n\t\t\t<div class='gallery-icon landscape'>\n\t\t\t\t<a href='https:\/\/apacame.org.br\/site\/wp-content\/uploads\/2022\/08\/Foto_1_Dia-Mundial.jpg'><img decoding=\"async\" width=\"774\" height=\"530\" src=\"https:\/\/apacame.org.br\/site\/wp-content\/uploads\/2022\/08\/Foto_1_Dia-Mundial.jpg\" class=\"attachment-large size-large\" alt=\"\" aria-describedby=\"gallery-1-5010\" srcset=\"https:\/\/apacame.org.br\/site\/wp-content\/uploads\/2022\/08\/Foto_1_Dia-Mundial.jpg 774w, https:\/\/apacame.org.br\/site\/wp-content\/uploads\/2022\/08\/Foto_1_Dia-Mundial-300x205.jpg 300w, https:\/\/apacame.org.br\/site\/wp-content\/uploads\/2022\/08\/Foto_1_Dia-Mundial-150x103.jpg 150w, https:\/\/apacame.org.br\/site\/wp-content\/uploads\/2022\/08\/Foto_1_Dia-Mundial-500x342.jpg 500w\" sizes=\"(max-width: 774px) 100vw, 774px\" \/><\/a>\n\t\t\t<\/div>\n\t\t\t\t<figcaption class='wp-caption-text gallery-caption' id='gallery-1-5010'>\n\t\t\t\tFIG. 1 \u2013 N\u00facleo de Capacita\u00e7\u00e3o Tecnol\u00f3gica em Apicultura-NCTA da Universidade Federal Rural do Semi-Arido UFERSA em Mossor\u00f3-RN. \n\t\t\t\t<\/figcaption><\/figure><figure class='gallery-item'>\n\t\t\t<div class='gallery-icon landscape'>\n\t\t\t\t<a href='https:\/\/apacame.org.br\/site\/wp-content\/uploads\/2022\/08\/Foto_2_Dia-Mundial.jpg'><img decoding=\"async\" width=\"774\" height=\"530\" src=\"https:\/\/apacame.org.br\/site\/wp-content\/uploads\/2022\/08\/Foto_2_Dia-Mundial.jpg\" class=\"attachment-large size-large\" alt=\"\" aria-describedby=\"gallery-1-5011\" srcset=\"https:\/\/apacame.org.br\/site\/wp-content\/uploads\/2022\/08\/Foto_2_Dia-Mundial.jpg 774w, https:\/\/apacame.org.br\/site\/wp-content\/uploads\/2022\/08\/Foto_2_Dia-Mundial-300x205.jpg 300w, https:\/\/apacame.org.br\/site\/wp-content\/uploads\/2022\/08\/Foto_2_Dia-Mundial-150x103.jpg 150w, https:\/\/apacame.org.br\/site\/wp-content\/uploads\/2022\/08\/Foto_2_Dia-Mundial-500x342.jpg 500w\" sizes=\"(max-width: 774px) 100vw, 774px\" \/><\/a>\n\t\t\t<\/div>\n\t\t\t\t<figcaption class='wp-caption-text gallery-caption' id='gallery-1-5011'>\n\t\t\t\tFIG. 2 \u2013 Reitora da UFERSA, Profa.Dra. Ludmilla C.Serafim de Oliveira abrindo o evento do \u201cDia Mundial das Abelhas no Anfiteatro do NCTA.\n\t\t\t\t<\/figcaption><\/figure><figure class='gallery-item'>\n\t\t\t<div class='gallery-icon landscape'>\n\t\t\t\t<a href='https:\/\/apacame.org.br\/site\/wp-content\/uploads\/2022\/08\/Foto_3_Dia-Mundial.jpg'><img loading=\"lazy\" decoding=\"async\" width=\"774\" height=\"577\" src=\"https:\/\/apacame.org.br\/site\/wp-content\/uploads\/2022\/08\/Foto_3_Dia-Mundial.jpg\" class=\"attachment-large size-large\" alt=\"\" aria-describedby=\"gallery-1-5012\" srcset=\"https:\/\/apacame.org.br\/site\/wp-content\/uploads\/2022\/08\/Foto_3_Dia-Mundial.jpg 774w, https:\/\/apacame.org.br\/site\/wp-content\/uploads\/2022\/08\/Foto_3_Dia-Mundial-300x224.jpg 300w, https:\/\/apacame.org.br\/site\/wp-content\/uploads\/2022\/08\/Foto_3_Dia-Mundial-150x112.jpg 150w, https:\/\/apacame.org.br\/site\/wp-content\/uploads\/2022\/08\/Foto_3_Dia-Mundial-500x373.jpg 500w\" sizes=\"(max-width: 774px) 100vw, 774px\" \/><\/a>\n\t\t\t<\/div>\n\t\t\t\t<figcaption class='wp-caption-text gallery-caption' id='gallery-1-5012'>\n\t\t\t\tFIG.3 \u2013 Laborat\u00f3rio de Inform\u00e1tica do NCTA.\n\t\t\t\t<\/figcaption><\/figure><figure class='gallery-item'>\n\t\t\t<div class='gallery-icon landscape'>\n\t\t\t\t<a href='https:\/\/apacame.org.br\/site\/wp-content\/uploads\/2022\/08\/Foto_4_Dia-Mundial.jpg'><img loading=\"lazy\" decoding=\"async\" width=\"774\" height=\"542\" src=\"https:\/\/apacame.org.br\/site\/wp-content\/uploads\/2022\/08\/Foto_4_Dia-Mundial.jpg\" class=\"attachment-large size-large\" alt=\"\" aria-describedby=\"gallery-1-5013\" srcset=\"https:\/\/apacame.org.br\/site\/wp-content\/uploads\/2022\/08\/Foto_4_Dia-Mundial.jpg 774w, https:\/\/apacame.org.br\/site\/wp-content\/uploads\/2022\/08\/Foto_4_Dia-Mundial-300x210.jpg 300w, https:\/\/apacame.org.br\/site\/wp-content\/uploads\/2022\/08\/Foto_4_Dia-Mundial-150x105.jpg 150w, https:\/\/apacame.org.br\/site\/wp-content\/uploads\/2022\/08\/Foto_4_Dia-Mundial-500x350.jpg 500w\" sizes=\"(max-width: 774px) 100vw, 774px\" \/><\/a>\n\t\t\t<\/div>\n\t\t\t\t<figcaption class='wp-caption-text gallery-caption' id='gallery-1-5013'>\n\t\t\t\tFIG. 4 \u2013 Ve\u00edculo improvisado \u201cF\u00f3rmula Apis\u201d, para servi\u00e7os de apicultura do CETAPIS que antecedeu o NCTA. \n\t\t\t\t<\/figcaption><\/figure><figure class='gallery-item'>\n\t\t\t<div class='gallery-icon portrait'>\n\t\t\t\t<a href='https:\/\/apacame.org.br\/site\/wp-content\/uploads\/2022\/08\/Foto_5_Dia-Mundial.jpg'><img loading=\"lazy\" decoding=\"async\" width=\"774\" height=\"892\" src=\"https:\/\/apacame.org.br\/site\/wp-content\/uploads\/2022\/08\/Foto_5_Dia-Mundial.jpg\" class=\"attachment-large size-large\" alt=\"\" aria-describedby=\"gallery-1-5014\" srcset=\"https:\/\/apacame.org.br\/site\/wp-content\/uploads\/2022\/08\/Foto_5_Dia-Mundial.jpg 774w, https:\/\/apacame.org.br\/site\/wp-content\/uploads\/2022\/08\/Foto_5_Dia-Mundial-260x300.jpg 260w, https:\/\/apacame.org.br\/site\/wp-content\/uploads\/2022\/08\/Foto_5_Dia-Mundial-150x173.jpg 150w, https:\/\/apacame.org.br\/site\/wp-content\/uploads\/2022\/08\/Foto_5_Dia-Mundial-434x500.jpg 434w\" sizes=\"(max-width: 774px) 100vw, 774px\" \/><\/a>\n\t\t\t<\/div>\n\t\t\t\t<figcaption class='wp-caption-text gallery-caption' id='gallery-1-5014'>\n\t\t\t\tFIG. 5 \u2013 Inaugura\u00e7\u00e3o do \u201cMelipon\u00e1rio Paulo Menezes\u201d na Fazenda Experimental da UFERSA vendo-se ao centro a vi\u00fava Sra. Simone Menezes, esposa do homenageado.\n\t\t\t\t<\/figcaption><\/figure><figure class='gallery-item'>\n\t\t\t<div class='gallery-icon portrait'>\n\t\t\t\t<a href='https:\/\/apacame.org.br\/site\/wp-content\/uploads\/2022\/08\/Foto_6_Dia-Mundial.jpg'><img loading=\"lazy\" decoding=\"async\" width=\"774\" height=\"896\" src=\"https:\/\/apacame.org.br\/site\/wp-content\/uploads\/2022\/08\/Foto_6_Dia-Mundial.jpg\" class=\"attachment-large size-large\" alt=\"\" aria-describedby=\"gallery-1-5015\" srcset=\"https:\/\/apacame.org.br\/site\/wp-content\/uploads\/2022\/08\/Foto_6_Dia-Mundial.jpg 774w, https:\/\/apacame.org.br\/site\/wp-content\/uploads\/2022\/08\/Foto_6_Dia-Mundial-259x300.jpg 259w, https:\/\/apacame.org.br\/site\/wp-content\/uploads\/2022\/08\/Foto_6_Dia-Mundial-150x174.jpg 150w, https:\/\/apacame.org.br\/site\/wp-content\/uploads\/2022\/08\/Foto_6_Dia-Mundial-432x500.jpg 432w\" sizes=\"(max-width: 774px) 100vw, 774px\" \/><\/a>\n\t\t\t<\/div>\n\t\t\t\t<figcaption class='wp-caption-text gallery-caption' id='gallery-1-5015'>\n\t\t\t\tFIG. 6 \u2013 \u201cMelipon\u00e1rio Paulo Menezes\u201d na UFERSA, com col\u00f4nias de abelhas sem ferr\u00e3o e ao centro Dra. Katia Peres Gramacho, Coordenadora do NCTA e a docente colaboradora Dra. H\u00e9rica G.T.Domingos. \n\t\t\t\t<\/figcaption><\/figure><figure class='gallery-item'>\n\t\t\t<div class='gallery-icon landscape'>\n\t\t\t\t<a href='https:\/\/apacame.org.br\/site\/wp-content\/uploads\/2022\/08\/Foto_7_Dia-Mundial.jpg'><img loading=\"lazy\" decoding=\"async\" width=\"774\" height=\"561\" src=\"https:\/\/apacame.org.br\/site\/wp-content\/uploads\/2022\/08\/Foto_7_Dia-Mundial.jpg\" class=\"attachment-large size-large\" alt=\"\" aria-describedby=\"gallery-1-5016\" srcset=\"https:\/\/apacame.org.br\/site\/wp-content\/uploads\/2022\/08\/Foto_7_Dia-Mundial.jpg 774w, https:\/\/apacame.org.br\/site\/wp-content\/uploads\/2022\/08\/Foto_7_Dia-Mundial-300x217.jpg 300w, https:\/\/apacame.org.br\/site\/wp-content\/uploads\/2022\/08\/Foto_7_Dia-Mundial-150x109.jpg 150w, https:\/\/apacame.org.br\/site\/wp-content\/uploads\/2022\/08\/Foto_7_Dia-Mundial-500x362.jpg 500w\" sizes=\"(max-width: 774px) 100vw, 774px\" \/><\/a>\n\t\t\t<\/div>\n\t\t\t\t<figcaption class='wp-caption-text gallery-caption' id='gallery-1-5016'>\n\t\t\t\tFIG. 7 \u2013 Aeronave agr\u00edcola, Air Tractor 402B, adesivada de preto e amarelo, com a faixa da A\u00e7\u00e3o \u201cDeixe a abelha voar\u201d. \n\t\t\t\t<\/figcaption><\/figure><figure class='gallery-item'>\n\t\t\t<div class='gallery-icon landscape'>\n\t\t\t\t<a href='https:\/\/apacame.org.br\/site\/wp-content\/uploads\/2022\/08\/Foto_8_Dia-Mundial.jpg'><img loading=\"lazy\" decoding=\"async\" width=\"774\" height=\"561\" src=\"https:\/\/apacame.org.br\/site\/wp-content\/uploads\/2022\/08\/Foto_8_Dia-Mundial.jpg\" class=\"attachment-large size-large\" alt=\"\" aria-describedby=\"gallery-1-5017\" srcset=\"https:\/\/apacame.org.br\/site\/wp-content\/uploads\/2022\/08\/Foto_8_Dia-Mundial.jpg 774w, https:\/\/apacame.org.br\/site\/wp-content\/uploads\/2022\/08\/Foto_8_Dia-Mundial-300x217.jpg 300w, https:\/\/apacame.org.br\/site\/wp-content\/uploads\/2022\/08\/Foto_8_Dia-Mundial-150x109.jpg 150w, https:\/\/apacame.org.br\/site\/wp-content\/uploads\/2022\/08\/Foto_8_Dia-Mundial-500x362.jpg 500w\" sizes=\"(max-width: 774px) 100vw, 774px\" \/><\/a>\n\t\t\t<\/div>\n\t\t\t\t<figcaption class='wp-caption-text gallery-caption' id='gallery-1-5017'>\n\t\t\t\tFIG. 8 \u2013 Abelha adesivada e com a faixa da A\u00e7\u00e3o \u201cDeixe a abelha voar \u201c. \n\t\t\t\t<\/figcaption><\/figure><figure class='gallery-item'>\n\t\t\t<div class='gallery-icon landscape'>\n\t\t\t\t<a href='https:\/\/apacame.org.br\/site\/wp-content\/uploads\/2022\/08\/Foto_9_Dia-Mundial.jpg'><img loading=\"lazy\" decoding=\"async\" width=\"774\" height=\"451\" src=\"https:\/\/apacame.org.br\/site\/wp-content\/uploads\/2022\/08\/Foto_9_Dia-Mundial.jpg\" class=\"attachment-large size-large\" alt=\"\" aria-describedby=\"gallery-1-5018\" srcset=\"https:\/\/apacame.org.br\/site\/wp-content\/uploads\/2022\/08\/Foto_9_Dia-Mundial.jpg 774w, https:\/\/apacame.org.br\/site\/wp-content\/uploads\/2022\/08\/Foto_9_Dia-Mundial-300x175.jpg 300w, https:\/\/apacame.org.br\/site\/wp-content\/uploads\/2022\/08\/Foto_9_Dia-Mundial-150x87.jpg 150w, https:\/\/apacame.org.br\/site\/wp-content\/uploads\/2022\/08\/Foto_9_Dia-Mundial-500x291.jpg 500w\" sizes=\"(max-width: 774px) 100vw, 774px\" \/><\/a>\n\t\t\t<\/div>\n\t\t\t\t<figcaption class='wp-caption-text gallery-caption' id='gallery-1-5018'>\n\t\t\t\tFIG. 9 \u2013 Pessoas presentes ao evento do Dia Mundial das Abelhas, com a abelha adesivada, no Aer\u00f3dromo Santa Lidia, em Ribeir\u00e1o Preto-SP.\n\t\t\t\t<\/figcaption><\/figure><figure class='gallery-item'>\n\t\t\t<div class='gallery-icon landscape'>\n\t\t\t\t<a href='https:\/\/apacame.org.br\/site\/wp-content\/uploads\/2022\/08\/Quadro_Dia-Mundial.jpg'><img loading=\"lazy\" decoding=\"async\" width=\"1024\" height=\"610\" src=\"https:\/\/apacame.org.br\/site\/wp-content\/uploads\/2022\/08\/Quadro_Dia-Mundial-1024x610.jpg\" class=\"attachment-large size-large\" alt=\"\" srcset=\"https:\/\/apacame.org.br\/site\/wp-content\/uploads\/2022\/08\/Quadro_Dia-Mundial-1024x610.jpg 1024w, https:\/\/apacame.org.br\/site\/wp-content\/uploads\/2022\/08\/Quadro_Dia-Mundial-300x179.jpg 300w, https:\/\/apacame.org.br\/site\/wp-content\/uploads\/2022\/08\/Quadro_Dia-Mundial-150x89.jpg 150w, https:\/\/apacame.org.br\/site\/wp-content\/uploads\/2022\/08\/Quadro_Dia-Mundial-500x298.jpg 500w, https:\/\/apacame.org.br\/site\/wp-content\/uploads\/2022\/08\/Quadro_Dia-Mundial.jpg 1565w\" sizes=\"(max-width: 1024px) 100vw, 1024px\" \/><\/a>\n\t\t\t<\/div><\/figure>\n\t\t<\/div>\n\n","protected":false},"excerpt":{"rendered":"<p>20 DE MAIO, DIA MUNDIAL DAS ABELHAS: IMPORT\u00c2NCIA E PERSPECTIVAS Lionel Segui Gon\u00e7alves &#8211; Prof. aposentado da USP-(FFCLRP) Vinte de maio, Dia Mundial das Abelhas. A data foi sugerida pela [&hellip;]<\/p>\n","protected":false},"author":20,"featured_media":0,"parent":4982,"menu_order":0,"comment_status":"open","ping_status":"open","template":"","meta":{"pmpro_default_level":"","_price":"","_stock":"","_tribe_ticket_header":"","_tribe_default_ticket_provider":"","_tribe_ticket_capacity":"0","_ticket_start_date":"","_ticket_end_date":"","_tribe_ticket_show_description":"","_tribe_ticket_show_not_going":false,"_tribe_ticket_use_global_stock":"","_tribe_ticket_global_stock_level":"","_global_stock_mode":"","_global_stock_cap":"","_tribe_rsvp_for_event":"","_tribe_ticket_going_count":"","_tribe_ticket_not_going_count":"","_tribe_tickets_list":"[]","_tribe_ticket_has_attendee_info_fields":false,"cybocfi_hide_featured_image":"","footnotes":""},"class_list":["post-5009","page","type-page","status-publish","hentry","pmpro-has-access"],"_links":{"self":[{"href":"https:\/\/apacame.org.br\/site\/wp-json\/wp\/v2\/pages\/5009"}],"collection":[{"href":"https:\/\/apacame.org.br\/site\/wp-json\/wp\/v2\/pages"}],"about":[{"href":"https:\/\/apacame.org.br\/site\/wp-json\/wp\/v2\/types\/page"}],"author":[{"embeddable":true,"href":"https:\/\/apacame.org.br\/site\/wp-json\/wp\/v2\/users\/20"}],"replies":[{"embeddable":true,"href":"https:\/\/apacame.org.br\/site\/wp-json\/wp\/v2\/comments?post=5009"}],"version-history":[{"count":2,"href":"https:\/\/apacame.org.br\/site\/wp-json\/wp\/v2\/pages\/5009\/revisions"}],"predecessor-version":[{"id":5023,"href":"https:\/\/apacame.org.br\/site\/wp-json\/wp\/v2\/pages\/5009\/revisions\/5023"}],"up":[{"embeddable":true,"href":"https:\/\/apacame.org.br\/site\/wp-json\/wp\/v2\/pages\/4982"}],"wp:attachment":[{"href":"https:\/\/apacame.org.br\/site\/wp-json\/wp\/v2\/media?parent=5009"}],"curies":[{"name":"wp","href":"https:\/\/api.w.org\/{rel}","templated":true}]}}