{"id":4982,"date":"2022-08-08T21:53:15","date_gmt":"2022-08-08T21:53:15","guid":{"rendered":"https:\/\/apacame.org.br\/site\/?page_id=4982"},"modified":"2023-08-13T03:13:02","modified_gmt":"2023-08-13T03:13:02","slug":"mensagem-doce-n-167-julho-de-2022","status":"publish","type":"page","link":"https:\/\/apacame.org.br\/site\/revista\/mensagem-doce-n-167-julho-de-2022\/","title":{"rendered":"Mensagem Doce  n\u00b0 167 Julho de 2022"},"content":{"rendered":"\n<p class=\"has-text-align-center\"><p><em>Capa: Avi\u00e3o adesivado e a faixa da<br>A\u00e7\u00e3o \u201cDeixe a abelha voar \u201c.<\/em><\/p><\/p>\n","protected":false},"excerpt":{"rendered":"<p>Capa: Avi\u00e3o adesivado e a faixa daA\u00e7\u00e3o \u201cDeixe a abelha voar \u201c.<\/p>\n","protected":false},"author":20,"featured_media":4984,"parent":587,"menu_order":0,"comment_status":"open","ping_status":"open","template":"","meta":{"pmpro_default_level":"","_price":"","_stock":"","_tribe_ticket_header":"","_tribe_default_ticket_provider":"","_tribe_ticket_capacity":"0","_ticket_start_date":"","_ticket_end_date":"","_tribe_ticket_show_description":"","_tribe_ticket_show_not_going":false,"_tribe_ticket_use_global_stock":"","_tribe_ticket_global_stock_level":"","_global_stock_mode":"","_global_stock_cap":"","_tribe_rsvp_for_event":"","_tribe_ticket_going_count":"","_tribe_ticket_not_going_count":"","_tribe_tickets_list":"[]","_tribe_ticket_has_attendee_info_fields":false,"cybocfi_hide_featured_image":"","footnotes":""},"class_list":["post-4982","page","type-page","status-publish","has-post-thumbnail","hentry","pmpro-has-access"],"_links":{"self":[{"href":"https:\/\/apacame.org.br\/site\/wp-json\/wp\/v2\/pages\/4982"}],"collection":[{"href":"https:\/\/apacame.org.br\/site\/wp-json\/wp\/v2\/pages"}],"about":[{"href":"https:\/\/apacame.org.br\/site\/wp-json\/wp\/v2\/types\/page"}],"author":[{"embeddable":true,"href":"https:\/\/apacame.org.br\/site\/wp-json\/wp\/v2\/users\/20"}],"replies":[{"embeddable":true,"href":"https:\/\/apacame.org.br\/site\/wp-json\/wp\/v2\/comments?post=4982"}],"version-history":[{"count":6,"href":"https:\/\/apacame.org.br\/site\/wp-json\/wp\/v2\/pages\/4982\/revisions"}],"predecessor-version":[{"id":6097,"href":"https:\/\/apacame.org.br\/site\/wp-json\/wp\/v2\/pages\/4982\/revisions\/6097"}],"up":[{"embeddable":true,"href":"https:\/\/apacame.org.br\/site\/wp-json\/wp\/v2\/pages\/587"}],"wp:featuredmedia":[{"embeddable":true,"href":"https:\/\/apacame.org.br\/site\/wp-json\/wp\/v2\/media\/4984"}],"wp:attachment":[{"href":"https:\/\/apacame.org.br\/site\/wp-json\/wp\/v2\/media?parent=4982"}],"curies":[{"name":"wp","href":"https:\/\/api.w.org\/{rel}","templated":true}]}}