{"id":4939,"date":"2022-06-13T20:12:31","date_gmt":"2022-06-13T20:12:31","guid":{"rendered":"https:\/\/apacame.org.br\/site\/?page_id=4939"},"modified":"2022-06-13T20:12:31","modified_gmt":"2022-06-13T20:12:31","slug":"atividade-5","status":"publish","type":"page","link":"https:\/\/apacame.org.br\/site\/revista\/mensagem-doce-n-166-maio-de-2022\/atividade-5\/","title":{"rendered":"Atividade"},"content":{"rendered":"<h1 style=\"text-align: center;\">VISITA DA APACAME A UNITAU<\/h1>\n<blockquote><p>Eloi Viana e Sebasti\u00e3o Alexandre<\/p><\/blockquote>\n<p><span style=\"font-size: large;\">Na sexta feira 8 de abril de 2022, fizemos uma visita a UNITAU (Universidade de Taubat\u00e9) na unidade do Jardim Sandra Maria em Taubat\u00e9-SP mais especificamente ao \u201cCentro de Estudos Ap\u00edcola (C. E. A)\u201d- \u00e1 convite da Dra. Lidia Barreto onde a APACAME foi representado por seu Presidente, Eloi Viana da Silva, os diretores Sebasti\u00e3o Alexandre, Edivaldo Juvenal e Celso Henrique. <\/span><\/p>\n<p><span style=\"font-size: large;\">Na ocasi\u00e3o houve a entrega dos certificados aos alunos do \u00faltimo curso de p\u00f3s-gradua\u00e7\u00e3o, orientados da Prof. L\u00eddia e sua equipe de Mestres da UNITAU, em seguida nos foi apresentado os laborat\u00f3rios, casa do mel (entreposto) com toda infra estrutura conclu\u00edda para o uso e somente aguardando a vistoria do org\u00e3o competente para incio das atividades, visitamos tamb\u00e9m o Api\u00e1rio e Melipon\u00e1rio ambos integrados a universidade, participamos da reuni\u00e3o onde a professora L\u00eddia e seus auxiliares explicaram todo o processo que \u00e9 digno de uma institui\u00e7\u00e3o de ensino, ap\u00f3s todo esse processo ainda participamos da confraterniza\u00e7\u00e3o com visita ao melipon\u00e1rio da escola EBRAM, com profissionais apicultores de v\u00e1rios estados brasileiro, onde nos enriquecemos e muito com uma calorosa discurs\u00e3o sobre o tema apicultura nacional, e entendemos que esses encontros muito tem a engrandecer nossa apicultura!<\/span><\/p>\n<p><span style=\"font-size: large;\">Agradecemos a Dra, L\u00eddia pela sua simpatia e determina\u00e7\u00e3o no seu trabalho com as abelhas, e a mesma sempre foi uma AMIGA aliada da APACAME sempre disposta a nos auxiliar nos processos t\u00e9cnico cientifico, onde a cada dia que se passa nossa parceria esta cada vez mais forte.<\/span><\/p>\n<p><span style=\"font-size: large;\">Como tamb\u00e9m aguardando um novo convite para uma visita!<\/span><\/p>\n<p><span style=\"font-size: large;\">Como citado pela nossa colega Dra. L\u00eddia Barreto,<\/span><\/p>\n<p><span style=\"font-size: large;\">\u201dS\u00c3O AS ABELHAS UNINDO A TODOS\u201d.<\/span><\/p>\n<div id='gallery-1' class='gallery galleryid-4939 gallery-columns-3 gallery-size-large'><figure class='gallery-item'>\n\t\t\t<div class='gallery-icon landscape'>\n\t\t\t\t<a href='https:\/\/apacame.org.br\/site\/wp-content\/uploads\/2022\/06\/Figura1_VIsita.jpg'><img fetchpriority=\"high\" decoding=\"async\" width=\"931\" height=\"469\" src=\"https:\/\/apacame.org.br\/site\/wp-content\/uploads\/2022\/06\/Figura1_VIsita.jpg\" class=\"attachment-large size-large\" alt=\"\" aria-describedby=\"gallery-1-4940\" srcset=\"https:\/\/apacame.org.br\/site\/wp-content\/uploads\/2022\/06\/Figura1_VIsita.jpg 931w, https:\/\/apacame.org.br\/site\/wp-content\/uploads\/2022\/06\/Figura1_VIsita-300x151.jpg 300w, https:\/\/apacame.org.br\/site\/wp-content\/uploads\/2022\/06\/Figura1_VIsita-150x76.jpg 150w, https:\/\/apacame.org.br\/site\/wp-content\/uploads\/2022\/06\/Figura1_VIsita-500x252.jpg 500w\" sizes=\"(max-width: 931px) 100vw, 931px\" \/><\/a>\n\t\t\t<\/div>\n\t\t\t\t<figcaption class='wp-caption-text gallery-caption' id='gallery-1-4940'>\n\t\t\t\tLaborat\u00f3rio CEA\/UNITAU Local de an\u00e1lise de qualidade f\u00edsico qu\u00edmica do mel.\n\t\t\t\t<\/figcaption><\/figure><figure class='gallery-item'>\n\t\t\t<div class='gallery-icon landscape'>\n\t\t\t\t<a href='https:\/\/apacame.org.br\/site\/wp-content\/uploads\/2022\/06\/Figura2_VIsita.jpg'><img decoding=\"async\" width=\"931\" height=\"530\" src=\"https:\/\/apacame.org.br\/site\/wp-content\/uploads\/2022\/06\/Figura2_VIsita.jpg\" class=\"attachment-large size-large\" alt=\"\" aria-describedby=\"gallery-1-4941\" srcset=\"https:\/\/apacame.org.br\/site\/wp-content\/uploads\/2022\/06\/Figura2_VIsita.jpg 931w, https:\/\/apacame.org.br\/site\/wp-content\/uploads\/2022\/06\/Figura2_VIsita-300x171.jpg 300w, https:\/\/apacame.org.br\/site\/wp-content\/uploads\/2022\/06\/Figura2_VIsita-150x85.jpg 150w, https:\/\/apacame.org.br\/site\/wp-content\/uploads\/2022\/06\/Figura2_VIsita-500x285.jpg 500w\" sizes=\"(max-width: 931px) 100vw, 931px\" \/><\/a>\n\t\t\t<\/div>\n\t\t\t\t<figcaption class='wp-caption-text gallery-caption' id='gallery-1-4941'>\n\t\t\t\tProf. Lidia Barreto UNITAU Presidente da APACAME: Eloi Viana da Silva 2 secret\u00e1rio APACAME Edivaldo Orlando Juvenal .\n\t\t\t\t<\/figcaption><\/figure><figure class='gallery-item'>\n\t\t\t<div class='gallery-icon landscape'>\n\t\t\t\t<a href='https:\/\/apacame.org.br\/site\/wp-content\/uploads\/2022\/06\/Figura3_VIsita.jpg'><img decoding=\"async\" width=\"931\" height=\"419\" src=\"https:\/\/apacame.org.br\/site\/wp-content\/uploads\/2022\/06\/Figura3_VIsita.jpg\" class=\"attachment-large size-large\" alt=\"\" aria-describedby=\"gallery-1-4942\" srcset=\"https:\/\/apacame.org.br\/site\/wp-content\/uploads\/2022\/06\/Figura3_VIsita.jpg 931w, https:\/\/apacame.org.br\/site\/wp-content\/uploads\/2022\/06\/Figura3_VIsita-300x135.jpg 300w, https:\/\/apacame.org.br\/site\/wp-content\/uploads\/2022\/06\/Figura3_VIsita-150x68.jpg 150w, https:\/\/apacame.org.br\/site\/wp-content\/uploads\/2022\/06\/Figura3_VIsita-500x225.jpg 500w\" sizes=\"(max-width: 931px) 100vw, 931px\" \/><\/a>\n\t\t\t<\/div>\n\t\t\t\t<figcaption class='wp-caption-text gallery-caption' id='gallery-1-4942'>\n\t\t\t\tA visita ao api\u00e1rio da institui\u00e7\u00e3o.\n\t\t\t\t<\/figcaption><\/figure>\n\t\t<\/div>\n\n","protected":false},"excerpt":{"rendered":"<p>VISITA DA APACAME A UNITAU Eloi Viana e Sebasti\u00e3o Alexandre Na sexta feira 8 de abril de 2022, fizemos uma visita a UNITAU (Universidade de Taubat\u00e9) na unidade do Jardim [&hellip;]<\/p>\n","protected":false},"author":20,"featured_media":0,"parent":4830,"menu_order":0,"comment_status":"open","ping_status":"open","template":"","meta":{"pmpro_default_level":"","_price":"","_stock":"","_tribe_ticket_header":"","_tribe_default_ticket_provider":"","_tribe_ticket_capacity":"0","_ticket_start_date":"","_ticket_end_date":"","_tribe_ticket_show_description":"","_tribe_ticket_show_not_going":false,"_tribe_ticket_use_global_stock":"","_tribe_ticket_global_stock_level":"","_global_stock_mode":"","_global_stock_cap":"","_tribe_rsvp_for_event":"","_tribe_ticket_going_count":"","_tribe_ticket_not_going_count":"","_tribe_tickets_list":"[]","_tribe_ticket_has_attendee_info_fields":false,"cybocfi_hide_featured_image":"","footnotes":""},"class_list":["post-4939","page","type-page","status-publish","hentry","pmpro-has-access"],"_links":{"self":[{"href":"https:\/\/apacame.org.br\/site\/wp-json\/wp\/v2\/pages\/4939"}],"collection":[{"href":"https:\/\/apacame.org.br\/site\/wp-json\/wp\/v2\/pages"}],"about":[{"href":"https:\/\/apacame.org.br\/site\/wp-json\/wp\/v2\/types\/page"}],"author":[{"embeddable":true,"href":"https:\/\/apacame.org.br\/site\/wp-json\/wp\/v2\/users\/20"}],"replies":[{"embeddable":true,"href":"https:\/\/apacame.org.br\/site\/wp-json\/wp\/v2\/comments?post=4939"}],"version-history":[{"count":2,"href":"https:\/\/apacame.org.br\/site\/wp-json\/wp\/v2\/pages\/4939\/revisions"}],"predecessor-version":[{"id":4944,"href":"https:\/\/apacame.org.br\/site\/wp-json\/wp\/v2\/pages\/4939\/revisions\/4944"}],"up":[{"embeddable":true,"href":"https:\/\/apacame.org.br\/site\/wp-json\/wp\/v2\/pages\/4830"}],"wp:attachment":[{"href":"https:\/\/apacame.org.br\/site\/wp-json\/wp\/v2\/media?parent=4939"}],"curies":[{"name":"wp","href":"https:\/\/api.w.org\/{rel}","templated":true}]}}