{"id":4934,"date":"2022-06-13T20:01:14","date_gmt":"2022-06-13T20:01:14","guid":{"rendered":"https:\/\/apacame.org.br\/site\/?page_id=4934"},"modified":"2022-06-13T20:01:14","modified_gmt":"2022-06-13T20:01:14","slug":"medicina-natural","status":"publish","type":"page","link":"https:\/\/apacame.org.br\/site\/revista\/mensagem-doce-n-166-maio-de-2022\/medicina-natural\/","title":{"rendered":"Medicina Natural"},"content":{"rendered":"<h1 style=\"text-align: center;\">Feridas de dif\u00edcil cicatriza\u00e7\u00e3o.<\/h1>\n<blockquote><p>Hilton Claudino \u00e9 Fitoterapeuta, Trofoterapeuta e Naturoterapeuta<br \/>\nTel 012 3883-1011 \u2013 WhatsApp 12 98117-3044 \u2013 <a href=\"http:\/\/loja.hiltonfito.com.br\" target=\"_blank\" rel=\"noopener\">loja.hiltonfito.com.br<\/a><\/p><\/blockquote>\n<p><span style=\"font-size: large;\">Toda ferida, e principalmente aquelas que apresentam dificuldades para cicatrizar, requer mesmo uma aten\u00e7\u00e3o e cuidados especiais. Quando essas feridas n\u00e3o s\u00e3o tratadas adequadamente, pode evoluir para ser\u00edssimas complica\u00e7\u00f5es, inclusive, chegando a casos de amputa\u00e7\u00f5es. Por tr\u00e1s dessa condi\u00e7\u00e3o existem v\u00e1rias raz\u00f5es, exemplos:<\/span><\/p>\n<p><span style=\"font-size: large;\"><b>Pelo avan\u00e7ar da idade:<\/b><\/span><\/p>\n<p><span style=\"font-size: large;\">Naturalmente j\u00e1 deixa a circula\u00e7\u00e3o mais lenta, fazendo com que chegue menos oxig\u00eanio nas c\u00e9lulas que promovem a cicatriza\u00e7\u00e3o de feridas, e o oxig\u00eanio \u00e9 um elemento fundamental para a produ\u00e7\u00e3o de col\u00e1geno que est\u00e1 ligado ao processo de cicatriza\u00e7\u00e3o.<\/span><\/p>\n<p><span style=\"font-size: large;\"><b>Pela a\u00e7\u00e3o de medicamentos:<\/b><\/span><\/p>\n<p><span style=\"font-size: large;\">Medicamentos como anti-inflamat\u00f3rios e anticoagulantes retardam o processo de cicatriza\u00e7\u00e3o.<\/span><\/p>\n<p><span style=\"font-size: large;\"><b>Diabetes, hipertensas, colesterol alto e obesas:<\/b><\/span><\/p>\n<p><span style=\"font-size: large;\">As pessoas nestas condi\u00e7\u00f5es t\u00eam ser\u00edssimas dificuldades de cicatrizar suas feridas devido aos seguintes obst\u00e1culos: <\/span><\/p>\n<p><span style=\"font-size: large;\">Primeiro: porque os problemas cardiovasculares bloqueiam ou diminuem a circula\u00e7\u00e3o sangu\u00ednea. Segundo: porque o excesso de glicose (a\u00e7\u00facar) no sangue compromete a a\u00e7\u00e3o dos vasos, e, vasos doentes diminuem o fluxo sangu\u00edneo notadamente nas pernas e p\u00e9s. Al\u00e9m disso, altos n\u00edveis glic\u00eamicos deixam as c\u00e9lulas de defesa totalmente incapacitadas, danificando o sistema imunol\u00f3gico.<\/span><\/p>\n<p><span style=\"font-size: large;\"><b>Nicotina:<\/b><\/span><\/p>\n<p><span style=\"font-size: large;\">A subst\u00e2ncia nicotina, presente no tabaco, promove contra\u00e7\u00e3o das art\u00e9rias. Com isso, essas art\u00e9rias transportam menos sangue, fazendo com que chegue menos oxig\u00eanio aos tecidos.<\/span><\/p>\n<p><span style=\"font-size: large;\">Portanto, tudo isso retarda ou dificulta o processo de cicatriza\u00e7\u00e3o e cura.<\/span><\/p>\n<p><span style=\"font-size: large;\">Para cicatrizar esses tipos de feridas, a medicina natural nos presenteia com uma s\u00e9rie de tratamentos, uma delas \u00e9 feita utilizando o repolho verde cru e Argila medicinal verde:<\/span><\/p>\n<p><span style=\"font-size: large;\"><b>Alimenta\u00e7\u00e3o:<\/b> <\/span><\/p>\n<p><span style=\"font-size: large;\">O consumo constante de alimentos ricos em vitaminas A, C e sais minerais como cobre, ferro e zinco, s\u00e3o necess\u00e1rios para a produ\u00e7\u00e3o de col\u00e1geno e para acelerar o processo de cicatriza\u00e7\u00e3o. O mineral ferro se destaca tamb\u00e9m por ajudar a melhorar a oxigena\u00e7\u00e3o.<\/span><\/p>\n<p><span style=\"font-size: large;\"><b>Exemplo desses alimentos:<\/b> <\/span><\/p>\n<p><span style=\"font-size: large;\">mam\u00e3o, manga madura, caju, kiwi, goiaba, amora, uva, lim\u00e3o, laranja, p\u00eassego, cenoura, feij\u00e3o, sementes de girassol, batata doce, inhame, car\u00e1, sals\u00e3o\/aipo, agri\u00e3o.<\/span><\/p>\n<p><span style=\"font-size: large;\"><b>Alimentos que dificultam a cicatriza\u00e7\u00e3o, afaste-se deles:<\/b><\/span><\/p>\n<p><span style=\"font-size: large;\">A\u00e7\u00facar (substitua-o pelo mel), cafe\u00edna, leite de origem animal e seus derivados, carnes de boi, de porco, e alimentos processados\/gordurosos.<\/span><\/p>\n<p><a href=\"https:\/\/apacame.org.br\/site\/wp-content\/uploads\/2022\/06\/Box-Feridas-de-dificil.jpg\"><img fetchpriority=\"high\" decoding=\"async\" class=\"aligncenter size-large wp-image-4935\" src=\"https:\/\/apacame.org.br\/site\/wp-content\/uploads\/2022\/06\/Box-Feridas-de-dificil-1024x625.jpg\" alt=\"Box-Feridas-de-dificil\" width=\"1024\" height=\"625\" srcset=\"https:\/\/apacame.org.br\/site\/wp-content\/uploads\/2022\/06\/Box-Feridas-de-dificil-1024x625.jpg 1024w, https:\/\/apacame.org.br\/site\/wp-content\/uploads\/2022\/06\/Box-Feridas-de-dificil-300x183.jpg 300w, https:\/\/apacame.org.br\/site\/wp-content\/uploads\/2022\/06\/Box-Feridas-de-dificil-150x92.jpg 150w, https:\/\/apacame.org.br\/site\/wp-content\/uploads\/2022\/06\/Box-Feridas-de-dificil-500x305.jpg 500w, https:\/\/apacame.org.br\/site\/wp-content\/uploads\/2022\/06\/Box-Feridas-de-dificil.jpg 1200w\" sizes=\"(max-width: 1024px) 100vw, 1024px\" \/><\/a><\/p>\n","protected":false},"excerpt":{"rendered":"<p>Feridas de dif\u00edcil cicatriza\u00e7\u00e3o. Hilton Claudino \u00e9 Fitoterapeuta, Trofoterapeuta e Naturoterapeuta Tel 012 3883-1011 \u2013 WhatsApp 12 98117-3044 \u2013 loja.hiltonfito.com.br Toda ferida, e principalmente aquelas que apresentam dificuldades para cicatrizar, [&hellip;]<\/p>\n","protected":false},"author":20,"featured_media":0,"parent":4830,"menu_order":0,"comment_status":"open","ping_status":"open","template":"","meta":{"pmpro_default_level":"","_price":"","_stock":"","_tribe_ticket_header":"","_tribe_default_ticket_provider":"","_tribe_ticket_capacity":"0","_ticket_start_date":"","_ticket_end_date":"","_tribe_ticket_show_description":"","_tribe_ticket_show_not_going":false,"_tribe_ticket_use_global_stock":"","_tribe_ticket_global_stock_level":"","_global_stock_mode":"","_global_stock_cap":"","_tribe_rsvp_for_event":"","_tribe_ticket_going_count":"","_tribe_ticket_not_going_count":"","_tribe_tickets_list":"[]","_tribe_ticket_has_attendee_info_fields":false,"cybocfi_hide_featured_image":"","footnotes":""},"class_list":["post-4934","page","type-page","status-publish","hentry","pmpro-has-access"],"_links":{"self":[{"href":"https:\/\/apacame.org.br\/site\/wp-json\/wp\/v2\/pages\/4934"}],"collection":[{"href":"https:\/\/apacame.org.br\/site\/wp-json\/wp\/v2\/pages"}],"about":[{"href":"https:\/\/apacame.org.br\/site\/wp-json\/wp\/v2\/types\/page"}],"author":[{"embeddable":true,"href":"https:\/\/apacame.org.br\/site\/wp-json\/wp\/v2\/users\/20"}],"replies":[{"embeddable":true,"href":"https:\/\/apacame.org.br\/site\/wp-json\/wp\/v2\/comments?post=4934"}],"version-history":[{"count":2,"href":"https:\/\/apacame.org.br\/site\/wp-json\/wp\/v2\/pages\/4934\/revisions"}],"predecessor-version":[{"id":4937,"href":"https:\/\/apacame.org.br\/site\/wp-json\/wp\/v2\/pages\/4934\/revisions\/4937"}],"up":[{"embeddable":true,"href":"https:\/\/apacame.org.br\/site\/wp-json\/wp\/v2\/pages\/4830"}],"wp:attachment":[{"href":"https:\/\/apacame.org.br\/site\/wp-json\/wp\/v2\/media?parent=4934"}],"curies":[{"name":"wp","href":"https:\/\/api.w.org\/{rel}","templated":true}]}}