{"id":4918,"date":"2022-06-13T19:04:32","date_gmt":"2022-06-13T19:04:32","guid":{"rendered":"https:\/\/apacame.org.br\/site\/?page_id=4918"},"modified":"2022-06-13T20:13:40","modified_gmt":"2022-06-13T20:13:40","slug":"artigo-4","status":"publish","type":"page","link":"https:\/\/apacame.org.br\/site\/revista\/mensagem-doce-n-166-maio-de-2022\/artigo-4\/","title":{"rendered":"Artigo"},"content":{"rendered":"<h1 style=\"text-align: center;\">Descoberta de nova esp\u00e9cie de besouro esclarece o mecanismo por tr\u00e1s da produ\u00e7\u00e3o da pr\u00f3polis vermelha<\/h1>\n<blockquote><p>Fonte: &lt;<a href=\"https:\/\/jornal.usp.br\/ciencias\/ciencias-ambientais\/descoberta-de-nova-especie-de-besouro-esclarece-o-mecanismo-biologico-por-tras-da-propolis-vermelha\/\" target=\"_blank\" rel=\"noopener\">https:\/\/jornal.usp.br\/ciencias\/ciencias-ambientais\/descoberta-de-nova-especie-de-besouro-esclarece-o-mecanismo-biologico-por-tras-da-propolis-vermelha\/<\/a> &gt; Publicado: 19\/04\/2022 &#8211; Autor:\u00a0Sebasti\u00e3o Moura &#8211; Arte: Adrielly Kilryann<br \/>\nMais informa\u00e7\u00f5es: Letizia Janaina Migliore, em <a href=\"mailto:lmigliore@usp.br\" target=\"_blank\">lmigliore@usp.br<\/a>, e Gari Vidal Ccana Ccapatinta, em <a href=\"mailto:ccana.ccapatinta@gmail.com\" target=\"_blank\">ccana.ccapatinta@gmail.com<\/a><\/p><\/blockquote>\n<p><span style=\"font-size: large;\">Resina vermelha \u00e9 produzida como rea\u00e7\u00e3o de defesa de planta contra o inseto. Informa\u00e7\u00e3o pode ser chave para ampliar a produ\u00e7\u00e3o do composto a outras \u00e1reas do Pa\u00eds<\/span><\/p>\n<figure id=\"attachment_4920\" aria-describedby=\"caption-attachment-4920\" style=\"width: 300px\" class=\"wp-caption alignright\"><a href=\"https:\/\/apacame.org.br\/site\/wp-content\/uploads\/2022\/06\/Figura1_Descoberta.jpg\"><img decoding=\"async\" class=\"size-medium wp-image-4920\" src=\"https:\/\/apacame.org.br\/site\/wp-content\/uploads\/2022\/06\/Figura1_Descoberta-300x158.jpg\" alt=\"No Brasil, existem 493 esp\u00e9cies conhecidas de besouros da fam\u00edlia Agrilus, cujas larvas parasitam diversas plantas. Na foto, representa\u00e7\u00e3o da Agrilus propolis, rec\u00e9m-registrada - Foto: Reprodu\u00e7\u00e3o\" width=\"300\" height=\"158\" srcset=\"https:\/\/apacame.org.br\/site\/wp-content\/uploads\/2022\/06\/Figura1_Descoberta-300x158.jpg 300w, https:\/\/apacame.org.br\/site\/wp-content\/uploads\/2022\/06\/Figura1_Descoberta-150x79.jpg 150w, https:\/\/apacame.org.br\/site\/wp-content\/uploads\/2022\/06\/Figura1_Descoberta-500x263.jpg 500w, https:\/\/apacame.org.br\/site\/wp-content\/uploads\/2022\/06\/Figura1_Descoberta.jpg 935w\" sizes=\"(max-width: 300px) 100vw, 300px\" \/><\/a><figcaption id=\"caption-attachment-4920\" class=\"wp-caption-text\">No Brasil, existem 493 esp\u00e9cies conhecidas de besouros da fam\u00edlia Agrilus, cujas<br \/>larvas parasitam diversas plantas. Na foto, representa\u00e7\u00e3o da Agrilus propolis,<br \/>rec\u00e9m-registrada &#8211; Foto: Reprodu\u00e7\u00e3o<\/figcaption><\/figure>\n<p><span style=\"font-size: large;\">Pesquisadores do Museu de Zoologia (MZ) e da Faculdade de Ci\u00eancias Farmac\u00eauticas de Ribeir\u00e3o Preto (FCFRP), ambos da USP, descobriram que a resina vermelha produzida pela planta\u00a0Dalbergia ecastophyllum, mat\u00e9ria-prima da pr\u00f3polis vermelha, \u00e9 uma rea\u00e7\u00e3o de defesa contra o ataque de uma esp\u00e9cie de besouro desconhecida at\u00e9 ent\u00e3o. A nova esp\u00e9cie foi batizada de\u00a0Agrilus propolis\u00a0e descrita\u00a0em artigo publicado\u00a0na revista\u00a0The Science of Nature.<\/span><\/p>\n<p><span style=\"font-size: large;\">Existem v\u00e1rios tipos de pr\u00f3polis, categorizadas de acordo com sua origem geogr\u00e1fica, propriedades qu\u00edmicas e fonte bot\u00e2nica (a planta da qual as abelhas retiram a resina necess\u00e1ria para a produ\u00e7\u00e3o da subst\u00e2ncia). Na natureza, ela \u00e9 usada para duas fun\u00e7\u00f5es principais: vedar buracos na colmeia e embalsamar cad\u00e1veres de insetos e outros res\u00edduos org\u00e2nicos e remov\u00ea-los antes que apodre\u00e7am. Em decorr\u00eancia dessa propriedade antiss\u00e9ptica aplicada no embalsamamento, ela tamb\u00e9m tem sido estudada para fins medicinais.<\/span><\/p>\n<p><span style=\"font-size: large;\"><b>O novo besouro<\/b><\/span><\/p>\n<figure id=\"attachment_4921\" aria-describedby=\"caption-attachment-4921\" style=\"width: 266px\" class=\"wp-caption alignleft\"><a href=\"https:\/\/apacame.org.br\/site\/wp-content\/uploads\/2022\/06\/Figura2_Descoberta.jpg\"><img fetchpriority=\"high\" decoding=\"async\" class=\"size-medium wp-image-4921\" src=\"https:\/\/apacame.org.br\/site\/wp-content\/uploads\/2022\/06\/Figura2_Descoberta-266x300.jpg\" alt=\"Abelha absorvendo resina vermelha produzida pela fonte bot\u00e2nica - Foto: Reprodu\u00e7\u00e3o\/Jean Carvalho\" width=\"266\" height=\"300\" srcset=\"https:\/\/apacame.org.br\/site\/wp-content\/uploads\/2022\/06\/Figura2_Descoberta-266x300.jpg 266w, https:\/\/apacame.org.br\/site\/wp-content\/uploads\/2022\/06\/Figura2_Descoberta-150x169.jpg 150w, https:\/\/apacame.org.br\/site\/wp-content\/uploads\/2022\/06\/Figura2_Descoberta-443x500.jpg 443w, https:\/\/apacame.org.br\/site\/wp-content\/uploads\/2022\/06\/Figura2_Descoberta.jpg 906w\" sizes=\"(max-width: 266px) 100vw, 266px\" \/><\/a><figcaption id=\"caption-attachment-4921\" class=\"wp-caption-text\">Abelha absorvendo resina vermelha produzida pela fonte bot\u00e2nica &#8211; Foto: Reprodu\u00e7\u00e3o\/Jean Carvalho<\/figcaption><\/figure>\n<p><span style=\"font-size: large;\">A nova esp\u00e9cie de besouro, o\u00a0Agrilus propolis, foi encontrada durante uma viagem dos pesquisadores a Canavieiras, na Bahia. Depois de duas novas idas a campo, em 2019, os cientistas coletaram amostras da planta hospedeira e do besouro (adulto e no est\u00e1gio de pupa, intermedi\u00e1rio entre a larva e o adulto), que foram trazidos de volta \u00e0 USP para an\u00e1lise. A partir disso, foi poss\u00edvel investigar de forma mais aprofundada o processo por tr\u00e1s da cor espec\u00edfica da pr\u00f3polis vermelha e as caracter\u00edsticas de seu causador, o\u00a0Agrilus propolis.<\/span><\/p>\n<p><span style=\"font-size: large;\">\u201cO besouro se desenvolve no caule da planta: a f\u00eamea deposita ovos nos galhos, onde a larva gera galerias e absorve os nutrientes dos quais precisa at\u00e9 completar seu desenvolvimento e atingir a fase adulta, quando finalmente abandona a hospedeira. O mecanismo de defesa da planta contra esse ataque externo provoca a altera\u00e7\u00e3o na cor e nas propriedades da resina\u201d, explica Letizia Migliore, doutoranda no MZ e primeira autora do artigo.<\/span><\/p>\n<p><span style=\"font-size: large;\">Letizia, que estuda a sistematiza\u00e7\u00e3o taxon\u00f4mica de besouros da subfam\u00edlia\u00a0Agrilinae, orientada por\u00a0Sonia Casari,\u00a0afirma que essa descoberta \u00e9 muito importante n\u00e3o s\u00f3 por comprovar a exist\u00eancia do agente animal no processo, mas tamb\u00e9m por abrir portas para novos estudos.<\/span><\/p>\n<p><span style=\"font-size: large;\">Os autores citam, por exemplo, a possibilidade de que existam outras esp\u00e9cies de besouros, que tamb\u00e9m desencadeiem a produ\u00e7\u00e3o da variedade vermelha em outras regi\u00f5es e de que seja poss\u00edvel usar esse conhecimento do papel do animal para produzir pr\u00f3polis vermelha fora das \u00e1reas onde \u00e9 conhecida at\u00e9 ent\u00e3o.<\/span><\/p>\n<div id='gallery-1' class='gallery galleryid-4918 gallery-columns-3 gallery-size-large'><figure class='gallery-item'>\n\t\t\t<div class='gallery-icon landscape'>\n\t\t\t\t<a href=\"https:\/\/apacame.org.br\/site\/wp-content\/uploads\/2022\/06\/Figura3_Descoberta.jpg\"><img decoding=\"async\" width=\"935\" height=\"499\" src=\"https:\/\/apacame.org.br\/site\/wp-content\/uploads\/2022\/06\/Figura3_Descoberta.jpg\" class=\"attachment-large size-large\" alt=\"\" aria-describedby=\"gallery-1-4922\" srcset=\"https:\/\/apacame.org.br\/site\/wp-content\/uploads\/2022\/06\/Figura3_Descoberta.jpg 935w, https:\/\/apacame.org.br\/site\/wp-content\/uploads\/2022\/06\/Figura3_Descoberta-300x160.jpg 300w, https:\/\/apacame.org.br\/site\/wp-content\/uploads\/2022\/06\/Figura3_Descoberta-150x80.jpg 150w, https:\/\/apacame.org.br\/site\/wp-content\/uploads\/2022\/06\/Figura3_Descoberta-500x267.jpg 500w\" sizes=\"(max-width: 935px) 100vw, 935px\" \/><\/a>\n\t\t\t<\/div>\n\t\t\t\t<figcaption class='wp-caption-text gallery-caption' id='gallery-1-4922'>\n\t\t\t\tAbelha absorvendo resina vermelha produzida pela fonte bot\u00e2nica &#8211; Foto: Reprodu\u00e7\u00e3o\/Jean Carvalho\n\t\t\t\t<\/figcaption><\/figure><figure class='gallery-item'>\n\t\t\t<div class='gallery-icon landscape'>\n\t\t\t\t<a href=\"https:\/\/apacame.org.br\/site\/wp-content\/uploads\/2022\/06\/Figura4_Descoberta.jpg\"><img loading=\"lazy\" decoding=\"async\" width=\"935\" height=\"491\" src=\"https:\/\/apacame.org.br\/site\/wp-content\/uploads\/2022\/06\/Figura4_Descoberta.jpg\" class=\"attachment-large size-large\" alt=\"\" aria-describedby=\"gallery-1-4923\" srcset=\"https:\/\/apacame.org.br\/site\/wp-content\/uploads\/2022\/06\/Figura4_Descoberta.jpg 935w, https:\/\/apacame.org.br\/site\/wp-content\/uploads\/2022\/06\/Figura4_Descoberta-300x158.jpg 300w, https:\/\/apacame.org.br\/site\/wp-content\/uploads\/2022\/06\/Figura4_Descoberta-150x79.jpg 150w, https:\/\/apacame.org.br\/site\/wp-content\/uploads\/2022\/06\/Figura4_Descoberta-500x263.jpg 500w\" sizes=\"(max-width: 935px) 100vw, 935px\" \/><\/a>\n\t\t\t<\/div>\n\t\t\t\t<figcaption class='wp-caption-text gallery-caption' id='gallery-1-4923'>\n\t\t\t\tRabo-de-bugio, fonte bot\u00e2nica da pr\u00f3polis vermelha brasileira. Tipicamente encontrada em estu\u00e1rios, mangues e dunas. Foto: Carlos Carvalho\/ Acervo Insecta da UFRB\n\t\t\t\t<\/figcaption><\/figure><figure class='gallery-item'>\n\t\t\t<div class='gallery-icon landscape'>\n\t\t\t\t<a href=\"https:\/\/apacame.org.br\/site\/wp-content\/uploads\/2022\/06\/Figura5_Descoberta.jpg\"><img loading=\"lazy\" decoding=\"async\" width=\"935\" height=\"467\" src=\"https:\/\/apacame.org.br\/site\/wp-content\/uploads\/2022\/06\/Figura5_Descoberta.jpg\" class=\"attachment-large size-large\" alt=\"\" aria-describedby=\"gallery-1-4924\" srcset=\"https:\/\/apacame.org.br\/site\/wp-content\/uploads\/2022\/06\/Figura5_Descoberta.jpg 935w, https:\/\/apacame.org.br\/site\/wp-content\/uploads\/2022\/06\/Figura5_Descoberta-300x150.jpg 300w, https:\/\/apacame.org.br\/site\/wp-content\/uploads\/2022\/06\/Figura5_Descoberta-150x75.jpg 150w, https:\/\/apacame.org.br\/site\/wp-content\/uploads\/2022\/06\/Figura5_Descoberta-500x250.jpg 500w\" sizes=\"(max-width: 935px) 100vw, 935px\" \/><\/a>\n\t\t\t<\/div>\n\t\t\t\t<figcaption class='wp-caption-text gallery-caption' id='gallery-1-4924'>\n\t\t\t\tRabo-de-bugio, fonte bot\u00e2nica da pr\u00f3polis vermelha brasileira. Tipicamente encontrada em estu\u00e1rios, mangues e dunas. Foto: Carlos Carvalho\/ Acervo Insecta da UFRB\n\t\t\t\t<\/figcaption><\/figure>\n\t\t<\/div>\n\n<p><span style=\"font-size: large;\"><b>Import\u00e2ncia econ\u00f4mica da pr\u00f3polis vermelha<\/b><\/span><\/p>\n<p><span style=\"font-size: large;\">A produ\u00e7\u00e3o brasileira de pr\u00f3polis, terceira maior do mundo, consiste de dois tipos principais: a pr\u00f3polis verde, feita a partir de plantas herb\u00e1ceas nativas da Regi\u00e3o Sudeste, e a pr\u00f3polis vermelha, produzida a partir da resina vermelha gerada pela\u00a0Dalbergia ecastophyllum, popularmente conhecida como rabo-de-bugio ou marmelo-do-mangue, t\u00edpica da Regi\u00e3o Nordeste.<\/span><\/p>\n<p><span style=\"font-size: large;\">A pr\u00f3polis vermelha, que possui em sua constitui\u00e7\u00e3o qu\u00edmica compostos de interesse medicinal, \u00e9 a mais rara e tamb\u00e9m mais valiosa (seu valor comercial \u00e9 cerca de cinco vezes maior que o da verde). Por causa dessa import\u00e2ncia comercial, houve muitas tentativas de ampliar essa produ\u00e7\u00e3o, normalmente atrav\u00e9s do aumento da popula\u00e7\u00e3o da planta na regi\u00e3o.<\/span><\/p>\n<p><span style=\"font-size: large;\">O doutor em Ci\u00eancias Farmac\u00eauticas Gari Ccana\u2010Ccapatinta \u00e9 membro de um projeto tem\u00e1tico da FCFRP focado no estudo da pr\u00f3polis. Um dos autores do artigo, ele explica que essa import\u00e2ncia econ\u00f4mica motivou muitas tentativas de ampliar a produ\u00e7\u00e3o, normalmente atrav\u00e9s do aumento da disponibilidade da fonte bot\u00e2nica na \u00e1rea de apicultura. Mas essa nova pesquisa mostra que tamb\u00e9m \u00e9 necess\u00e1rio considerar a presen\u00e7a do agente animal, que desencadeia a produ\u00e7\u00e3o da resina.<\/span><\/p>\n<p><span style=\"font-size: large;\">Esse trabalho de pesquisa recebeu financiamento de bolsas Fapesp, Capes, CNPq e da USP, e contou com a contribui\u00e7\u00e3o de Letizia Migliore, Sonia Casari e Gabriel Biffi, do Museu de Zoologia, Gari Ccana Ccapatinta, Jennyfer Mej\u00eda e Jairo Bastos, da FCFRP, Gianfranco Curletti, do Museu C\u00edvico de Hist\u00f3ria Natural de Carmagnola, na It\u00e1lia, e Jean Carvalho, da Cooperativa de Apicultores de Canavieiras. O artigo\u00a0A new species of jewel beetle (Coleoptera, Buprestidae, Agrilus) triggers the production of the Brazilian red propolis\u00a0pode ser lido na \u00edntegra em: <a href=\"https:\/\/link.springer.com\/article\/10.1007\/s00114-022-01785-x\" target=\"_blank\" rel=\"noopener\">https:\/\/link.springer.com\/article\/10.1007\/s00114-022-01785-x<\/a><\/span><\/p>\n","protected":false},"excerpt":{"rendered":"<p>Descoberta de nova esp\u00e9cie de besouro esclarece o mecanismo por tr\u00e1s da produ\u00e7\u00e3o da pr\u00f3polis vermelha Fonte: &lt;https:\/\/jornal.usp.br\/ciencias\/ciencias-ambientais\/descoberta-de-nova-especie-de-besouro-esclarece-o-mecanismo-biologico-por-tras-da-propolis-vermelha\/ &gt; Publicado: 19\/04\/2022 &#8211; Autor:\u00a0Sebasti\u00e3o Moura &#8211; Arte: Adrielly Kilryann Mais informa\u00e7\u00f5es: [&hellip;]<\/p>\n","protected":false},"author":20,"featured_media":0,"parent":4830,"menu_order":0,"comment_status":"open","ping_status":"open","template":"","meta":{"pmpro_default_level":"","_price":"","_stock":"","_tribe_ticket_header":"","_tribe_default_ticket_provider":"","_tribe_ticket_capacity":"0","_ticket_start_date":"","_ticket_end_date":"","_tribe_ticket_show_description":"","_tribe_ticket_show_not_going":false,"_tribe_ticket_use_global_stock":"","_tribe_ticket_global_stock_level":"","_global_stock_mode":"","_global_stock_cap":"","_tribe_rsvp_for_event":"","_tribe_ticket_going_count":"","_tribe_ticket_not_going_count":"","_tribe_tickets_list":"[]","_tribe_ticket_has_attendee_info_fields":false,"cybocfi_hide_featured_image":"","footnotes":""},"class_list":["post-4918","page","type-page","status-publish","hentry","pmpro-has-access"],"_links":{"self":[{"href":"https:\/\/apacame.org.br\/site\/wp-json\/wp\/v2\/pages\/4918"}],"collection":[{"href":"https:\/\/apacame.org.br\/site\/wp-json\/wp\/v2\/pages"}],"about":[{"href":"https:\/\/apacame.org.br\/site\/wp-json\/wp\/v2\/types\/page"}],"author":[{"embeddable":true,"href":"https:\/\/apacame.org.br\/site\/wp-json\/wp\/v2\/users\/20"}],"replies":[{"embeddable":true,"href":"https:\/\/apacame.org.br\/site\/wp-json\/wp\/v2\/comments?post=4918"}],"version-history":[{"count":5,"href":"https:\/\/apacame.org.br\/site\/wp-json\/wp\/v2\/pages\/4918\/revisions"}],"predecessor-version":[{"id":4946,"href":"https:\/\/apacame.org.br\/site\/wp-json\/wp\/v2\/pages\/4918\/revisions\/4946"}],"up":[{"embeddable":true,"href":"https:\/\/apacame.org.br\/site\/wp-json\/wp\/v2\/pages\/4830"}],"wp:attachment":[{"href":"https:\/\/apacame.org.br\/site\/wp-json\/wp\/v2\/media?parent=4918"}],"curies":[{"name":"wp","href":"https:\/\/api.w.org\/{rel}","templated":true}]}}