{"id":4913,"date":"2022-06-13T18:55:38","date_gmt":"2022-06-13T18:55:38","guid":{"rendered":"https:\/\/apacame.org.br\/site\/?page_id=4913"},"modified":"2022-06-13T18:55:38","modified_gmt":"2022-06-13T18:55:38","slug":"artigo-3","status":"publish","type":"page","link":"https:\/\/apacame.org.br\/site\/revista\/mensagem-doce-n-166-maio-de-2022\/artigo-3\/","title":{"rendered":"Artigo"},"content":{"rendered":"<h1 style=\"text-align: center;\">Panorama r\u00e1pido da apicultura em Mato Grosso do Sul.<\/h1>\n<blockquote><p>Adevanil A. Ribeiro Filho: associado APACAME<\/p><\/blockquote>\n<p><span style=\"font-size: large;\">Vamos come\u00e7ar com o informe da produ\u00e7\u00e3o de mel no estado em 2020, que de acordo com o IBGE foram pouco mais de 984 toneladas, s\u00f3 para comparar com um dos \u201cvizinhos\u201d segundo a mesma fonte, o estado de S\u00e3o Paulo produziu no mesmo per\u00edodo mais de 4.448 toneladas de mel.<\/span><\/p>\n<p><span style=\"font-size: large;\">Mas compara\u00e7\u00f5es costumeiramente s\u00e3o falhas ou pass\u00edveis de necessidade de observa\u00e7\u00e3o de muitos par\u00e2metros para serem assertivas.<\/span><\/p>\n<p><span style=\"font-size: large;\">A apicultura no estado de Mato Grosso do Sul \u00e9 ainda muito jovem, assim como o pr\u00f3prio estado, pois oficialmente se tornou independente de Mato Grosso em 11 de outubro de 1977, e completar\u00e1 45 anos de exist\u00eancia este ano, mas com certeza j\u00e1 nasceu com forte voca\u00e7\u00e3o no agroneg\u00f3cio herdada do estado-irm\u00e3o Mato Grosso, sendo os carros-chefes a pecu\u00e1ria, a soja e gr\u00e3os de maneira geral. <\/span><\/p>\n<p><span style=\"font-size: large;\">A ind\u00fastria tem aumentado significativamente sua atua\u00e7\u00e3o no estado <\/span><\/p>\n<p><span style=\"font-size: large;\">\u00c9 fato que o estado de Mato Grosso do Sul \u00e9 muito promissor em v\u00e1rias \u00e1reas importantes para nosso pa\u00eds, mas voltemos \u00e0 apicultura. <\/span><\/p>\n<p><span style=\"font-size: large;\">As estiagens seguidas que o Brasil todo tem experimentado nos \u00faltimos anos, com grandes perdas na apicultura que viemos sentindo desde 2018 at\u00e9 agora, tem retra\u00eddo a apicultura como um todo e no \u201cMS\u201d como \u00e9 carinhosamente chamado o estado, infelizmente n\u00e3o foi diferente, ali\u00e1s a sequ\u00eancia mal\u00e9fica \u201cveneno, clima extremo secas\/enchentes e agress\u00e3o ambiental\u201d que se verifica em todo territ\u00f3rio brasileiro assolou \u201cMS\u201d tamb\u00e9m.<\/span><\/p>\n<p><span style=\"font-size: large;\">Atualmente o estado conta com aproximadamente 12 associa\u00e7\u00f5es de apicultores, com grande potencial de aumentar estas associa\u00e7\u00f5es num futuro breve e algumas cidades se destacam na produ\u00e7\u00e3o de mel, tais como Tr\u00eas Lagoas, Brasil\u00e2ndia, Ang\u00e9lica, Dourados, Ribas do Rio Pardo e Jaraguari. Brasil\u00e2ndia recentemente conquistou a instala\u00e7\u00e3o de uma \u201ccasa do mel\u201d muito bem equipada para seus associados e o eixo Ribas do Rio Pardo &#8211; Aguas Claras &#8211; Tr\u00eas Lagoas &#8211; Selv\u00edria tem recebido um forte apoio das empresas de papel e celulose , principalmente o \u201cPrograma Colmeias\u201d da empresa Suzano Papel e Celulose , ali\u00e1s a \u2018Suzano\u2019 como \u00e9 conhecida na regi\u00e3o est\u00e1 realizando um mega investimento da ordem de US$ 2,7 bilh\u00f5es na cidade de Ribas do Rio do Rio Pardo com a constru\u00e7\u00e3o de uma planta de processamento de papel e celulose .<\/span><\/p>\n<p><span style=\"font-size: large;\"><b>OS PROBLEMAS DA APICULTURA NA REGI\u00c3O, PREDADORES<\/b><\/span><\/p>\n<p><span style=\"font-size: large;\">Existem, claro, problemas na regi\u00e3o tais como predadores que al\u00e9m dos inimigos naturais tradicionais que n\u00e3o oferecem grandes problemas como os sapos, formigas, lagartos e p\u00e1ssaros e predadores que realmente d\u00e3o muitos preju\u00edzos como tat\u00fa canastra e a Irara que ainda existem em relativa \u201cabund\u00e2ncia\u201d e que obriga o apicultor a se assegurar usando cavaletes com no m\u00ednimo 1,2 metros de altura para que o principalmente o tat\u00fa canastra n\u00e3o devore as col\u00f4nias, logo implica em manejo bem mais trabalhoso devido \u00e0 altura das colmeias. <\/span><\/p>\n<p><span style=\"font-size: large;\">Existem ainda os \u201cbagunceiros\u201d como relatam alguns apicultores &#8211; e at\u00e9 registram atrav\u00e9s de v\u00eddeos feitos por c\u00e2meras de espera montadas nos api\u00e1rios \u2013 que s\u00e3o os macacos principalmente o macaco-prego, lobo guar\u00e1, m\u00e3o-pelada, quatis e gamb\u00e1s .Mas estes s\u00f3 fazem bagun\u00e7a mesmo, derrubam alimentadores, levantam tampas das colmeias deixando as abelhas nervosas, etc.; efetivamente n\u00e3o d\u00e3o preju\u00edzos significativos. <\/span><\/p>\n<p><span style=\"font-size: large;\">Curiosamente o pior predador dos apicultores (o predador de m\u00e3o leve e 2 p\u00e9s&#8230;), \u00e9 pouco ativo no estado, quase n\u00e3o havendo queixas de roubo de abelhas, mas na forma do extrativista ainda impera, pois n\u00e3o \u00e9 raro pessoas irem \u201cfurar abelha\u201d nas \u00e1rvores e cupinzeiros destruindo as col\u00f4nias alojadas na natureza e j\u00e1 existem queixas desses, pois a quantidade de mel extra\u00edda dessas estruturas est\u00e3o cada vez menores. <\/span><\/p>\n<p><span style=\"font-size: large;\">Al\u00e9m dos predadores animais, h\u00e1 ainda um problema que no ano passado (2021) causou danos significativos; devido \u00e0s boas chuvas no fim de outubro\/2021 logo ap\u00f3s o per\u00edodo de estiagem antecessor que foi uma florada excepcional de Barbatim\u00e3o, a \u00e1rvore j\u00e1 conhecida pelos efeitos perniciosos de seu p\u00f3len, este ano abusou da paci\u00eancia dos apicultores Sul Mato-grossenses que registraram enormes perdas de col\u00f4nias por envenenamento devido ao p\u00f3len de Barbatim\u00e3o , j\u00e1 n\u00e3o bastasse a terr\u00edvel estiagem que sufocou a tradicional florada do cip\u00f3-uva que \u00e9 um recurso importante do estado, da produ\u00e7\u00e3o reduzida de mel de seringueira e do eucalipto que teve baix\u00edssima produ\u00e7\u00e3o.<\/span><\/p>\n<p><span style=\"font-size: large;\">Este ano, muito provavelmente por reflexo da estiagem, pois as chuvas est\u00e3o mais volumosas nesta esta\u00e7\u00e3o, no j\u00e1 citado eixo de Tr\u00eas Lagoas e se estendendo at\u00e9 Aparecida do Taboado o eucalipto negou as suas flores e a produ\u00e7\u00e3o deste tipo de mel n\u00e3o foi expressiva, contabilizando mais preju\u00edzos para n\u00f3s apicultores da regi\u00e3o.<\/span><\/p>\n<figure id=\"attachment_4914\" aria-describedby=\"caption-attachment-4914\" style=\"width: 1024px\" class=\"wp-caption aligncenter\"><a href=\"https:\/\/apacame.org.br\/site\/wp-content\/uploads\/2022\/06\/Figura_Panorama-rapido.jpg\"><img fetchpriority=\"high\" decoding=\"async\" class=\"size-large wp-image-4914\" src=\"https:\/\/apacame.org.br\/site\/wp-content\/uploads\/2022\/06\/Figura_Panorama-rapido-1024x317.jpg\" alt=\"Est\u00e1tua de Tatu-Canastra em Chapad\u00e3o do Sul e api\u00e1rio \u00e0 beira de seringal em Tr\u00eas Lagoas\" width=\"1024\" height=\"317\" srcset=\"https:\/\/apacame.org.br\/site\/wp-content\/uploads\/2022\/06\/Figura_Panorama-rapido-1024x317.jpg 1024w, https:\/\/apacame.org.br\/site\/wp-content\/uploads\/2022\/06\/Figura_Panorama-rapido-300x93.jpg 300w, https:\/\/apacame.org.br\/site\/wp-content\/uploads\/2022\/06\/Figura_Panorama-rapido-150x46.jpg 150w, https:\/\/apacame.org.br\/site\/wp-content\/uploads\/2022\/06\/Figura_Panorama-rapido-500x155.jpg 500w, https:\/\/apacame.org.br\/site\/wp-content\/uploads\/2022\/06\/Figura_Panorama-rapido.jpg 1200w\" sizes=\"(max-width: 1024px) 100vw, 1024px\" \/><\/a><figcaption id=\"caption-attachment-4914\" class=\"wp-caption-text\">Est\u00e1tua de Tatu-Canastra em Chapad\u00e3o do Sul e api\u00e1rio \u00e0 beira de seringal em Tr\u00eas Lagoas<\/figcaption><\/figure>\n<p><span style=\"font-size: large;\"><b>EXPECTATIVAS<\/b> <\/span><\/p>\n<p><span style=\"font-size: large;\">\u00c9 importante lembrar que o estado \u00e9 muito rico em pasto ap\u00edcola, plantas como cip\u00f3-uva, cip\u00f3-cravo, cip\u00f3 s\u00e3o Jo\u00e3o, canela de ema, canelinha de perdiz, alecrim do campo, assa-peixe entre tantas outras que ainda abundam em todo o estado , assim como as \u00e1reas de biomas mais espec\u00edficos como o pantanal , com sua vegeta\u00e7\u00e3o t\u00e3o caracter\u00edstica &#8211; e s\u00f3 pra citar, o delicioso mel de cambar\u00e1 do pantanal que \u00e9 simplesmente divino &#8211; s\u00f3 para falar dos m\u00e9is de origem silvestre, para citar os m\u00e9is de monocultura, as grandes propriedades rurais usam como aduba\u00e7\u00e3o verde nas entressafras o nabo forrageiro e a crotal\u00e1ria, o nabo forrageiro tem um mel de sabor bem caracter\u00edstico e forte, e \u00e9 muito rico em p\u00f3len, ambas plantas s\u00e3o muito boas para o pasto ap\u00edcola de manuten\u00e7\u00e3o , proporcionado colmeias fortes em p\u00f3len e m\u00e9l at\u00e9 a chegada das floradas de produ\u00e7\u00e3o evitando custos em alimenta\u00e7\u00e3o energ\u00e9tica , n\u00e3o raro o apicultor sul mato-grossense nem sequer precisa alimentar suas abelhas com alimento energ\u00e9tico (xaropes) sendo necess\u00e1rio apenas cuidar da alimenta\u00e7\u00e3o proteica (massa de abelha, bife de abelha, p\u00f3len artificial, como o leitor preferir).<\/span><\/p>\n<p><span style=\"font-size: large;\">H\u00e1 uma monocultura de grande potencial que curiosamente pode ser qualificada como \u201csilvestre\u201d que \u00e9 a seringueira &#8211; Hevea Brasiliensis- pois embora seja hoje cultivada em sistema de monocultura \u00e9 natural do Brasil e tem mel de sabor suave.<\/span><\/p>\n<p><span style=\"font-size: large;\"><b>PONTOS A SEREM TRABALHADOS<\/b> <\/span><\/p>\n<p><span style=\"font-size: large;\">H\u00e1 uma grande necessidade de melhoramento\/treinamento da m\u00e3o de obra e uma maior especializa\u00e7\u00e3o dos apicultores da regi\u00e3o.<\/span><\/p>\n<p><span style=\"font-size: large;\">O Senar- Servi\u00e7o Nacional de Aprendizagem Rural, entidade vinculada ao Sistema \u201cS\u201d que \u00e9 um sistema de aprendizado descentralizado por setores e compostos por entidades-irm\u00e3s como o Senai, Sesc, Sesi, Senac, etc., tem tido muitas atividades juntos aos apicultores oferecendo cursos de apicultura e de especializa\u00e7\u00e3o em apicultura, mas \u00e9 dif\u00edcil encontrar instrutores em apicultura para atender a crescente demanda de aprendizagem.<\/span><\/p>\n<p><span style=\"font-size: large;\">Falta mais integra\u00e7\u00e3o entre os \u00f3rg\u00e3os governamentais como o IAGRO \u2013 Ag\u00eancia Estadual de Defesa Sanit\u00e1ria Animal e Vegetal para, junto com entidades como associa\u00e7\u00f5es ap\u00edcolas e Senar, poder agilizar e viabilizar a inclus\u00e3o dos apicultores de maneira mais formal , facilitando os registros de api\u00e1rios para incentivar os apicultores a serem mais formais , mas esta n\u00e3o \u00e9 uma caracter\u00edstica end\u00eamica de Mato Grosso do Sul , pois outros estados atrav\u00e9s de seus \u00f3rg\u00e3os correlatos e similares ao IAGRO sofrem com o mesmo problema, despertando um certo afastamento de pequenos apicultores que permanecem na informalidade.<\/span><\/p>\n<p><span style=\"font-size: large;\"><b>UM GRANDE POTENCIAL<\/b> <\/span><\/p>\n<p><span style=\"font-size: large;\">Nos \u00faltimos anos rondando as casas pr\u00f3ximas \u00e0 decima posi\u00e7\u00e3o do ranking nacional de produ\u00e7\u00e3o de mel, O estado de Mato Grosso do Sul \u00e9 detentor de grande potencial ap\u00edcola e tem condi\u00e7\u00f5es ambientais para ser um dos maiores produtores de produtos ap\u00edcolas do pa\u00eds, sendo um estado a ser melhor explorado no sentido de produ\u00e7\u00e3o e expans\u00e3o t\u00e9cnica da apicultura, al\u00e9m de ser um \u00f3timo lugar para se viver com qualidade de vida. <\/span><\/p>\n<p><span style=\"font-size: large;\"><b>FONTES:<\/b><\/span><\/p>\n<p><span style=\"font-size: large;\"><a href=\"https:\/\/cidades.ibge.gov.br\/brasil\/ms\/pesquisa\/18\/16574\" target=\"_blank\" rel=\"noopener\">https:\/\/cidades.ibge.gov.br\/brasil\/ms\/pesquisa\/18\/16574<\/a><\/span><\/p>\n<p><span style=\"font-size: large;\"><a href=\"http:\/\/www.ms.gov.br\/apicultura-em-ms-e-reconhecida-por-qualidade-e-caminha-para-producao-organica\/\" target=\"_blank\" rel=\"noopener\">http:\/\/www.ms.gov.br\/apicultura-em-ms-e-reconhecida-por-qualidade-e-caminha-para-producao-organica\/<\/a><\/span><\/p>\n","protected":false},"excerpt":{"rendered":"<p>Panorama r\u00e1pido da apicultura em Mato Grosso do Sul. Adevanil A. Ribeiro Filho: associado APACAME Vamos come\u00e7ar com o informe da produ\u00e7\u00e3o de mel no estado em 2020, que de [&hellip;]<\/p>\n","protected":false},"author":20,"featured_media":0,"parent":4830,"menu_order":0,"comment_status":"open","ping_status":"open","template":"","meta":{"pmpro_default_level":"","_price":"","_stock":"","_tribe_ticket_header":"","_tribe_default_ticket_provider":"","_tribe_ticket_capacity":"0","_ticket_start_date":"","_ticket_end_date":"","_tribe_ticket_show_description":"","_tribe_ticket_show_not_going":false,"_tribe_ticket_use_global_stock":"","_tribe_ticket_global_stock_level":"","_global_stock_mode":"","_global_stock_cap":"","_tribe_rsvp_for_event":"","_tribe_ticket_going_count":"","_tribe_ticket_not_going_count":"","_tribe_tickets_list":"[]","_tribe_ticket_has_attendee_info_fields":false,"cybocfi_hide_featured_image":"","footnotes":""},"class_list":["post-4913","page","type-page","status-publish","hentry","pmpro-has-access"],"_links":{"self":[{"href":"https:\/\/apacame.org.br\/site\/wp-json\/wp\/v2\/pages\/4913"}],"collection":[{"href":"https:\/\/apacame.org.br\/site\/wp-json\/wp\/v2\/pages"}],"about":[{"href":"https:\/\/apacame.org.br\/site\/wp-json\/wp\/v2\/types\/page"}],"author":[{"embeddable":true,"href":"https:\/\/apacame.org.br\/site\/wp-json\/wp\/v2\/users\/20"}],"replies":[{"embeddable":true,"href":"https:\/\/apacame.org.br\/site\/wp-json\/wp\/v2\/comments?post=4913"}],"version-history":[{"count":2,"href":"https:\/\/apacame.org.br\/site\/wp-json\/wp\/v2\/pages\/4913\/revisions"}],"predecessor-version":[{"id":4916,"href":"https:\/\/apacame.org.br\/site\/wp-json\/wp\/v2\/pages\/4913\/revisions\/4916"}],"up":[{"embeddable":true,"href":"https:\/\/apacame.org.br\/site\/wp-json\/wp\/v2\/pages\/4830"}],"wp:attachment":[{"href":"https:\/\/apacame.org.br\/site\/wp-json\/wp\/v2\/media?parent=4913"}],"curies":[{"name":"wp","href":"https:\/\/api.w.org\/{rel}","templated":true}]}}