{"id":4837,"date":"2022-06-09T20:02:25","date_gmt":"2022-06-09T20:02:25","guid":{"rendered":"https:\/\/apacame.org.br\/site\/?page_id=4837"},"modified":"2022-06-09T20:02:25","modified_gmt":"2022-06-09T20:02:25","slug":"editorial","status":"publish","type":"page","link":"https:\/\/apacame.org.br\/site\/revista\/mensagem-doce-n-166-maio-de-2022\/editorial\/","title":{"rendered":"Editorial"},"content":{"rendered":"<h1 style=\"text-align: center;\">Algo de estranho nos neg\u00f3cios ap\u00edcolas<\/h1>\n<p><span style=\"font-size: large;\"><a href=\"https:\/\/apacame.org.br\/site\/wp-content\/uploads\/2021\/08\/Foto_Editorial.jpg\"><img fetchpriority=\"high\" decoding=\"async\" class=\"alignleft size-full wp-image-4205\" src=\"https:\/\/apacame.org.br\/site\/wp-content\/uploads\/2021\/08\/Foto_Editorial.jpg\" alt=\"Foto_Editorial\" width=\"385\" height=\"350\" srcset=\"https:\/\/apacame.org.br\/site\/wp-content\/uploads\/2021\/08\/Foto_Editorial.jpg 385w, https:\/\/apacame.org.br\/site\/wp-content\/uploads\/2021\/08\/Foto_Editorial-300x273.jpg 300w, https:\/\/apacame.org.br\/site\/wp-content\/uploads\/2021\/08\/Foto_Editorial-150x136.jpg 150w\" sizes=\"(max-width: 385px) 100vw, 385px\" \/><\/a>\u00c9 com muita preocupa\u00e7\u00e3o que estamos passando por este momento, pois os apicultores est\u00e3o falando que n\u00e3o h\u00e1 mel. Por outro lado, esses mesmos apicultores especulam os pre\u00e7os, compradores tentam adquirir mel barato e produtores seguram a safra para n\u00e3o vender. A realidade \u00e9 que tudo isso ser\u00e1 controlado pelo mercado, portanto, o apicultor tem que valorizar seu trabalho, que n\u00e3o \u00e9 nada f\u00e1cil. Temos que estabelecer um pre\u00e7o justo para os nossos produtos, ademais porque estamos com o valor do d\u00f3lar em baixa, o que nos preocupa, e muito. <\/span><\/p>\n<p><span style=\"font-size: large;\">Assim, senhores e senhoras, entendemos que o mercado interno tem que ser mantido, e com respeito. N\u00e3o podemos abusar de nossos clientes com pre\u00e7os abusivos s\u00f3 porque a procura \u00e9 maior que a oferta, mas podemos trabalhar com m\u00e9is especiais que t\u00eam maior valor agregado, com clientes diferenciados, com aten\u00e7\u00e3o cuidado para com nossos consumidores.<\/span><\/p>\n<p><span style=\"font-size: large;\">Nesta edi\u00e7\u00e3o, temos um artigo do Dr. Pedro da Rosa Santos, a nosso pedido, sobre o mel feito em laborat\u00f3rio, que tem sido divulgado nas m\u00eddias sociais e tem deixado os apicultores preocupados. Todas as d\u00favidas foram resolvidas pelo Dr. Pedro, que tamb\u00e9m postou um v\u00eddeo sobre o assunto em seu site. N\u00e3o deixe de ler.<\/span><\/p>\n<p><span style=\"font-size: large;\">Tamb\u00e9m falamos da reuni\u00e3o da C\u00e2mara Setorial de Produtos Ap\u00edcolas do Estado de S\u00e3o Paulo, realizado em Avar\u00e9 SP, em que parte da diretoria da APACAME esteve presente; e de nossa visita \u00e0 UNITAU, em Taubat\u00e9 SP, a convite da Dra. L\u00eddia Barreto, por ocasi\u00e3o da inaugura\u00e7\u00e3o da casa do mel.<\/span><\/p>\n<p><span style=\"font-size: large;\">\u201cE que as abelhas sejam motivos de reuni\u00e3o e uni\u00e3o entre os homens\u201d <\/span><\/p>\n<p><span style=\"font-size: large;\">Uma associa\u00e7\u00e3o se faz com associados.<\/span><\/p>\n<p><span style=\"font-size: large;\"><i><b>Eloi Viana da Silva \u2013 Presidente Executivo &#8211; <a href=\"mailto:eloi@apacame.org.br\">eloi@apacame.org.br<\/a><\/b><\/i> <\/span><\/p>\n","protected":false},"excerpt":{"rendered":"<p>Algo de estranho nos neg\u00f3cios ap\u00edcolas \u00c9 com muita preocupa\u00e7\u00e3o que estamos passando por este momento, pois os apicultores est\u00e3o falando que n\u00e3o h\u00e1 mel. Por outro lado, esses mesmos [&hellip;]<\/p>\n","protected":false},"author":20,"featured_media":0,"parent":4830,"menu_order":0,"comment_status":"open","ping_status":"open","template":"","meta":{"pmpro_default_level":"","_price":"","_stock":"","_tribe_ticket_header":"","_tribe_default_ticket_provider":"","_tribe_ticket_capacity":"0","_ticket_start_date":"","_ticket_end_date":"","_tribe_ticket_show_description":"","_tribe_ticket_show_not_going":false,"_tribe_ticket_use_global_stock":"","_tribe_ticket_global_stock_level":"","_global_stock_mode":"","_global_stock_cap":"","_tribe_rsvp_for_event":"","_tribe_ticket_going_count":"","_tribe_ticket_not_going_count":"","_tribe_tickets_list":"[]","_tribe_ticket_has_attendee_info_fields":false,"cybocfi_hide_featured_image":"","footnotes":""},"class_list":["post-4837","page","type-page","status-publish","hentry","pmpro-has-access"],"_links":{"self":[{"href":"https:\/\/apacame.org.br\/site\/wp-json\/wp\/v2\/pages\/4837"}],"collection":[{"href":"https:\/\/apacame.org.br\/site\/wp-json\/wp\/v2\/pages"}],"about":[{"href":"https:\/\/apacame.org.br\/site\/wp-json\/wp\/v2\/types\/page"}],"author":[{"embeddable":true,"href":"https:\/\/apacame.org.br\/site\/wp-json\/wp\/v2\/users\/20"}],"replies":[{"embeddable":true,"href":"https:\/\/apacame.org.br\/site\/wp-json\/wp\/v2\/comments?post=4837"}],"version-history":[{"count":1,"href":"https:\/\/apacame.org.br\/site\/wp-json\/wp\/v2\/pages\/4837\/revisions"}],"predecessor-version":[{"id":4838,"href":"https:\/\/apacame.org.br\/site\/wp-json\/wp\/v2\/pages\/4837\/revisions\/4838"}],"up":[{"embeddable":true,"href":"https:\/\/apacame.org.br\/site\/wp-json\/wp\/v2\/pages\/4830"}],"wp:attachment":[{"href":"https:\/\/apacame.org.br\/site\/wp-json\/wp\/v2\/media?parent=4837"}],"curies":[{"name":"wp","href":"https:\/\/api.w.org\/{rel}","templated":true}]}}