{"id":4772,"date":"2022-04-04T19:44:11","date_gmt":"2022-04-04T19:44:11","guid":{"rendered":"https:\/\/apacame.org.br\/site\/?page_id=4772"},"modified":"2022-04-04T19:46:48","modified_gmt":"2022-04-04T19:46:48","slug":"artigo-2","status":"publish","type":"page","link":"https:\/\/apacame.org.br\/site\/revista\/mensagem-doce-n-165-marco-de-2022\/artigo-2\/","title":{"rendered":"Artigo"},"content":{"rendered":"<h1 style=\"text-align: center;\">A suplementa\u00e7\u00e3o alimentar na cria\u00e7\u00e3o de abelhas Apis mellifera em regi\u00f5es secas:<br \/>\nUma Revis\u00e3o Bibliogr\u00e1fica<\/h1>\n<blockquote><p>F\u00e1bio Antunes Arruda<sup>1<\/sup>; Thayn\u00e1 Thamires Freire<sup>2<\/sup>; Thiago Moreira dos Santos<sup>3<\/sup>.<br \/>\n<sup>1<\/sup>M\u00e9dico Veterin\u00e1rio, Mestrado Profissional em Medicina Veterin\u00e1ria (PPGVET) IFNMG \u2013 Campus Salinas<br \/>\n<sup>2<\/sup>M\u00e9dica Veterin\u00e1ria, Mestrado Profissional em Medicina Veterin\u00e1ria (PPGVET) IFNMG \u2013 Campus Salinas<br \/>\n<sup>3<\/sup>Professor do IFNMG \u2013 Campus Salinas, Doutor e Orientador do Mestrado Profissional em Medicina Veterin\u00e1ria (PPGVET)<br \/>\nEmail contato: <a href=\"mailto:thiago.moreira@ifnmg.edu.br\" target=\"_blank\">thiago.moreira@ifnmg.edu.br<\/a><\/p><\/blockquote>\n<p><span style=\"font-size: large;\"><strong>Introdu\u00e7\u00e3o<\/strong><\/span><\/p>\n<p><span style=\"font-size: large;\">Nos \u00faltimos anos o n\u00famero de apicultores vem aumentando consideravelmente em v\u00e1rias regi\u00f5es do pa\u00eds, devido ao aumento no consumo dos produtos da colmeia. Outro motivo para esse acr\u00e9scimo \u00e9 que essa regi\u00e3o, assim como em outras do semi\u00e1rido brasileiro, vem sendo castigada por um ciclo irregular de chuvas, com prolongados per\u00edodos de estiagem, provocando perdas nas lavouras e pastagens. Isso n\u00e3o tem sido diferente no semi\u00e1rido brasileiro, com ciclo irregular de chuvas que provoca perdas nas lavouras e pastagens, desperta a explora\u00e7\u00e3o ap\u00edcola. No entanto, h\u00e1 uma baixa produtividade e grande perda de enxames nos per\u00edodos de escassez de floradas (Lira, 2014; LIMA et al., 2016).<\/span><\/p>\n<p><span style=\"font-size: large;\">Apesar dos fatores favor\u00e1veis \u00e0 explora\u00e7\u00e3o da atividade ap\u00edcola, esta regi\u00e3o ainda \u00e9 marcada pela falta de profissionaliza\u00e7\u00e3o, baixa produtividade e grande perda de colmeias. A falta de recursos alimentares naturais associada \u00e0 aus\u00eancia de t\u00e9cnicas de manejo, enfraquecem os enxames e compromete a produ\u00e7\u00e3o das colmeias (Flores et al., 2018). A car\u00eancia de t\u00e9cnicas e tipos de alimentos adequados \u00e0 esp\u00e9cie, principalmente os substitutos do p\u00f3len, aliada \u00e0 falta de recursos financeiros para adquiri-los, s\u00e3o as principais raz\u00f5es para n\u00e3o suplementar as colmeias nos per\u00edodos necess\u00e1rios (Lira, 2014). Alguns apicultores que fornecem dietas, apesar de preparadas com ingredientes ricos nutricionalmente, s\u00e3o desestimulados pelo alto custo, baixo desempenho e ou aceitabilidade pelas abelhas (Almeida, 2013). <\/span><\/p>\n<p><span style=\"font-size: large;\">Com a redu\u00e7\u00e3o ou falta do fluxo de p\u00f3len e n\u00e9ctar, ocorrer a diapausa da rainha, que \u00e9 uma interrup\u00e7\u00e3o da postura, devido a uma redu\u00e7\u00e3o na produ\u00e7\u00e3o de geleia real. Se a diapausa durar por mais de 60 dias, haver\u00e1 uma redu\u00e7\u00e3o populacional superior a 50% e, consequentemente, o enxame abandonar\u00e1 o ninho (Lengler, 2003). O fen\u00f4meno da perda da popula\u00e7\u00e3o \u00e9 um processo sazonal, advinda de consequ\u00eancias diretas na fisiologia e reprodu\u00e7\u00e3o das abelhas, podendo ser mitigado por meio de a\u00e7\u00f5es como disponibilidade de suplementa\u00e7\u00e3o alimentar (Morais et al., 2013).<\/span><\/p>\n<p><span style=\"font-size: large;\">A suplementa\u00e7\u00e3o alimentar pode ser usada para v\u00e1rios fins, dentre eles est\u00e3o a estabiliza\u00e7\u00e3o dos enxames em per\u00edodos de escassez alimentar e estimula\u00e7\u00e3o da postura da rainha, em per\u00edodos que antecedem as floradas para proporcionar um aumento da popula\u00e7\u00e3o de abelhas, resultando em uma maior produtividade por enxame na safra seguinte (Pegoraro et al., 2013). Esse aumento de produtividade \u00e9 justificado, pois, ao entrar no per\u00edodo de flora\u00e7\u00e3o, as colmeias estando com uma popula\u00e7\u00e3o alta de abelhas em um n\u00edvel produtivo, n\u00e3o dependem de um per\u00edodo para recupera\u00e7\u00e3o (Pereira et al., 2005).<\/span><\/p>\n<figure id=\"attachment_4774\" aria-describedby=\"caption-attachment-4774\" style=\"width: 300px\" class=\"wp-caption alignright\"><a href=\"https:\/\/apacame.org.br\/site\/wp-content\/uploads\/2022\/04\/Suplemento_Figura_1.jpg\"><img fetchpriority=\"high\" decoding=\"async\" class=\"size-medium wp-image-4774\" src=\"https:\/\/apacame.org.br\/site\/wp-content\/uploads\/2022\/04\/Suplemento_Figura_1-300x201.jpg\" alt=\"Figura 1 Fornecimento de suplementa\u00e7\u00e3o energ\u00e9tica (xarope de a\u00e7\u00facar) + proteica (amino\u00e1cido vitam\u00ednico).\" width=\"300\" height=\"201\" srcset=\"https:\/\/apacame.org.br\/site\/wp-content\/uploads\/2022\/04\/Suplemento_Figura_1-300x201.jpg 300w, https:\/\/apacame.org.br\/site\/wp-content\/uploads\/2022\/04\/Suplemento_Figura_1-150x100.jpg 150w, https:\/\/apacame.org.br\/site\/wp-content\/uploads\/2022\/04\/Suplemento_Figura_1-500x335.jpg 500w, https:\/\/apacame.org.br\/site\/wp-content\/uploads\/2022\/04\/Suplemento_Figura_1.jpg 935w\" sizes=\"(max-width: 300px) 100vw, 300px\" \/><\/a><figcaption id=\"caption-attachment-4774\" class=\"wp-caption-text\">Figura 1 Fornecimento de suplementa\u00e7\u00e3o energ\u00e9tica (xarope de a\u00e7\u00facar) + proteica<br \/>(amino\u00e1cido vitam\u00ednico).<\/figcaption><\/figure>\n<p><span style=\"font-size: large;\">A necessidade de se dispor de um suplemento alimentar energ\u00e9tico-proteico, que possa substituir com efici\u00eancia o p\u00f3len e n\u00e9ctar, ainda \u00e9 um gargalo na apicultura. Por isso, faz necess\u00e1rio que se busquem novas alternativas, na expectativa de encontrar uma suplementa\u00e7\u00e3o que seja economicamente vi\u00e1vel para suprir as necessidades da explora\u00e7\u00e3o ap\u00edcola.<\/span><\/p>\n<p><span style=\"font-size: large;\"><strong>Por que fazer suplementa\u00e7\u00e3o alimentar para abelhas?<\/strong><\/span><\/p>\n<p><span style=\"font-size: large;\">O n\u00e9ctar se apresenta como uma das principais fontes naturais de carboidratos e o p\u00f3len como fonte de sais minerais, prote\u00ednas, lip\u00eddeos e vitaminas, imprescind\u00edveis no metabolismo das abelhas, podendo ser encontradas, sobretudo em flores nativas e ex\u00f3ticas de cada regi\u00e3o (Barros E Pessoa, 2019). O p\u00f3len \u00e9 extremamente essencial nos primeiros dias de vida adulta (abelhas nutrizes), as quais alimentam as larvas e a rainha. A qualidade da dieta do p\u00f3len influencia a fisiologia e sobreviv\u00eancia das abelhas, atrav\u00e9s das reservas corporais que favorecem o desenvolvimento satisfat\u00f3rio das gl\u00e2ndulas hipofaringeanas e cer\u00edgenas, para uma boa produ\u00e7\u00e3o de geleia real, forma\u00e7\u00e3o dos favos, longevidade e capacidade de forrageamento (Frias et al., 2016). <\/span><\/p>\n<p><span style=\"font-size: large;\">A escassez de floradas em alguns per\u00edodos do ano, junto \u00e0 falta de suplementa\u00e7\u00e3o alimentar, reduz a oferta dos alimentos naturais que leva ao enfraquecimento dos enxames e abandono das colmeias. Quando n\u00e3o h\u00e1 um consumo adequado de nutrientes especialmente para as abelhas nutrizes, ocorrem graves consequ\u00eancias, sobretudo na capacidade reprodutiva, propiciando abelhas rainhas com menor capacidade de postura (Dolezal E Toth, 2018; Daiana, Huang E Tarpy, 2019). Al\u00e9m disso, enxames sem reservas diminuem suas popula\u00e7\u00f5es e apresentam uma resposta tardia ao forrageamento. Quando est\u00e3o aptos a coletar grandes quantidades de n\u00e9ctar e p\u00f3len, a temporada de florada j\u00e1 est\u00e1 no final, prejudicando a produ\u00e7\u00e3o (Dias, 2017).<\/span><\/p>\n<figure id=\"attachment_4775\" aria-describedby=\"caption-attachment-4775\" style=\"width: 300px\" class=\"wp-caption alignleft\"><a href=\"https:\/\/apacame.org.br\/site\/wp-content\/uploads\/2022\/04\/Suplemento_Figura_2.jpg\"><img decoding=\"async\" class=\"size-medium wp-image-4775\" src=\"https:\/\/apacame.org.br\/site\/wp-content\/uploads\/2022\/04\/Suplemento_Figura_2-300x199.jpg\" alt=\"Figura 2 Aumento do n\u00famero de crias ap\u00f3s a suplementa\u00e7\u00e3o alimentar\" width=\"300\" height=\"199\" srcset=\"https:\/\/apacame.org.br\/site\/wp-content\/uploads\/2022\/04\/Suplemento_Figura_2-300x199.jpg 300w, https:\/\/apacame.org.br\/site\/wp-content\/uploads\/2022\/04\/Suplemento_Figura_2-150x100.jpg 150w, https:\/\/apacame.org.br\/site\/wp-content\/uploads\/2022\/04\/Suplemento_Figura_2-500x332.jpg 500w, https:\/\/apacame.org.br\/site\/wp-content\/uploads\/2022\/04\/Suplemento_Figura_2.jpg 942w\" sizes=\"(max-width: 300px) 100vw, 300px\" \/><\/a><figcaption id=\"caption-attachment-4775\" class=\"wp-caption-text\">Figura 2 Aumento do n\u00famero de crias ap\u00f3s a suplementa\u00e7\u00e3o alimentar<\/figcaption><\/figure>\n<p><span style=\"font-size: large;\">Assim como em outras cria\u00e7\u00f5es, a de abelhas requer aporte de alimentos externo. Em \u00e9pocas de escassez de floradas, para que possa exercer plenamente suas fun\u00e7\u00f5es fisiol\u00f3gicas de manuten\u00e7\u00e3o, crescimento, reprodu\u00e7\u00e3o e produ\u00e7\u00e3o, as abelhas dependem de suplementa\u00e7\u00e3o alimentar para potencializar a produtividade das colmeias (Barros et al., 2016). <\/span><\/p>\n<p><span style=\"font-size: large;\">O fornecimento da suplementa\u00e7\u00e3o deve ser baseado no calend\u00e1rio ap\u00edcola da regi\u00e3o ou pela observa\u00e7\u00e3o da quantidade de crias, o estado geral da colmeia, a quantidade e qualidade de n\u00e9ctar e p\u00f3len coletados pelas abelhas, (Dolezal E Toth, 2018). Enxames fracos que n\u00e3o recebem suplementa\u00e7\u00e3o na entressafra podem levar at\u00e9 50 dias para reestabelecer suas popula\u00e7\u00f5es a um n\u00edvel produtivo no per\u00edodo de floradas (Oliveira, 2019). A suplementa\u00e7\u00e3o, se usada entre 30 e 45 dias antes das floradas, auxilia na redu\u00e7\u00e3o do enfraquecimento das colmeias, bem como um aumento significativo de sua popula\u00e7\u00e3o, com consequente aumento na produtividade por enxame na safra seguinte (Pegoraro et al., 2013).<\/span><\/p>\n<p><span style=\"font-size: large;\">O complemento nutricional propicia outros benef\u00edcios para as colmeias, al\u00e9m de impedir a desnutri\u00e7\u00e3o e estresse, contribui para a preven\u00e7\u00e3o de doen\u00e7as e ataques de inimigos naturais, proporcionando melhores condi\u00e7\u00f5es de sobreviv\u00eancia que implica diretamente na efici\u00eancia da produ\u00e7\u00e3o (Lima et al., 2017).<\/span><\/p>\n<p><span style=\"font-size: large;\">Esta suplementa\u00e7\u00e3o pode ser composta de alimentos energ\u00e9ticos ou energ\u00e9tico-proteicos, dependendo do objetivo que o apicultor deseja atingir (Flores et al., 2018). <\/span><\/p>\n<p><span style=\"font-size: large;\"><strong>Suplementos alimentares energ\u00e9ticos e proteicos<\/strong><\/span><\/p>\n<p><span style=\"font-size: large;\">A suplementa\u00e7\u00e3o energ\u00e9tica, conhecida como suplementa\u00e7\u00e3o alimentar de subsist\u00eancia, \u00e9 utilizada para proporcionar longevidade \u00e0s abelhas adultas e poder manter as colmeias com elevada densidade populacional. Possui alto teor de carboidratos e pode ser composta por a\u00e7\u00facares simples, mel e \u00e1gua, na forma de xarope, invertido ou n\u00e3o, mais ou menos concentrado. (Pinheiro et al., 2009). A invers\u00e3o do xarope para quebra da sacarose em glicose e frutose, facilita a absor\u00e7\u00e3o do alimento pelas abelhas, mas devido ao aquecimento, h\u00e1 um aumento do teor de hidroximetilfurfural (HMF) muito prejudicial \u00e0 sa\u00fade das abelhas, quando em concentra\u00e7\u00e3o superior a 150 mg\/Kg podendo acarretar \u00falcera intestinal e disenteria (Krainer et al., 2016). <\/span><\/p>\n<p><span style=\"font-size: large;\">O est\u00edmulo prim\u00e1rio para a postura em uma colmeia prov\u00e9m da oferta de carboidratos presentes no n\u00e9ctar, no mel ou no a\u00e7\u00facar, entretanto, o p\u00f3len limita o crescimento das larvas e pupas, pois as crias somente se desenvolver\u00e3o mediante a oferta de uma alimenta\u00e7\u00e3o balanceada em energia e prote\u00edna (Schafaschek et al., 2008). <\/span><\/p>\n<p><span style=\"font-size: large;\">Excessos na alimenta\u00e7\u00e3o artificial estimulante podem comprometer a qualidade do mel a ser colhido na safra subsequente, pois, com o aporte de n\u00e9ctar ao iniciar uma florada, as reservas sobressalentes de xarope depositado nos favos ficar\u00e3o sem ser consumidas. Assim, no per\u00edodo final da suplementa\u00e7\u00e3o, os apicultores devem fornecer a quantidade de alimento exata e apenas suficiente para estimular a postura, minimizando a possibilidade de adultera\u00e7\u00e3o do futuro mel com sacarose (Wolff, 2007).<\/span><\/p>\n<p><span style=\"font-size: large;\">J\u00e1 na alimenta\u00e7\u00e3o proteica, as abelhas obt\u00eam suporte atrav\u00e9s do p\u00f3len fresco ou armazenado na colmeia em forma de p\u00e3o de abelha. Aporte proteico \u00e9 respons\u00e1vel pelo desenvolvimento tanto de m\u00fasculos, tecidos corporais e gl\u00e2ndulas. Al\u00e9m disso, geram reservas corporais para serem posteriormente mobilizadas para diversos fins, uma vez que as abelhas s\u00e3o capazes de transportar estas reservas de um lado a outro do corpo. Se houver per\u00edodos cr\u00edticos em que n\u00e3o existe suporte proteico, as nutrizes n\u00e3o poder\u00e3o desenvolver suas gl\u00e2ndulas hipofaringeanas, com as quais alimentam a rainha e as crias, e as gl\u00e2ndulas produtoras de cera, a ponto de as abelhas adultas se verem obrigadas a mobilizar reservas corporais como alternativa para curtos per\u00edodos; se a escassez de prote\u00ednas se prolongar, encurta-se a vida da colmeia (Nascimento J\u00fanior, 2015).<\/span><\/p>\n<p><span style=\"font-size: large;\">Para a suplementa\u00e7\u00e3o proteica, utilizam-se misturas contendo (farinhas de soja, milho, trigo, etc.), levedura de cerveja, suplementos amino\u00e1cido-vitam\u00ednicos, entre outros. Contudo, alguns autores consideram esses produtos como t\u00f3xicos, de baixa aceitabilidade e podem causar mortalidade das abelhas. Algumas ra\u00e7\u00f5es comerciais j\u00e1 foram desenvolvidas e v\u00e1rias pesquisas t\u00eam sido realizadas com o intuito de buscar alimentos alternativos ao p\u00f3len (Amaral E Montanha, 2016).<\/span><\/p>\n<p><span style=\"font-size: large;\">Alguns produtos comerciais sem registros de indica\u00e7\u00e3o para abelhas, s\u00e3o utilizados no Brasil por apicultores como substitutos do p\u00f3len, tais como: Purilac\u00ae (suced\u00e2nio para bezerros da marca Purina\u00ae); ra\u00e7\u00e3o MAT, da empresa Cia da Abelha e o Promotor L\u00ae, suplemento amino\u00e1cido vitam\u00ednico do Laborat\u00f3rio Callier (Pereira, 2005; Schafaschek et al. 2008). Nos Estados Unidos e no Canad\u00e1 utilizam-se substitutos de p\u00f3len espec\u00edficos para abelhas como: Bee-pro e TLS Bee food \u00e0 base de soja e o Feed-bee (De Jong et al., 2009; Saffari; Kevan; Atkinson, 2010).<\/span><\/p>\n<p><span style=\"font-size: large;\">Embora importantes, as exig\u00eancias nutricionais de vitaminas e sais minerais s\u00e3o pequenas e por vezes \u00e9 dif\u00edcil determinar a quantidade necess\u00e1ria ou a influ\u00eancia desses no metabolismo dos insetos. O fornecimento de xarope enriquecido com vitamina C e Zinco aumenta a s\u00edntese proteica, o peso corporal das abelhas adultas e a quantidade de cria nas colmeias, influencia o sistema imunol\u00f3gico individual e coletivo, aumenta a atividade antioxidante e a longevidade das oper\u00e1rias. O teor de zinco do p\u00f3len de uma regi\u00e3o pode variar de 5,1 a 340,0 mg kg-1, contudo um teor menor que 30,0 mg kg-1 \u00e9 insuficiente para manter as colmeias saud\u00e1veis. (Andi; Ahmadi, 2014; Zhang et al 2015).<\/span><\/p>\n<p><span style=\"font-size: large;\">Suplementos amino\u00e1cido-vitam\u00ednicos com indica\u00e7\u00e3o para v\u00e1rias esp\u00e9cies v\u00eam sendo usado para estimular o crescimento de enxames. No entanto, como tem baixos n\u00edveis de inclus\u00e3o no xarope, n\u00e3o fornecem as quantidades de amino\u00e1cidos suficientes para balancear nutricionalmente a suplementa\u00e7\u00e3o, e as pesquisas j\u00e1 realizadas n\u00e3o s\u00e3o suficientes para comprovar a efic\u00e1cia do seu uso na apicultura (Schafaschek et al. 2008).<\/span><\/p>\n<p><span style=\"font-size: large;\"><strong>Considera\u00e7\u00f5es finais<\/strong><\/span><\/p>\n<p><span style=\"font-size: large;\">A suplementa\u00e7\u00e3o alimentar \u00e9 essencial, especialmente no preparo das colmeias para melhor explorar o potencial das floradas ou diminuir perda de enxames na entressafra. No entanto, essa pr\u00e1tica ainda \u00e9 subutilizada pelos apicultores, devido \u00e0 falta de informa\u00e7\u00f5es e produtos espec\u00edficos para nutri\u00e7\u00e3o de abelhas.<\/span><\/p>\n<p><span style=\"font-size: large;\">Mediante a an\u00e1lise bibliogr\u00e1fica, observa-se que n\u00e3o h\u00e1 um grande n\u00famero de publica\u00e7\u00f5es recentes sobre suplementa\u00e7\u00e3o alimentar de Apis mellifera. Por isso, s\u00e3o necess\u00e1rios estudos, principalmente a campo, para gera\u00e7\u00e3o de novos conhecimentos, a fim de contribuir no \u00e2mbito cient\u00edfico e tecnol\u00f3gico do manejo alimentar de abelhas.<\/span><\/p>\n<p><span style=\"font-size: large;\"><strong>Refer\u00eancias Bibliogr\u00e1ficas<\/strong><\/span><\/p>\n<p><span style=\"font-size: large;\">ALMEIDA, J. M. V. Efeito da fermenta\u00e7\u00e3o induzida sobre o valor nutritivo de dietas proteicas para abelhas Apis mellifera. 2013. 93p. Tese (Doutorado em Entomologia) Universidade de S\u00e3o Paulo, S\u00e3o Paulo. 2013.<\/span><\/p>\n<p><span style=\"font-size: large;\">AMARAL, B., I; MONTANHA, G., K. Alimenta\u00e7\u00e3o artificial na apicultura: um estudo bibliogr\u00e1fico. 5\u00aa Jornada Cient\u00edfica e Tecnol\u00f3gica da FATEC de Botucatu 24 a 27 de Outubro de 2016, Botucatu. Faculdade de Tecnologia de Botucatu, S\u00e3o Paulo, 2016.<\/span><\/p>\n<p><span style=\"font-size: large;\">BARROS, B. T; PESSOA, J. F. Caracteriza\u00e7\u00e3o da apicultura familiar no munic\u00edpio de Igarap\u00e9-a\u00e7u-Pa. Trabalho de Conclus\u00e3o de Curso, apresentado \u00e0 Universidade Federal Rural da Amaz\u00f4nia \u2013 Campus Paragominas &#8211; PA, 2019.<\/span><\/p>\n<p><span style=\"font-size: large;\">BARROS, D. C. B, et al. Hist\u00f3rico das abelhas Apis mellifera L. no Brasil e a influ\u00eancia do PROMOTOR L\u00ae (suplemento amino\u00e1cido vitam\u00ednico) em \u00e1reas de cria e reserva de alimento. 5\u00aa Jornada Cient\u00edfica e Tecnol\u00f3gica da FATEC de Botucatu 24 a 27 de Outubro de 2016, Botucatu. Faculdade de Tecnologia de Botucatu &#8211; SP, 2016.<\/span><\/p>\n<p><span style=\"font-size: large;\">DAIANA, A; HUANG, M. H; TARPY, D. R. Experimental improvement of honey bee (Apis mellifera) queen quality through nutritional and hormonal supplementation. Apidologie, v. 50, n. 1, p. 14-27, 2019.<\/span><\/p>\n<p><span style=\"font-size: large;\">DE JONG, D. et al. Pollen substitutes increase honey bee haemolymph protein levels as much as or more than does pollen. Journal of Apicultural Research and Bee World, Cardiff, v.48, n.1, p.34-37. 2009.<\/span><\/p>\n<p><span style=\"font-size: large;\">DOLEZAL, A. G; TOTH, A. L. Feedbacks between nutrition and disease in honey bee health. Current opinion in insect science, v. 26, p. 114-119, 2018.<\/span><\/p>\n<p><span style=\"font-size: large;\">FLORES, C. A. M. et al. Efecto de tres dietas energ\u00e9tico-proteicas en la poblaci\u00f3n de abejas y producci\u00f3n de miel en colmeias de Apis mellifera Effect of three energy-protein diets on honey bee population and honey production of Apis mellifera colonies. Nova, v. 10, n. 20, p. 1-12, 2018.<\/span><\/p>\n<p><span style=\"font-size: large;\">FRIAS, B. E. D; BARBOSA, C. D; LOUREN\u00c7O, A. P. Nutri\u00e7\u00e3o do p\u00f3len em abelhas (Apis mellifera): impacto na sa\u00fade do adulto. Apidologie, v. 47, n. 1, p. 15-25, 2016.<\/span><\/p>\n<p><span style=\"font-size: large;\">KRAINER, S. et al. Effect of hydroxymethylfurfural (HMF) on mortality of artificially reared honey bee larvae (Apis mellifera carnica). Ecotoxicology, v. 25, n. 2, p. 320-328, 2016.<\/span><\/p>\n<p><span style=\"font-size: large;\">LENGLER, S. Princ\u00edpios b\u00e1sicos na nutri\u00e7\u00e3o alimentar de abelhas. In: SEMIN\u00c1RIO ESTADUAL DE APICULTURA, 8, EXPOAPIS, 7, ENCONTRO ESTADUAL DE MELIPONICULTORES, 2., 2003, Anais&#8230;, CD-ROM. Horizontina &#8211; RS, 2003.<\/span><\/p>\n<p><span style=\"font-size: large;\">LIMA, M. V. et al. Caracter\u00edsticas reprodutivas das col\u00f4nias de abelhas Apis mellifera submetidas \u00e0 alimenta\u00e7\u00e3o artificial. Agropecu\u00e1ria Cient\u00edfica no Semi\u00e1rido, v. 11, n. 4, p. 97-104, 2016.<\/span><\/p>\n<p><span style=\"font-size: large;\">LIMA, M. V; SOARES, K. O; EVANGELISTA,R. A. Complexo enzim\u00e1tico na alimenta\u00e7\u00e3o artificial de abelhas africanizadas. Archivos de zootecnia, v. 66, n. 255, p. 415-420, 2017.<\/span><\/p>\n<p><span style=\"font-size: large;\">LIRA, T. S. Suplemento proteico artesanal para abelhas africanizadas. Disserta\u00e7\u00e3o, Universidade Federal de Alagoas, Rio Largo \u2013 AL, 2014.<\/span><\/p>\n<p><span style=\"font-size: large;\">MORAIS, M. M. et al. Evaluation of inexpensive pollen substitute diets through quantification of haemolymph proteins. Journal of Apicultural Research, v. 52, n. 3, p. 119-121, 2013.<\/span><\/p>\n<p><span style=\"font-size: large;\">OLIVEIRA, G. D. Desempenho produtivo, reprodutivo e resposta fisiol\u00f3gica de abelhas africanizadas que receberam suplementa\u00e7\u00e3o alimentar. Disserta\u00e7\u00e3o de Mestrado em Zootecnia, Escola de Veterin\u00e1ria e Zootecnia da Universidade Federal de Goi\u00e1s, Goi\u00e2nia \u2013 GO, 2019.<\/span><\/p>\n<p><span style=\"font-size: large;\">PEGORARO, A. et al. Perdas de col\u00f4nias de Apis mellifera L. no inverno suplementadas com alimenta\u00e7\u00e3o artificial com p\u00f3len e favos de mel. Agrarian, v. 6, n. 19, p. 67-74, Dourados &#8211; MS, 2013.<\/span><\/p>\n<p><span style=\"font-size: large;\">PEREIRA, F. M. Desenvolvimento de ra\u00e7\u00e3o prot\u00e9ica para abelhas Apis mellifera utilizando produtos regionais do Nordeste brasileiro. Tese (Doutorado em Zootecnia) &#8211; Universidade Federal do Cear\u00e1, Fortaleza \u2013 CE, 2005.<\/span><\/p>\n<p><span style=\"font-size: large;\">PINHEIRO, E. B. et al. Efeito de diferentes alimentos sobre a longevidade de oper\u00e1rias de abelhas Janda\u00edra em ambiente controlado. Revista Verde, v.4, n.3, p. 50-56, jul.\/set. Mossor\u00f3 \u2013 RN, 2009.<\/span><\/p>\n<p><span style=\"font-size: large;\">SCHAFASCHEK, T. P. et al. Efeito da suplementa\u00e7\u00e3o alimentar sobre as caracter\u00edsticas produtivas e reprodutivas de Apis mellifera Linnaeus, 1758. Revista Biotemas, v.21, n.4, p. 99-104, Itajai \u2013 SC, 2008.<\/span><\/p>\n<p><span style=\"font-size: large;\">WOLFF, L. F. Alimenta\u00e7\u00e3o de Enxames em Apicultura Sustent\u00e1vel. Folhetos. Embrapa Informa\u00e7\u00e3o Tecnol\u00f3gica, 2007.<\/span><\/p>\n","protected":false},"excerpt":{"rendered":"<p>A suplementa\u00e7\u00e3o alimentar na cria\u00e7\u00e3o de abelhas Apis mellifera em regi\u00f5es secas: Uma Revis\u00e3o Bibliogr\u00e1fica F\u00e1bio Antunes Arruda1; Thayn\u00e1 Thamires Freire2; Thiago Moreira dos Santos3. 1M\u00e9dico Veterin\u00e1rio, Mestrado Profissional em [&hellip;]<\/p>\n","protected":false},"author":20,"featured_media":0,"parent":4681,"menu_order":0,"comment_status":"open","ping_status":"open","template":"","meta":{"pmpro_default_level":"","_price":"","_stock":"","_tribe_ticket_header":"","_tribe_default_ticket_provider":"","_tribe_ticket_capacity":"0","_ticket_start_date":"","_ticket_end_date":"","_tribe_ticket_show_description":"","_tribe_ticket_show_not_going":false,"_tribe_ticket_use_global_stock":"","_tribe_ticket_global_stock_level":"","_global_stock_mode":"","_global_stock_cap":"","_tribe_rsvp_for_event":"","_tribe_ticket_going_count":"","_tribe_ticket_not_going_count":"","_tribe_tickets_list":"[]","_tribe_ticket_has_attendee_info_fields":false,"cybocfi_hide_featured_image":"","footnotes":""},"class_list":["post-4772","page","type-page","status-publish","hentry","pmpro-has-access"],"_links":{"self":[{"href":"https:\/\/apacame.org.br\/site\/wp-json\/wp\/v2\/pages\/4772"}],"collection":[{"href":"https:\/\/apacame.org.br\/site\/wp-json\/wp\/v2\/pages"}],"about":[{"href":"https:\/\/apacame.org.br\/site\/wp-json\/wp\/v2\/types\/page"}],"author":[{"embeddable":true,"href":"https:\/\/apacame.org.br\/site\/wp-json\/wp\/v2\/users\/20"}],"replies":[{"embeddable":true,"href":"https:\/\/apacame.org.br\/site\/wp-json\/wp\/v2\/comments?post=4772"}],"version-history":[{"count":3,"href":"https:\/\/apacame.org.br\/site\/wp-json\/wp\/v2\/pages\/4772\/revisions"}],"predecessor-version":[{"id":4776,"href":"https:\/\/apacame.org.br\/site\/wp-json\/wp\/v2\/pages\/4772\/revisions\/4776"}],"up":[{"embeddable":true,"href":"https:\/\/apacame.org.br\/site\/wp-json\/wp\/v2\/pages\/4681"}],"wp:attachment":[{"href":"https:\/\/apacame.org.br\/site\/wp-json\/wp\/v2\/media?parent=4772"}],"curies":[{"name":"wp","href":"https:\/\/api.w.org\/{rel}","templated":true}]}}