{"id":4757,"date":"2022-04-04T18:14:56","date_gmt":"2022-04-04T18:14:56","guid":{"rendered":"https:\/\/apacame.org.br\/site\/?page_id=4757"},"modified":"2022-04-04T18:14:56","modified_gmt":"2022-04-04T18:14:56","slug":"pasto-apicola","status":"publish","type":"page","link":"https:\/\/apacame.org.br\/site\/revista\/mensagem-doce-n-165-marco-de-2022\/pasto-apicola\/","title":{"rendered":"Pasto Ap\u00edcola"},"content":{"rendered":"<h1 style=\"text-align: center;\">CORDILINE<br \/>\nCordyline fruticosa (l.) a. chev.<\/h1>\n<blockquote><p>Dr. Jo\u00e3o Martins Ferreira \u00e9 Professor Titular da Universidade Paulista UNIP, Pesquisador junto \u00e0 Universidade de S\u00e3o Paulo, Jornalista e Apicultor.<br \/>\nSite: <a href=\"https:\/\/martinsferreira.net\" target=\"_blank\" rel=\"noopener\">martinsferreira.net<\/a> &#8211; Contato: <a href=\"mailto:martins_ferreira@hotmail.com\" target=\"_blank\">martins_ferreira@hotmail.com<\/a><\/p><\/blockquote>\n<p><span style=\"font-size: large;\"><a href=\"https:\/\/apacame.org.br\/site\/wp-content\/uploads\/2022\/04\/Pasto-Apicola-1.jpg\"><img fetchpriority=\"high\" decoding=\"async\" class=\"alignright size-medium wp-image-4758\" src=\"https:\/\/apacame.org.br\/site\/wp-content\/uploads\/2022\/04\/Pasto-Apicola-1-300x282.jpg\" alt=\"Pasto-Apicola-1\" width=\"300\" height=\"282\" srcset=\"https:\/\/apacame.org.br\/site\/wp-content\/uploads\/2022\/04\/Pasto-Apicola-1-300x282.jpg 300w, https:\/\/apacame.org.br\/site\/wp-content\/uploads\/2022\/04\/Pasto-Apicola-1-150x141.jpg 150w, https:\/\/apacame.org.br\/site\/wp-content\/uploads\/2022\/04\/Pasto-Apicola-1-500x470.jpg 500w, https:\/\/apacame.org.br\/site\/wp-content\/uploads\/2022\/04\/Pasto-Apicola-1.jpg 935w\" sizes=\"(max-width: 300px) 100vw, 300px\" \/><\/a>Eis uma planta mel\u00edfera dotada de caracter\u00edsticas bastante peculiares, a come\u00e7ar pela variedade de nomes com os quais \u00e9 conhecida, indo at\u00e9 as diversas colora\u00e7\u00f5es que pode apresentar em suas folhas. Entre as denomina\u00e7\u00f5es populares que recebe, encontra-se o nome \u201cCordiline\u201d, no entanto no Brasil \u00e9 mais comum chamarem-na de \u201cCoqueiro-de-V\u00eanus\u201d, apesar de n\u00e3o ser um coqueiro, ou ent\u00e3o de \u201cDracena\u201d, apesar de n\u00e3o ser propriamente esse tipo de planta \u2013 geralmente ocorrem tais confus\u00f5es em raz\u00e3o das semelhan\u00e7as entre as esp\u00e9cies, ou mesmo por algum desconhecimento das pessoas, o que as leva a denominar intuitivamente certas plantas, observando-as comparativamente, ou fazendo analogias, por exemplo. Alguns outros nomes populares s\u00e3o: Cordiline, Fiteira, L\u00edrio-Palma, Cordyline, Cordiline-Verde, Peregum e Peregum-Roxo.<\/span><\/p>\n<p><span style=\"font-size: large;\">Cordyline \u00e9 um g\u00eanero de aproximadamente 15 esp\u00e9cies de plantas. No campo da ci\u00eancia \u00e9 poss\u00edvel encontrar sin\u00f4nimos da Cordyline fruticosa (L.) A. Chev. como: Asparagus terminalis, Convallaria fruticosa, Cordyline terminalis, Cordyline jacquinii, Dracaena terminalis, Terminalis fruticosa, Ezehlsia palma, Taetsia fruticosa, Dracaena cuprea, Dracaena amabilis, Dianella cubensis, Cordyline baptistii, Cordyline amabilis, Calodracon terminalis, Calodracon sieberi, Calodracon nobilis, Calodracon heliconiifolia, Aletris chinensis e Cordyline hedychioides. O nome cient\u00edfico tem origem na l\u00edngua grega antiga, significando algo pr\u00f3ximo da palavra \u201ccord\u00e3o\u201d, ou ainda algo como \u201cclube\u201d, \u201cgrupo\u201d, isso em raz\u00e3o de uma refer\u00eancia ao conjunto de hastes ou rizomas subterr\u00e2neos da planta. O termo Fruticosa tem origem no Latim, significando algo como a express\u00e3o \u201ccom muitos brotos\u201d.<\/span><\/p>\n<figure id=\"attachment_4759\" aria-describedby=\"caption-attachment-4759\" style=\"width: 300px\" class=\"wp-caption alignleft\"><a href=\"https:\/\/apacame.org.br\/site\/wp-content\/uploads\/2022\/04\/Pasto-Apicola-2.jpg\"><img decoding=\"async\" class=\"wp-image-4759 size-medium\" src=\"https:\/\/apacame.org.br\/site\/wp-content\/uploads\/2022\/04\/Pasto-Apicola-2-300x214.jpg\" alt=\"Pasto-Apicola-2\" width=\"300\" height=\"214\" srcset=\"https:\/\/apacame.org.br\/site\/wp-content\/uploads\/2022\/04\/Pasto-Apicola-2-300x214.jpg 300w, https:\/\/apacame.org.br\/site\/wp-content\/uploads\/2022\/04\/Pasto-Apicola-2-150x107.jpg 150w, https:\/\/apacame.org.br\/site\/wp-content\/uploads\/2022\/04\/Pasto-Apicola-2-500x356.jpg 500w, https:\/\/apacame.org.br\/site\/wp-content\/uploads\/2022\/04\/Pasto-Apicola-2.jpg 935w\" sizes=\"(max-width: 300px) 100vw, 300px\" \/><\/a><figcaption id=\"caption-attachment-4759\" class=\"wp-caption-text\">Ap\u00f3s a poda da Cordyline , \u00e9 poss\u00edvel reproduzi-la plantando-se os talos remanescentes como estacas, com ou sem as folhas. \u2013 foto de Jo\u00e3o Martins Ferreira.<\/figcaption><\/figure>\n<p><span style=\"font-size: large;\">\u00c9 uma esp\u00e9cie arbustiva cuja origem nativa \u00e9 desconhecida, mas foi a partir do sudeste da \u00c1sia e da Oceania que se tornou popular e passou a ser cultivada no mundo inteiro, ou seja, veio do outro lado de nosso planeta, com rela\u00e7\u00e3o ao Brasil, tendo se adaptado bem em nosso pa\u00eds. Ela se parece com uma palmeira, tem tronco ereto, lenhoso, com an\u00e9is horizontais, com folhas longas, de comprimento entre 30 cm e 60 cm, dispostas aglomeradas em forma de leque e em espiral, eretas e levemente arqueadas. Produz, em diferentes \u00e9pocas do ano, geralmente entre abril e junho, pan\u00edculas longas de pequenas e delicadas flores perfumadas, brancas, amarelas ou vermelhas, que oferecem um n\u00e9ctar atrativo para abelhas apis, as quais s\u00e3o agentes fundamentais em sua poliniza\u00e7\u00e3o. Os pequenos frutos amadurecem em bagas vermelhas. A folhagem \u00e9 perene e a planta aprecia sol pleno, ou locais um pouco sombreados &#8211; a quantidade de luz solar di\u00e1ria pode interferir na colora\u00e7\u00e3o das folhas. Normalmente ela pode alcan\u00e7ar at\u00e9 4 metros de altura, entretanto tolera podas formativas, caso n\u00e3o se queira que a planta cres\u00e7a demais. Em ambientes abertos, plantada no solo, ela viceja. Tamb\u00e9m se adapta a ambientes internos, mesmo que seja limitada a luminosidade &#8211; por\u00e9m nesse caso pode ocorrer escassa ou nenhuma flora\u00e7\u00e3o. Gosta de solo f\u00e9rtil e bem drenado, mesmo sendo salino, mas n\u00e3o se desenvolve em locais \u00e1ridos. Tolera frio, mas n\u00e3o geadas. Deve-se evitar reg\u00e1-la com \u00e1gua que contenha cloro, como a \u00e1gua encanada encontrada em meios urbanos, por exemplo, pois isso poder\u00e1 causar manchas em suas folhas.<\/span><\/p>\n<figure id=\"attachment_4760\" aria-describedby=\"caption-attachment-4760\" style=\"width: 234px\" class=\"wp-caption alignright\"><a href=\"https:\/\/apacame.org.br\/site\/wp-content\/uploads\/2022\/04\/Pasto-Apicola-3.jpg\"><img decoding=\"async\" class=\"wp-image-4760 size-medium\" src=\"https:\/\/apacame.org.br\/site\/wp-content\/uploads\/2022\/04\/Pasto-Apicola-3-234x300.jpg\" alt=\"Ap\u00f3s a poda, a Cordyline rebrota facilmente. \u2013 foto de Jo\u00e3o Martins Ferreira.\" width=\"234\" height=\"300\" srcset=\"https:\/\/apacame.org.br\/site\/wp-content\/uploads\/2022\/04\/Pasto-Apicola-3-234x300.jpg 234w, https:\/\/apacame.org.br\/site\/wp-content\/uploads\/2022\/04\/Pasto-Apicola-3-799x1024.jpg 799w, https:\/\/apacame.org.br\/site\/wp-content\/uploads\/2022\/04\/Pasto-Apicola-3-150x192.jpg 150w, https:\/\/apacame.org.br\/site\/wp-content\/uploads\/2022\/04\/Pasto-Apicola-3-390x500.jpg 390w, https:\/\/apacame.org.br\/site\/wp-content\/uploads\/2022\/04\/Pasto-Apicola-3.jpg 935w\" sizes=\"(max-width: 234px) 100vw, 234px\" \/><\/a><figcaption id=\"caption-attachment-4760\" class=\"wp-caption-text\">Ap\u00f3s a poda, a Cordyline rebrota facilmente. \u2013 foto de Jo\u00e3o Martins Ferreira.<\/figcaption><\/figure>\n<p><span style=\"font-size: large;\">As propriedades paisag\u00edsticas da Cordiline s\u00e3o imensas e por isso passou a ser muito utilizada em diferentes projetos de jardins, principalmente em \u00e1reas urbanas \u2013 \u00e9 usual inclusive ser plantada em vaso. Suas folhas s\u00e3o brilhantes, cori\u00e1ceas, com pontas em forma de lan\u00e7a, largas e podem apresentar as cores como vermelho, verde, sendo poss\u00edveis varia\u00e7\u00f5es nas cores branco, amarelo ou rosa. Essa caracter\u00edstica a torna muito vers\u00e1til, caso se pretenda causar um contraste de cores entre as folhas de diferentes esp\u00e9cies num jardim, cultivando-a em densas fileiras, ou de forma isolada. Por se adaptar bem em diferentes condi\u00e7\u00f5es ambientais e atuar como um eficiente filtro antipolui\u00e7\u00e3o atmosf\u00e9rica, ela foi tamb\u00e9m estudada pela NASA (National Aeronautics and Space Administration) com rela\u00e7\u00e3o \u00e0s suas capacidades como purificadora natural do ar, com possibilidades para ser uma esp\u00e9cie selecionada para cultivo no interior de esta\u00e7\u00f5es espaciais.<\/span><\/p>\n<p><span style=\"font-size: large;\">Na Polin\u00e9sia, al\u00e9m do uso ornamental, a planta \u00e9 utilizada como alimento, por meio do cozimento das ra\u00edzes, posto que apresenta rizomas ricos em amido. Quando processada, pode fornecer elementos para a elabora\u00e7\u00e3o de corantes, bebida fermentada, como o Okolehao havaiano, por exemplo, ou determinado tipo de ado\u00e7ante. Entre os povos das ilhas do oceano pac\u00edfico, suas folhas s\u00e3o utilizadas para coberturas de casas, embrulho de alimentos, vestimentas, feitura de cord\u00f5es e em outras aplica\u00e7\u00f5es, sendo que a planta \u00e9 ainda empregada na medicina popular. Ela possui propriedades antioxidantes, antimicrobianas, anti-inflamat\u00f3rias e antitumorais, sendo usada em algumas localidades, sozinha ou em combina\u00e7\u00e3o com outras plantas, no tratamento de dores de cabe\u00e7a, febres, feridas, doen\u00e7as de pele, doen\u00e7as respirat\u00f3rias, tuberculose, disfun\u00e7\u00f5es intestinais e problemas menstruais. H\u00e1 registros de que seus frutos podem causar n\u00e1useas se ingeridos por animais como o cachorro e o gato. Portanto, nesses aspectos relacionados a terapias, \u00e9 uma esp\u00e9cie que merece ser melhor estudada pela ci\u00eancia para que se tenha maior seguran\u00e7a em sua utiliza\u00e7\u00e3o.<\/span><\/p>\n<figure id=\"attachment_4761\" aria-describedby=\"caption-attachment-4761\" style=\"width: 300px\" class=\"wp-caption alignleft\"><a href=\"https:\/\/apacame.org.br\/site\/wp-content\/uploads\/2022\/04\/Pasto-Apicola-4.jpg\"><img loading=\"lazy\" decoding=\"async\" class=\"size-medium wp-image-4761\" src=\"https:\/\/apacame.org.br\/site\/wp-content\/uploads\/2022\/04\/Pasto-Apicola-4-300x176.jpg\" alt=\"As folhas da Cordyline podem apresentar varia\u00e7\u00f5es de cores. \u2013 foto de Jo\u00e3o Martins Ferreira.\" width=\"300\" height=\"176\" srcset=\"https:\/\/apacame.org.br\/site\/wp-content\/uploads\/2022\/04\/Pasto-Apicola-4-300x176.jpg 300w, https:\/\/apacame.org.br\/site\/wp-content\/uploads\/2022\/04\/Pasto-Apicola-4-150x88.jpg 150w, https:\/\/apacame.org.br\/site\/wp-content\/uploads\/2022\/04\/Pasto-Apicola-4-500x294.jpg 500w, https:\/\/apacame.org.br\/site\/wp-content\/uploads\/2022\/04\/Pasto-Apicola-4.jpg 935w\" sizes=\"(max-width: 300px) 100vw, 300px\" \/><\/a><figcaption id=\"caption-attachment-4761\" class=\"wp-caption-text\">As folhas da Cordyline podem apresentar varia\u00e7\u00f5es de cores. \u2013 foto de Jo\u00e3o Martins<br \/>Ferreira.<\/figcaption><\/figure>\n<p><span style=\"font-size: large;\">Por ser considerada uma planta sagrada nesses pa\u00edses e regi\u00f5es, ela est\u00e1 quase sempre presente em casas, terrenos, altares e cemit\u00e9rios, sendo utilizada dos mais diversos modos e em in\u00fameras cerim\u00f4nias. \u00c9 muito comum seu uso em rituais de inicia\u00e7\u00e3o, de cura, de guerra, de ca\u00e7a, exorcismos, noivados, casamentos, funerais, demarca\u00e7\u00e3o de terras e fronteiras, plantios, pesca e antes de rela\u00e7\u00f5es sexuais. Geralmente, sua fun\u00e7\u00e3o ritual\u00edstica \u00e9 proteger, ou mediar, junto a entidades superiores, pedidos de prote\u00e7\u00e3o e boa sorte, atraindo bons esp\u00edritos, afastando o mau agouro e os esp\u00edritos malignos, sendo por isso plantada em santu\u00e1rios e em bosques sagrados. Suas folhas s\u00e3o carregadas como amuletos e os colares feitos com elas, dentro da mitologia havaiana, por exemplo, s\u00e3o denominados \u201cleis dos deuses\u201d, j\u00e1 que essa planta \u00e9 consagrada aos deuses no Hava\u00ed. No Brasil e em muitos pa\u00edses ocidentais n\u00e3o \u00e9 comum essa esp\u00e9cie ser utilizada com fins rituais ou religiosos, sendo sua finalidade mais ligada a quest\u00f5es est\u00e9ticas, com vistas apenas a embelezar ambientes, ou a valorizar projetos paisag\u00edsticos.<br \/>\n<span style=\"font-size: large;\">Em locais como Born\u00e9u, Nova Guin\u00e9, Fiji, Samoa, Nova Zel\u00e2ndia e Hava\u00ed, a Cordiline \u00e9 conhecida como \u201cplanta Ti\u201d (Ti plant, ou Ti red), ou ainda \u201cL\u00edrio de Palmeira\u201d, ou \u201cPalmeira de Repolho\u201d, sendo utilizada para fins religiosos, pois acreditam que ela seja dotada da capacidade de comunica\u00e7\u00e3o com o sobrenatural. Nas Filipinas a chamam de \u201cKilala\u201d, que significa \u201cSaber\u201d, devido \u00e0 sua import\u00e2ncia em pr\u00e1ticas de adivinha\u00e7\u00e3o. V\u00e1rias culturas a consideram dotada de poderes m\u00edsticos ou espirituais. As caracter\u00edsticas comuns incluem a cren\u00e7a de que ela pode conter almas e, portanto, \u00e9 \u00fatil na cura de doen\u00e7as de \u201cperda de alma\u201d e no exorcismo contra esp\u00edritos mal\u00e9volos. Nesse aspecto \u00e9 utilizada em trajes e ornamentos cerimoniais, ou como marcadora de \u201cfronteira\u201d. Um exemplo \u00e9 a feitura de sand\u00e1lias com as folhas dessa planta, que servem para proteger os p\u00e9s de pessoas que caminham sobre brasas, em ritos primitivos. As plantas Ti com folhas vermelhas comumente simbolizam sangue, guerra e os la\u00e7os entre os vivos e os mortos, enquanto que as plantas Ti com folhas verdes costumam simbolizar paz e cura. <\/span><\/span><\/p>\n<figure id=\"attachment_4762\" aria-describedby=\"caption-attachment-4762\" style=\"width: 211px\" class=\"wp-caption alignright\"><a href=\"https:\/\/apacame.org.br\/site\/wp-content\/uploads\/2022\/04\/Pasto-Apicola-5.jpg\"><img loading=\"lazy\" decoding=\"async\" class=\"wp-image-4762 size-medium\" src=\"https:\/\/apacame.org.br\/site\/wp-content\/uploads\/2022\/04\/Pasto-Apicola-5-211x300.jpg\" alt=\"A Cordyline pode atingir at\u00e9 4 metros de altura. \u2013 foto de Jo\u00e3o Martins Ferreira.\" width=\"211\" height=\"300\" srcset=\"https:\/\/apacame.org.br\/site\/wp-content\/uploads\/2022\/04\/Pasto-Apicola-5-211x300.jpg 211w, https:\/\/apacame.org.br\/site\/wp-content\/uploads\/2022\/04\/Pasto-Apicola-5-720x1024.jpg 720w, https:\/\/apacame.org.br\/site\/wp-content\/uploads\/2022\/04\/Pasto-Apicola-5-150x213.jpg 150w, https:\/\/apacame.org.br\/site\/wp-content\/uploads\/2022\/04\/Pasto-Apicola-5-352x500.jpg 352w, https:\/\/apacame.org.br\/site\/wp-content\/uploads\/2022\/04\/Pasto-Apicola-5.jpg 938w\" sizes=\"(max-width: 211px) 100vw, 211px\" \/><\/a><figcaption id=\"caption-attachment-4762\" class=\"wp-caption-text\">A Cordyline pode atingir at\u00e9 4 metros de altura. \u2013 foto de Jo\u00e3o Martins Ferreira.<\/figcaption><\/figure>\n<p><span style=\"font-size: large;\">A Cordiline pode ser multiplicada facilmente por estaquia, ou brotos, que surgem espontaneamente direto do rizoma, no entorno da planta. Pode-se realizar o corte de segmentos maduros do caule da planta, postos para brotar em substrato mantido \u00famido e em local sombreado. Ap\u00f3s a brota\u00e7\u00e3o, \u00e9 realizado um corte na regi\u00e3o brotada, replantando-se no solo ou no vaso para o enraizamento. A reprodu\u00e7\u00e3o por sementes \u00e9 mais rara e resulta em indiv\u00edduos muitas vezes diferentes da matriz. A taxa de germina\u00e7\u00e3o \u00e9 alta e ela leva poucos meses para se completar. <\/span><\/p>\n<p><span style=\"font-size: large;\">Essa planta pode ser de valia para o apicultor em diversos sentidos. Com ela se pode ter facilmente e em razo\u00e1vel per\u00edodo de tempo uma fonte de alimenta\u00e7\u00e3o para as abelhas, pois \u00e9 uma esp\u00e9cie de boa adapta\u00e7\u00e3o a diferentes ambientes e com desenvolvimento moderado, sendo bem pr\u00e1tico manuse\u00e1-la e a reproduzir, al\u00e9m de outras vantagens que oferece, como a possibilidade para a forma\u00e7\u00e3o de belas cercas-vivas, ou de melhoria da qualidade do ar nas proximidades das colmeias. Quanto \u00e0s aplica\u00e7\u00f5es que certas culturas orientais d\u00e3o a essa planta h\u00e1 s\u00e9culos, elas ainda merecem maior aten\u00e7\u00e3o e estudos cient\u00edficos mais apurados para que possamos de fato aproveitar melhor as potencialidades da Cordiline em nossas vidas e nas vidas de nossas queridas abelhas.<\/span><\/p>\n<p><span style=\"font-size: large;\"><strong>Refer\u00eancias:<\/strong><\/span><\/p>\n<p><span style=\"font-size: large;\">Enciclop\u00e9dia de Plantas e Flores. S\u00e3o Paulo: Abril Cultural, s\/d, p. 7.<\/span><\/p>\n<p><span style=\"font-size: large;\"><a href=\"http:\/\/jardim.98905.com\/plants-flowers-herbs\/plant-basics\/1009026576.html\" target=\"_blank\" rel=\"noopener\">http:\/\/jardim.98905.com\/plants-flowers-herbs\/plant-basics\/1009026576.html<\/a> <\/span><\/p>\n<p><span style=\"font-size: large;\"><a href=\"http:\/\/www.unirio.br\/ccbs\/ibio\/herbariohuni\/cordyline-fruticosa-l-a-chev\" target=\"_blank\" rel=\"noopener\">http:\/\/www.unirio.br\/ccbs\/ibio\/herbariohuni\/cordyline-fruticosa-l-a-chev<\/a><\/span><\/p>\n<p><span style=\"font-size: large;\"><a href=\"https:\/\/cambridgebee.com\/\" target=\"_blank\" rel=\"noopener\">https:\/\/cambridgebee.com\/<\/a> <\/span><\/p>\n<p><span style=\"font-size: large;\"><a href=\"https:\/\/en.wikipedia.org\/wiki\/Cordyline_fruticosa\" target=\"_blank\" rel=\"noopener\">https:\/\/en.wikipedia.org\/wiki\/Cordyline_fruticosa<\/a> <\/span><\/p>\n<p><span style=\"font-size: large;\"><a href=\"https:\/\/www.gardeningknowhow.com\/houseplants\/ti-plant\/cordyline-plant-varieties.htm\" target=\"_blank\" rel=\"noopener\">https:\/\/www.gardeningknowhow.com\/houseplants\/ti-plant\/cordyline-plant-varieties.htm<\/a> <\/span><\/p>\n<p><span style=\"font-size: large;\"><a href=\"https:\/\/www.jardineiro.net\/plantas\/coqueiro-de-venus-cordyline-fruticosa.html\" target=\"_blank\" rel=\"noopener\">https:\/\/www.jardineiro.net\/plantas\/coqueiro-de-venus-cordyline-fruticosa.html<\/a> <\/span><\/p>\n","protected":false},"excerpt":{"rendered":"<p>CORDILINE Cordyline fruticosa (l.) a. chev. Dr. Jo\u00e3o Martins Ferreira \u00e9 Professor Titular da Universidade Paulista UNIP, Pesquisador junto \u00e0 Universidade de S\u00e3o Paulo, Jornalista e Apicultor. Site: martinsferreira.net &#8211; [&hellip;]<\/p>\n","protected":false},"author":20,"featured_media":0,"parent":4681,"menu_order":0,"comment_status":"open","ping_status":"open","template":"","meta":{"pmpro_default_level":"","_price":"","_stock":"","_tribe_ticket_header":"","_tribe_default_ticket_provider":"","_tribe_ticket_capacity":"0","_ticket_start_date":"","_ticket_end_date":"","_tribe_ticket_show_description":"","_tribe_ticket_show_not_going":false,"_tribe_ticket_use_global_stock":"","_tribe_ticket_global_stock_level":"","_global_stock_mode":"","_global_stock_cap":"","_tribe_rsvp_for_event":"","_tribe_ticket_going_count":"","_tribe_ticket_not_going_count":"","_tribe_tickets_list":"[]","_tribe_ticket_has_attendee_info_fields":false,"cybocfi_hide_featured_image":"","footnotes":""},"class_list":["post-4757","page","type-page","status-publish","hentry","pmpro-has-access"],"_links":{"self":[{"href":"https:\/\/apacame.org.br\/site\/wp-json\/wp\/v2\/pages\/4757"}],"collection":[{"href":"https:\/\/apacame.org.br\/site\/wp-json\/wp\/v2\/pages"}],"about":[{"href":"https:\/\/apacame.org.br\/site\/wp-json\/wp\/v2\/types\/page"}],"author":[{"embeddable":true,"href":"https:\/\/apacame.org.br\/site\/wp-json\/wp\/v2\/users\/20"}],"replies":[{"embeddable":true,"href":"https:\/\/apacame.org.br\/site\/wp-json\/wp\/v2\/comments?post=4757"}],"version-history":[{"count":2,"href":"https:\/\/apacame.org.br\/site\/wp-json\/wp\/v2\/pages\/4757\/revisions"}],"predecessor-version":[{"id":4764,"href":"https:\/\/apacame.org.br\/site\/wp-json\/wp\/v2\/pages\/4757\/revisions\/4764"}],"up":[{"embeddable":true,"href":"https:\/\/apacame.org.br\/site\/wp-json\/wp\/v2\/pages\/4681"}],"wp:attachment":[{"href":"https:\/\/apacame.org.br\/site\/wp-json\/wp\/v2\/media?parent=4757"}],"curies":[{"name":"wp","href":"https:\/\/api.w.org\/{rel}","templated":true}]}}