{"id":4718,"date":"2022-04-01T16:42:30","date_gmt":"2022-04-01T16:42:30","guid":{"rendered":"https:\/\/apacame.org.br\/site\/?page_id=4718"},"modified":"2022-04-01T16:42:30","modified_gmt":"2022-04-01T16:42:30","slug":"homenagem-4","status":"publish","type":"page","link":"https:\/\/apacame.org.br\/site\/revista\/mensagem-doce-n-165-marco-de-2022\/homenagem-4\/","title":{"rendered":"Homenagem"},"content":{"rendered":"<h1 style=\"text-align: center;\">Eu e as Abelhas, vidas dedicadas ao coletivo.<\/h1>\n<blockquote><p>Vandira Pereira da Mata &#8211; Engenheira Agr\u00f4noma &#8211; UFBA &#8211; P\u00f3s graduada em Desenvolvimento Sustent\u00e1vel \u2013 UFPB &#8211; P\u00f3s graduada em Apicultura \u2013 UNITAU &#8211; Mestre em Ci\u00eancias Agr\u00e1rias &#8211; UFRB<\/p><\/blockquote>\n<p><span style=\"font-size: large;\"><a href=\"https:\/\/apacame.org.br\/site\/wp-content\/uploads\/2022\/03\/Chamada-Mulheres-na-Apicultura_1.jpg\"><img fetchpriority=\"high\" decoding=\"async\" class=\"aligncenter size-large wp-image-4697\" src=\"https:\/\/apacame.org.br\/site\/wp-content\/uploads\/2022\/03\/Chamada-Mulheres-na-Apicultura_1-1024x210.jpg\" alt=\"Chamada-Mulheres-na-Apicultura_1\" width=\"1024\" height=\"210\" srcset=\"https:\/\/apacame.org.br\/site\/wp-content\/uploads\/2022\/03\/Chamada-Mulheres-na-Apicultura_1-1024x210.jpg 1024w, https:\/\/apacame.org.br\/site\/wp-content\/uploads\/2022\/03\/Chamada-Mulheres-na-Apicultura_1-300x61.jpg 300w, https:\/\/apacame.org.br\/site\/wp-content\/uploads\/2022\/03\/Chamada-Mulheres-na-Apicultura_1-150x31.jpg 150w, https:\/\/apacame.org.br\/site\/wp-content\/uploads\/2022\/03\/Chamada-Mulheres-na-Apicultura_1-500x102.jpg 500w, https:\/\/apacame.org.br\/site\/wp-content\/uploads\/2022\/03\/Chamada-Mulheres-na-Apicultura_1.jpg 1919w\" sizes=\"(max-width: 1024px) 100vw, 1024px\" \/><\/a>A vida dos insetos sociais como cupins, formigas e abelhas, s\u00e3o exemplos de como as f\u00eameas podem liderar uma sociedade fortalecendo-as.<\/span><\/p>\n<p><span style=\"font-size: large;\">Estudei Agronomia na UFBA, na d\u00e9cada de setenta. Ao graduar, ingressei na Empresa Baiana de Desenvolvimento Agr\u00edcola, trabalhando com extens\u00e3o rural em todo o Estado, onde aconteceu meu primeiro contato com Apicultura. Fiz cursos de p\u00f3s-gradua\u00e7\u00e3o, especializa\u00e7\u00e3o e mestrado.<\/span><\/p>\n<p><span style=\"font-size: large;\">Anos depois fui nomeada Coordenadora Estadual de Apicultura, onde realizei diversas a\u00e7\u00f5es. Testemunhei produtores passarem a considerar as abelhas como fonte principal de renda.<\/span><\/p>\n<p><span style=\"font-size: large;\">Conheci todos os estados brasileiros e congressos mundiais (Austr\u00e1lia, Fran\u00e7a, Argentina, Ucr\u00e2nia, Cor\u00e9ia, Turquia e no Canad\u00e1).<\/span><\/p>\n<p><span style=\"font-size: large;\">Em 2021, j\u00e1 aposentada, constru\u00ed dois melipon\u00e1rios no interior baiano com mais de 80 enxames de Melipona scutellaris.<\/span><\/p>\n<p><span style=\"font-size: large;\">Integro a Associa\u00e7\u00e3o Sol Nascente e da Cooperativa dos Criadores de Abelhas.<\/span><\/p>\n<p><a href=\"https:\/\/apacame.org.br\/site\/wp-content\/uploads\/2022\/04\/Quadro-fotos-mulheres-na-apicultura-5.jpg\"><img decoding=\"async\" class=\"aligncenter size-large wp-image-4719\" src=\"https:\/\/apacame.org.br\/site\/wp-content\/uploads\/2022\/04\/Quadro-fotos-mulheres-na-apicultura-5-913x1024.jpg\" alt=\"Quadro-fotos-mulheres-na-apicultura-5\" width=\"913\" height=\"1024\" srcset=\"https:\/\/apacame.org.br\/site\/wp-content\/uploads\/2022\/04\/Quadro-fotos-mulheres-na-apicultura-5-913x1024.jpg 913w, https:\/\/apacame.org.br\/site\/wp-content\/uploads\/2022\/04\/Quadro-fotos-mulheres-na-apicultura-5-267x300.jpg 267w, https:\/\/apacame.org.br\/site\/wp-content\/uploads\/2022\/04\/Quadro-fotos-mulheres-na-apicultura-5-150x168.jpg 150w, https:\/\/apacame.org.br\/site\/wp-content\/uploads\/2022\/04\/Quadro-fotos-mulheres-na-apicultura-5-446x500.jpg 446w, https:\/\/apacame.org.br\/site\/wp-content\/uploads\/2022\/04\/Quadro-fotos-mulheres-na-apicultura-5.jpg 974w\" sizes=\"(max-width: 913px) 100vw, 913px\" \/><\/a><\/p>\n","protected":false},"excerpt":{"rendered":"<p>Eu e as Abelhas, vidas dedicadas ao coletivo. Vandira Pereira da Mata &#8211; Engenheira Agr\u00f4noma &#8211; UFBA &#8211; P\u00f3s graduada em Desenvolvimento Sustent\u00e1vel \u2013 UFPB &#8211; P\u00f3s graduada em Apicultura [&hellip;]<\/p>\n","protected":false},"author":20,"featured_media":0,"parent":4681,"menu_order":0,"comment_status":"open","ping_status":"open","template":"","meta":{"pmpro_default_level":"","_price":"","_stock":"","_tribe_ticket_header":"","_tribe_default_ticket_provider":"","_tribe_ticket_capacity":"0","_ticket_start_date":"","_ticket_end_date":"","_tribe_ticket_show_description":"","_tribe_ticket_show_not_going":false,"_tribe_ticket_use_global_stock":"","_tribe_ticket_global_stock_level":"","_global_stock_mode":"","_global_stock_cap":"","_tribe_rsvp_for_event":"","_tribe_ticket_going_count":"","_tribe_ticket_not_going_count":"","_tribe_tickets_list":"[]","_tribe_ticket_has_attendee_info_fields":false,"cybocfi_hide_featured_image":"","footnotes":""},"class_list":["post-4718","page","type-page","status-publish","hentry","pmpro-has-access"],"_links":{"self":[{"href":"https:\/\/apacame.org.br\/site\/wp-json\/wp\/v2\/pages\/4718"}],"collection":[{"href":"https:\/\/apacame.org.br\/site\/wp-json\/wp\/v2\/pages"}],"about":[{"href":"https:\/\/apacame.org.br\/site\/wp-json\/wp\/v2\/types\/page"}],"author":[{"embeddable":true,"href":"https:\/\/apacame.org.br\/site\/wp-json\/wp\/v2\/users\/20"}],"replies":[{"embeddable":true,"href":"https:\/\/apacame.org.br\/site\/wp-json\/wp\/v2\/comments?post=4718"}],"version-history":[{"count":2,"href":"https:\/\/apacame.org.br\/site\/wp-json\/wp\/v2\/pages\/4718\/revisions"}],"predecessor-version":[{"id":4721,"href":"https:\/\/apacame.org.br\/site\/wp-json\/wp\/v2\/pages\/4718\/revisions\/4721"}],"up":[{"embeddable":true,"href":"https:\/\/apacame.org.br\/site\/wp-json\/wp\/v2\/pages\/4681"}],"wp:attachment":[{"href":"https:\/\/apacame.org.br\/site\/wp-json\/wp\/v2\/media?parent=4718"}],"curies":[{"name":"wp","href":"https:\/\/api.w.org\/{rel}","templated":true}]}}