{"id":4706,"date":"2022-04-01T16:12:09","date_gmt":"2022-04-01T16:12:09","guid":{"rendered":"https:\/\/apacame.org.br\/site\/?page_id=4706"},"modified":"2022-04-01T16:12:09","modified_gmt":"2022-04-01T16:12:09","slug":"homenagem-3","status":"publish","type":"page","link":"https:\/\/apacame.org.br\/site\/revista\/mensagem-doce-n-165-marco-de-2022\/homenagem-3\/","title":{"rendered":"Homenagem"},"content":{"rendered":"<h1 style=\"text-align: center;\">CRESCI PERTO DAS ABELHAS!<\/h1>\n<blockquote><p>Juliana Cecchetto &#8211; Mestre e Doutora em biotecnologia. Graduada em Ci\u00eancias Biol\u00f3gicas (Licenciatura) pelo Centro Universit\u00e1rio Bar\u00e3o de Mau\u00e1 e mestre em Biotecnologia pela Universidade Estadual Paulista J\u00falio de Mesquita Filho (UNESP).<\/p><\/blockquote>\n<p><span style=\"font-size: large;\"><a href=\"https:\/\/apacame.org.br\/site\/wp-content\/uploads\/2022\/03\/Chamada-Mulheres-na-Apicultura_1.jpg\"><img fetchpriority=\"high\" decoding=\"async\" class=\"aligncenter size-large wp-image-4697\" src=\"https:\/\/apacame.org.br\/site\/wp-content\/uploads\/2022\/03\/Chamada-Mulheres-na-Apicultura_1-1024x210.jpg\" alt=\"Chamada-Mulheres-na-Apicultura_1\" width=\"1024\" height=\"210\" srcset=\"https:\/\/apacame.org.br\/site\/wp-content\/uploads\/2022\/03\/Chamada-Mulheres-na-Apicultura_1-1024x210.jpg 1024w, https:\/\/apacame.org.br\/site\/wp-content\/uploads\/2022\/03\/Chamada-Mulheres-na-Apicultura_1-300x61.jpg 300w, https:\/\/apacame.org.br\/site\/wp-content\/uploads\/2022\/03\/Chamada-Mulheres-na-Apicultura_1-150x31.jpg 150w, https:\/\/apacame.org.br\/site\/wp-content\/uploads\/2022\/03\/Chamada-Mulheres-na-Apicultura_1-500x102.jpg 500w, https:\/\/apacame.org.br\/site\/wp-content\/uploads\/2022\/03\/Chamada-Mulheres-na-Apicultura_1.jpg 1919w\" sizes=\"(max-width: 1024px) 100vw, 1024px\" \/><\/a>O mundo da apicultura entrou em minha vida ainda na inf\u00e2ncia, h\u00e1 exatos 34 anos quando a curiosidade por assuntos relacionados a natureza, levou meu pai, que era especialista em el\u00e9trica, a comprar um livro de apicultura, chamado Nova Apicultura, por Helmuth Wiese e o que era para ser apenas material de leitura, passou logo do papel para a pr\u00e1tica e assim eu cresci perto das abelhas, ajudando nos processos e pouco a pouco no manejo de colmeias. Hoje tudo que sei sobre abelhas, foi devido a este homem que sempre foi um modelo de apicultor.<\/span><\/p>\n<p><span style=\"font-size: large;\">Assim, o fruto do trabalho com as abelhas se tornou renda complementar e o neg\u00f3cio da fam\u00edlia que era artesanal passou a ocupar um local profissional, situado no interior de S.P na cidade de Mat\u00e3o, com registro S.I.M. (Selo de Inspe\u00e7\u00e3o Municipal) que permitia a venda dentro do territ\u00f3rio da cidade. Alguns anos ap\u00f3s, a fase de vestibulares chegou e fui cursar Biologia no Centro Universit\u00e1rio Bar\u00e3o de Mau\u00e1 em Ribeir\u00e3o Preto &#8211; S.P, e todos os anos ministrava palestras sobre a import\u00e2ncia das abelhas em escolas para crian\u00e7as do pr\u00e9-escolar ao ensino fundamental. Ap\u00f3s formada, as oportunidades de trabalho surgiram em \u00e1reas distintas a apicultura e me permiti abra\u00e7ar cada uma delas para aprender o m\u00e1ximo poss\u00edvel, trabalhando por um tempo at\u00e9 na Espanha e foi quando retornei e comecei a trabalhar em laborat\u00f3rio, despertando para pesquisa e com essa bagagem percebi que poderia fazer mais e ingressei na p\u00f3s-gradua\u00e7\u00e3o.<\/span><\/p>\n<p><span style=\"font-size: large;\">Iniciei o Mestrado e Doutorado em Biotecnologia pela Universidade Estadual Paulista J\u00falio de Mesquita Filho \u2013 Unesp \u2013 Campus de Araraquara, mas mesmo colocando todos os esfor\u00e7os para a pesquisa em detec\u00e7\u00e3o de v\u00edrus e minha vontade de estar na \u00e1rea acad\u00eamica, havia algo dentro do peito (aquela vozinha interior) que me chamava para longe dos laborat\u00f3rios. H\u00e1 um ditado que diz que \u201c o bom filho a casa torna\u201d e foi assim que na metade do doutorado, meu pai conheceu uma Portuguesa, Marisa C. Rodrigues que tamb\u00e9m estava fazendo seu doutorado, com pesquisa em abelhas na Unesp \u2013 Campus de Jaboticabal, e come\u00e7ou a apoia-la em seu trabalho e logo se tornaram amigos, e numa de suas visitas de trabalho a Mat\u00e3o eu a conheci e vi atrav\u00e9s de seu trabalho que era poss\u00edvel disseminar a apicultura no Brasil, agregando valor aos produtos relacionados a abelha, juntamente com trabalho em conjunto com os apicultores, trazendo perseveran\u00e7a a todos, e tamb\u00e9m como resultado, a preserva\u00e7\u00e3o da natureza. Foi a\u00ed que percebi que o sentimento que levava por anos, de busca por algo que estava faltando em minha vida, n\u00e3o existia mais, porque era isso que iria completar o que faltava.<\/span><\/p>\n<p><span style=\"font-size: large;\">Logo ap\u00f3s, em 2019, fui convidada a ser professora conferencista de Apicultura e Sericicultura, para o curso de Zootecnia da Unesp \u2013 Campus de Jaboticabal, a qual pude levar meu conhecimento a pessoas que antes, ou nunca tinham pensado no important\u00edssimo papel que as abelhas t\u00eam em nossas vidas, polinizando mais de 1\/3 do alimento que temos na nossa mesa, ou que a \u00fanica coisa que sabiam sobre abelha \u00e9 que tinham que ter medo, pois podia atacar. Assim, o mundo da apicultura foi se abrindo novamente em minha vida. J\u00e1 em 2020, fui chamada para ser gestora de uma empresa ap\u00edcola chamada Rubee Apis que estava nascendo em Alagoas, fundada por uma m\u00e9dica, Helen Klieber que compartilhava os mesmos ideais que eu, fazer da apicultura instrumento de transforma\u00e7\u00e3o, trabalho e fortalecimento para apicultores, sendo iniciantes ou j\u00e1 experientes, resultando tamb\u00e9m na obten\u00e7\u00e3o de produtos valiosos para sa\u00fade dos consumidores, e foi atrav\u00e9s dela que todo esse sonho se tornou poss\u00edvel. Hoje a empresa tem parceria fundamental com um seleto grupo de apicultores, que trabalham arduamente e com muito respeito com suas abelhas, tendo como resultado mel e pr\u00f3polis vermelha de extrema qualidade, estamos atualmente tamb\u00e9m trabalhando com a cria\u00e7\u00e3o de viveiro de mudas para suprir as necessidades de desmatamento que infelizmente ocorrem na regi\u00e3o e trabalhando para aumentar rapidamente nosso grupo de apicultores e tamb\u00e9m agregar mulheres que queiram ter sua independ\u00eancia financeira.<\/span><\/p>\n<p><span style=\"font-size: large;\"><a href=\"https:\/\/apacame.org.br\/site\/wp-content\/uploads\/2022\/04\/Quadro-fotos-mulheres-na-apiculura3.jpg\"><img decoding=\"async\" class=\"aligncenter size-large wp-image-4707\" src=\"https:\/\/apacame.org.br\/site\/wp-content\/uploads\/2022\/04\/Quadro-fotos-mulheres-na-apiculura3-1024x716.jpg\" alt=\"Quadro-fotos-mulheres-na-apiculura3\" width=\"1024\" height=\"716\" srcset=\"https:\/\/apacame.org.br\/site\/wp-content\/uploads\/2022\/04\/Quadro-fotos-mulheres-na-apiculura3-1024x716.jpg 1024w, https:\/\/apacame.org.br\/site\/wp-content\/uploads\/2022\/04\/Quadro-fotos-mulheres-na-apiculura3-300x210.jpg 300w, https:\/\/apacame.org.br\/site\/wp-content\/uploads\/2022\/04\/Quadro-fotos-mulheres-na-apiculura3-150x105.jpg 150w, https:\/\/apacame.org.br\/site\/wp-content\/uploads\/2022\/04\/Quadro-fotos-mulheres-na-apiculura3-500x350.jpg 500w, https:\/\/apacame.org.br\/site\/wp-content\/uploads\/2022\/04\/Quadro-fotos-mulheres-na-apiculura3.jpg 1958w\" sizes=\"(max-width: 1024px) 100vw, 1024px\" \/><\/a>Hoje, a Rubee Apis trabalha apenas com a pr\u00f3polis vermelha, produto \u00fanico de alto potencial farmacol\u00f3gico por comprova\u00e7\u00e3o cientifica, cada vez mais buscada pelos brasileiros e no exterior, produzida pelas abelhas Apis mellifera (popularmente chamadas de abelhas africanas ou europeias), que utilizam o exsudado da planta Dalbergia ecastophyllum, conhecida como rabo-de-bugio, encontrada nas encostas dos manguezais, como mat\u00e9ria prima para sua produ\u00e7\u00e3o. O objetivo inicial \u00e9 o beneficiamento da pr\u00f3polis em extrato, com qualidade superior e selo de inspe\u00e7\u00e3o federal (S.I.F.), possibilitando a distribui\u00e7\u00e3o para todo Brasil, que estar\u00e1 dispon\u00edvel no mercado em abril e posteriormente, teremos subprodutos da pr\u00f3polis em sprays, cosm\u00e9ticos e linha pet, com perspectiva pr\u00f3xima, agregar mel, p\u00f3len e geleia real.<\/span><\/p>\n<p><span style=\"font-size: large;\">Trabalhar com apicultura no Brasil n\u00e3o \u00e9 f\u00e1cil, pois \u00e9 necess\u00e1ria uma boa \u00e1rea com vegeta\u00e7\u00e3o preservada e longe de agrot\u00f3xicos e hoje temos a cada ano menos locais e consequentemente menos abelhas. Me pergunto diariamente, at\u00e9 quando vamos aguentar? Hoje as pesquisas j\u00e1 apontam uma realidade alarmante na diminui\u00e7\u00e3o de abelhas no mundo, realidade essa subnotificada, pois a grande quantidade de abelhas nativas, solit\u00e1rias que fazem seus ninhos escondidos em ocos e pequenos espa\u00e7os, n\u00e3o s\u00e3o totalmente mensuradas, e estas t\u00eam um papel de poliniza\u00e7\u00e3o extremamente fundamental para natureza e consequentemente para esp\u00e9cie humana. Outra quest\u00e3o de grande import\u00e2ncia, \u00e9 que os brasileiros t\u00eam o costume de consumir mel, pr\u00f3polis, p\u00f3len e geleia real como rem\u00e9dio e n\u00e3o como preventivo, for\u00e7ando o mercado ap\u00edcola a exportar uma grande parte do que \u00e9 produzido no Brasil. Outra quest\u00e3o que tenho diariamente em mente \u00e9. E se os brasileiros soubessem do valor que os produtos oriundos das abelhas t\u00eam? Posso responder com total convic\u00e7\u00e3o que todos teriam uma qualidade de vida muito melhor, seriam mais saud\u00e1veis com certeza.<\/span><\/p>\n<p><span style=\"font-size: large;\">Posso dizer que trabalhar com abelhas \u00e9 um privil\u00e9gio, pois al\u00e9m de ser um animal que faz um dos maiores papeis de agente polinizador do mundo, tamb\u00e9m te proporciona produtos de benef\u00edcios incompar\u00e1veis a sa\u00fade, gerando fonte de renda a milhares de fam\u00edlias, que muitas vezes usavam recursos da natureza sem limita\u00e7\u00f5es, e hoje tem uma grande preocupa\u00e7\u00e3o em preservar, sendo esta, uma das raz\u00f5es quando digo que a apicultura \u00e9 ferramenta de transforma\u00e7\u00e3o. Por isso, fa\u00e7o essa ressalva, n\u00e3o h\u00e1 mais tempo de deixar que as a\u00e7\u00f5es de preserva\u00e7\u00e3o sejam feitas pelas pr\u00f3ximas gera\u00e7\u00f5es, ent\u00e3o precisamos atuar agora e tamb\u00e9m parar de abrir comidas ensacadas, precisamos nos alimentar melhor, colocar mais sa\u00fade em nossa mesa diariamente, dar valor aos pequenos produtores, sendo eles pequenos agricultores ou pequenos apicultores. Para finalizar, convido todos os leitores se puderem, a trazer para seu cotidiano mais a\u00e7\u00f5es que beneficiem a todos, a reutilizarem mais, a respeitarem mais, a amarem mais e por fim, a plantarem mais flores!<\/span><\/p>\n","protected":false},"excerpt":{"rendered":"<p>CRESCI PERTO DAS ABELHAS! Juliana Cecchetto &#8211; Mestre e Doutora em biotecnologia. Graduada em Ci\u00eancias Biol\u00f3gicas (Licenciatura) pelo Centro Universit\u00e1rio Bar\u00e3o de Mau\u00e1 e mestre em Biotecnologia pela Universidade Estadual [&hellip;]<\/p>\n","protected":false},"author":20,"featured_media":0,"parent":4681,"menu_order":0,"comment_status":"open","ping_status":"open","template":"","meta":{"pmpro_default_level":"","_price":"","_stock":"","_tribe_ticket_header":"","_tribe_default_ticket_provider":"","_tribe_ticket_capacity":"0","_ticket_start_date":"","_ticket_end_date":"","_tribe_ticket_show_description":"","_tribe_ticket_show_not_going":false,"_tribe_ticket_use_global_stock":"","_tribe_ticket_global_stock_level":"","_global_stock_mode":"","_global_stock_cap":"","_tribe_rsvp_for_event":"","_tribe_ticket_going_count":"","_tribe_ticket_not_going_count":"","_tribe_tickets_list":"[]","_tribe_ticket_has_attendee_info_fields":false,"cybocfi_hide_featured_image":"","footnotes":""},"class_list":["post-4706","page","type-page","status-publish","hentry","pmpro-has-access"],"_links":{"self":[{"href":"https:\/\/apacame.org.br\/site\/wp-json\/wp\/v2\/pages\/4706"}],"collection":[{"href":"https:\/\/apacame.org.br\/site\/wp-json\/wp\/v2\/pages"}],"about":[{"href":"https:\/\/apacame.org.br\/site\/wp-json\/wp\/v2\/types\/page"}],"author":[{"embeddable":true,"href":"https:\/\/apacame.org.br\/site\/wp-json\/wp\/v2\/users\/20"}],"replies":[{"embeddable":true,"href":"https:\/\/apacame.org.br\/site\/wp-json\/wp\/v2\/comments?post=4706"}],"version-history":[{"count":2,"href":"https:\/\/apacame.org.br\/site\/wp-json\/wp\/v2\/pages\/4706\/revisions"}],"predecessor-version":[{"id":4709,"href":"https:\/\/apacame.org.br\/site\/wp-json\/wp\/v2\/pages\/4706\/revisions\/4709"}],"up":[{"embeddable":true,"href":"https:\/\/apacame.org.br\/site\/wp-json\/wp\/v2\/pages\/4681"}],"wp:attachment":[{"href":"https:\/\/apacame.org.br\/site\/wp-json\/wp\/v2\/media?parent=4706"}],"curies":[{"name":"wp","href":"https:\/\/api.w.org\/{rel}","templated":true}]}}