{"id":4694,"date":"2022-03-31T15:59:42","date_gmt":"2022-03-31T15:59:42","guid":{"rendered":"https:\/\/apacame.org.br\/site\/?page_id=4694"},"modified":"2022-03-31T15:59:42","modified_gmt":"2022-03-31T15:59:42","slug":"homenagem","status":"publish","type":"page","link":"https:\/\/apacame.org.br\/site\/revista\/mensagem-doce-n-165-marco-de-2022\/homenagem\/","title":{"rendered":"Homenagem"},"content":{"rendered":"<h1 style=\"text-align: center;\">Apicultura e a mulher.<\/h1>\n<blockquote><p>Hilton Claudino \u00e9 Fitoterapeuta, Trofoterapeuta e Naturoterapeuta<br \/>\nTel 012 3883-1011 \u2013 WhatsApp 12 98117-3044 \u2013 <a href=\"http:\/\/loja.hiltonfito.com.br\" target=\"_blank\" rel=\"noopener\">loja.hiltonfito.com.br<\/a><\/p><\/blockquote>\n<p><span style=\"font-size: large;\"><a href=\"https:\/\/apacame.org.br\/site\/wp-content\/uploads\/2022\/03\/Chamada-Mulheres-na-Apicultura_1.jpg\"><img fetchpriority=\"high\" decoding=\"async\" class=\"aligncenter size-large wp-image-4697\" src=\"https:\/\/apacame.org.br\/site\/wp-content\/uploads\/2022\/03\/Chamada-Mulheres-na-Apicultura_1-1024x210.jpg\" alt=\"Chamada-Mulheres-na-Apicultura_1\" width=\"1024\" height=\"210\" srcset=\"https:\/\/apacame.org.br\/site\/wp-content\/uploads\/2022\/03\/Chamada-Mulheres-na-Apicultura_1-1024x210.jpg 1024w, https:\/\/apacame.org.br\/site\/wp-content\/uploads\/2022\/03\/Chamada-Mulheres-na-Apicultura_1-300x61.jpg 300w, https:\/\/apacame.org.br\/site\/wp-content\/uploads\/2022\/03\/Chamada-Mulheres-na-Apicultura_1-150x31.jpg 150w, https:\/\/apacame.org.br\/site\/wp-content\/uploads\/2022\/03\/Chamada-Mulheres-na-Apicultura_1-500x102.jpg 500w, https:\/\/apacame.org.br\/site\/wp-content\/uploads\/2022\/03\/Chamada-Mulheres-na-Apicultura_1.jpg 1919w\" sizes=\"(max-width: 1024px) 100vw, 1024px\" \/><\/a>No calend\u00e1rio mundial o dia 8 de mar\u00e7o, \u00e9 comemorado o dia internacional da mulher, data que deveria ser dedicada a mais reflex\u00e3o sobre a luta e suas conquistas, notadamente por igualdade e respeito, pena, que poucos o far\u00e3o somente neste dia, e olhe l\u00e1! \u00c9 que, de um dia para o outro, tudo cair\u00e1 no esquecimento e voltamos a ver as mulheres sofrerem todo tipo de agress\u00e3o, confesso, algo inaceit\u00e1vel, inexpugn\u00e1vel, para quem tanto participou e \u00e9 um dos maiores respons\u00e1veis por nossa estada aqui no planeta terra.<\/span><\/p>\n<figure id=\"attachment_4696\" aria-describedby=\"caption-attachment-4696\" style=\"width: 300px\" class=\"wp-caption alignright\"><a href=\"https:\/\/apacame.org.br\/site\/wp-content\/uploads\/2022\/03\/Foto_1_Mulheres-na-apicultura.jpg\"><img decoding=\"async\" class=\"size-medium wp-image-4696\" src=\"https:\/\/apacame.org.br\/site\/wp-content\/uploads\/2022\/03\/Foto_1_Mulheres-na-apicultura-300x260.jpg\" alt=\"Foto 1 - Profa. Renata Val\u00e9ria e a discente Tatiane Barros.\" width=\"300\" height=\"260\" srcset=\"https:\/\/apacame.org.br\/site\/wp-content\/uploads\/2022\/03\/Foto_1_Mulheres-na-apicultura-300x260.jpg 300w, https:\/\/apacame.org.br\/site\/wp-content\/uploads\/2022\/03\/Foto_1_Mulheres-na-apicultura-150x130.jpg 150w, https:\/\/apacame.org.br\/site\/wp-content\/uploads\/2022\/03\/Foto_1_Mulheres-na-apicultura-500x433.jpg 500w, https:\/\/apacame.org.br\/site\/wp-content\/uploads\/2022\/03\/Foto_1_Mulheres-na-apicultura.jpg 954w\" sizes=\"(max-width: 300px) 100vw, 300px\" \/><\/a><figcaption id=\"caption-attachment-4696\" class=\"wp-caption-text\">Foto 1 &#8211; Profa. Renata Val\u00e9ria e a discente Tatiane Barros.<\/figcaption><\/figure>\n<p><span style=\"font-size: large;\">Mas, se voc\u00ea pensa que o dia internacional da mulher \u00e9 reservado para dar flores e chocolates, afim, de agradar as mulheres da sua vida, saiba que existe algo muito mais importante e agrad\u00e1vel de se lembrar e celebrar, trata-se de seus feitos, de suas conquistas. E entre essas intermin\u00e1veis conquistas e feitos, poder\u00edamos citar algumas at\u00e9 com maior destaque na sociedade, entretanto, vamos falar da participa\u00e7\u00e3o da mulher em uma atividade que requer muita dedica\u00e7\u00e3o, amor e carinho, virtudes que j\u00e1 lhes s\u00e3o peculiares. Portanto, aqui est\u00e1 uma justa e perfeita homenagem a todas as mulheres. <\/span><\/p>\n<p><span style=\"font-size: large;\">Por esta revista tratar da apicultura, a prop\u00f3sito, vamos falar da participa\u00e7\u00e3o da mulher em um feito na apicultura, algo realmente singelo e gratificante, trata-se do Projeto Apicultura e Mulheres, desenvolvido pela Universidade Federal Rural de Pernambuco-UFRPE e coordenado pela Profa. Dra. Renata Val\u00e9ria Regis de Sousa Gomes. <\/span><\/p>\n<p><span style=\"font-size: large;\">No in\u00edcio de 2018, Renata Val\u00e9ria conheceu as Agroflores, um grupo de mulheres que foram retiradas do local onde moravam h\u00e1 mais de 30 anos, em Suape, e foram realocadas para o Assentamento de Ximenes, em Barreiros. \u201cMais de cem fam\u00edlias foram transferidas para um local que n\u00e3o tinha estruturas, sem energia, nenhuma infraestrutura adequada. Eu fiquei muito sensibilizada com a hist\u00f3ria delas, s\u00e3o mulheres valentes e guerreiras que viviam numa terra de solo produtivo e acabaram indo morar em terras cansadas, degradadas, devido ao cultivo da cana. Elas tinham vontade de trabalhar e s\u00f3 faltava a oportunidade, ent\u00e3o juntamos a vontade de trabalhar com a oportunidade de trabalho\u201d, explica a professora Renata Val\u00e9ria.<\/span><\/p>\n<p><span style=\"font-size: large;\">Atrav\u00e9s de reuni\u00e3o na associa\u00e7\u00e3o do assentamento e com o apoio de Manoel Brito, um dos apicultores da regi\u00e3o, que j\u00e1 mantinha v\u00ednculos com a UFRPE, as Agroflores conheceram as atividades desenvolvidas pela Universidade e deram in\u00edcio a um novo ciclo. \u201cEssas mulheres estavam em vulnerabilidade social. Conhecendo a situa\u00e7\u00e3o delas, sugerimos a produ\u00e7\u00e3o do mel, que \u00e9 bem aceito, vende bem e n\u00e3o estraga f\u00e1cil, dura at\u00e9 dois anos se preservado. Caso n\u00e3o venda, pode ficar para consumo pr\u00f3prio, \u00e9 um alimento saud\u00e1vel. E foi da\u00ed que elas escolheram conhecer e trabalhar com apicultura\u201d, explica a professora e orientadora do projeto, Renata Val\u00e9ria. <\/span><\/p>\n<p><span style=\"font-size: large;\">A apicultura \u00e9 uma t\u00e9cnica desenvolvida na cria\u00e7\u00e3o de abelhas com ferr\u00e3o para o cultivo do mel, pr\u00f3polis e diversos outros produtos. De acordo com a professora Renata Sousa, n\u00e3o existe meio termo na realiza\u00e7\u00e3o da atividade, \u00e9 preciso conhecer os tipos de abelhas, as possibilidades, mostrar a produ\u00e7\u00e3o, o manejo, como se forma a col\u00f4nia. <\/span><\/p>\n<p><span style=\"font-size: large;\">Para dar in\u00edcio \u00e0s atividades, as Agroflores de Ximenes passaram por um estudo intensivo para conhecer as especificidades da \u00e1rea, para s\u00f3 a partir de setembro de 2018 d\u00e1 in\u00edcio a implanta\u00e7\u00e3o do primeiro api\u00e1rio.<\/span><\/p>\n<p><span style=\"font-size: large;\"><a href=\"https:\/\/apacame.org.br\/site\/wp-content\/uploads\/2022\/03\/Quadro-fotos_Materia1.jpg\"><img decoding=\"async\" class=\"aligncenter size-large wp-image-4695\" src=\"https:\/\/apacame.org.br\/site\/wp-content\/uploads\/2022\/03\/Quadro-fotos_Materia1-1024x448.jpg\" alt=\"Quadro-fotos_Materia1\" width=\"1024\" height=\"448\" srcset=\"https:\/\/apacame.org.br\/site\/wp-content\/uploads\/2022\/03\/Quadro-fotos_Materia1-1024x448.jpg 1024w, https:\/\/apacame.org.br\/site\/wp-content\/uploads\/2022\/03\/Quadro-fotos_Materia1-300x131.jpg 300w, https:\/\/apacame.org.br\/site\/wp-content\/uploads\/2022\/03\/Quadro-fotos_Materia1-150x66.jpg 150w, https:\/\/apacame.org.br\/site\/wp-content\/uploads\/2022\/03\/Quadro-fotos_Materia1-500x219.jpg 500w, https:\/\/apacame.org.br\/site\/wp-content\/uploads\/2022\/03\/Quadro-fotos_Materia1.jpg 1958w\" sizes=\"(max-width: 1024px) 100vw, 1024px\" \/><\/a>Com cerca de nove meses de projeto, o grupo de mulheres j\u00e1 consegue desenvolver um sistema de economia criativa dentro do local em que vivem. Durante esse tempo, j\u00e1 foram realizadas duas colheitas de mel, o que possibilitou a cria\u00e7\u00e3o de produtos variados para o consumo aliment\u00edcio, promoveu a gera\u00e7\u00e3o de renda e a autonomia para o grupo desenvolver novas t\u00e9cnicas de produ\u00e7\u00e3o, vendas e novas experi\u00eancias. A apicultura passou a garantir o sustento dessas mulheres. \u201cA professora nos ensinou como trabalhar, como cuidar das abelhas da melhor forma e isso s\u00f3 nos trouxe coisas boas\u201d, explica Sonia, integrante do grupo.<\/span><\/p>\n<p><span style=\"font-size: large;\">\u201cAs meninas est\u00e3o tendo o produto bem aceito, fazem muito sucesso, porque est\u00e3o tendo orienta\u00e7\u00e3o t\u00e9cnica desde o manejo da col\u00f4nia at\u00e9 a parte de extra\u00e7\u00e3o e isso resulta na qualidade do produto que vendem, quebramos paradigmas e estamos levando o desenvolvimento local\u201d, conta a professora Renata Val\u00e9ria.<\/span><\/p>\n<p><span style=\"font-size: large;\"><b>A for\u00e7a da mulher na apicultura:<\/b><\/span><\/p>\n<p><span style=\"font-size: large;\">Debater a participa\u00e7\u00e3o da mulher dentro da apicultura \u00e9 trazer \u00e0 tona um padr\u00e3o ainda imposto pela sociedade: o de que mulheres n\u00e3o podem trabalhar na \u00e1rea por ser uma atividade em que os homens monopolizam o centro de produ\u00e7\u00e3o.<\/span><\/p>\n<p><span style=\"font-size: large;\">Antes de entrarem no projeto de extens\u00e3o, as Agroflores foram praticamente \u201cimpedidas\u201d de trabalhar com abelhas. Um produtor local lhes disse que era uma atividade \u201cmuito dif\u00edcil para mulheres\u201d realizarem. Ao conhecer Manoel Brito e o trabalho que fazia em total parceria com sua esposa e filha, notaram que, sim, era poss\u00edvel mudar, participar e realizar, com excel\u00eancia, o trabalho com abelhas.<\/span><\/p>\n<p><span style=\"font-size: large;\">\u201cMuitas vezes pensamos que n\u00e3o \u00edamos conseguir, mas a gente tem um potencial dentro de n\u00f3s que \u00e9 desconhecido e quando come\u00e7amos a botar pra fora notamos a diferen\u00e7a, principalmente quando encontramos algu\u00e9m que est\u00e1 disposto a nos ajudar, incentivar a descobrir esse potencial que temos para fazer a atividade\u201d, afirma S\u00f4nia.<\/span><\/p>\n<p><span style=\"font-size: large;\">O objetivo do trabalho \u00e9 integrar e ajudar o grupo de mulheres a entenderem que s\u00e3o elas que v\u00e3o executar toda a produ\u00e7\u00e3o, que s\u00e3o capazes, porque embora seja uma atividade ainda presa a uma redoma masculina, essa realidade vem mudando. Se feito um levantamento a participa\u00e7\u00e3o da mulher nas atividades ap\u00edcolas, ser\u00e1 pontuada uma grande presen\u00e7a feminina no que diz respeito ao cuidado da higieniza\u00e7\u00e3o e retirada do mel, enquanto o homem lida com toda a parte do campo.<\/span><\/p>\n<p><span style=\"font-size: large;\">\u201cHoje j\u00e1 conseguimos desmistificar essa divis\u00e3o completamente e a mulher tem total condi\u00e7\u00e3o de fazer qualquer atividade, mas n\u00e3o \u00e9 uma atividade que se faz sozinha, independentemente de ser homem ou mulher. A apicultura \u00e9 uma atividade que tem que se fazer no m\u00ednimo em dois, por conta dos processos de seguran\u00e7a e manejo\u201d explica a professora.<\/span><\/p>\n<p><span style=\"font-size: large;\">A inser\u00e7\u00e3o da mulher na apicultura promove a participa\u00e7\u00e3o ativa na economia dom\u00e9stica e coletiva, a inclus\u00e3o dos parentes e vizinhos na atividade, muda toda uma percep\u00e7\u00e3o ambiental e social, pelo fato de ser uma atividade limpa, que n\u00e3o polui, nem desmata, que agrega valores e desenvolve o respeito pela natureza. Hoje, o trabalho com abelhas j\u00e1 despertou o interesse de outros moradores do assentamento Ximenes, gra\u00e7as ao exemplo das Agroflores, de acordo com a Profa. Renata Val\u00e9ria. <\/span><\/p>\n<p><span style=\"font-size: large;\">Al\u00e9m de compartilhar a tecnologia a quem precisa e fornecer subs\u00eddios para o desenvolvimento profissional, pessoal e coletivo, o \u201cMulheres e Apicultura: uma doce produ\u00e7\u00e3o\u201d promove quest\u00f5es como a igualdade e o exerc\u00edcio da sororidade, ou seja, a uni\u00e3o entre as mulheres, com base na empatia e no companheirismo, em busca de alcan\u00e7ar objetivos em comum.<\/span><\/p>\n<p><span style=\"font-size: large;\">\u201cEsse projeto trouxe muita riqueza para n\u00f3s, conhecimento, estrutura, e principalmente empoderamento, sabemos que somos capazes de tudo\u201d, afirma S\u00f4nia, o l\u00edrio.<\/span><\/p>\n<p><span style=\"font-size: large;\"><b>Nota:<\/b><\/span><\/p>\n<p><span style=\"font-size: large;\">Agradecemos a Profa.Dra.Renata Val\u00e9ria (chefe de gabinete), da Universidade Federal Rural de Pernambuco por ter fornecido dados que compuseram esta mat\u00e9ria.<\/span><\/p>\n","protected":false},"excerpt":{"rendered":"<p>Apicultura e a mulher. Hilton Claudino \u00e9 Fitoterapeuta, Trofoterapeuta e Naturoterapeuta Tel 012 3883-1011 \u2013 WhatsApp 12 98117-3044 \u2013 loja.hiltonfito.com.br No calend\u00e1rio mundial o dia 8 de mar\u00e7o, \u00e9 comemorado [&hellip;]<\/p>\n","protected":false},"author":20,"featured_media":0,"parent":4681,"menu_order":0,"comment_status":"open","ping_status":"open","template":"","meta":{"pmpro_default_level":"","_price":"","_stock":"","_tribe_ticket_header":"","_tribe_default_ticket_provider":"","_tribe_ticket_capacity":"0","_ticket_start_date":"","_ticket_end_date":"","_tribe_ticket_show_description":"","_tribe_ticket_show_not_going":false,"_tribe_ticket_use_global_stock":"","_tribe_ticket_global_stock_level":"","_global_stock_mode":"","_global_stock_cap":"","_tribe_rsvp_for_event":"","_tribe_ticket_going_count":"","_tribe_ticket_not_going_count":"","_tribe_tickets_list":"[]","_tribe_ticket_has_attendee_info_fields":false,"cybocfi_hide_featured_image":"","footnotes":""},"class_list":["post-4694","page","type-page","status-publish","hentry","pmpro-has-access"],"_links":{"self":[{"href":"https:\/\/apacame.org.br\/site\/wp-json\/wp\/v2\/pages\/4694"}],"collection":[{"href":"https:\/\/apacame.org.br\/site\/wp-json\/wp\/v2\/pages"}],"about":[{"href":"https:\/\/apacame.org.br\/site\/wp-json\/wp\/v2\/types\/page"}],"author":[{"embeddable":true,"href":"https:\/\/apacame.org.br\/site\/wp-json\/wp\/v2\/users\/20"}],"replies":[{"embeddable":true,"href":"https:\/\/apacame.org.br\/site\/wp-json\/wp\/v2\/comments?post=4694"}],"version-history":[{"count":2,"href":"https:\/\/apacame.org.br\/site\/wp-json\/wp\/v2\/pages\/4694\/revisions"}],"predecessor-version":[{"id":4699,"href":"https:\/\/apacame.org.br\/site\/wp-json\/wp\/v2\/pages\/4694\/revisions\/4699"}],"up":[{"embeddable":true,"href":"https:\/\/apacame.org.br\/site\/wp-json\/wp\/v2\/pages\/4681"}],"wp:attachment":[{"href":"https:\/\/apacame.org.br\/site\/wp-json\/wp\/v2\/media?parent=4694"}],"curies":[{"name":"wp","href":"https:\/\/api.w.org\/{rel}","templated":true}]}}