{"id":4690,"date":"2022-03-31T15:43:01","date_gmt":"2022-03-31T15:43:01","guid":{"rendered":"https:\/\/apacame.org.br\/site\/?page_id=4690"},"modified":"2022-03-31T15:43:01","modified_gmt":"2022-03-31T15:43:01","slug":"editorial","status":"publish","type":"page","link":"https:\/\/apacame.org.br\/site\/revista\/mensagem-doce-n-165-marco-de-2022\/editorial\/","title":{"rendered":"Editorial"},"content":{"rendered":"<p>\u00ad<\/p>\n<h1 style=\"text-align: center;\">MULHERES NA APICULTURA<\/h1>\n<p><span style=\"font-size: large;\"><a href=\"https:\/\/apacame.org.br\/site\/wp-content\/uploads\/2021\/08\/Foto_Editorial.jpg\"><img fetchpriority=\"high\" decoding=\"async\" class=\"alignleft size-full wp-image-4205\" src=\"https:\/\/apacame.org.br\/site\/wp-content\/uploads\/2021\/08\/Foto_Editorial.jpg\" alt=\"Foto_Editorial\" width=\"385\" height=\"350\" srcset=\"https:\/\/apacame.org.br\/site\/wp-content\/uploads\/2021\/08\/Foto_Editorial.jpg 385w, https:\/\/apacame.org.br\/site\/wp-content\/uploads\/2021\/08\/Foto_Editorial-300x273.jpg 300w, https:\/\/apacame.org.br\/site\/wp-content\/uploads\/2021\/08\/Foto_Editorial-150x136.jpg 150w\" sizes=\"(max-width: 385px) 100vw, 385px\" \/><\/a>\u00c9 com muito entusiasmo que constatamos a presen\u00e7a das muitas mulheres que hoje trabalham com apicultura, seja em campo, com as abelhas, ou na \u00e1rea cient\u00edfica, realizando grandes projetos no Brasil e no mundo. Vamos apresentar nesta revista alguns trabalhos realizados por elas, de grande relev\u00e2ncia para a apicultura brasileira e mundial, pois j\u00e1 tive a oportunidade de conhecer pessoalmente v\u00e1rios deles em congressos brasileiros e internacionais, alguns at\u00e9 j\u00e1 publicados em nossa revista MENSAGEM DOCE. Portanto, parab\u00e9ns \u00e0s mulheres por seu dia e todos n\u00f3s, da Diretoria e do corpo de funcion\u00e1rios da APACAME, estamos na torcida para que cada vez mais tenhamos a presen\u00e7a feminina na apicultura. <\/span><\/p>\n<p><span style=\"font-size: large;\">Falando em congresso, como j\u00e1 mencionado na edi\u00e7\u00e3o passada, estamos em um dilema. A APIMONDIA confirma a realiza\u00e7\u00e3o do congresso e estipulou que at\u00e9 o final de fevereiro os expositores devem adquirir seus espa\u00e7os, mas n\u00e3o conseguimos ainda fazer reservas de passagens e hospedagem, pois est\u00e1 tudo fechado devido \u00e0 pandemia. Estamos aguardando e assim que houver libera\u00e7\u00e3o avisaremos aos nossos associados.<\/span><\/p>\n<p><span style=\"font-size: large;\">Sobre o mercado do mel brasileiro, soubemos que no Estado do Piau\u00ed, onde houve safra recorde esse ano, est\u00e1 sobrando mel e que o pre\u00e7o chegou at\u00e9 a cair por falta de demanda. Por outro lado, segundo a reportagem da ABEMEL, o pre\u00e7o para exportar subiu devido ao valor do D\u00f3lar, entretanto, como est\u00e1 faltando mel no mercado, ca\u00edram as exporta\u00e7\u00f5es. Entendemos que como o nosso Brasil \u00e9 muito grande e produz no pa\u00eds inteiro, ou h\u00e1 falta de comunica\u00e7\u00e3o entre produtores e compradores ou existem outros interesses escusos. <\/span><\/p>\n<p><span style=\"font-size: large;\">Apicultores, precisamos nos comunicar melhor, procurem suas associa\u00e7\u00f5es.<\/span><\/p>\n<p><span style=\"font-size: large;\">\u201cE que as abelhas sejam motivos de reuni\u00e3o e uni\u00e3o entre os homens\u201d <\/span><\/p>\n<p><span style=\"font-size: large;\">Uma associa\u00e7\u00e3o se faz com associados.<\/span><\/p>\n<p><span style=\"font-size: large;\"><i><b>Eloi Viana da Silva \u2013 Presidente Executivo &#8211; <a href=\"mailto:eloi@apacame.org.br\">eloi@apacame.org.br<\/a><\/b><\/i> <\/span><\/p>\n","protected":false},"excerpt":{"rendered":"<p>\u00ad MULHERES NA APICULTURA \u00c9 com muito entusiasmo que constatamos a presen\u00e7a das muitas mulheres que hoje trabalham com apicultura, seja em campo, com as abelhas, ou na \u00e1rea cient\u00edfica, [&hellip;]<\/p>\n","protected":false},"author":20,"featured_media":0,"parent":4681,"menu_order":0,"comment_status":"open","ping_status":"open","template":"","meta":{"pmpro_default_level":"","_price":"","_stock":"","_tribe_ticket_header":"","_tribe_default_ticket_provider":"","_tribe_ticket_capacity":"0","_ticket_start_date":"","_ticket_end_date":"","_tribe_ticket_show_description":"","_tribe_ticket_show_not_going":false,"_tribe_ticket_use_global_stock":"","_tribe_ticket_global_stock_level":"","_global_stock_mode":"","_global_stock_cap":"","_tribe_rsvp_for_event":"","_tribe_ticket_going_count":"","_tribe_ticket_not_going_count":"","_tribe_tickets_list":"[]","_tribe_ticket_has_attendee_info_fields":false,"cybocfi_hide_featured_image":"","footnotes":""},"class_list":["post-4690","page","type-page","status-publish","hentry","pmpro-has-access"],"_links":{"self":[{"href":"https:\/\/apacame.org.br\/site\/wp-json\/wp\/v2\/pages\/4690"}],"collection":[{"href":"https:\/\/apacame.org.br\/site\/wp-json\/wp\/v2\/pages"}],"about":[{"href":"https:\/\/apacame.org.br\/site\/wp-json\/wp\/v2\/types\/page"}],"author":[{"embeddable":true,"href":"https:\/\/apacame.org.br\/site\/wp-json\/wp\/v2\/users\/20"}],"replies":[{"embeddable":true,"href":"https:\/\/apacame.org.br\/site\/wp-json\/wp\/v2\/comments?post=4690"}],"version-history":[{"count":2,"href":"https:\/\/apacame.org.br\/site\/wp-json\/wp\/v2\/pages\/4690\/revisions"}],"predecessor-version":[{"id":4836,"href":"https:\/\/apacame.org.br\/site\/wp-json\/wp\/v2\/pages\/4690\/revisions\/4836"}],"up":[{"embeddable":true,"href":"https:\/\/apacame.org.br\/site\/wp-json\/wp\/v2\/pages\/4681"}],"wp:attachment":[{"href":"https:\/\/apacame.org.br\/site\/wp-json\/wp\/v2\/media?parent=4690"}],"curies":[{"name":"wp","href":"https:\/\/api.w.org\/{rel}","templated":true}]}}