{"id":4598,"date":"2021-12-15T12:08:19","date_gmt":"2021-12-15T12:08:19","guid":{"rendered":"https:\/\/apacame.org.br\/site\/?page_id=4598"},"modified":"2021-12-15T12:27:15","modified_gmt":"2021-12-15T12:27:15","slug":"apiculturismo","status":"publish","type":"page","link":"https:\/\/apacame.org.br\/site\/revista\/mensagem-doce-n-164-novembro-de-2021\/apiculturismo\/","title":{"rendered":"Apiculturismo"},"content":{"rendered":"<h1 style=\"text-align: center;\">Apiculturismo: um horizonte expandido aos apicultores<\/h1>\n<blockquote><p>Texto: T\u00e2nia Soares.<\/p><\/blockquote>\n<figure id=\"attachment_4600\" aria-describedby=\"caption-attachment-4600\" style=\"width: 300px\" class=\"wp-caption alignright\"><a href=\"https:\/\/apacame.org.br\/site\/wp-content\/uploads\/2021\/12\/Foto_1_Apicuturismo.jpg\"><img decoding=\"async\" class=\"size-medium wp-image-4600\" src=\"https:\/\/apacame.org.br\/site\/wp-content\/uploads\/2021\/12\/Foto_1_Apicuturismo-300x166.jpg\" alt=\"Vista do api\u00e1rio que tem mais de 900 colmeias.\" width=\"300\" height=\"166\" srcset=\"https:\/\/apacame.org.br\/site\/wp-content\/uploads\/2021\/12\/Foto_1_Apicuturismo-300x166.jpg 300w, https:\/\/apacame.org.br\/site\/wp-content\/uploads\/2021\/12\/Foto_1_Apicuturismo-150x83.jpg 150w, https:\/\/apacame.org.br\/site\/wp-content\/uploads\/2021\/12\/Foto_1_Apicuturismo-500x276.jpg 500w, https:\/\/apacame.org.br\/site\/wp-content\/uploads\/2021\/12\/Foto_1_Apicuturismo.jpg 774w\" sizes=\"(max-width: 300px) 100vw, 300px\" \/><\/a><figcaption id=\"caption-attachment-4600\" class=\"wp-caption-text\">Vista do api\u00e1rio que tem mais de 900 colmeias.<\/figcaption><\/figure>\n<p><span style=\"font-size: large;\">O Api\u00e1rio Nona Em\u00edlia, localizado em Itupeva (SP), \u00e9 um exemplo de como a apicultura pode abrir caminho para novas atividades e, a partir delas, fortalecer-se. Atento aos impactos que a expans\u00e3o urbana provocada pela especula\u00e7\u00e3o imobili\u00e1ria na regi\u00e3o, o apicultor Ademir Vanini transformou o que poderia ser um problema \u2013 a convers\u00e3o das propriedades rurais em aglomerados urbanos e consequente afastamento dos jovens das atividades rurais \u2013 em uma oportunidade. <\/span><\/p>\n<p><span style=\"font-size: large;\">\u201cH\u00e1 22 anos, percebi que as propriedades rurais perdiam muitos jovens para as grandes cidades pela redu\u00e7\u00e3o de oportunidades para eles\u201d, lembra Ademir Vanini, fundador e propriet\u00e1rio do Api\u00e1rio Nona Em\u00edlia. \u201cPercebendo essa necessidade de manter os jovens no campo, junto com outros propriet\u00e1rios da regi\u00e3o, ajudei a formar uma associa\u00e7\u00e3o para trabalhar com o turismo\u201d, conta.<\/span><\/p>\n<figure id=\"attachment_4601\" aria-describedby=\"caption-attachment-4601\" style=\"width: 300px\" class=\"wp-caption alignleft\"><a href=\"https:\/\/apacame.org.br\/site\/wp-content\/uploads\/2021\/12\/Foto_2_Apicuturismo.jpg\"><img decoding=\"async\" class=\"size-medium wp-image-4601\" src=\"https:\/\/apacame.org.br\/site\/wp-content\/uploads\/2021\/12\/Foto_2_Apicuturismo-300x166.jpg\" alt=\"Vista do melipon\u00e1rio com mais de 18 esp\u00e9cies de abelhas sem ferr\u00e3o\" width=\"300\" height=\"166\" srcset=\"https:\/\/apacame.org.br\/site\/wp-content\/uploads\/2021\/12\/Foto_2_Apicuturismo-300x166.jpg 300w, https:\/\/apacame.org.br\/site\/wp-content\/uploads\/2021\/12\/Foto_2_Apicuturismo-150x83.jpg 150w, https:\/\/apacame.org.br\/site\/wp-content\/uploads\/2021\/12\/Foto_2_Apicuturismo-500x276.jpg 500w, https:\/\/apacame.org.br\/site\/wp-content\/uploads\/2021\/12\/Foto_2_Apicuturismo.jpg 773w\" sizes=\"(max-width: 300px) 100vw, 300px\" \/><\/a><figcaption id=\"caption-attachment-4601\" class=\"wp-caption-text\">Vista do melipon\u00e1rio com mais de 18 esp\u00e9cies de abelhas sem ferr\u00e3o<\/figcaption><\/figure>\n<p><span style=\"font-size: large;\">Nascia assim a Associa\u00e7\u00e3o de Turismo Rural \u201cCircuito das Frutas\u201d hoje refer\u00eancia no turismo do Estado de S\u00e3o Paulo. As principais rodovias do estado passam por Itupeva, o que torna aproxima a regi\u00e3o de outras \u00e1reas metropolitanas, como S\u00e3o Paulo, Campinas, Jundia\u00ed e Sorocaba. \u201cTodos grandes centros consumidores que ajudaram a impulsiona a economia da nossa cidade. Hoje Itupeva est\u00e1 em 2\u00ba lugar no estado em fluxo de turistas, Cerca de 10 milh\u00f5es de pessoas nos visitam por ano, ficamos atr\u00e1s apenas de Aparecida do Norte com o turismo religioso\u201d, refor\u00e7a Vanini.<\/span><\/p>\n<p><span style=\"font-size: large;\"><b>A experi\u00eancia<\/b><\/span><\/p>\n<p><span style=\"font-size: large;\">Para se direcionar ao turismo rural, Vanini e sua fam\u00edlia desenvolveram o conceito de Apiculturismo: a pr\u00f3pria atividade ap\u00edcola e seus desdobramentos s\u00e3o o atrativo aos visitantes. O Api\u00e1rio recebe grupos de estudantes, equipes de empresas, pesquisadores, fam\u00edlias e casais em busca de aprendizado, entretenimento, divers\u00e3o e a experi\u00eancia direta de ver como vivem as abelhas e como s\u00e3o produzidos o mel, o p\u00f3len, a pr\u00f3polis e demais produtos ap\u00edcolas.<\/span><\/p>\n<figure id=\"attachment_4602\" aria-describedby=\"caption-attachment-4602\" style=\"width: 300px\" class=\"wp-caption alignright\"><a href=\"https:\/\/apacame.org.br\/site\/wp-content\/uploads\/2021\/12\/Foto_3_Apicuturismo.jpg\"><img decoding=\"async\" class=\"size-medium wp-image-4602\" src=\"https:\/\/apacame.org.br\/site\/wp-content\/uploads\/2021\/12\/Foto_3_Apicuturismo-300x166.jpg\" alt=\"Vista\u00e7\u00e3o do ap\u00ed\u00e1rio por escolas\" width=\"300\" height=\"166\" srcset=\"https:\/\/apacame.org.br\/site\/wp-content\/uploads\/2021\/12\/Foto_3_Apicuturismo-300x166.jpg 300w, https:\/\/apacame.org.br\/site\/wp-content\/uploads\/2021\/12\/Foto_3_Apicuturismo-150x83.jpg 150w, https:\/\/apacame.org.br\/site\/wp-content\/uploads\/2021\/12\/Foto_3_Apicuturismo-500x276.jpg 500w, https:\/\/apacame.org.br\/site\/wp-content\/uploads\/2021\/12\/Foto_3_Apicuturismo.jpg 774w\" sizes=\"(max-width: 300px) 100vw, 300px\" \/><\/a><figcaption id=\"caption-attachment-4602\" class=\"wp-caption-text\">Vista\u00e7\u00e3o do ap\u00ed\u00e1rio por escolas<\/figcaption><\/figure>\n<p><span style=\"font-size: large;\">No Api\u00e1rio Nona Em\u00edlia o Apiculturismo est\u00e1 dividido em tr\u00eas modalidades: a Visita\u00e7\u00e3o sem Agendamento, voltada a turistas espont\u00e2neos, ou seja, sem o atendimento de ag\u00eancias, modalidade em que o visitante n\u00e3o paga taxa, mas tem acesso a todos os atrativos como o passeio pelo s\u00edtio, visita ao Melipon\u00e1rio, visita ao Api\u00e1rio, alimenta\u00e7\u00e3o dos peixes, passeio pelos jardins para conhecer as plantas nectar\u00edferas e polin\u00edferas, e visita a loja. Na Visita\u00e7\u00e3o com Agendamento, visitante paga uma taxa e tem acesso a todos os atrativos acompanhados de um ou mais monitores, especialmente treinados. \u201cNessa categoria atendemos a grupos familiares, grupos de escolas para visitas pedag\u00f3gicas e grupos da Melhor Idade. Para complementar a experi\u00eancia pode ser servidos caf\u00e9 da manh\u00e3, almo\u00e7o, caf\u00e9 da tarde e at\u00e9 um jantar caipira com moda de viola\u201d, explica Vanini. <\/span><\/p>\n<figure id=\"attachment_4603\" aria-describedby=\"caption-attachment-4603\" style=\"width: 300px\" class=\"wp-caption alignleft\"><a href=\"https:\/\/apacame.org.br\/site\/wp-content\/uploads\/2021\/12\/Foto_4_Apicuturismo.jpg\"><img loading=\"lazy\" decoding=\"async\" class=\"size-medium wp-image-4603\" src=\"https:\/\/apacame.org.br\/site\/wp-content\/uploads\/2021\/12\/Foto_4_Apicuturismo-300x168.jpg\" alt=\"Vista\u00e7\u00e3o de escolas na casa do mel.\" width=\"300\" height=\"168\" srcset=\"https:\/\/apacame.org.br\/site\/wp-content\/uploads\/2021\/12\/Foto_4_Apicuturismo-300x168.jpg 300w, https:\/\/apacame.org.br\/site\/wp-content\/uploads\/2021\/12\/Foto_4_Apicuturismo-150x84.jpg 150w, https:\/\/apacame.org.br\/site\/wp-content\/uploads\/2021\/12\/Foto_4_Apicuturismo-500x281.jpg 500w, https:\/\/apacame.org.br\/site\/wp-content\/uploads\/2021\/12\/Foto_4_Apicuturismo.jpg 773w\" sizes=\"(max-width: 300px) 100vw, 300px\" \/><\/a><figcaption id=\"caption-attachment-4603\" class=\"wp-caption-text\">Vista\u00e7\u00e3o de escolas na casa do mel.<\/figcaption><\/figure>\n<p><span style=\"font-size: large;\">Na terceira modalidade, o Roteiro com Agendamento, visita monitorada \u00e9 mais completa, incluindo visitas ao Melipon\u00e1rio, ao Api\u00e1rio e \u00e0 Casa do Mel, palestra com colmeia em caixa de vidro, sobre as plantas nectar\u00edferas e polin\u00edferas, palestra sobre as abelhas e seus produtos, degusta\u00e7\u00e3o dos produtos das abelhas, palestra sobre a produ\u00e7\u00e3o de vinhos artesanais, compras desses produtos na loja do s\u00edtio, e ainda atividades recreativas como a alimenta\u00e7\u00e3o dos peixes e uma pe\u00e7a de teatro pedag\u00f3gica sobre o mundo das abelhas.<\/span><\/p>\n<p><span style=\"font-size: large;\"><b>Desenvolvimento econ\u00f4mico e prosperidade<\/b> <\/span><\/p>\n<p><span style=\"font-size: large;\">Ampliar as atividades do api\u00e1rio por meio do atendimento aos turistas deu a Ademir e sua fam\u00edlia diversas vantagens competitivas. Al\u00e9m de ter criado a pr\u00f3pria marca, o que d\u00e1 mais autonomia ao neg\u00f3cio, o Nona Em\u00edlia, ao levar o consumidor final a visitar o s\u00edtio, realiza a venda direta, conseguindo melhores pre\u00e7os para os produtos ap\u00edcolas, al\u00e9m de criar oportunidade para a venda de outras manufaturas do s\u00edtio, o que promove a diversidade de culturas na propriedade e ajuda a compensar a sazonalidade da apicultura.<\/span><\/p>\n<figure id=\"attachment_4604\" aria-describedby=\"caption-attachment-4604\" style=\"width: 300px\" class=\"wp-caption alignright\"><a href=\"https:\/\/apacame.org.br\/site\/wp-content\/uploads\/2021\/12\/Foto_5_Apicuturismo.jpg\"><img loading=\"lazy\" decoding=\"async\" class=\"size-medium wp-image-4604\" src=\"https:\/\/apacame.org.br\/site\/wp-content\/uploads\/2021\/12\/Foto_5_Apicuturismo-300x166.jpg\" alt=\"Loja de produtos e adega\" width=\"300\" height=\"166\" srcset=\"https:\/\/apacame.org.br\/site\/wp-content\/uploads\/2021\/12\/Foto_5_Apicuturismo-300x166.jpg 300w, https:\/\/apacame.org.br\/site\/wp-content\/uploads\/2021\/12\/Foto_5_Apicuturismo-150x83.jpg 150w, https:\/\/apacame.org.br\/site\/wp-content\/uploads\/2021\/12\/Foto_5_Apicuturismo-500x276.jpg 500w, https:\/\/apacame.org.br\/site\/wp-content\/uploads\/2021\/12\/Foto_5_Apicuturismo.jpg 774w\" sizes=\"(max-width: 300px) 100vw, 300px\" \/><\/a><figcaption id=\"caption-attachment-4604\" class=\"wp-caption-text\">Loja de produtos e adega<\/figcaption><\/figure>\n<p><span style=\"font-size: large;\">\u201cDessa forma nosso mel fortalece nossa marca, n\u00e3o a de terceiros, conseguimos agregar mais valor aos produtos, melhorando consideravelmente os ganhos e por meio as demais atividades fidelizamos os clientes, e clientes satisfeitos sempre trazem mais clientes\u201d, esclarece. \u201cCom esse direcionamento o apicultor pode praticar os pr\u00f3prios pre\u00e7os e se proteger as altas e baixas do mercado\u201d, completa.<\/span><\/p>\n<p><span style=\"font-size: large;\">Com toda essa criatividade, Ademir Vanini se orgulha mesmo \u00e9 em ter o sistema de agricultura familiar como base de seu trabalho. A equipe do Nona Em\u00edlia \u00e9 formada por oito colaboradores membros da fam\u00edlia, seis colaboradores moradores da regi\u00e3o, todos registrados formalmente, e ainda quatro colaboradores contratados para os fins de semana. <\/span><\/p>\n<p><span style=\"font-size: large;\">\u201cNada \u00e9 mais importante do que manter nossa fam\u00edlia unida. Trabalhamos todos juntos, se um faltar por algum motivo os outros cobrir\u00e3o seu lugar. Tamb\u00e9m trabalhamos de forma alternada, para que todos tenham tempo livre para descansar. Hoje tenho meus filhos e meus netos sempre perto\u201d, celebra Vanini.<\/span><\/p>\n<div id='gallery-1' class='gallery galleryid-4598 gallery-columns-2 gallery-size-medium'><figure class='gallery-item'>\n\t\t\t<div class='gallery-icon landscape'>\n\t\t\t\t<a href='https:\/\/apacame.org.br\/site\/wp-content\/uploads\/2021\/12\/Foto_6_Apicuturismo.jpg'><img loading=\"lazy\" decoding=\"async\" width=\"300\" height=\"170\" src=\"https:\/\/apacame.org.br\/site\/wp-content\/uploads\/2021\/12\/Foto_6_Apicuturismo-300x170.jpg\" class=\"attachment-medium size-medium\" alt=\"\" aria-describedby=\"gallery-1-4605\" srcset=\"https:\/\/apacame.org.br\/site\/wp-content\/uploads\/2021\/12\/Foto_6_Apicuturismo-300x170.jpg 300w, https:\/\/apacame.org.br\/site\/wp-content\/uploads\/2021\/12\/Foto_6_Apicuturismo-150x85.jpg 150w, https:\/\/apacame.org.br\/site\/wp-content\/uploads\/2021\/12\/Foto_6_Apicuturismo-500x283.jpg 500w, https:\/\/apacame.org.br\/site\/wp-content\/uploads\/2021\/12\/Foto_6_Apicuturismo.jpg 774w\" sizes=\"(max-width: 300px) 100vw, 300px\" \/><\/a>\n\t\t\t<\/div>\n\t\t\t\t<figcaption class='wp-caption-text gallery-caption' id='gallery-1-4605'>\n\t\t\t\tAtividades pedagogicas para escolas.\n\t\t\t\t<\/figcaption><\/figure><figure class='gallery-item'>\n\t\t\t<div class='gallery-icon landscape'>\n\t\t\t\t<a href='https:\/\/apacame.org.br\/site\/wp-content\/uploads\/2021\/12\/Foto_7_Apicuturismo.jpg'><img loading=\"lazy\" decoding=\"async\" width=\"300\" height=\"170\" src=\"https:\/\/apacame.org.br\/site\/wp-content\/uploads\/2021\/12\/Foto_7_Apicuturismo-300x170.jpg\" class=\"attachment-medium size-medium\" alt=\"\" aria-describedby=\"gallery-1-4606\" srcset=\"https:\/\/apacame.org.br\/site\/wp-content\/uploads\/2021\/12\/Foto_7_Apicuturismo-300x170.jpg 300w, https:\/\/apacame.org.br\/site\/wp-content\/uploads\/2021\/12\/Foto_7_Apicuturismo-150x85.jpg 150w, https:\/\/apacame.org.br\/site\/wp-content\/uploads\/2021\/12\/Foto_7_Apicuturismo-500x283.jpg 500w, https:\/\/apacame.org.br\/site\/wp-content\/uploads\/2021\/12\/Foto_7_Apicuturismo.jpg 774w\" sizes=\"(max-width: 300px) 100vw, 300px\" \/><\/a>\n\t\t\t<\/div>\n\t\t\t\t<figcaption class='wp-caption-text gallery-caption' id='gallery-1-4606'>\n\t\t\t\tAtividades para grupos de 3\u00ba idade.\n\t\t\t\t<\/figcaption><\/figure>\n\t\t<\/div>\n\n<p><a href=\"https:\/\/apacame.org.br\/site\/wp-content\/uploads\/2021\/12\/Quadro_1_Apicuturismo.jpg\"><img loading=\"lazy\" decoding=\"async\" class=\"aligncenter size-large wp-image-4607\" src=\"https:\/\/apacame.org.br\/site\/wp-content\/uploads\/2021\/12\/Quadro_1_Apicuturismo-1024x465.jpg\" alt=\"Quadro_1_Apicuturismo\" width=\"1024\" height=\"465\" srcset=\"https:\/\/apacame.org.br\/site\/wp-content\/uploads\/2021\/12\/Quadro_1_Apicuturismo-1024x465.jpg 1024w, https:\/\/apacame.org.br\/site\/wp-content\/uploads\/2021\/12\/Quadro_1_Apicuturismo-300x136.jpg 300w, https:\/\/apacame.org.br\/site\/wp-content\/uploads\/2021\/12\/Quadro_1_Apicuturismo-150x68.jpg 150w, https:\/\/apacame.org.br\/site\/wp-content\/uploads\/2021\/12\/Quadro_1_Apicuturismo-500x227.jpg 500w, https:\/\/apacame.org.br\/site\/wp-content\/uploads\/2021\/12\/Quadro_1_Apicuturismo.jpg 1172w\" sizes=\"(max-width: 1024px) 100vw, 1024px\" \/><\/a><\/p>\n<p><a href=\"https:\/\/apacame.org.br\/site\/wp-content\/uploads\/2021\/12\/Quadro_2_Apicuturismo.jpg\"><img loading=\"lazy\" decoding=\"async\" class=\"aligncenter size-large wp-image-4608\" src=\"https:\/\/apacame.org.br\/site\/wp-content\/uploads\/2021\/12\/Quadro_2_Apicuturismo-1024x616.jpg\" alt=\"Quadro_2_Apicuturismo\" width=\"1024\" height=\"616\" srcset=\"https:\/\/apacame.org.br\/site\/wp-content\/uploads\/2021\/12\/Quadro_2_Apicuturismo-1024x616.jpg 1024w, https:\/\/apacame.org.br\/site\/wp-content\/uploads\/2021\/12\/Quadro_2_Apicuturismo-300x180.jpg 300w, https:\/\/apacame.org.br\/site\/wp-content\/uploads\/2021\/12\/Quadro_2_Apicuturismo-150x90.jpg 150w, https:\/\/apacame.org.br\/site\/wp-content\/uploads\/2021\/12\/Quadro_2_Apicuturismo-500x301.jpg 500w, https:\/\/apacame.org.br\/site\/wp-content\/uploads\/2021\/12\/Quadro_2_Apicuturismo.jpg 1171w\" sizes=\"(max-width: 1024px) 100vw, 1024px\" \/><\/a><\/p>\n","protected":false},"excerpt":{"rendered":"<p>Apiculturismo: um horizonte expandido aos apicultores Texto: T\u00e2nia Soares. O Api\u00e1rio Nona Em\u00edlia, localizado em Itupeva (SP), \u00e9 um exemplo de como a apicultura pode abrir caminho para novas atividades [&hellip;]<\/p>\n","protected":false},"author":20,"featured_media":0,"parent":4512,"menu_order":0,"comment_status":"open","ping_status":"open","template":"","meta":{"pmpro_default_level":"","_price":"","_stock":"","_tribe_ticket_header":"","_tribe_default_ticket_provider":"","_tribe_ticket_capacity":"0","_ticket_start_date":"","_ticket_end_date":"","_tribe_ticket_show_description":"","_tribe_ticket_show_not_going":false,"_tribe_ticket_use_global_stock":"","_tribe_ticket_global_stock_level":"","_global_stock_mode":"","_global_stock_cap":"","_tribe_rsvp_for_event":"","_tribe_ticket_going_count":"","_tribe_ticket_not_going_count":"","_tribe_tickets_list":"[]","_tribe_ticket_has_attendee_info_fields":false,"cybocfi_hide_featured_image":"","footnotes":""},"class_list":["post-4598","page","type-page","status-publish","hentry","pmpro-has-access"],"_links":{"self":[{"href":"https:\/\/apacame.org.br\/site\/wp-json\/wp\/v2\/pages\/4598"}],"collection":[{"href":"https:\/\/apacame.org.br\/site\/wp-json\/wp\/v2\/pages"}],"about":[{"href":"https:\/\/apacame.org.br\/site\/wp-json\/wp\/v2\/types\/page"}],"author":[{"embeddable":true,"href":"https:\/\/apacame.org.br\/site\/wp-json\/wp\/v2\/users\/20"}],"replies":[{"embeddable":true,"href":"https:\/\/apacame.org.br\/site\/wp-json\/wp\/v2\/comments?post=4598"}],"version-history":[{"count":4,"href":"https:\/\/apacame.org.br\/site\/wp-json\/wp\/v2\/pages\/4598\/revisions"}],"predecessor-version":[{"id":4609,"href":"https:\/\/apacame.org.br\/site\/wp-json\/wp\/v2\/pages\/4598\/revisions\/4609"}],"up":[{"embeddable":true,"href":"https:\/\/apacame.org.br\/site\/wp-json\/wp\/v2\/pages\/4512"}],"wp:attachment":[{"href":"https:\/\/apacame.org.br\/site\/wp-json\/wp\/v2\/media?parent=4598"}],"curies":[{"name":"wp","href":"https:\/\/api.w.org\/{rel}","templated":true}]}}