{"id":4573,"date":"2021-12-09T21:02:27","date_gmt":"2021-12-09T21:02:27","guid":{"rendered":"https:\/\/apacame.org.br\/site\/?page_id=4573"},"modified":"2021-12-09T21:02:27","modified_gmt":"2021-12-09T21:02:27","slug":"mercado","status":"publish","type":"page","link":"https:\/\/apacame.org.br\/site\/revista\/mensagem-doce-n-164-novembro-de-2021\/mercado\/","title":{"rendered":"Mercado"},"content":{"rendered":"<h1 style=\"text-align: center;\">Em 2020 o setor de apicultura registrou marcas hist\u00f3ricas.<\/h1>\n<p><span style=\"font-size: large;\"><a href=\"https:\/\/apacame.org.br\/site\/wp-content\/uploads\/2021\/12\/Foto_1_Mercado.jpg\"><img fetchpriority=\"high\" decoding=\"async\" class=\"alignleft size-medium wp-image-4574\" src=\"https:\/\/apacame.org.br\/site\/wp-content\/uploads\/2021\/12\/Foto_1_Mercado-300x262.jpg\" alt=\"Foto_1_Mercado\" width=\"300\" height=\"262\" srcset=\"https:\/\/apacame.org.br\/site\/wp-content\/uploads\/2021\/12\/Foto_1_Mercado-300x262.jpg 300w, https:\/\/apacame.org.br\/site\/wp-content\/uploads\/2021\/12\/Foto_1_Mercado-150x131.jpg 150w, https:\/\/apacame.org.br\/site\/wp-content\/uploads\/2021\/12\/Foto_1_Mercado-500x436.jpg 500w, https:\/\/apacame.org.br\/site\/wp-content\/uploads\/2021\/12\/Foto_1_Mercado.jpg 782w\" sizes=\"(max-width: 300px) 100vw, 300px\" \/><\/a>As exporta\u00e7\u00f5es registraram aumento de 52% em rela\u00e7\u00e3o ao ano de 2019, alcan\u00e7ando um recorde hist\u00f3rico.<\/span><\/p>\n<p><span style=\"font-size: large;\">J\u00e1 a produ\u00e7\u00e3o nacional de mel atingiu 51,5 mil toneladas, um aumento de 12,5% em rela\u00e7\u00e3o ao ano anterior, de acordo com informa\u00e7\u00f5es divulgadas pelo IBGE.<\/span><\/p>\n<p><span style=\"font-size: large;\">A alta demanda de mel nos mercados interno e externo tem trazido oportunidades enormes ao setor ap\u00edcola, com valoriza\u00e7\u00e3o do mel em toda a cadeia produtiva.<\/span><\/p>\n<p><span style=\"font-size: large;\">No ano de 2020 foram produzidas 51.557 ton de mel, 12% acima do que 2019, e um recorde de produ\u00e7\u00e3o!<\/span><\/p>\n<p><span style=\"font-size: large;\">Os maiores produtores foram: Paran\u00e1, com 7.844ton produzidas, seguido por Rio Grande do Sul (7.467ton), Piaui (5.673), Bahia (5.010ton), e S\u00e3o Paulo (4.489ton)!<\/span><\/p>\n<p><span style=\"font-size: large;\"><a href=\"https:\/\/apacame.org.br\/site\/wp-content\/uploads\/2021\/12\/Quadro_1_Mercado.jpg\"><img decoding=\"async\" class=\"alignright size-medium wp-image-4575\" src=\"https:\/\/apacame.org.br\/site\/wp-content\/uploads\/2021\/12\/Quadro_1_Mercado-300x97.jpg\" alt=\"Quadro_1_Mercado\" width=\"300\" height=\"97\" srcset=\"https:\/\/apacame.org.br\/site\/wp-content\/uploads\/2021\/12\/Quadro_1_Mercado-300x97.jpg 300w, https:\/\/apacame.org.br\/site\/wp-content\/uploads\/2021\/12\/Quadro_1_Mercado-150x48.jpg 150w, https:\/\/apacame.org.br\/site\/wp-content\/uploads\/2021\/12\/Quadro_1_Mercado-500x161.jpg 500w, https:\/\/apacame.org.br\/site\/wp-content\/uploads\/2021\/12\/Quadro_1_Mercado.jpg 782w\" sizes=\"(max-width: 300px) 100vw, 300px\" \/><\/a>Apesar dos tempos dif\u00edceis que estamos enfrentando em rela\u00e7\u00e3o \u00e0 pandemia, esse crescimento na produ\u00e7\u00e3o do mel significa mais recursos em nosso pa\u00eds, melhor recupera\u00e7\u00e3o econ\u00f4mica, e um setor ap\u00edcola mais forte.<\/span><\/p>\n<p><span style=\"font-size: large;\">A ABEMEL, por meio de seus associados, se orgulha em fazer parte do desenvolvimento sustent\u00e1vel da apicultura no Brasil, trabalhando lado a lado com os apicultores e garantindo produtos de qualidade para os consumidores.<\/span><\/p>\n<p><span style=\"font-size: large;\">Mel, fortalece a sa\u00fade e tamb\u00e9m a economia!<\/span><\/p>\n<p><a href=\"https:\/\/apacame.org.br\/site\/wp-content\/uploads\/2021\/12\/Quadro_2_Mercado.jpg\"><img decoding=\"async\" class=\"aligncenter size-full wp-image-4576\" src=\"https:\/\/apacame.org.br\/site\/wp-content\/uploads\/2021\/12\/Quadro_2_Mercado.jpg\" alt=\"Quadro_2_Mercado\" width=\"780\" height=\"1923\" srcset=\"https:\/\/apacame.org.br\/site\/wp-content\/uploads\/2021\/12\/Quadro_2_Mercado.jpg 780w, https:\/\/apacame.org.br\/site\/wp-content\/uploads\/2021\/12\/Quadro_2_Mercado-122x300.jpg 122w, https:\/\/apacame.org.br\/site\/wp-content\/uploads\/2021\/12\/Quadro_2_Mercado-415x1024.jpg 415w, https:\/\/apacame.org.br\/site\/wp-content\/uploads\/2021\/12\/Quadro_2_Mercado-150x370.jpg 150w, https:\/\/apacame.org.br\/site\/wp-content\/uploads\/2021\/12\/Quadro_2_Mercado-203x500.jpg 203w\" sizes=\"(max-width: 780px) 100vw, 780px\" \/><\/a><\/p>\n","protected":false},"excerpt":{"rendered":"<p>Em 2020 o setor de apicultura registrou marcas hist\u00f3ricas. As exporta\u00e7\u00f5es registraram aumento de 52% em rela\u00e7\u00e3o ao ano de 2019, alcan\u00e7ando um recorde hist\u00f3rico. J\u00e1 a produ\u00e7\u00e3o nacional de [&hellip;]<\/p>\n","protected":false},"author":20,"featured_media":0,"parent":4512,"menu_order":0,"comment_status":"open","ping_status":"open","template":"","meta":{"pmpro_default_level":"","_price":"","_stock":"","_tribe_ticket_header":"","_tribe_default_ticket_provider":"","_tribe_ticket_capacity":"0","_ticket_start_date":"","_ticket_end_date":"","_tribe_ticket_show_description":"","_tribe_ticket_show_not_going":false,"_tribe_ticket_use_global_stock":"","_tribe_ticket_global_stock_level":"","_global_stock_mode":"","_global_stock_cap":"","_tribe_rsvp_for_event":"","_tribe_ticket_going_count":"","_tribe_ticket_not_going_count":"","_tribe_tickets_list":"[]","_tribe_ticket_has_attendee_info_fields":false,"cybocfi_hide_featured_image":"","footnotes":""},"class_list":["post-4573","page","type-page","status-publish","hentry","pmpro-has-access"],"_links":{"self":[{"href":"https:\/\/apacame.org.br\/site\/wp-json\/wp\/v2\/pages\/4573"}],"collection":[{"href":"https:\/\/apacame.org.br\/site\/wp-json\/wp\/v2\/pages"}],"about":[{"href":"https:\/\/apacame.org.br\/site\/wp-json\/wp\/v2\/types\/page"}],"author":[{"embeddable":true,"href":"https:\/\/apacame.org.br\/site\/wp-json\/wp\/v2\/users\/20"}],"replies":[{"embeddable":true,"href":"https:\/\/apacame.org.br\/site\/wp-json\/wp\/v2\/comments?post=4573"}],"version-history":[{"count":2,"href":"https:\/\/apacame.org.br\/site\/wp-json\/wp\/v2\/pages\/4573\/revisions"}],"predecessor-version":[{"id":4578,"href":"https:\/\/apacame.org.br\/site\/wp-json\/wp\/v2\/pages\/4573\/revisions\/4578"}],"up":[{"embeddable":true,"href":"https:\/\/apacame.org.br\/site\/wp-json\/wp\/v2\/pages\/4512"}],"wp:attachment":[{"href":"https:\/\/apacame.org.br\/site\/wp-json\/wp\/v2\/media?parent=4573"}],"curies":[{"name":"wp","href":"https:\/\/api.w.org\/{rel}","templated":true}]}}