{"id":4560,"date":"2021-12-09T20:47:47","date_gmt":"2021-12-09T20:47:47","guid":{"rendered":"https:\/\/apacame.org.br\/site\/?page_id=4560"},"modified":"2021-12-09T20:47:47","modified_gmt":"2021-12-09T20:47:47","slug":"atividade","status":"publish","type":"page","link":"https:\/\/apacame.org.br\/site\/revista\/mensagem-doce-n-164-novembro-de-2021\/atividade\/","title":{"rendered":"Atividade"},"content":{"rendered":"<h1 style=\"text-align: center;\">Visita do vice-presidente da Associa\u00e7\u00e3o Nacional de Apicultores da Hungria (OMME)<\/h1>\n<blockquote><p>Eloi Viana da Silva &#8211; Presidente da APACAME.<\/p><\/blockquote>\n<p><span style=\"font-size: large;\"><a href=\"https:\/\/apacame.org.br\/site\/wp-content\/uploads\/2021\/12\/Foto_1_Visita.jpg\"><img decoding=\"async\" class=\"alignright size-thumbnail wp-image-4561\" src=\"https:\/\/apacame.org.br\/site\/wp-content\/uploads\/2021\/12\/Foto_1_Visita-150x150.jpg\" alt=\"Foto_1_Visita\" width=\"150\" height=\"150\" srcset=\"https:\/\/apacame.org.br\/site\/wp-content\/uploads\/2021\/12\/Foto_1_Visita-150x150.jpg 150w, https:\/\/apacame.org.br\/site\/wp-content\/uploads\/2021\/12\/Foto_1_Visita-100x100.jpg 100w\" sizes=\"(max-width: 150px) 100vw, 150px\" \/><\/a>A diretoria da APACAME teve o prazer e a honra de receber o Dr. D\u00e9nes Heged\u00fcs, vice-presidente da OMME (Associa\u00e7\u00e3o Nacional de Apicultores da Hungria &#8211; http:\/\/www.omme.hu), associa\u00e7\u00e3o equivalente \u00e0 nossa (CBA), e de sua filha Karmen, que mora no Brasil h\u00e1 10 anos, e que foi nossa tradutora no api\u00e1rio escola Dito Pintado, em Santana de Parna\u00edba, onde est\u00e1vamos ministrando um curso b\u00e1sico de apicultura com 22 alunos. <\/span><\/p>\n<p><span style=\"font-size: large;\">Na ocasi\u00e3o, o Dr. D\u00e9nes proferiu palestra para nosso grupo de novos apicultores. Muito emocionado, principalmente pelas perguntas, ele foi apresentado a nosso api\u00e1rio de abelhas Africanizadas e de Nativas. Ambas n\u00e3o existem na Hungria, onde s\u00f3 se trabalha com abelhas europeias. A visita foi acompanhada pelo diretor da APACAME e propriet\u00e1rio dos api\u00e1rios, \u00c1lvaro Chaves de Oliveira. Uma grata coincid\u00eancia que surpreendeu e emocionou a ambos foi saber que \u00c1lvaro \u00e9 primo do Dr. Warwick Estevam Kerr, que sempre foi um estudioso dos seus trabalhos.<\/span><\/p>\n<figure id=\"attachment_4562\" aria-describedby=\"caption-attachment-4562\" style=\"width: 300px\" class=\"wp-caption alignleft\"><a href=\"https:\/\/apacame.org.br\/site\/wp-content\/uploads\/2021\/12\/Foto_2_Visita.jpg\"><img fetchpriority=\"high\" decoding=\"async\" class=\"size-medium wp-image-4562\" src=\"https:\/\/apacame.org.br\/site\/wp-content\/uploads\/2021\/12\/Foto_2_Visita-300x191.jpg\" alt=\"Dr. D\u00e9nes recebendo uma camisa e bon\u00e9 na sede da APACAME, do Presidente Eloi Viana da Silva e sua Filha Karmen.\" width=\"300\" height=\"191\" srcset=\"https:\/\/apacame.org.br\/site\/wp-content\/uploads\/2021\/12\/Foto_2_Visita-300x191.jpg 300w, https:\/\/apacame.org.br\/site\/wp-content\/uploads\/2021\/12\/Foto_2_Visita-150x96.jpg 150w, https:\/\/apacame.org.br\/site\/wp-content\/uploads\/2021\/12\/Foto_2_Visita-500x318.jpg 500w, https:\/\/apacame.org.br\/site\/wp-content\/uploads\/2021\/12\/Foto_2_Visita.jpg 774w\" sizes=\"(max-width: 300px) 100vw, 300px\" \/><\/a><figcaption id=\"caption-attachment-4562\" class=\"wp-caption-text\">Dr. D\u00e9nes recebendo uma camisa e bon\u00e9 na sede da APACAME, do Presidente<br \/>Eloi Viana da Silva e sua Filha Karmen.<\/figcaption><\/figure>\n<p><span style=\"font-size: large;\">Em conversa com o Dr. D\u00e9nes, da Hungria (um pa\u00eds com mais de 10 milh\u00f5es de habitantes), ficamos sabendo que esse pa\u00eds europeu produz cerca de 20-25.000 toneladas de mel por ano. As colmeias mais fortes conseguem produzir em m\u00e9dia 60 a 100 quilos, os apicultores profissionais fazem sete migrat\u00f3rias por ano, sendo as principais floradas canola, ac\u00e1ssia (primeira e segunda), asclepias, flor de tilia, girassol e solidago officinalis.<\/span><\/p>\n<p><span style=\"font-size: large;\">Na Hungria existem apenas 100 dias (menos de 4 meses) de produ\u00e7\u00e3o. O consumo de mel hoje \u00e9 acima de um quilo per capita, mas h\u00e1 10 anos eram apenas de 300g por pessoa. Foi feito um projeto com palestras nas escolas e v\u00e1rios tipos de mel para as crian\u00e7as degustarem nas redes infantis e fundamentais. Gra\u00e7as a essa propaganda, o consumo de mel das fam\u00edlias h\u00fangaras cresce a cada ano. Se o consumo chegar a 2,5 quilos por pessoa, j\u00e1 n\u00e3o haver\u00e1 mel h\u00fangaro para exporta\u00e7\u00e3o. <\/span><\/p>\n<figure id=\"attachment_4563\" aria-describedby=\"caption-attachment-4563\" style=\"width: 298px\" class=\"wp-caption alignright\"><a href=\"https:\/\/apacame.org.br\/site\/wp-content\/uploads\/2021\/12\/Foto_3_Visita.jpg\"><img decoding=\"async\" class=\"size-medium wp-image-4563\" src=\"https:\/\/apacame.org.br\/site\/wp-content\/uploads\/2021\/12\/Foto_3_Visita-298x300.jpg\" alt=\"Visitando o api\u00e1rio escola da APACAME com o diretor Alvaro Chaves de Oliveira, mostrando as abelhas sem ferr\u00e3o\" width=\"298\" height=\"300\" srcset=\"https:\/\/apacame.org.br\/site\/wp-content\/uploads\/2021\/12\/Foto_3_Visita-298x300.jpg 298w, https:\/\/apacame.org.br\/site\/wp-content\/uploads\/2021\/12\/Foto_3_Visita-150x151.jpg 150w, https:\/\/apacame.org.br\/site\/wp-content\/uploads\/2021\/12\/Foto_3_Visita-100x100.jpg 100w, https:\/\/apacame.org.br\/site\/wp-content\/uploads\/2021\/12\/Foto_3_Visita-497x500.jpg 497w, https:\/\/apacame.org.br\/site\/wp-content\/uploads\/2021\/12\/Foto_3_Visita.jpg 774w\" sizes=\"(max-width: 298px) 100vw, 298px\" \/><\/a><figcaption id=\"caption-attachment-4563\" class=\"wp-caption-text\">Visitando o api\u00e1rio escola da APACAME com o diretor Alvaro Chaves de Oliveira,<br \/>mostrando as abelhas sem ferr\u00e3o<\/figcaption><\/figure>\n<p><span style=\"font-size: large;\">Os apicultores h\u00fangaros t\u00eam uma organiza\u00e7\u00e3o de excel\u00eancia, existem associa\u00e7\u00f5es regionais e clubes locais, al\u00e9m da Associa\u00e7\u00e3o Nacional de Apicultores da Hungria (OMME). Os membros pagam o equivalente a pouco mais de um real de taxa de ades\u00e3o por colmeia e 45 reais de taxa b\u00e1sica anual como ades\u00e3o. Um ter\u00e7o dos pagamentos ser\u00e1 usado no clube local, outro ter\u00e7o ir\u00e1 para organiza\u00e7\u00f5es dos condados e um ter\u00e7o ir\u00e1 para a associa\u00e7\u00e3o central.<\/span><\/p>\n<p><span style=\"font-size: large;\">As subven\u00e7\u00f5es s\u00e3o quase uniformes em n\u00edvel europeu, mas existem diferen\u00e7as de pa\u00eds para pa\u00eds. Na Hungria, o valor do subs\u00eddio para compra de abelha-rainha \u00e9 de 27 reais. A abelha-rainha fecundada custa 13 reais e o subs\u00eddio de poliniza\u00e7\u00e3o \u00e9 de 18 reais por colmeia. A fim de proteger as abelhas, a Uni\u00e3o Europeia prev\u00ea fornecer aos apicultores apoio ao rendimento para manter seu esp\u00edrito ap\u00edcola, porque sem as abelhas algumas culturas produzem significativamente menos.<\/span><\/p>\n<p><span style=\"font-size: large;\"> \u201cFico muito grato por ter conhecido os apicultores brasileiros e fico feliz que essa bela profiss\u00e3o antiga seja praticada em alto n\u00edvel tamb\u00e9m aqui. As oportunidades da apicultura no Brasil s\u00e3o enormes, desejo boa sa\u00fade e muito sucesso para o desenvolvimento da apicultura brasileira. O mais interessante para mim foi o carinho com que as abelhas nativas s\u00e3o cuidadas e criadas pelos apicultores e como eles fizeram amizade com as abelhas africanizadas. Para mim foi um grande prazer ser saudado quando nos encontramos como se eu pertencesse a voc\u00eas e n\u00e3o como uma pessoa desconhecida\u201d. (Dr. D\u00e9nes Heged\u00fcs)<\/span><\/p>\n<figure id=\"attachment_4564\" aria-describedby=\"caption-attachment-4564\" style=\"width: 300px\" class=\"wp-caption alignleft\"><a href=\"https:\/\/apacame.org.br\/site\/wp-content\/uploads\/2021\/12\/Foto_4_Visita.jpg\"><img loading=\"lazy\" decoding=\"async\" class=\"size-medium wp-image-4564\" src=\"https:\/\/apacame.org.br\/site\/wp-content\/uploads\/2021\/12\/Foto_4_Visita-300x199.jpg\" alt=\"Visita a sala de aula do Apiario escola da APACAME.\" width=\"300\" height=\"199\" srcset=\"https:\/\/apacame.org.br\/site\/wp-content\/uploads\/2021\/12\/Foto_4_Visita-300x199.jpg 300w, https:\/\/apacame.org.br\/site\/wp-content\/uploads\/2021\/12\/Foto_4_Visita-150x99.jpg 150w, https:\/\/apacame.org.br\/site\/wp-content\/uploads\/2021\/12\/Foto_4_Visita-500x331.jpg 500w, https:\/\/apacame.org.br\/site\/wp-content\/uploads\/2021\/12\/Foto_4_Visita.jpg 782w\" sizes=\"(max-width: 300px) 100vw, 300px\" \/><\/a><figcaption id=\"caption-attachment-4564\" class=\"wp-caption-text\">Visita a sala de aula do Apiario escola da APACAME.<\/figcaption><\/figure>\n<p><span style=\"font-size: large;\">Em nome da diretoria da APACAME e de todos os associados, agradecemos e muito a presen\u00e7a do Dr. D\u00e9nes, que al\u00e9m de vice-presidente da associa\u00e7\u00e3o h\u00fangara e pesquisador, \u00e9 um grande apicultor. Na certeza de continuarmos nos relacionando em nome das Abelhas, agradecemos tamb\u00e9m o convite para uma visita aos apicultores na Hungria. Dr. D\u00e9nes contribuiu tamb\u00e9m para nosso aprendizado, principalmente das pol\u00edticas p\u00fablicas em seu pa\u00eds, dignas de admira\u00e7\u00e3o e merecedoras de imita\u00e7\u00e3o. Parab\u00e9ns.<\/span><\/p>\n","protected":false},"excerpt":{"rendered":"<p>Visita do vice-presidente da Associa\u00e7\u00e3o Nacional de Apicultores da Hungria (OMME) Eloi Viana da Silva &#8211; Presidente da APACAME. A diretoria da APACAME teve o prazer e a honra de [&hellip;]<\/p>\n","protected":false},"author":20,"featured_media":0,"parent":4512,"menu_order":0,"comment_status":"open","ping_status":"open","template":"","meta":{"pmpro_default_level":"","_price":"","_stock":"","_tribe_ticket_header":"","_tribe_default_ticket_provider":"","_tribe_ticket_capacity":"0","_ticket_start_date":"","_ticket_end_date":"","_tribe_ticket_show_description":"","_tribe_ticket_show_not_going":false,"_tribe_ticket_use_global_stock":"","_tribe_ticket_global_stock_level":"","_global_stock_mode":"","_global_stock_cap":"","_tribe_rsvp_for_event":"","_tribe_ticket_going_count":"","_tribe_ticket_not_going_count":"","_tribe_tickets_list":"[]","_tribe_ticket_has_attendee_info_fields":false,"cybocfi_hide_featured_image":"","footnotes":""},"class_list":["post-4560","page","type-page","status-publish","hentry","pmpro-has-access"],"_links":{"self":[{"href":"https:\/\/apacame.org.br\/site\/wp-json\/wp\/v2\/pages\/4560"}],"collection":[{"href":"https:\/\/apacame.org.br\/site\/wp-json\/wp\/v2\/pages"}],"about":[{"href":"https:\/\/apacame.org.br\/site\/wp-json\/wp\/v2\/types\/page"}],"author":[{"embeddable":true,"href":"https:\/\/apacame.org.br\/site\/wp-json\/wp\/v2\/users\/20"}],"replies":[{"embeddable":true,"href":"https:\/\/apacame.org.br\/site\/wp-json\/wp\/v2\/comments?post=4560"}],"version-history":[{"count":2,"href":"https:\/\/apacame.org.br\/site\/wp-json\/wp\/v2\/pages\/4560\/revisions"}],"predecessor-version":[{"id":4566,"href":"https:\/\/apacame.org.br\/site\/wp-json\/wp\/v2\/pages\/4560\/revisions\/4566"}],"up":[{"embeddable":true,"href":"https:\/\/apacame.org.br\/site\/wp-json\/wp\/v2\/pages\/4512"}],"wp:attachment":[{"href":"https:\/\/apacame.org.br\/site\/wp-json\/wp\/v2\/media?parent=4560"}],"curies":[{"name":"wp","href":"https:\/\/api.w.org\/{rel}","templated":true}]}}