{"id":4483,"date":"2021-10-25T18:55:07","date_gmt":"2021-10-25T18:55:07","guid":{"rendered":"https:\/\/apacame.org.br\/site\/?page_id=4483"},"modified":"2021-10-25T18:55:07","modified_gmt":"2021-10-25T18:55:07","slug":"artigo-7","status":"publish","type":"page","link":"https:\/\/apacame.org.br\/site\/revista\/mensagem-doce-n-163-setembro-de-2021\/artigo-7\/","title":{"rendered":"Artigo"},"content":{"rendered":"<h1 style=\"text-align: center;\">ABEMEL destaca a import\u00e2ncia da revis\u00e3o da Portaria 6<\/h1>\n<blockquote><p>Suelen C. de Palma Tomazella<\/p><\/blockquote>\n<p><span style=\"font-size: large;\"><a href=\"https:\/\/apacame.org.br\/site\/wp-content\/uploads\/2021\/10\/Logo_Abemel.jpg\"><img fetchpriority=\"high\" decoding=\"async\" class=\"alignright size-medium wp-image-4484\" src=\"https:\/\/apacame.org.br\/site\/wp-content\/uploads\/2021\/10\/Logo_Abemel-300x270.jpg\" alt=\"Logo_Abemel\" width=\"300\" height=\"270\" srcset=\"https:\/\/apacame.org.br\/site\/wp-content\/uploads\/2021\/10\/Logo_Abemel-300x270.jpg 300w, https:\/\/apacame.org.br\/site\/wp-content\/uploads\/2021\/10\/Logo_Abemel-1024x920.jpg 1024w, https:\/\/apacame.org.br\/site\/wp-content\/uploads\/2021\/10\/Logo_Abemel-150x135.jpg 150w, https:\/\/apacame.org.br\/site\/wp-content\/uploads\/2021\/10\/Logo_Abemel-500x449.jpg 500w, https:\/\/apacame.org.br\/site\/wp-content\/uploads\/2021\/10\/Logo_Abemel.jpg 1156w\" sizes=\"(max-width: 300px) 100vw, 300px\" \/><\/a>A Associa\u00e7\u00e3o Brasileira dos Exportadores de Mel, refor\u00e7a aos atores do setor ap\u00edcola brasileiro, a seriedade sobre a revis\u00e3o da portaria que aprova as normas higi\u00eanico-sanit\u00e1rias e tecnol\u00f3gicas para mel, cera de abelhas e derivados.<\/span><\/p>\n<p><span style=\"font-size: large;\">Em fevereiro do ano de 2020, a ABEMEL apresentou junto a C\u00e2mara Setorial do Mel em Bras\u00edlia\/DF, um oficio solicitando revoga\u00e7\u00e3o parcial da Portaria 6 visto que esta j\u00e1 se encontrava em discord\u00e2ncia com normas atuais, em especial os itens referentes ao controle de qualidade do mel, uma vez que estes par\u00e2metros de qualidade est\u00e3o muito defasados em rela\u00e7\u00e3o aos Padr\u00e3o de Identidade e Qualidade (RTIQ) publicados pela Instru\u00e7\u00e3o Normativa n\u00ba 11\/2000 assim como normas internacionais.<\/span><\/p>\n<p><span style=\"font-size: large;\">Com a publica\u00e7\u00e3o do Decreto n\u00ba 9.013\/2017, alterado pelo Decreto n\u00ba 10.468\/2020 (RIISPOA), tornou-se ainda mais obsoleta e desatualizada. <\/span><\/p>\n<p><span style=\"font-size: large;\">Uma das principais mudan\u00e7as \u00e9 que a Portaria 6 estabelece duas categorias: Api\u00e1rio e Entreposto de Mel e Cera de Abelhas, por\u00e9m, no RIISPOA, os estabelecimentos de produtos de abelhas e derivados passaram a ter apenas uma classifica\u00e7\u00e3o: Unidade de Beneficiamento de Produtos de Abelhas, demonstrando claramente a necessidade de revis\u00e3o, tanto quanto \u00e0 classifica\u00e7\u00e3o (categoria) quanto aos requisitos de instala\u00e7\u00f5es e de equipamentos para o funcionamento de estabelecimentos de produtos de abelhas e derivados. <\/span><\/p>\n<p><span style=\"font-size: large;\">J\u00e1 em meados de maio deste ano, a C\u00e2mara Setorial do Mel de Bras\u00edlia, encaminhou para os membros da c\u00e2mara um of\u00edcio do Minist\u00e9rio da Agricultura com informativo sobre a Revis\u00e3o da Portaria n\u00ba 6, de 25 de julho de 1985, que prop\u00f5e ao setor produtivo discuss\u00e3o pr\u00e9via e preparo de propostas a serem consideradas na edi\u00e7\u00e3o da nova norma.<\/span><\/p>\n<p><span style=\"font-size: large;\">A ABEMEL, como membro efetivo da c\u00e2mara, trabalhou junto a equipe da entidade nas informa\u00e7\u00f5es dessa minuta e do texto original da Portaria 6 e encaminhou os apontamentos dos entrepostos associados para a C\u00e2mara Setorial, que compilou todas as informa\u00e7\u00f5es recebidas e enviou ao Divis\u00e3o de Inspe\u00e7\u00e3o de Produtos de Origem Animal \u2013 DIPOA.<\/span><\/p>\n<p><span style=\"font-size: large;\">Em breve, o DIPOA dever\u00e1 publicar a consulta p\u00fablica com o texto da revis\u00e3o da portaria 6, e, como toda consulta p\u00fablica, estar\u00e1 dispon\u00edvel para sugest\u00f5es por tempo determinado. <\/span><\/p>\n<p><span style=\"font-size: large;\">Neste sentido a ABEMEL vem ressaltar aos participantes de toda a cadeia a import\u00e2ncia na participa\u00e7\u00e3o desta consulta. \u201cA referida portaria aprova as normas higi\u00eanico-sanit\u00e1rias e tecnol\u00f3gicas para mel, cera de abelhas e derivados e \u00e9 de grande import\u00e2ncia que assim que publicada a consulta p\u00fablica, todos fa\u00e7am suas devidas colabora\u00e7\u00f5es, pois tal portaria abrange todos os \u00e2mbitos, desde a produ\u00e7\u00e3o prim\u00e1ria com o produtor rural, seus api\u00e1rios, passando pelas \u2018casas de mel\u2019, \u2018unidades de extra\u00e7\u00e3o\u2019, \u2018entrepostos\u2019 chegando at\u00e9 os exportadores. Todos ser\u00e3o de alguma forma impactados, refor\u00e7a a presidente da ABEMEL, Dra. Andresa Berretta\u201d.<\/span><\/p>\n","protected":false},"excerpt":{"rendered":"<p>ABEMEL destaca a import\u00e2ncia da revis\u00e3o da Portaria 6 Suelen C. de Palma Tomazella A Associa\u00e7\u00e3o Brasileira dos Exportadores de Mel, refor\u00e7a aos atores do setor ap\u00edcola brasileiro, a seriedade [&hellip;]<\/p>\n","protected":false},"author":20,"featured_media":0,"parent":4370,"menu_order":0,"comment_status":"open","ping_status":"open","template":"","meta":{"pmpro_default_level":"","_price":"","_stock":"","_tribe_ticket_header":"","_tribe_default_ticket_provider":"","_tribe_ticket_capacity":"0","_ticket_start_date":"","_ticket_end_date":"","_tribe_ticket_show_description":"","_tribe_ticket_show_not_going":false,"_tribe_ticket_use_global_stock":"","_tribe_ticket_global_stock_level":"","_global_stock_mode":"","_global_stock_cap":"","_tribe_rsvp_for_event":"","_tribe_ticket_going_count":"","_tribe_ticket_not_going_count":"","_tribe_tickets_list":"[]","_tribe_ticket_has_attendee_info_fields":false,"cybocfi_hide_featured_image":"","footnotes":""},"class_list":["post-4483","page","type-page","status-publish","hentry","pmpro-has-access"],"_links":{"self":[{"href":"https:\/\/apacame.org.br\/site\/wp-json\/wp\/v2\/pages\/4483"}],"collection":[{"href":"https:\/\/apacame.org.br\/site\/wp-json\/wp\/v2\/pages"}],"about":[{"href":"https:\/\/apacame.org.br\/site\/wp-json\/wp\/v2\/types\/page"}],"author":[{"embeddable":true,"href":"https:\/\/apacame.org.br\/site\/wp-json\/wp\/v2\/users\/20"}],"replies":[{"embeddable":true,"href":"https:\/\/apacame.org.br\/site\/wp-json\/wp\/v2\/comments?post=4483"}],"version-history":[{"count":2,"href":"https:\/\/apacame.org.br\/site\/wp-json\/wp\/v2\/pages\/4483\/revisions"}],"predecessor-version":[{"id":4486,"href":"https:\/\/apacame.org.br\/site\/wp-json\/wp\/v2\/pages\/4483\/revisions\/4486"}],"up":[{"embeddable":true,"href":"https:\/\/apacame.org.br\/site\/wp-json\/wp\/v2\/pages\/4370"}],"wp:attachment":[{"href":"https:\/\/apacame.org.br\/site\/wp-json\/wp\/v2\/media?parent=4483"}],"curies":[{"name":"wp","href":"https:\/\/api.w.org\/{rel}","templated":true}]}}