{"id":4457,"date":"2021-10-22T20:13:55","date_gmt":"2021-10-22T20:13:55","guid":{"rendered":"https:\/\/apacame.org.br\/site\/?page_id=4457"},"modified":"2021-10-22T20:13:55","modified_gmt":"2021-10-22T20:13:55","slug":"artigo-5","status":"publish","type":"page","link":"https:\/\/apacame.org.br\/site\/revista\/mensagem-doce-n-163-setembro-de-2021\/artigo-5\/","title":{"rendered":"Artigo"},"content":{"rendered":"<h1 style=\"text-align: center;\">O APOCALIPSE DOS INSETOS NA NATUREZA E OS HOMENS.<\/h1>\n<blockquote><p>Lionel Segui Gon\u00e7alves \u2013 Professor aposentado da USP de Ribeir\u00e3o Preto-SP<\/p><\/blockquote>\n<p><span style=\"font-size: large;\"><a href=\"https:\/\/apacame.org.br\/site\/wp-content\/uploads\/2021\/10\/Figura_1_Apocalipse.jpg\"><img fetchpriority=\"high\" decoding=\"async\" class=\"alignright size-medium wp-image-4458\" src=\"https:\/\/apacame.org.br\/site\/wp-content\/uploads\/2021\/10\/Figura_1_Apocalipse-300x212.jpg\" alt=\"Figura_1_Apocalipse\" width=\"300\" height=\"212\" srcset=\"https:\/\/apacame.org.br\/site\/wp-content\/uploads\/2021\/10\/Figura_1_Apocalipse-300x212.jpg 300w, https:\/\/apacame.org.br\/site\/wp-content\/uploads\/2021\/10\/Figura_1_Apocalipse-1024x722.jpg 1024w, https:\/\/apacame.org.br\/site\/wp-content\/uploads\/2021\/10\/Figura_1_Apocalipse-150x106.jpg 150w, https:\/\/apacame.org.br\/site\/wp-content\/uploads\/2021\/10\/Figura_1_Apocalipse-500x353.jpg 500w, https:\/\/apacame.org.br\/site\/wp-content\/uploads\/2021\/10\/Figura_1_Apocalipse.jpg 1156w\" sizes=\"(max-width: 300px) 100vw, 300px\" \/><\/a>Em 2018 Brooke Jarvis publicou, no New York Times Magazine, um longo artigo sobre o desaparecimento dos insetos, texto traduzido por Amanda Kaster em 9\/12\/2018, com v\u00e1rias refer\u00eancias de ocorr\u00eancias no mundo, referindo-se a esse fen\u00f4meno como o \u201capocalipse dos insetos\u201c, o que nos chamou a aten\u00e7\u00e3o, uma vez que o fen\u00f4meno coincide com o que vem ocorrendo com as abelhas em v\u00e1rias partes do mundo e aqui no Brasil.<\/span><\/p>\n<p><span style=\"font-size: large;\">Antes de prosseguir desejo lembrar que o termo apocalipse refere-se a um discurso obscuro, escatol\u00f3gico, aterrorizante e inesperado, como o \u00faltimo livro can\u00f4nico do Novo Testamento atribu\u00eddo a S\u00e3o Jo\u00e3o, que cont\u00e9m revela\u00e7\u00f5es sobre o fim do mundo (Fig 1).<\/span><\/p>\n<p><span style=\"font-size: large;\">O artigo em quest\u00e3o, aqui relatado a seguir, refere-se a um fato muito curioso, pois, na verdade ele serve de um sinal de alarme para n\u00f3s amantes das abelhas. Jarvis comenta um passeio de bicicleta de um professor de matem\u00e1tica, Sune Boye Riis, com seu filho mais novo, nos arredores de Kopenhagen, Dinamarca em um determinado dia do ver\u00e3o de 2016, quando constatou um fato estranho que estava ocorrendo, ele e seu filho n\u00e3o estavam comendo insetos como acontecia nessas ocasi\u00f5es em sua inf\u00e2ncia.<\/span><\/p>\n<p><span style=\"font-size: large;\"><a href=\"https:\/\/apacame.org.br\/site\/wp-content\/uploads\/2021\/10\/Figura_2_Apocalipse.jpg\"><img decoding=\"async\" class=\"alignleft size-medium wp-image-4459\" src=\"https:\/\/apacame.org.br\/site\/wp-content\/uploads\/2021\/10\/Figura_2_Apocalipse-300x164.jpg\" alt=\"Figura_2_Apocalipse\" width=\"300\" height=\"164\" srcset=\"https:\/\/apacame.org.br\/site\/wp-content\/uploads\/2021\/10\/Figura_2_Apocalipse-300x164.jpg 300w, https:\/\/apacame.org.br\/site\/wp-content\/uploads\/2021\/10\/Figura_2_Apocalipse-1024x559.jpg 1024w, https:\/\/apacame.org.br\/site\/wp-content\/uploads\/2021\/10\/Figura_2_Apocalipse-150x82.jpg 150w, https:\/\/apacame.org.br\/site\/wp-content\/uploads\/2021\/10\/Figura_2_Apocalipse-500x273.jpg 500w, https:\/\/apacame.org.br\/site\/wp-content\/uploads\/2021\/10\/Figura_2_Apocalipse.jpg 1156w\" sizes=\"(max-width: 300px) 100vw, 300px\" \/><\/a>Ele comentou que isto era muito comum nesses passeios antigamente na Dinamarca e as pessoas precisavam andar com a boca fechada ao atravessar nuvens de insetos enquanto passeavam a p\u00e9 ou de bicicleta pois, inevitavelmente engoliam insetos nessa ocasi\u00e3o. <\/span><\/p>\n<p><span style=\"font-size: large;\">Por outro lado, lembrou tamb\u00e9m que, nessa ocasi\u00e3o, quando seus pais andavam de carro os para-brisas se enchiam de carca\u00e7as de insetos tal a quantidade de insetos que eram atingidos nos percursos. Riis notou que isso tamb\u00e9m n\u00e3o ocorreu em 2016 e, principalmente, que no passeio de bicicleta ele curiosamente n\u00e3o havia comido insetos como de costume.<\/span><\/p>\n<p><span style=\"font-size: large;\">Algo estranho estava ocorrendo e essa aus\u00eancia de insetos, segundo ele, parecia ser um verdadeiro sinal de alarme de um fen\u00f4meno diferente ou anormal na natureza. <\/span><\/p>\n<p><span style=\"font-size: large;\"><a href=\"https:\/\/apacame.org.br\/site\/wp-content\/uploads\/2021\/10\/Figura_3_Apocalipse.jpg\"><img decoding=\"async\" class=\"alignright size-medium wp-image-4460\" src=\"https:\/\/apacame.org.br\/site\/wp-content\/uploads\/2021\/10\/Figura_3_Apocalipse-300x161.jpg\" alt=\"Figura_3_Apocalipse\" width=\"300\" height=\"161\" srcset=\"https:\/\/apacame.org.br\/site\/wp-content\/uploads\/2021\/10\/Figura_3_Apocalipse-300x161.jpg 300w, https:\/\/apacame.org.br\/site\/wp-content\/uploads\/2021\/10\/Figura_3_Apocalipse-1024x548.jpg 1024w, https:\/\/apacame.org.br\/site\/wp-content\/uploads\/2021\/10\/Figura_3_Apocalipse-150x80.jpg 150w, https:\/\/apacame.org.br\/site\/wp-content\/uploads\/2021\/10\/Figura_3_Apocalipse-500x268.jpg 500w, https:\/\/apacame.org.br\/site\/wp-content\/uploads\/2021\/10\/Figura_3_Apocalipse.jpg 1157w\" sizes=\"(max-width: 300px) 100vw, 300px\" \/><\/a>Estariam os insetos sumindo? Riis preocupou-se que seu filho n\u00e3o estava tendo a mesma sensa\u00e7\u00e3o que ele teve em sua inf\u00e2ncia, e desejou averiguar a raz\u00e3o dessa aus\u00eancia dos insetos.<\/span><\/p>\n<p><span style=\"font-size: large;\">A seguir prendeu uma rede de insetos no teto de seu carro e saiu para rodar pelas redondezas de sua casa para tentar verificar se a rede coletaria insetos. Isso n\u00e3o ocorreu e com a ajuda de v\u00e1rios colaboradores com carros tamb\u00e9m com redes rodou por Kopenhagen e constatou, na ocasi\u00e3o, que realmente os insetos haviam desaparecido. Esta observa\u00e7\u00e3o de Riis foi amplamente comentada e a seguir outras descobertas sobre decl\u00ednio de popula\u00e7\u00f5es de insetos foram reveladas.<\/span><\/p>\n<p><span style=\"font-size: large;\">Naquele mesmo ano cientistas dos USA constataram que nos \u00faltimos 20 anos 90% das borboletas Monarca (Dannaus plexippus) (Fig 2) haviam reduzido suas popula\u00e7\u00f5es, com uma perda de 900 milh\u00f5es de indiv\u00edduos e que, no mesmo per\u00edodo, as abelhas mamangavas (Bompus affinis) haviam reduzido sua popula\u00e7\u00e3o em 87%.<\/span><\/p>\n<p><span style=\"font-size: large;\"><a href=\"https:\/\/apacame.org.br\/site\/wp-content\/uploads\/2021\/10\/Figura_4_Apocalipse.jpg\"><img loading=\"lazy\" decoding=\"async\" class=\"alignleft size-medium wp-image-4461\" src=\"https:\/\/apacame.org.br\/site\/wp-content\/uploads\/2021\/10\/Figura_4_Apocalipse-300x161.jpg\" alt=\"Figura_4_Apocalipse\" width=\"300\" height=\"161\" srcset=\"https:\/\/apacame.org.br\/site\/wp-content\/uploads\/2021\/10\/Figura_4_Apocalipse-300x161.jpg 300w, https:\/\/apacame.org.br\/site\/wp-content\/uploads\/2021\/10\/Figura_4_Apocalipse-1024x549.jpg 1024w, https:\/\/apacame.org.br\/site\/wp-content\/uploads\/2021\/10\/Figura_4_Apocalipse-150x80.jpg 150w, https:\/\/apacame.org.br\/site\/wp-content\/uploads\/2021\/10\/Figura_4_Apocalipse-500x268.jpg 500w, https:\/\/apacame.org.br\/site\/wp-content\/uploads\/2021\/10\/Figura_4_Apocalipse.jpg 1156w\" sizes=\"(max-width: 300px) 100vw, 300px\" \/><\/a>Broke Jarvis relata tamb\u00e9m em seu artigo que em 2017, em Krefeld, na Alemanha, a meia hora de carro partindo de Dusseldorf, perto da margem ocidental do Reno, um estudo feito por uma pequena sociedade de entusiastas entom\u00f3logos revelou que em apenas 27 anos a popula\u00e7\u00e3o de insetos foi reduzida em 75%. Segundo Jarvis (2018), j\u00e1 em 2013, os entomologistas de Krefeld haviam observado que o numero total de insetos capturados em uma reserva natural era 80% menor que no mesmo local em 1989.<\/span><\/p>\n<p><span style=\"font-size: large;\">Os estudos da redu\u00e7\u00e3o dos insetos constatadas em Krefeld se tornaram muito conhecidos no mundo cientifico. Os insetos s\u00e3o os animais n\u00e3o domesticados que conhecemos mais profundamente, cujas vidas se cruzam muito com as nossas como por ex. as aranhas nos chuveiros, as formigas na mesa, as abelhas no sorvete e sucos, os \u00e1caros na pele etc.<\/span><\/p>\n<p><span style=\"font-size: large;\"><a href=\"https:\/\/apacame.org.br\/site\/wp-content\/uploads\/2021\/10\/Figura_5_Apocalipse.jpg\"><img loading=\"lazy\" decoding=\"async\" class=\"alignright size-medium wp-image-4462\" src=\"https:\/\/apacame.org.br\/site\/wp-content\/uploads\/2021\/10\/Figura_5_Apocalipse-300x161.jpg\" alt=\"Figura_5_Apocalipse\" width=\"300\" height=\"161\" srcset=\"https:\/\/apacame.org.br\/site\/wp-content\/uploads\/2021\/10\/Figura_5_Apocalipse-300x161.jpg 300w, https:\/\/apacame.org.br\/site\/wp-content\/uploads\/2021\/10\/Figura_5_Apocalipse-1024x549.jpg 1024w, https:\/\/apacame.org.br\/site\/wp-content\/uploads\/2021\/10\/Figura_5_Apocalipse-150x80.jpg 150w, https:\/\/apacame.org.br\/site\/wp-content\/uploads\/2021\/10\/Figura_5_Apocalipse-500x268.jpg 500w, https:\/\/apacame.org.br\/site\/wp-content\/uploads\/2021\/10\/Figura_5_Apocalipse.jpg 1156w\" sizes=\"(max-width: 300px) 100vw, 300px\" \/><\/a>Existem 12 mil tipos de formigas, 20 mil variedades de abelhas, 400 mil esp\u00e9cies de besouros etc. Todos esses insetos est\u00e3o sumindo e com isso est\u00e1 ocorrendo uma redu\u00e7\u00e3o de popula\u00e7\u00f5es e de diversidade ou redu\u00e7\u00e3o da biodiversidade.<\/span><\/p>\n<p><span style=\"font-size: large;\">Em 2014 a revista Science criou uma nova terminologia para definir os desaparecimentos da fauna, a defauna\u00e7\u00e3o de indiv\u00edduos e, mais tarde, um termo mais amplo, a aniquila\u00e7\u00e3o biol\u00f3gica. Portanto Riis estava correto em sua observa\u00e7\u00e3o a respeito do fen\u00f4meno da aus\u00eancia de insetos.<\/span><\/p>\n<p><span style=\"font-size: large;\">Mais recentemente, com o uso indiscriminado dos in\u00fameros agrot\u00f3xicos utilizados na natureza, torna-se mais evidente o desaparecimento ou inesperado apocalipse dos insetos. Por outro lado, a defauna\u00e7\u00e3o atingindo outros animais na natureza tamb\u00e9m vem ocorrendo devido a a\u00e7\u00e3o desses fatores, sendo, por\u00e9m, bem mais ampla pois, desde 1970 cientistas tem constatado que as popula\u00e7\u00f5es de animais terrestres selvagens da Terra perderam em m\u00e9dia 60% de seus membros, o que \u00e9 muito preocupante.<\/span><\/p>\n<p><span style=\"font-size: large;\"><a href=\"https:\/\/apacame.org.br\/site\/wp-content\/uploads\/2021\/10\/Figura_6_Apocalipse.jpg\"><img loading=\"lazy\" decoding=\"async\" class=\"alignleft size-medium wp-image-4463\" src=\"https:\/\/apacame.org.br\/site\/wp-content\/uploads\/2021\/10\/Figura_6_Apocalipse-300x226.jpg\" alt=\"Figura_6_Apocalipse\" width=\"300\" height=\"226\" srcset=\"https:\/\/apacame.org.br\/site\/wp-content\/uploads\/2021\/10\/Figura_6_Apocalipse-300x226.jpg 300w, https:\/\/apacame.org.br\/site\/wp-content\/uploads\/2021\/10\/Figura_6_Apocalipse-150x113.jpg 150w, https:\/\/apacame.org.br\/site\/wp-content\/uploads\/2021\/10\/Figura_6_Apocalipse-500x376.jpg 500w, https:\/\/apacame.org.br\/site\/wp-content\/uploads\/2021\/10\/Figura_6_Apocalipse.jpg 566w\" sizes=\"(max-width: 300px) 100vw, 300px\" \/><\/a>Infelizmente a literatura cient\u00edfica esta rica de exemplos de devasta\u00e7\u00f5es provocadas pelo homem, decl\u00ednio de popula\u00e7\u00f5es de animais e plantas etc. e, ao somarmos com as conclus\u00f5es dos cientistas de Krefeld, conclu\u00edmos que a preocupa\u00e7\u00e3o de Riis tinha sentido.<\/span><\/p>\n<p><span style=\"font-size: large;\">Assim, se aquele sinal de alarme, devido a aus\u00eancia dos insetos, naquele comentado passeio cicl\u00edstico em Kopenhagen n\u00e3o for levado em considera\u00e7\u00e3o, no sentido de agirmos, com urg\u00eancia, com a\u00e7\u00f5es de prote\u00e7\u00e3o aos insetos, em especial \u00e0s abelhas e ao meio ambiente, certamente seremos tamb\u00e9m candidatos a sofrer, num futuro n\u00e3o distante, a nossa pr\u00f3pria extin\u00e7\u00e3o ou desaparecimento, conforme a previs\u00e3o catastr\u00f3fica atribu\u00edda a Einstein, no s\u00e9culo passado, (Fig. 3) de que, se as abelhas desaparecessem da fase da Terra, logo em seguida ocorreria o mesmo com os homens. Infelizmente o desaparecimento em larga escala dos insetos na natureza j\u00e1 vem ocorrendo, conforme relatou recentemente Brooke Jarvis como morte apocal\u00edptica na \u00e9poca, em seu artigo no NYTM, por\u00e9m hoje esta mortandade de abelhas (Fig 4) \u00e9 uma realidade (Castilhos, 2018, Grigori, 2019).<\/span><\/p>\n<p><span style=\"font-size: large;\">Agora, mais recentemente, associado aos desmatamentos, destrui\u00e7\u00e3o do meio ambiente e uso indiscriminado dos agrot\u00f3xicos causados pelo homem, conforme revela a m\u00eddia internacional, a cada dia, a mortandade dos insetos, das abelhas (Fig. 5) e demais animais tende a crescer ainda mais na natureza, gra\u00e7as a lament\u00e1vel a\u00e7\u00e3o irrespons\u00e1vel dos homens, por\u00e9m certamente com mais intensidade se os insetos e em especial as abelhas n\u00e3o forem protegidas (Fig. 6 ) e o fen\u00f4meno da aus\u00eancia de insetos ou apocalipse constatado por Riis em seu passeio cicl\u00edstico em 2016, na Dinamarca, vir a ocorrer mais drasticamente, por\u00e9m agora no Brasil, ao nosso redor. Portanto, proteja as abelhas, o meio ambiente e o homem. <\/span><\/p>\n<p><span style=\"font-size: large;\"><b>REFER\u00caNCIAS BIBLIOGR\u00c1FICAS<\/b><\/span><\/p>\n<p><span style=\"font-size: large;\">Castilhos, Dayson. Desaparecimento e Morte de Abelhas no Brasil, Registrados no Aplicativo Bee Alert. Tese de Doutorado , UFERSA, Mossor\u00f3-RN, 2018.165p. <\/span><\/p>\n<p><span style=\"font-size: large;\">Grigori, Pedro. Meio bilh\u00e3o de abelhas morreram no Brasil e isso \u00e9 uma p\u00e9ssima Noticia. Reporter Brasil. https:\/\/exame.com\/brasil. 20p, 2019. <\/span><\/p>\n<p><span style=\"font-size: large;\">Jarvis, Brooke.The Insect Apocalypse Is Here. O Apocalipse dos Insetos esta aqui. Originalmente publicado pelo New York Times, tradu\u00e7\u00e3o de Amanda Kaster: https:m\u00e9dium.com\/@amandakaster\/oapocalipse-dos-insetos-esta-aqui-def24fa763c5.,2018.<\/span><\/p>\n","protected":false},"excerpt":{"rendered":"<p>O APOCALIPSE DOS INSETOS NA NATUREZA E OS HOMENS. Lionel Segui Gon\u00e7alves \u2013 Professor aposentado da USP de Ribeir\u00e3o Preto-SP Em 2018 Brooke Jarvis publicou, no New York Times Magazine, [&hellip;]<\/p>\n","protected":false},"author":20,"featured_media":0,"parent":4370,"menu_order":0,"comment_status":"open","ping_status":"open","template":"","meta":{"pmpro_default_level":"","_price":"","_stock":"","_tribe_ticket_header":"","_tribe_default_ticket_provider":"","_tribe_ticket_capacity":"0","_ticket_start_date":"","_ticket_end_date":"","_tribe_ticket_show_description":"","_tribe_ticket_show_not_going":false,"_tribe_ticket_use_global_stock":"","_tribe_ticket_global_stock_level":"","_global_stock_mode":"","_global_stock_cap":"","_tribe_rsvp_for_event":"","_tribe_ticket_going_count":"","_tribe_ticket_not_going_count":"","_tribe_tickets_list":"[]","_tribe_ticket_has_attendee_info_fields":false,"cybocfi_hide_featured_image":"","footnotes":""},"class_list":["post-4457","page","type-page","status-publish","hentry","pmpro-has-access"],"_links":{"self":[{"href":"https:\/\/apacame.org.br\/site\/wp-json\/wp\/v2\/pages\/4457"}],"collection":[{"href":"https:\/\/apacame.org.br\/site\/wp-json\/wp\/v2\/pages"}],"about":[{"href":"https:\/\/apacame.org.br\/site\/wp-json\/wp\/v2\/types\/page"}],"author":[{"embeddable":true,"href":"https:\/\/apacame.org.br\/site\/wp-json\/wp\/v2\/users\/20"}],"replies":[{"embeddable":true,"href":"https:\/\/apacame.org.br\/site\/wp-json\/wp\/v2\/comments?post=4457"}],"version-history":[{"count":2,"href":"https:\/\/apacame.org.br\/site\/wp-json\/wp\/v2\/pages\/4457\/revisions"}],"predecessor-version":[{"id":4465,"href":"https:\/\/apacame.org.br\/site\/wp-json\/wp\/v2\/pages\/4457\/revisions\/4465"}],"up":[{"embeddable":true,"href":"https:\/\/apacame.org.br\/site\/wp-json\/wp\/v2\/pages\/4370"}],"wp:attachment":[{"href":"https:\/\/apacame.org.br\/site\/wp-json\/wp\/v2\/media?parent=4457"}],"curies":[{"name":"wp","href":"https:\/\/api.w.org\/{rel}","templated":true}]}}