{"id":4452,"date":"2021-10-22T19:53:26","date_gmt":"2021-10-22T19:53:26","guid":{"rendered":"https:\/\/apacame.org.br\/site\/?page_id=4452"},"modified":"2021-10-22T19:53:26","modified_gmt":"2021-10-22T19:53:26","slug":"apiterapia-2","status":"publish","type":"page","link":"https:\/\/apacame.org.br\/site\/revista\/mensagem-doce-n-163-setembro-de-2021\/apiterapia-2\/","title":{"rendered":"Apiterapia"},"content":{"rendered":"<h1 style=\"text-align: center;\">Apiterapia:<br \/>\nos benef\u00edcios para a sa\u00fade<\/h1>\n<blockquote><p>Dr. Mikhael Marques &#8211; M\u00e9dico, palestrante e escritor, Professor da P\u00f3s-Gradua\u00e7\u00e3o de Fitoterapia e Plantas Medicinais da EEP HC FM USP (escola de educa\u00e7\u00e3o permanente \u2013 hospital das cl\u00ednicas \u2013 faculdade de medicina da universidade de S\u00e3o Paulo) \u2013 Diretor do departamento de apiterapia do CNAA (Conselho Nacional do Agroneg\u00f3cio das Abelhas) &#8211; Forma\u00e7\u00e3o em Medicina Antropos\u00f3fica (Brasil e Alemanha) e Apiterapia (Brasil e Alemanha) &#8211; P\u00f3s-gradua\u00e7\u00e3o em Nutrologia &#8211; Professor do LAPACIS\/ FCM\/ UNICAMP ( Laborat\u00f3rio de Pr\u00e1ticas Alternativas, Complementares e Integrativas em Sa\u00fade\/ Departamento de Sa\u00fade Coletiva &#8211; Faculdade de Ci\u00eancias M\u00e9dicas\/ Universidade Estadual de Campias).<\/p><\/blockquote>\n<p><span style=\"font-size: large;\"><b>Palavras chaves:<\/b> apiterapia, pr\u00f3polis, mel, geleia real, p\u00f3len, apitoxina, terapia, sa\u00fade, medicina<\/span><\/p>\n<p><span style=\"font-size: large;\"><a href=\"https:\/\/apacame.org.br\/site\/wp-content\/uploads\/2021\/10\/Figura_1_apiterapia.jpg\"><img decoding=\"async\" class=\"alignleft size-medium wp-image-4453\" src=\"https:\/\/apacame.org.br\/site\/wp-content\/uploads\/2021\/10\/Figura_1_apiterapia-300x84.jpg\" alt=\"Figura_1_apiterapia\" width=\"300\" height=\"84\" srcset=\"https:\/\/apacame.org.br\/site\/wp-content\/uploads\/2021\/10\/Figura_1_apiterapia-300x84.jpg 300w, https:\/\/apacame.org.br\/site\/wp-content\/uploads\/2021\/10\/Figura_1_apiterapia-1024x287.jpg 1024w, https:\/\/apacame.org.br\/site\/wp-content\/uploads\/2021\/10\/Figura_1_apiterapia-150x42.jpg 150w, https:\/\/apacame.org.br\/site\/wp-content\/uploads\/2021\/10\/Figura_1_apiterapia-500x140.jpg 500w\" sizes=\"(max-width: 300px) 100vw, 300px\" \/><\/a>A apiterapia \u00e9 o uso dos produtos das abelhas para fins terap\u00eauticos. Esses produtos possuem componentes bioativos como minerais, vitaminas e polifen\u00f3is, que possuem atividade biol\u00f3gica.<\/span><\/p>\n<p><span style=\"font-size: large;\">Esta pr\u00e1tica terap\u00eautica milenar pode ajudar em v\u00e1rias situa\u00e7\u00f5es de vida, auxiliando na manuten\u00e7\u00e3o da sa\u00fade e bem-estar.<\/span><\/p>\n<p><span style=\"font-size: large;\">Dentre os v\u00e1rios benef\u00edcios, pode-se destacar os efeitos antioxidantes, antimicrobianos, anti-inflamat\u00f3rios, antic\u00e2ncer e em doen\u00e7as neurodegenerativas. <\/span><\/p>\n<p><span style=\"font-size: large;\"><b>Os benef\u00edcios do Mel<\/b><\/span><\/p>\n<p><span style=\"font-size: large;\">O mel possui muitos poss\u00edveis efeitos terap\u00eauticos, como atividade anti-inflamat\u00f3ria, antimicrobiana, antioxidante, antic\u00e2ncer, antidiab\u00e9tico, protege o cora\u00e7\u00e3o e o sistema digestivo.<\/span><\/p>\n<p><span style=\"font-size: large;\">As atividades anti-inflamat\u00f3rias e antimicrobianas auxiliam na cicatriza\u00e7\u00e3o e repara\u00e7\u00e3o tecidual. O mel quando aplicado nas feridas promove regenera\u00e7\u00e3o tecidual, diminui\u00e7\u00e3o da inflama\u00e7\u00e3o, dor local e tamb\u00e9m auxilia a cicatriza\u00e7\u00e3o do p\u00e9 diab\u00e9tico.<\/span><\/p>\n<p><span style=\"font-size: large;\">Ajuda no tratamento de doen\u00e7as periodontais, estomatite, halitose, placa bacteriana e gengivite, combate a faringite, tosse e diminui a inflama\u00e7\u00e3o das amigdalas.<\/span><\/p>\n<p><span style=\"font-size: large;\">O mel tamb\u00e9m ajuda, a manter, a sa\u00fade do cora\u00e7\u00e3o, promovendo vasodilata\u00e7\u00e3o, diminui\u00e7\u00e3o do colesterol LDL (\u201ccolesterol ruim\u201d), aumento do colesterol HDL (\u201ccolesterol bom\u201d) e melhora das fun\u00e7\u00f5es das c\u00e9lulas do cora\u00e7\u00e3o.<\/span><\/p>\n<p><span style=\"font-size: large;\"><b>Os benef\u00edcios da pr\u00f3polis<\/b><\/span><\/p>\n<p><span style=\"font-size: large;\">A pr\u00f3polis promove melhoria no sistema gastrointestinal, sa\u00fade oral, cuidados ginecol\u00f3gicos, dermatol\u00f3gicos e muitos artigos cient\u00edficos apontam efeito antic\u00e2ncer.<\/span><\/p>\n<p><span style=\"font-size: large;\">Estudos mostram que a pr\u00f3polis ajuda, a combater infec\u00e7\u00f5es parasit\u00e1rias do trato gastrointestinal, possui atividade anti-inflamat\u00f3ria, anti\u00e1cida, e contra a Helicobacter pylori, e auxilia na recupera\u00e7\u00e3o de \u00falcera g\u00e1strica.<\/span><\/p>\n<p><span style=\"font-size: large;\">A pr\u00f3polis \u00e9 capaz de restabelecer a flora vaginal e o extrato possui atividades antif\u00fangicas e auxilia no tratamento da candid\u00edase.<\/span><\/p>\n<p><span style=\"font-size: large;\">V\u00e1rios estudos mostram que a pr\u00f3polis ajuda na preven\u00e7\u00e3o da placa bacteriana, periodontite e cicatriza\u00e7\u00e3o bucal.<\/span><\/p>\n<p><span style=\"font-size: large;\">Um de seus destaques \u00e9 no skin care (cuidado com a pele), possui propriedades antial\u00e9rgicas, anti-inflamat\u00f3rias, antimicrobianas e ativa a s\u00edntese de col\u00e1geno. Estudos cl\u00ednicos mostram que o extrato de pr\u00f3polis auxilia o tratamento da acne vulgares.<\/span><\/p>\n<p><span style=\"font-size: large;\">Tamb\u00e9m atua no metabolismo da fibronectina, que possui papel importante na cicatriza\u00e7\u00e3o e sa\u00fade da pele.<\/span><\/p>\n<p><span style=\"font-size: large;\"><b>Os benef\u00edcios da geleia real<\/b><\/span><\/p>\n<p><span style=\"font-size: large;\">A geleia real atua como antioxidante, antic\u00e2ncer e anti-inflamat\u00f3rio. Age no sistema reprodutivo, em doen\u00e7as neurodegenerativas e no processo de cicatriza\u00e7\u00e3o.<\/span><\/p>\n<p><span style=\"font-size: large;\">Promove o equil\u00edbrio de horm\u00f4nios, e auxilia na redu\u00e7\u00e3o dos sintomas pr\u00e9-menstruais e p\u00f3s-menopausa.<\/span><\/p>\n<p><span style=\"font-size: large;\">Estimula a longevidade, e auxilia no tratamento de doen\u00e7as como Alzheimer. Pois protege os neur\u00f4nios e estimula as fun\u00e7\u00f5es mentais e f\u00edsicas. <\/span><\/p>\n<p><span style=\"font-size: large;\">No processo de cicatriza\u00e7\u00e3o, est\u00e1 relacionada com a produ\u00e7\u00e3o de col\u00e1geno e vasodilata\u00e7\u00e3o, al\u00e9m de prevenir infec\u00e7\u00f5es.<\/span><\/p>\n<p><span style=\"font-size: large;\"><b>Os benef\u00edcios do p\u00f3len<\/b><\/span><\/p>\n<p><span style=\"font-size: large;\">O p\u00f3len \u00e9 considerado o alimento proteico das abelhas, possui subst\u00e2ncias como prote\u00ednas, carboidratos, lip\u00eddeos, compostos fen\u00f3licos, enzimas e vitaminas.<\/span><\/p>\n<p><span style=\"font-size: large;\">Suas propriedades terap\u00eauticas incluem atividade antimicrobiana, antioxidante, hepatoprotetora, antic\u00e2ncer, anti-inflamat\u00f3ria, antial\u00e9rgica, antidiab\u00e9tica e imunomoduladora.<\/span><\/p>\n<p><span style=\"font-size: large;\">A presen\u00e7a dos \u00e1cidos fen\u00f3licos e flavonoides auxilia na diminui\u00e7\u00e3o da produ\u00e7\u00e3o de radicais livres e esp\u00e9cies reativas de oxig\u00eanio.<\/span><\/p>\n<p><span style=\"font-size: large;\">Como antial\u00e9rgico e imunomodulador, o p\u00f3len evita a liga\u00e7\u00e3o do IgE (imunoglobulina E) nas c\u00e9lulas, inibi\u00e7\u00e3o de histamina e degranula\u00e7\u00e3o de mast\u00f3citos. <\/span><\/p>\n<p><span style=\"font-size: large;\"><b>Os benef\u00edcios da apitoxina<\/b><\/span><\/p>\n<p><span style=\"font-size: large;\">A apitoxina, ou o veneno das abelhas, possui propriedades terap\u00eauticas. <\/span><\/p>\n<p><span style=\"font-size: large;\">Os principais componentes s\u00e3o a melitina e a fosfolipase A2. <\/span><\/p>\n<p><span style=\"font-size: large;\">Possuem atividade anti-inflamat\u00f3ria inibindo a inflama\u00e7\u00e3o. Atuam como neuroprotetores, bloqueando a progress\u00e3o de doen\u00e7as como Alzheimer e Parkinson. Tamb\u00e9m possuem atividade anticancer\u00edgena, com potencial efeito citot\u00f3xico (destrui\u00e7\u00e3o de c\u00e9lulas cancer\u00edgenas) e auxilia no controle da met\u00e1stase. <\/span><\/p>\n<p><span style=\"font-size: large;\">Em baixas dosagens, a apitoxina \u00e9 capaz de diminuir o processo inflamat\u00f3rio na pele, f\u00edgado, articula\u00e7\u00f5es e tecido nervoso.<\/span><\/p>\n<p><span style=\"font-size: large;\"><b>Para guardar<\/b><\/span><\/p>\n<p><span style=\"font-size: large;\">O uso para fins terap\u00eauticos complementares dos produtos das abelhas \u00e9 atrativo e interessante, v\u00e1rios estudos est\u00e3o sendo conduzidos para analisar o uso como terapia complementar. Podem auxiliar no processo de cicatriza\u00e7\u00e3o, diabetes, artrite reumatoide, gengivite, e at\u00e9 Parkinson. <\/span><\/p>\n<p><span style=\"font-size: large;\">A apiterapia possui um grande potencial terap\u00eautico e farmacol\u00f3gico, cada vez mais evidenciado pelos estudos cient\u00edficos. \u00c9 uma terapia que pode auxiliar e complementar diversos tratamentos.<\/span><\/p>\n<p><span style=\"font-size: large;\"><b>Observa\u00e7\u00e3o<\/b><\/span><\/p>\n<p><span style=\"font-size: large;\">Este texto tem como objetivo elucidar todos potenciais benef\u00edcios dos principais protudos das abelhas. N\u00e3o visa substituir atendimento de profissionais da sa\u00fade, nem tratamentos que j\u00e1 estejam em andamento.<\/span><\/p>\n<p><span style=\"font-size: large;\"><b>Fontes:<\/b><\/span><\/p>\n<p><span style=\"font-size: large;\">Cornara, L., Biagi, M., Xiao, J., &amp; Burlando, B. 2017. Therapeutic Properties of Bioactive Compounds from Different Honeybee Products.\u00a0Frontiers in pharmacology. doi:10.3389\/fphar.2017.00412.<\/span><\/p>\n<p><span style=\"font-size: large;\">Pasupuleti, V.R., Sammugam, L., Ramesh, N., Gan, S.H., 2017. Honey, Propolis, and Royal Jelly: A Comprehensive Review of Their Biological Actions and Health Benefits. Oxidative Medicine and Cellular Longevity. doi:10.1155\/2017\/1259510.<\/span><\/p>\n<p><span style=\"font-size: large;\">Wehbe, R., Frangieh, J., Rima, M., El Obeid, D., Sabatier, J.-M., Fajloun, Z., 2019. Bee Venom: Overview of Main Compounds and Bioactivities for Therapeutic Interests. Molecules. doi:10.3390\/molecules24162997.<\/span><\/p>\n","protected":false},"excerpt":{"rendered":"<p>Apiterapia: os benef\u00edcios para a sa\u00fade Dr. Mikhael Marques &#8211; M\u00e9dico, palestrante e escritor, Professor da P\u00f3s-Gradua\u00e7\u00e3o de Fitoterapia e Plantas Medicinais da EEP HC FM USP (escola de educa\u00e7\u00e3o [&hellip;]<\/p>\n","protected":false},"author":20,"featured_media":0,"parent":4370,"menu_order":0,"comment_status":"open","ping_status":"open","template":"","meta":{"pmpro_default_level":"","_price":"","_stock":"","_tribe_ticket_header":"","_tribe_default_ticket_provider":"","_tribe_ticket_capacity":"0","_ticket_start_date":"","_ticket_end_date":"","_tribe_ticket_show_description":"","_tribe_ticket_show_not_going":false,"_tribe_ticket_use_global_stock":"","_tribe_ticket_global_stock_level":"","_global_stock_mode":"","_global_stock_cap":"","_tribe_rsvp_for_event":"","_tribe_ticket_going_count":"","_tribe_ticket_not_going_count":"","_tribe_tickets_list":"[]","_tribe_ticket_has_attendee_info_fields":false,"cybocfi_hide_featured_image":"","footnotes":""},"class_list":["post-4452","page","type-page","status-publish","hentry","pmpro-has-access"],"_links":{"self":[{"href":"https:\/\/apacame.org.br\/site\/wp-json\/wp\/v2\/pages\/4452"}],"collection":[{"href":"https:\/\/apacame.org.br\/site\/wp-json\/wp\/v2\/pages"}],"about":[{"href":"https:\/\/apacame.org.br\/site\/wp-json\/wp\/v2\/types\/page"}],"author":[{"embeddable":true,"href":"https:\/\/apacame.org.br\/site\/wp-json\/wp\/v2\/users\/20"}],"replies":[{"embeddable":true,"href":"https:\/\/apacame.org.br\/site\/wp-json\/wp\/v2\/comments?post=4452"}],"version-history":[{"count":2,"href":"https:\/\/apacame.org.br\/site\/wp-json\/wp\/v2\/pages\/4452\/revisions"}],"predecessor-version":[{"id":4455,"href":"https:\/\/apacame.org.br\/site\/wp-json\/wp\/v2\/pages\/4452\/revisions\/4455"}],"up":[{"embeddable":true,"href":"https:\/\/apacame.org.br\/site\/wp-json\/wp\/v2\/pages\/4370"}],"wp:attachment":[{"href":"https:\/\/apacame.org.br\/site\/wp-json\/wp\/v2\/media?parent=4452"}],"curies":[{"name":"wp","href":"https:\/\/api.w.org\/{rel}","templated":true}]}}