{"id":4440,"date":"2021-10-22T19:27:06","date_gmt":"2021-10-22T19:27:06","guid":{"rendered":"https:\/\/apacame.org.br\/site\/?page_id=4440"},"modified":"2021-10-22T19:32:38","modified_gmt":"2021-10-22T19:32:38","slug":"pasto-apicola","status":"publish","type":"page","link":"https:\/\/apacame.org.br\/site\/revista\/mensagem-doce-n-163-setembro-de-2021\/pasto-apicola\/","title":{"rendered":"Pasto Ap\u00edcola"},"content":{"rendered":"<h1 style=\"text-align: center;\">ESCOVA DE GARRAFA<br \/>\nCallistemon \u201cImperialis\u201d<br \/>\nCallistemon viminallis<\/h1>\n<blockquote><p>Dr. Jo\u00e3o Martins Ferreira \u00e9 Professor Titular da Universidade Paulista UNIP, Pesquisador junto \u00e0 Universidade de S\u00e3o Paulo, Jornalista e Apicultor &#8211; Site: <a href=\"http:\/\/martinsferreira.net\" target=\"_blank\" rel=\"noopener\">martinsferreira.net<\/a> &#8211; Contato: <a href=\"mailto:martins_ferreira@hotmail.com\" target=\"_blank\">martins_ferreira@hotmail.com<\/a><\/p><\/blockquote>\n<figure id=\"attachment_4441\" aria-describedby=\"caption-attachment-4441\" style=\"width: 300px\" class=\"wp-caption alignleft\"><a href=\"https:\/\/apacame.org.br\/site\/wp-content\/uploads\/2021\/10\/Figura_Pasto.jpg\"><img fetchpriority=\"high\" decoding=\"async\" class=\"size-medium wp-image-4441\" src=\"https:\/\/apacame.org.br\/site\/wp-content\/uploads\/2021\/10\/Figura_Pasto-300x293.jpg\" alt=\"Uma Apis Mellifera na flor da Escova de Garrafa Pendente \u2013 foto de Jo\u00e3o Martins Ferreira.\" width=\"300\" height=\"293\" srcset=\"https:\/\/apacame.org.br\/site\/wp-content\/uploads\/2021\/10\/Figura_Pasto-300x293.jpg 300w, https:\/\/apacame.org.br\/site\/wp-content\/uploads\/2021\/10\/Figura_Pasto-1024x998.jpg 1024w, https:\/\/apacame.org.br\/site\/wp-content\/uploads\/2021\/10\/Figura_Pasto-150x146.jpg 150w, https:\/\/apacame.org.br\/site\/wp-content\/uploads\/2021\/10\/Figura_Pasto-500x488.jpg 500w, https:\/\/apacame.org.br\/site\/wp-content\/uploads\/2021\/10\/Figura_Pasto.jpg 1122w\" sizes=\"(max-width: 300px) 100vw, 300px\" \/><\/a><figcaption id=\"caption-attachment-4441\" class=\"wp-caption-text\">Uma Apis Mellifera na flor da Escova de Garrafa Pendente \u2013 foto de Jo\u00e3o Martins<br \/>Ferreira.<\/figcaption><\/figure>\n<p><span style=\"font-size: large;\">\u00c9 comum encontrarmos em muitas regi\u00f5es brasileiras uma \u00e1rvore r\u00fastica e bastante ornamental, que floresce intensamente, atraindo muitas abelhas para seus ramos com flores vermelhas, os quais se assemelham ao formato de uma escova m\u00e9dia simples, como as que se usa para a limpeza e a lavagem interna de garrafas, ou recipientes semelhantes. Devido a esse formato pouco comum na manifesta\u00e7\u00e3o floral e a analogia criativa que as pessoas fazem a partir do aspecto visual das espigas floridas, essa planta ficou popularmente conhecida pelos nomes \u201cEscova de Garrafa\u201d, ou \u201cLava-Garrafas\u201d, ou ainda \u201cPenacheiro\u201d, sendo tamb\u00e9m denominada em certas regi\u00f5es como \u201cCalistemo\u201d.<\/span><\/p>\n<p><span style=\"font-size: large;\">Trata-se de \u00e1rvore origin\u00e1ria de regi\u00f5es da Austr\u00e1lia e da Oceania que se adaptou bem em nosso pa\u00eds. Conta com 34 esp\u00e9cies catalogadas, sendo que duas delas s\u00e3o mais frequentes no Brasil: a Escova de Garrafa, cuja denomina\u00e7\u00e3o cient\u00edfica \u00e9 Callistemon \u201cImperialis\u201d, e a Escova de Garrafa Pendente, cuja denomina\u00e7\u00e3o para a ci\u00eancia \u00e9 Callistemon viminallis. Ambas apreciam sol pleno, crescem devagar e toleram bem o frio e a geada, sendo muito adequados seus plantios em locais em que se necessite fazer algum sombreamento.<\/span><\/p>\n<p><span style=\"font-size: large;\">A Escova de Garrafa se caracteriza como \u00e1rvore com tronco ereto e de pequeno porte, atingindo no m\u00e1ximo entre 3 e 5 metros de altura, sendo que a Escova de Garrafa Pendente pode atingir at\u00e9 7 metros. Os dois tipos possuem suave perfume, parecido com o dos eucaliptos, apresentam folhagem perene, delicada, com pequenas folhas de cor verde, caracter\u00edsticas que as tornam muito ornamentais, principalmente quando florescem, devido ao contraste que se estabelece entre as colora\u00e7\u00f5es das folhas e das flores, estas manifestando um vermelho intenso e vibrante \u2013 h\u00e1 tamb\u00e9m plantas com flores brancas, amarelas, ou rosas, que s\u00e3o menos frequentes.<\/span><\/p>\n<p><span style=\"font-size: large;\">Por conta de seus atributos, essas esp\u00e9cies s\u00e3o bastante utilizadas em projetos paisag\u00edsticos. Elas se mostram muito proveitosas na composi\u00e7\u00e3o da flora em \u00e1reas urbanas, plantadas em locais como cal\u00e7adas estreitas, parques, ou jardins residenciais, de modo isolado ou em pequenos agrupamentos, posto que n\u00e3o afetam os cal\u00e7amentos com ra\u00edzes salientes, nem causam transtornos por conta de frutos que venham a cair nas ruas e nem atingem a fia\u00e7\u00e3o mais elevada dos postes, como ocorre com outras \u00e1rvores.<\/span><\/p>\n<p><span style=\"font-size: large;\">Suas flores quase sempre surgem anualmente entre o inverno e a primavera, do m\u00eas de junho at\u00e9 o m\u00eas de setembro, atraindo, al\u00e9m de abelhas, borboletas e outros insetos, bem como beija-flores, cambacicas e p\u00e1ssaros semelhantes, que muito apreciam seu n\u00e9ctar. Elas s\u00e3o mi\u00fadas e se apresentam uma ao lado da outra, compondo um conjunto floral como uma espiga, a qual mede aproximadamente 9 cent\u00edmetros de comprimento por 5 cent\u00edmetros de di\u00e2metro. No caso da Escova de Garrafa Pendente, essa espiga apresenta uma intercala\u00e7\u00e3o entre folhas e flores, ficando nas pontas dos galhos e ramos, de maneira que estes tendem a pender verticalmente por conta do peso dela. A aduba\u00e7\u00e3o anual favorece o aumento na quantidade de flores.<\/span><\/p>\n<p><span style=\"font-size: large;\">A Escova de Garrafa se propaga por estaquia de ramos e a Escova de Garrafa Pendente por sementes &#8211; os frutos devem ser colhidos e armazenados em sacos de papel, em estufa morna e seca, at\u00e9 a libera\u00e7\u00e3o das sementes. Os dois tipos podem ter aplica\u00e7\u00f5es como cercas-vivas, tolerando podas suaves, no entanto os cortes de ramos devem ser feitos apenas ap\u00f3s a flora\u00e7\u00e3o. Nesse sentido, al\u00e9m dessas \u00e1rvores fornecerem alimento para as abelhas, quando plantadas nas imedia\u00e7\u00f5es de um api\u00e1rio podem tamb\u00e9m servir como quebra-vento, favorecendo a manuten\u00e7\u00e3o de temperatura adequada nas colmeias, por exemplo, ou at\u00e9 mesmo como um tipo de barreira de seguran\u00e7a, ou de orienta\u00e7\u00e3o, dificultando a aproxima\u00e7\u00e3o de pessoas das colmeias.<\/span><\/p>\n<p><span style=\"font-size: large;\"><b>Refer\u00eancias:<\/b><\/span><\/p>\n<p><span style=\"font-size: large;\">&#8211; FRISCH, Johan D. e FRISCH, Christian D. Aves Brasileiras e Plantas que as Atraem. 3. ed. S\u00e3o Paulo: Dalgas Ecoltec, 2005, p.398.<\/span><\/p>\n<p><span style=\"font-size: large;\">&#8211; LORENZI, Harri et al. \u00c1rvores Ex\u00f3ticas no Brasil &#8211; madeireiras, ornamentais e arom\u00e1ticas. Nova Odessa: Instituto Plantarum, 2003, p.260 e p. 262.<\/span><\/p>\n<p><span style=\"font-size: large;\">&#8211;\u00a0<a href=\"http:\/\/faunaeflora.terradagente.g1.globo.com\/flora\/arvores-palmeiras\/NOT,0,0,1224032,Escova-de-garrafa.aspx\" target=\"_blank\" rel=\"noopener\">http:\/\/faunaeflora.terradagente.g1.globo.com\/flora\/arvores-palmeiras\/NOT,0,0,1224032,Escova-de-garrafa.aspx<\/a><\/span><\/p>\n<p><span style=\"font-size: large;\">&#8211; <a href=\"https:\/\/pt.wikipedia.org\/\" target=\"_blank\" rel=\"noopener\">https:\/\/pt.wikipedia.org\/<\/a> <\/span><\/p>\n<p><span style=\"font-size: large;\">&#8211; <a href=\"https:\/\/www.jardineiro.net\/plantas\/escova-de-garrafa-callistemon-spp.html\" target=\"_blank\" rel=\"noopener\">https:\/\/www.jardineiro.net\/plantas\/escova-de-garrafa-callistemon-spp.html<\/a><\/span><\/p>\n<p><span style=\"font-size: large;\">&#8211; <a href=\"https:\/\/www.sitiodamata.com.br\/calistemon-callistemon-spp\" target=\"_blank\" rel=\"noopener\">https:\/\/www.sitiodamata.com.br\/calistemon-callistemon-spp<\/a><\/span><\/p>\n","protected":false},"excerpt":{"rendered":"<p>ESCOVA DE GARRAFA Callistemon \u201cImperialis\u201d Callistemon viminallis Dr. Jo\u00e3o Martins Ferreira \u00e9 Professor Titular da Universidade Paulista UNIP, Pesquisador junto \u00e0 Universidade de S\u00e3o Paulo, Jornalista e Apicultor &#8211; Site: [&hellip;]<\/p>\n","protected":false},"author":20,"featured_media":0,"parent":4370,"menu_order":0,"comment_status":"open","ping_status":"open","template":"","meta":{"pmpro_default_level":"","_price":"","_stock":"","_tribe_ticket_header":"","_tribe_default_ticket_provider":"","_tribe_ticket_capacity":"0","_ticket_start_date":"","_ticket_end_date":"","_tribe_ticket_show_description":"","_tribe_ticket_show_not_going":false,"_tribe_ticket_use_global_stock":"","_tribe_ticket_global_stock_level":"","_global_stock_mode":"","_global_stock_cap":"","_tribe_rsvp_for_event":"","_tribe_ticket_going_count":"","_tribe_ticket_not_going_count":"","_tribe_tickets_list":"[]","_tribe_ticket_has_attendee_info_fields":false,"cybocfi_hide_featured_image":"","footnotes":""},"class_list":["post-4440","page","type-page","status-publish","hentry","pmpro-has-access"],"_links":{"self":[{"href":"https:\/\/apacame.org.br\/site\/wp-json\/wp\/v2\/pages\/4440"}],"collection":[{"href":"https:\/\/apacame.org.br\/site\/wp-json\/wp\/v2\/pages"}],"about":[{"href":"https:\/\/apacame.org.br\/site\/wp-json\/wp\/v2\/types\/page"}],"author":[{"embeddable":true,"href":"https:\/\/apacame.org.br\/site\/wp-json\/wp\/v2\/users\/20"}],"replies":[{"embeddable":true,"href":"https:\/\/apacame.org.br\/site\/wp-json\/wp\/v2\/comments?post=4440"}],"version-history":[{"count":4,"href":"https:\/\/apacame.org.br\/site\/wp-json\/wp\/v2\/pages\/4440\/revisions"}],"predecessor-version":[{"id":4445,"href":"https:\/\/apacame.org.br\/site\/wp-json\/wp\/v2\/pages\/4440\/revisions\/4445"}],"up":[{"embeddable":true,"href":"https:\/\/apacame.org.br\/site\/wp-json\/wp\/v2\/pages\/4370"}],"wp:attachment":[{"href":"https:\/\/apacame.org.br\/site\/wp-json\/wp\/v2\/media?parent=4440"}],"curies":[{"name":"wp","href":"https:\/\/api.w.org\/{rel}","templated":true}]}}