{"id":4435,"date":"2021-10-22T19:17:31","date_gmt":"2021-10-22T19:17:31","guid":{"rendered":"https:\/\/apacame.org.br\/site\/?page_id=4435"},"modified":"2021-10-22T19:17:31","modified_gmt":"2021-10-22T19:17:31","slug":"gastronomia","status":"publish","type":"page","link":"https:\/\/apacame.org.br\/site\/revista\/mensagem-doce-n-163-setembro-de-2021\/gastronomia\/","title":{"rendered":"Gastronomia"},"content":{"rendered":"<h1 style=\"text-align: center;\">Substitua o que ado\u00e7a<\/h1>\n<blockquote><p>Clau Gavioli (ou Maria Cl\u00e1udia Gavioli) \u00e9 jornalista, mestre em hospitalidade e pesquisadora de comida. Ela \u00e9 editora do site e apresentadora do podcast Minestrone (<a href=\"http:\/\/www.minestrone.com.br\" target=\"_blank\" rel=\"noopener\">www.minestrone.com.br<\/a>).<\/p><\/blockquote>\n<p><span style=\"font-size: large;\"><a href=\"https:\/\/apacame.org.br\/site\/wp-content\/uploads\/2021\/10\/Figura_gastronomia.jpg\"><img decoding=\"async\" class=\"alignright size-medium wp-image-4436\" src=\"https:\/\/apacame.org.br\/site\/wp-content\/uploads\/2021\/10\/Figura_gastronomia-300x91.jpg\" alt=\"Figura_gastronomia\" width=\"300\" height=\"91\" srcset=\"https:\/\/apacame.org.br\/site\/wp-content\/uploads\/2021\/10\/Figura_gastronomia-300x91.jpg 300w, https:\/\/apacame.org.br\/site\/wp-content\/uploads\/2021\/10\/Figura_gastronomia-1024x312.jpg 1024w, https:\/\/apacame.org.br\/site\/wp-content\/uploads\/2021\/10\/Figura_gastronomia-1170x350.jpg 1170w, https:\/\/apacame.org.br\/site\/wp-content\/uploads\/2021\/10\/Figura_gastronomia-150x46.jpg 150w, https:\/\/apacame.org.br\/site\/wp-content\/uploads\/2021\/10\/Figura_gastronomia-500x152.jpg 500w\" sizes=\"(max-width: 300px) 100vw, 300px\" \/><\/a>\u00c0s vezes, tenho uma vontade louca de comer algo doce, como um v\u00edcio mesmo. Ali\u00e1s, h\u00e1 pesquisas que mostram que existe, sim, depend\u00eancia de a\u00e7\u00facar assim como as de drogas il\u00edcitas. N\u00e3o sei se acredito piamente nisso, mas \u00e9 fato que comer algo doce enternece meu cora\u00e7\u00e3o e me faz mais feliz. <\/span><\/p>\n<p><span style=\"font-size: large;\">Para essas horas, tento as frutas que est\u00e3o \u00e0 m\u00e3o ou na geladeira. Mas, de uns tempos pra c\u00e1, penso no mel. Uma \u201ccolheradinha\u201d e pronto. Foi-se o meu desespero doceiro embora. <\/span><\/p>\n<p><span style=\"font-size: large;\">O mel pode ser um aliado eficiente nessas horas, especialmente, porque, se n\u00e3o houver preocupa\u00e7\u00e3o com ganhar peso diante da vontade de comer doce ou uma restri\u00e7\u00e3o m\u00e9dica por problema identificado de sa\u00fade, ele \u00e9 um alimento saud\u00e1vel, mesmo sendo cal\u00f3rico. <\/span><\/p>\n<p><span style=\"font-size: large;\">N\u00e3o se trata de discutir o quanto engorda, mas de decidir ingerir um produto que potencializa a sa\u00fade e n\u00e3o os processos inflamat\u00f3rios. Neste caso, o mel \u00e9 compar\u00e1vel ao azeite que tamb\u00e9m engorda (se consumido exageradamente), mas \u00e9 mais saud\u00e1vel do que outras gorduras ou \u00f3leos. <\/span><\/p>\n<p><span style=\"font-size: large;\">Na gastronomia e na culin\u00e1ria, tudo o que se ado\u00e7a com a\u00e7\u00facar pode ser ado\u00e7ado com mel, para isso s\u00e3o necess\u00e1rias adapta\u00e7\u00f5es das receitas em busca de consist\u00eancia, textura, cor e, claro, a gente sabe que o sabor ser\u00e1 diferente, mas gostoso tamb\u00e9m. <\/span><\/p>\n<p><span style=\"font-size: large;\">Como o mel \u00e9 um alimento funcional, ou seja, al\u00e9m de alimentar promove sa\u00fade, ao substituir um ingrediente por outro, existe o benef\u00edcio de se obter melhor resultado para o funcionamento do corpo. Notou que funcional tem a ver com funcionamento? <\/span><\/p>\n<p><span style=\"font-size: large;\">Ent\u00e3o, a pergunta que vale mais sa\u00fade sem perder aquela receita de fam\u00edlia que voc\u00ea sempre fez usando uma medida de a\u00e7\u00facar refinado \u00e9 a que se refere \u00e0 quantidade ideal para substituir. Via de regra, no paladar humano, o mel \u00e9 um pouco mais doce que o a\u00e7\u00facar, o que significa que, em termos volum\u00e9tricos, se pode trocar uma medida de a\u00e7\u00facar por \u00be de medida de mel para ter o mesmo dul\u00e7or. <\/span><\/p>\n<p><span style=\"font-size: large;\">J\u00e1 em rela\u00e7\u00e3o ao peso, uma vez que voc\u00ea sabe como trocar o volume, fa\u00e7a o exerc\u00edcio: ponha na balan\u00e7a quanto pesa a sua x\u00edcara-medida de a\u00e7\u00facar; em seguida, verifique o quanto pesa \u00be dessa medida de mel. Depois, fa\u00e7a a propor\u00e7\u00e3o pelo peso que est\u00e1 na receita. \u00c9 uma regra de tr\u00eas. Achou dif\u00edcil? Nada! Esse foi um jeito que encontrei para lembrar que quem cozinha, mesmo sem saber, usa o tempo todo rela\u00e7\u00f5es matem\u00e1ticas de propor\u00e7\u00e3o. \u00c9 que, no geral, a gente realiza as opera\u00e7\u00f5es quase que institivamente. Por pr\u00e1tica. Mas no fundo \u00e9 matem\u00e1tica. <\/span><\/p>\n<p><span style=\"font-size: large;\">Muito c\u00e1 entre n\u00f3s, amantes da culin\u00e1ria e da gastronomia, cozinheiros e cozinheiras com alguma ousadia, a ideia \u00e9 arriscar em busca de um resultado que traga mais benef\u00edcios para os que comem a comida que preparamos. \u00c9 preciso lembrar que a textura do mel e do a\u00e7\u00facar s\u00e3o diferentes e que o mel n\u00e3o \u00e9 recomendado para pessoas com restri\u00e7\u00f5es de a\u00e7\u00facar devido a diabetes, por exemplo. No mais, quem se arriscar a substituir, garanto, vai se surpreender com as novas possibilidades. \u00c9 quase um novo mundo! <\/span><\/p>\n<p><span style=\"font-size: large;\">Comece substituindo j\u00e1 no seu pr\u00f3ximo preparo. Teste uma vez, se n\u00e3o der certo na primeira, n\u00e3o desista. Na cozinha a gente se aprimora e esse \u00e9 um caminho prazeroso, bem intuitivo at\u00e9. Nem sei explicar direito, mas parece que a gente reconhece pelo cheiro quando chegou o ponto. <\/span><\/p>\n<p><span style=\"font-size: large;\">Experimente dia desses. Depois me conte. Adoro trocar essas figurinhas!<\/span><\/p>\n","protected":false},"excerpt":{"rendered":"<p>Substitua o que ado\u00e7a Clau Gavioli (ou Maria Cl\u00e1udia Gavioli) \u00e9 jornalista, mestre em hospitalidade e pesquisadora de comida. Ela \u00e9 editora do site e apresentadora do podcast Minestrone (www.minestrone.com.br). [&hellip;]<\/p>\n","protected":false},"author":20,"featured_media":0,"parent":4370,"menu_order":0,"comment_status":"open","ping_status":"open","template":"","meta":{"pmpro_default_level":"","_price":"","_stock":"","_tribe_ticket_header":"","_tribe_default_ticket_provider":"","_tribe_ticket_capacity":"0","_ticket_start_date":"","_ticket_end_date":"","_tribe_ticket_show_description":"","_tribe_ticket_show_not_going":false,"_tribe_ticket_use_global_stock":"","_tribe_ticket_global_stock_level":"","_global_stock_mode":"","_global_stock_cap":"","_tribe_rsvp_for_event":"","_tribe_ticket_going_count":"","_tribe_ticket_not_going_count":"","_tribe_tickets_list":"[]","_tribe_ticket_has_attendee_info_fields":false,"cybocfi_hide_featured_image":"","footnotes":""},"class_list":["post-4435","page","type-page","status-publish","hentry","pmpro-has-access"],"_links":{"self":[{"href":"https:\/\/apacame.org.br\/site\/wp-json\/wp\/v2\/pages\/4435"}],"collection":[{"href":"https:\/\/apacame.org.br\/site\/wp-json\/wp\/v2\/pages"}],"about":[{"href":"https:\/\/apacame.org.br\/site\/wp-json\/wp\/v2\/types\/page"}],"author":[{"embeddable":true,"href":"https:\/\/apacame.org.br\/site\/wp-json\/wp\/v2\/users\/20"}],"replies":[{"embeddable":true,"href":"https:\/\/apacame.org.br\/site\/wp-json\/wp\/v2\/comments?post=4435"}],"version-history":[{"count":2,"href":"https:\/\/apacame.org.br\/site\/wp-json\/wp\/v2\/pages\/4435\/revisions"}],"predecessor-version":[{"id":4438,"href":"https:\/\/apacame.org.br\/site\/wp-json\/wp\/v2\/pages\/4435\/revisions\/4438"}],"up":[{"embeddable":true,"href":"https:\/\/apacame.org.br\/site\/wp-json\/wp\/v2\/pages\/4370"}],"wp:attachment":[{"href":"https:\/\/apacame.org.br\/site\/wp-json\/wp\/v2\/media?parent=4435"}],"curies":[{"name":"wp","href":"https:\/\/api.w.org\/{rel}","templated":true}]}}