{"id":4379,"date":"2021-10-21T16:55:00","date_gmt":"2021-10-21T16:55:00","guid":{"rendered":"https:\/\/apacame.org.br\/site\/?page_id=4379"},"modified":"2021-10-21T16:55:00","modified_gmt":"2021-10-21T16:55:00","slug":"editorial","status":"publish","type":"page","link":"https:\/\/apacame.org.br\/site\/revista\/mensagem-doce-n-163-setembro-de-2021\/editorial\/","title":{"rendered":"Editorial"},"content":{"rendered":"<h1 style=\"text-align: center;\">CALMARIA E NOVIDADES NA APICULTURA<\/h1>\n<p><span style=\"font-size: large;\"><a href=\"https:\/\/apacame.org.br\/site\/wp-content\/uploads\/2021\/08\/Foto_Editorial.jpg\"><img fetchpriority=\"high\" decoding=\"async\" class=\"alignleft size-full wp-image-4205\" src=\"https:\/\/apacame.org.br\/site\/wp-content\/uploads\/2021\/08\/Foto_Editorial.jpg\" alt=\"Foto_Editorial\" width=\"385\" height=\"350\" srcset=\"https:\/\/apacame.org.br\/site\/wp-content\/uploads\/2021\/08\/Foto_Editorial.jpg 385w, https:\/\/apacame.org.br\/site\/wp-content\/uploads\/2021\/08\/Foto_Editorial-300x273.jpg 300w, https:\/\/apacame.org.br\/site\/wp-content\/uploads\/2021\/08\/Foto_Editorial-150x136.jpg 150w\" sizes=\"(max-width: 385px) 100vw, 385px\" \/><\/a>Embora estejamos vivendo um per\u00edodo de relativa calma no meio ap\u00edcola, o setor tem se movimentado devido ao trabalho contra a circula\u00e7\u00e3o de mel falsificado no mercado interno, coordenado pela equipe da Dra. L\u00eddia. <\/span><\/p>\n<p><span style=\"font-size: large;\">Falta mel no Brasil e no mundo, e infelizmente temos not\u00edcias de que a safra no Nordeste foi muito fraca, mas ficamos aguardando a recupera\u00e7\u00e3o. Apesar disso, a procura por mel continua enorme e s\u00f3 aumenta. Recentemente, uma comiss\u00e3o da China esteve na APACAME, disposta a comprar toda a nossa produ\u00e7\u00e3o. Portanto, vamos produzir, pois h\u00e1 mercado.<\/span><\/p>\n<p><span style=\"font-size: large;\">Nesta edi\u00e7\u00e3o, Dr. Mikhael fala sobre o uso e os benef\u00edcios do mel por diab\u00e9ticos, bem como dos produtos das abelhas para a sa\u00fade humana e outras mat\u00e9rias que tratam sempre da qualidade de vida das pessoas e da conserva\u00e7\u00e3o das abelhas.<\/span><\/p>\n<p><span style=\"font-size: large;\">N\u00f3s, da diretoria da APACAME, estamos trabalhando na base da associa\u00e7\u00e3o, visando principalmente \u00e0 aproxima\u00e7\u00e3o com os associados. Em breve promoveremos cursos frequentes e segmentados, vendas de produtos mais acess\u00edveis e atualiza\u00e7\u00e3o de cadastros. Tamb\u00e9m haver\u00e1 renova\u00e7\u00e3o, moderniza\u00e7\u00e3o e praticidade na loja de nossa sede. Todos os processos ser\u00e3o informatizados para facilitar o acesso dos apicultores e ao mesmo tempo voltaremos \u00e0s nossas reuni\u00f5es mensais.<\/span><\/p>\n<p><span style=\"font-size: large;\">\u201cE que as abelhas sejam motivos de reuni\u00e3o e uni\u00e3o entre os homens\u201d <\/span><\/p>\n<p><span style=\"font-size: large;\">Uma associa\u00e7\u00e3o se faz com associados.<\/span><\/p>\n<p><span style=\"font-size: large;\"><i><b>Eloi Viana da Silva \u2013 Presidente Executivo &#8211; <a href=\"mailto:eloi@apacame.org.br\">eloi@apacame.org.br<\/a><\/b><\/i><\/span><\/p>\n","protected":false},"excerpt":{"rendered":"<p>CALMARIA E NOVIDADES NA APICULTURA Embora estejamos vivendo um per\u00edodo de relativa calma no meio ap\u00edcola, o setor tem se movimentado devido ao trabalho contra a circula\u00e7\u00e3o de mel falsificado [&hellip;]<\/p>\n","protected":false},"author":20,"featured_media":0,"parent":4370,"menu_order":0,"comment_status":"open","ping_status":"open","template":"","meta":{"pmpro_default_level":"","_price":"","_stock":"","_tribe_ticket_header":"","_tribe_default_ticket_provider":"","_tribe_ticket_capacity":"0","_ticket_start_date":"","_ticket_end_date":"","_tribe_ticket_show_description":"","_tribe_ticket_show_not_going":false,"_tribe_ticket_use_global_stock":"","_tribe_ticket_global_stock_level":"","_global_stock_mode":"","_global_stock_cap":"","_tribe_rsvp_for_event":"","_tribe_ticket_going_count":"","_tribe_ticket_not_going_count":"","_tribe_tickets_list":"[]","_tribe_ticket_has_attendee_info_fields":false,"cybocfi_hide_featured_image":"","footnotes":""},"class_list":["post-4379","page","type-page","status-publish","hentry","pmpro-has-access"],"_links":{"self":[{"href":"https:\/\/apacame.org.br\/site\/wp-json\/wp\/v2\/pages\/4379"}],"collection":[{"href":"https:\/\/apacame.org.br\/site\/wp-json\/wp\/v2\/pages"}],"about":[{"href":"https:\/\/apacame.org.br\/site\/wp-json\/wp\/v2\/types\/page"}],"author":[{"embeddable":true,"href":"https:\/\/apacame.org.br\/site\/wp-json\/wp\/v2\/users\/20"}],"replies":[{"embeddable":true,"href":"https:\/\/apacame.org.br\/site\/wp-json\/wp\/v2\/comments?post=4379"}],"version-history":[{"count":1,"href":"https:\/\/apacame.org.br\/site\/wp-json\/wp\/v2\/pages\/4379\/revisions"}],"predecessor-version":[{"id":4380,"href":"https:\/\/apacame.org.br\/site\/wp-json\/wp\/v2\/pages\/4379\/revisions\/4380"}],"up":[{"embeddable":true,"href":"https:\/\/apacame.org.br\/site\/wp-json\/wp\/v2\/pages\/4370"}],"wp:attachment":[{"href":"https:\/\/apacame.org.br\/site\/wp-json\/wp\/v2\/media?parent=4379"}],"curies":[{"name":"wp","href":"https:\/\/api.w.org\/{rel}","templated":true}]}}