{"id":4349,"date":"2021-10-19T19:37:36","date_gmt":"2021-10-19T19:37:36","guid":{"rendered":"https:\/\/apacame.org.br\/site\/?page_id=4349"},"modified":"2024-06-11T21:34:19","modified_gmt":"2024-06-12T00:34:19","slug":"downloads","status":"publish","type":"page","link":"https:\/\/apacame.org.br\/site\/downloads\/","title":{"rendered":"Downloads"},"content":{"rendered":"<div class=\"pmpro\"><div class=\"pmpro_card pmpro_content_message\"><div class=\"pmpro_card_content\">Este conte\u00fado \u00e9 apenas para associados S\u00f3cio Anual APACAME. <br \/><a href=\"https:\/\/apacame.org.br\/site\/minha-conta\/niveis-de-associacao\/\">Cadastre-se<\/a><\/div><div class=\"pmpro_card_actions pmpro_font-medium\">J\u00e1 se associou? <a href=\"https:\/\/apacame.org.br\/site\/login\/?redirect_to=https%3A%2F%2Fapacame.org.br%2Fsite%2Fdownloads%2F\">Acesse aqui<\/a><\/div><\/div><\/div>","protected":false},"excerpt":{"rendered":"<div class=\"pmpro\"><div class=\"pmpro_card pmpro_content_message\"><div class=\"pmpro_card_content\">Este conte\u00fado \u00e9 apenas para associados S\u00f3cio Anual APACAME. <br \/><a href=\"https:\/\/apacame.org.br\/site\/minha-conta\/niveis-de-associacao\/\">Cadastre-se<\/a><\/div><div class=\"pmpro_card_actions pmpro_font-medium\">J\u00e1 se associou? <a href=\"https:\/\/apacame.org.br\/site\/login\/?redirect_to=https%3A%2F%2Fapacame.org.br%2Fsite%2Fdownloads%2F\">Acesse aqui<\/a><\/div><\/div><\/div>","protected":false},"author":20,"featured_media":0,"parent":0,"menu_order":0,"comment_status":"open","ping_status":"closed","template":"page-secret.php","meta":{"pmpro_default_level":"0","_price":"","_stock":"","_tribe_ticket_header":"","_tribe_default_ticket_provider":"","_tribe_ticket_capacity":"0","_ticket_start_date":"","_ticket_end_date":"","_tribe_ticket_show_description":"","_tribe_ticket_show_not_going":false,"_tribe_ticket_use_global_stock":"","_tribe_ticket_global_stock_level":"","_global_stock_mode":"","_global_stock_cap":"","_tribe_rsvp_for_event":"","_tribe_ticket_going_count":"","_tribe_ticket_not_going_count":"","_tribe_tickets_list":"[]","_tribe_ticket_has_attendee_info_fields":false,"cybocfi_hide_featured_image":"","footnotes":""},"class_list":["post-4349","page","type-page","status-publish","hentry","pmpro-level-required","pmpro-level-1","pmpro-no-access"],"_links":{"self":[{"href":"https:\/\/apacame.org.br\/site\/wp-json\/wp\/v2\/pages\/4349"}],"collection":[{"href":"https:\/\/apacame.org.br\/site\/wp-json\/wp\/v2\/pages"}],"about":[{"href":"https:\/\/apacame.org.br\/site\/wp-json\/wp\/v2\/types\/page"}],"author":[{"embeddable":true,"href":"https:\/\/apacame.org.br\/site\/wp-json\/wp\/v2\/users\/20"}],"replies":[{"embeddable":true,"href":"https:\/\/apacame.org.br\/site\/wp-json\/wp\/v2\/comments?post=4349"}],"version-history":[{"count":9,"href":"https:\/\/apacame.org.br\/site\/wp-json\/wp\/v2\/pages\/4349\/revisions"}],"predecessor-version":[{"id":6404,"href":"https:\/\/apacame.org.br\/site\/wp-json\/wp\/v2\/pages\/4349\/revisions\/6404"}],"wp:attachment":[{"href":"https:\/\/apacame.org.br\/site\/wp-json\/wp\/v2\/media?parent=4349"}],"curies":[{"name":"wp","href":"https:\/\/api.w.org\/{rel}","templated":true}]}}