{"id":4296,"date":"2021-08-10T19:59:58","date_gmt":"2021-08-10T19:59:58","guid":{"rendered":"https:\/\/apacame.org.br\/site\/?page_id=4296"},"modified":"2021-08-10T19:59:58","modified_gmt":"2021-08-10T19:59:58","slug":"artigo-2","status":"publish","type":"page","link":"https:\/\/apacame.org.br\/site\/revista\/mensagem-doce-n-162-julho-de-2021\/artigo-2\/","title":{"rendered":"Artigo"},"content":{"rendered":"<h1 style=\"text-align: center;\">Manejo para melhor bem estar das col\u00f4nias de abelhas africanizadas<\/h1>\n<blockquote><p>Tuan Henrique Smielevski de Souza\u00b9, Jos\u00e9 Elton de Melo Nascimento\u00b9, Cl\u00e1udio Gomes da Silva J\u00fanior\u00b9, Vagner de Alencar Arnaut de Toledo\u00b2<\/p>\n<p>1- Programa de P\u00f3s-gradua\u00e7\u00e3o em Zootecnia, Universidade Estadual de Maring\u00e1<\/p>\n<p>2- Professor Titular, Universidade Estadual de Maring\u00e1.<\/p><\/blockquote>\n<p><span style=\"font-size: large;\">O manejo para obter uma melhor termorregula\u00e7\u00e3o em col\u00f4nias de abelhas Apis mellifera africanizadas \u00e9 essencial para o desenvolvimento larval e das pupas. As abelhas realizam a produ\u00e7\u00e3o de calor por meio de vibra\u00e7\u00f5es dos m\u00fasculos localizados na regi\u00e3o tor\u00e1cica. As abelhas se agrupam nas \u00e1reas de crias, formando v\u00e1rias camadas, sendo o calor produzido no centro, dipersado para as extremidades e isolado pelas diversas camadas de abelhas agrupadas. Dependendo do local que est\u00e3o instalados os api\u00e1rios, as abelhas podem ter dificuldade de manter a temperatura ideal de 33 \u2013 36\u00baC na regi\u00e3o das crias abertas. <\/span><\/p>\n<figure id=\"attachment_4297\" aria-describedby=\"caption-attachment-4297\" style=\"width: 300px\" class=\"wp-caption alignright\"><a href=\"https:\/\/apacame.org.br\/site\/wp-content\/uploads\/2021\/08\/Figura_1_Manejo.jpg\"><img decoding=\"async\" class=\"size-medium wp-image-4297\" src=\"https:\/\/apacame.org.br\/site\/wp-content\/uploads\/2021\/08\/Figura_1_Manejo-300x132.jpg\" alt=\"Figura 1:Redutor de alvado para colmeias padr\u00e3o Langstroth em diferentes posi\u00e7\u00f5es.\" width=\"300\" height=\"132\" srcset=\"https:\/\/apacame.org.br\/site\/wp-content\/uploads\/2021\/08\/Figura_1_Manejo-300x132.jpg 300w, https:\/\/apacame.org.br\/site\/wp-content\/uploads\/2021\/08\/Figura_1_Manejo-1024x450.jpg 1024w, https:\/\/apacame.org.br\/site\/wp-content\/uploads\/2021\/08\/Figura_1_Manejo-150x66.jpg 150w, https:\/\/apacame.org.br\/site\/wp-content\/uploads\/2021\/08\/Figura_1_Manejo-500x220.jpg 500w, https:\/\/apacame.org.br\/site\/wp-content\/uploads\/2021\/08\/Figura_1_Manejo.jpg 1122w\" sizes=\"(max-width: 300px) 100vw, 300px\" \/><\/a><figcaption id=\"caption-attachment-4297\" class=\"wp-caption-text\">Figura 1:Redutor de alvado para colmeias padr\u00e3o Langstroth em diferentes<br \/>posi\u00e7\u00f5es.<\/figcaption><\/figure>\n<p><span style=\"font-size: large;\">O manejo para o bem estar das col\u00f4nias, pode auxiliar na termorregula\u00e7\u00e3o, entre eles, o uso do redutor de alvado, t\u00e1bua separadora, utiliza\u00e7\u00e3o de colmeias quentes ou frias, localiza\u00e7\u00e3o dos api\u00e1rios e a implanta\u00e7\u00e3o de quebras ventos. O redutor de alvado \u00e9 utilizado para a diminui\u00e7\u00e3o do alvado na colmeia Langstroth na esta\u00e7\u00e3o do inverno e em regi\u00f5es com temperaturas mais baixas, evitando assim a entrada de ventos frios e auxiliando na defesa da col\u00f4nia em uma poss\u00edvel pilhagem. A obten\u00e7\u00e3o do redutor de alvado \u00e9 facilitada pelo baixo custo ou f\u00e1cil produ\u00e7\u00e3o. Suas dimens\u00f5es (Figura 1) possuem dois cortes de tamanho diferentes e posi\u00e7\u00f5es desencontradas, com medidas exatas, encaixa-se perfeitamente no alvado da colmeia Langstroth.<\/span><\/p>\n<p><span style=\"font-size: large;\">Dependendo da regi\u00e3o do Brasil em que se encontram as col\u00f4nias, o manejo pode ser realizado de diferentes formas. No centro-sul, utiliza-se em \u00e9pocas frias a entrada do redutor com o menor corte, facilitando a termorregula\u00e7\u00e3o, com a chegada da primavera\/ver\u00e3o pode-se mudar de posi\u00e7\u00e3o ou realizar a remo\u00e7\u00e3o do redutor. Estes podem ser guardados para o uso na pr\u00f3xima esta\u00e7\u00e3o fria. Desta forma, restabelecendo o tamanho original do alvado e facilitando a entrada e sa\u00edda das abelhas campeiras, carregadas com recursos florais dispon\u00edveis com o come\u00e7o das grandes floradas.<\/span><\/p>\n<p><span style=\"font-size: large;\">A utiliza\u00e7\u00e3o do redutor de alvado ajuda a diminuir o consumo de alimento pelas abelhas para realizar atividades de termorregula\u00e7\u00e3o e disponibiliza oper\u00e1rias para outras atividades importantes ou de dif\u00edcil assist\u00eancia pelos apicultores, como a coleta de n\u00e9ctar, p\u00f3len e atividades de nutrizes. O seu uso tamb\u00e9m reduz a incid\u00eancia de poss\u00edveis saques\/pilhagens realizados por outras abelhas, predadores ou parasitas. O comportamento de pilhagem \u00e9 vis\u00edvel quando ocorrem aglomera\u00e7\u00f5es e brigas entre abelhas no alvado. Com isso, facilita-se a defesa pelas guardi\u00e3s em col\u00f4nias saqueadas, principalmente, em col\u00f4nias fracas. Em col\u00f4nias coletadas ou enxames rec\u00e9m nidificados em colmeias, recomenda-se a utiliza\u00e7\u00e3o dos redutores, podendo auxiliar na termorregula\u00e7\u00e3o e na defesa da col\u00f4nia em uma poss\u00edvel pilhagem. Em col\u00f4nias fracas que possuem de 20 a 40% da \u00e1rea dispon\u00edvel ocupada, o uso do redutor de alvado \u00e9 recomendado tamb\u00e9m. Outro ponto importante no bem estar da col\u00f4nia \u00e9 o uso da t\u00e1bua separadora, que reduz a \u00e1rea de termorregula\u00e7\u00e3o das abelhas. No entanto, apicultores que possuem dificuldade em manter suas col\u00f4nias populosas durante a esta\u00e7\u00e3o fria, podem transferir as col\u00f4nias para n\u00facleos de cinco favos ou fazer o uso da t\u00e1bua separadora que limita a \u00e1rea ocupada pelas abelhas. Com o desenvolvimento populacional da col\u00f4nia e o aumento da \u00e1rea de crias, move-se a t\u00e1bua aumentando espa\u00e7o dispon\u00edvel na colmeia para as abelhas. <\/span><\/p>\n<figure id=\"attachment_4298\" aria-describedby=\"caption-attachment-4298\" style=\"width: 300px\" class=\"wp-caption alignleft\"><a href=\"https:\/\/apacame.org.br\/site\/wp-content\/uploads\/2021\/08\/Figura_2_Manejo.jpg\"><img decoding=\"async\" class=\"size-medium wp-image-4298\" src=\"https:\/\/apacame.org.br\/site\/wp-content\/uploads\/2021\/08\/Figura_2_Manejo-300x114.jpg\" alt=\"Figura 2: a) Colmeia modelo Langstroth ou colmeia fria. b) Colmeia modelo Schenck ou colmeia quente.\" width=\"300\" height=\"114\" srcset=\"https:\/\/apacame.org.br\/site\/wp-content\/uploads\/2021\/08\/Figura_2_Manejo-300x114.jpg 300w, https:\/\/apacame.org.br\/site\/wp-content\/uploads\/2021\/08\/Figura_2_Manejo-1024x391.jpg 1024w, https:\/\/apacame.org.br\/site\/wp-content\/uploads\/2021\/08\/Figura_2_Manejo-1170x450.jpg 1170w, https:\/\/apacame.org.br\/site\/wp-content\/uploads\/2021\/08\/Figura_2_Manejo-150x57.jpg 150w, https:\/\/apacame.org.br\/site\/wp-content\/uploads\/2021\/08\/Figura_2_Manejo-500x191.jpg 500w\" sizes=\"(max-width: 300px) 100vw, 300px\" \/><\/a><figcaption id=\"caption-attachment-4298\" class=\"wp-caption-text\">Figura 2: a) Colmeia modelo Langstroth ou colmeia fria. b) Colmeia modelo Schenck ou colmeia quente.<\/figcaption><\/figure>\n<p><span style=\"font-size: large;\">A utiliza\u00e7\u00e3o de diferentes modelos de colmeias \u00e9 outra ferramenta que pode ser utilizada para auxiliar as abelhas na termorregula\u00e7\u00e3o. A sua escolha, primeiramente, deve ser rigorosa na utiliza\u00e7\u00e3o do espa\u00e7o abelha, que varia de sete a onze mil\u00edmetros. O modelo padr\u00e3o utilizado \u00e9 o Langstroth ou americano, este possui os quadros dispostos de forma perpendicular ao alvado, definida como colmeia fria, por facilitar a ventila\u00e7\u00e3o interna. A colmeia Langstroth \u00e9 adotada como padr\u00e3o internacional de colmeia para a cria\u00e7\u00e3o racional de abelha (Figura 2a). Este modelo pode ser dividido em colmeia ninho com 10 quadros e n\u00facleo de cinco, quatro ou tr\u00eas quadros. <\/span><\/p>\n<p><span style=\"font-size: large;\">O modelo Schenck \u00e9 considerado uma colmeia quente, pois os quadros est\u00e3o dispostos de forma paralela ao alvado, dificultando a circula\u00e7\u00e3o de ar em \u00e9pocas mais frias, devido \u00e0 barreira proporcionada pelos favos (Figura 2b). Ambas possuem recomenda\u00e7\u00f5es diferentes, sendo o modelo Langstroth para regi\u00f5es quentes e o modelo Schenck para regi\u00f5es frias.<\/span><\/p>\n<p><span style=\"font-size: large;\">Para a escolha da colmeia ideal, os apicultores devem levar em considera\u00e7\u00e3o a facilidade de obten\u00e7\u00e3o do material, o custo e, principalmente, a padroniza\u00e7\u00e3o de equipamentos. Pois, os modelos Langstroth e Shenck se diferenciam em suas medidas, desta forma n\u00e3o sendo poss\u00edvel o manejo de favos entre esses dois modelos de colmeias.<\/span><\/p>\n<p><span style=\"font-size: large;\">Os api\u00e1rios devem ser instalados em locais ensolarados no inverno, preferencialmente, com os alvados das col\u00f4nias voltadas para o nascer do sol, possibilitando, a sa\u00edda das abelhas mais cedo e auxiliando na temperatura das col\u00f4nias. Para melhor bem estar das col\u00f4nias deve-se evitar locais com excesso de neblina e as col\u00f4nias devem estar voltadas com o alvado para o lado de menor incid\u00eancia de ventos. No Sul do pa\u00eds, a recomenda\u00e7\u00e3o \u00e9 que os api\u00e1rios possam ser instalados em locais com \u00e1rvores caducif\u00f3lias, ou seja, perdem as folhas no inverno e permitam a passagem de luz e proporcionam sombra na esta\u00e7\u00e3o quente. <\/span><\/p>\n<figure id=\"attachment_4299\" aria-describedby=\"caption-attachment-4299\" style=\"width: 300px\" class=\"wp-caption alignright\"><a href=\"https:\/\/apacame.org.br\/site\/wp-content\/uploads\/2021\/08\/Figura_3_Manejo.jpg\"><img fetchpriority=\"high\" decoding=\"async\" class=\"size-medium wp-image-4299\" src=\"https:\/\/apacame.org.br\/site\/wp-content\/uploads\/2021\/08\/Figura_3_Manejo-300x241.jpg\" alt=\"Figura 3: Plantas utilizadas como quebra vento nos api\u00e1rios. a-b) San\u00e7\u00e3o do campo (Mimosa caesalpiniaefolia). c-d) Astrapeia \u2013 (Dombeya wallichii).\" width=\"300\" height=\"241\" srcset=\"https:\/\/apacame.org.br\/site\/wp-content\/uploads\/2021\/08\/Figura_3_Manejo-300x241.jpg 300w, https:\/\/apacame.org.br\/site\/wp-content\/uploads\/2021\/08\/Figura_3_Manejo-1024x821.jpg 1024w, https:\/\/apacame.org.br\/site\/wp-content\/uploads\/2021\/08\/Figura_3_Manejo-150x120.jpg 150w, https:\/\/apacame.org.br\/site\/wp-content\/uploads\/2021\/08\/Figura_3_Manejo-500x401.jpg 500w, https:\/\/apacame.org.br\/site\/wp-content\/uploads\/2021\/08\/Figura_3_Manejo.jpg 1711w\" sizes=\"(max-width: 300px) 100vw, 300px\" \/><\/a><figcaption id=\"caption-attachment-4299\" class=\"wp-caption-text\">Figura 3: Plantas utilizadas como quebra vento nos api\u00e1rios. a-b) San\u00e7\u00e3o do campo (Mimosa caesalpiniaefolia). c-d) Astrapeia<br \/>\u2013 (Dombeya wallichii).<\/figcaption><\/figure>\n<p><span style=\"font-size: large;\">O quebra vento \u00e9 utilizado para a redu\u00e7\u00e3o na velocidade do vento sul (Figura 3a-b). Entre v\u00e1rias alternativas de plantas que podem ser utilizadas, pode-se destacar o sans\u00e3o do campo (Mimosa caesalpiniifolia) e a astrapeia (Dombeya wallichii). A astrapeia que al\u00e9m de servir como quebra vento, \u00e9 de f\u00e1cil poda e fornece p\u00f3len e n\u00e9ctar na esta\u00e7\u00e3o fria. A instala\u00e7\u00e3o do quebra vento auxilia no voo das abelhas, pois acarretada a diminui\u00e7\u00e3o da velocidade do vento e, consequentemente, melhor entrada e sa\u00edda das abelhas na col\u00f4nia. Outro ponto importante \u00e9 a seguran\u00e7a para as pessoas e animais pr\u00f3ximo ao api\u00e1rio, pois as abelhas ter\u00e3o que voar mais alto e com isso diminuindo o risco de acidente. O quebra vento auxilia na diminui\u00e7\u00e3o da visibilidade das col\u00f4nias por estranhos ou pessoas que est\u00e3o passando nas proximidades do api\u00e1rio, desta forma<\/span><\/p>\n<p><span style=\"font-size: large;\"><b>evitando o furto de col\u00f4nias.<\/b> <\/span><\/p>\n<p><span style=\"font-size: large;\">Todos os manejos e equipamentos citados visam na melhoria das condi\u00e7\u00f5es para a manuten\u00e7\u00e3o e desenvolvimento das col\u00f4nias em esta\u00e7\u00e3o fria. S\u00e3o facilmente aplic\u00e1veis no sistema produtivo e proporcionam ganhos ao apicultor, principalmente, pela manuten\u00e7\u00e3o do n\u00famero de indiv\u00edduos para a \u00e9poca produtiva. Logicamente que, com estes manejos e materiais sozinhos, os apicultores n\u00e3o ter\u00e3o estes resultados, s\u00e3o necess\u00e1rios outros cuidados e manejos que ser\u00e3o comentados num pr\u00f3ximo artigo.<\/span><\/p>\n","protected":false},"excerpt":{"rendered":"<p>Manejo para melhor bem estar das col\u00f4nias de abelhas africanizadas Tuan Henrique Smielevski de Souza\u00b9, Jos\u00e9 Elton de Melo Nascimento\u00b9, Cl\u00e1udio Gomes da Silva J\u00fanior\u00b9, Vagner de Alencar Arnaut de [&hellip;]<\/p>\n","protected":false},"author":20,"featured_media":0,"parent":4196,"menu_order":0,"comment_status":"open","ping_status":"open","template":"","meta":{"pmpro_default_level":"","_price":"","_stock":"","_tribe_ticket_header":"","_tribe_default_ticket_provider":"","_tribe_ticket_capacity":"0","_ticket_start_date":"","_ticket_end_date":"","_tribe_ticket_show_description":"","_tribe_ticket_show_not_going":false,"_tribe_ticket_use_global_stock":"","_tribe_ticket_global_stock_level":"","_global_stock_mode":"","_global_stock_cap":"","_tribe_rsvp_for_event":"","_tribe_ticket_going_count":"","_tribe_ticket_not_going_count":"","_tribe_tickets_list":"[]","_tribe_ticket_has_attendee_info_fields":false,"cybocfi_hide_featured_image":"","footnotes":""},"class_list":["post-4296","page","type-page","status-publish","hentry","pmpro-has-access"],"_links":{"self":[{"href":"https:\/\/apacame.org.br\/site\/wp-json\/wp\/v2\/pages\/4296"}],"collection":[{"href":"https:\/\/apacame.org.br\/site\/wp-json\/wp\/v2\/pages"}],"about":[{"href":"https:\/\/apacame.org.br\/site\/wp-json\/wp\/v2\/types\/page"}],"author":[{"embeddable":true,"href":"https:\/\/apacame.org.br\/site\/wp-json\/wp\/v2\/users\/20"}],"replies":[{"embeddable":true,"href":"https:\/\/apacame.org.br\/site\/wp-json\/wp\/v2\/comments?post=4296"}],"version-history":[{"count":2,"href":"https:\/\/apacame.org.br\/site\/wp-json\/wp\/v2\/pages\/4296\/revisions"}],"predecessor-version":[{"id":4301,"href":"https:\/\/apacame.org.br\/site\/wp-json\/wp\/v2\/pages\/4296\/revisions\/4301"}],"up":[{"embeddable":true,"href":"https:\/\/apacame.org.br\/site\/wp-json\/wp\/v2\/pages\/4196"}],"wp:attachment":[{"href":"https:\/\/apacame.org.br\/site\/wp-json\/wp\/v2\/media?parent=4296"}],"curies":[{"name":"wp","href":"https:\/\/api.w.org\/{rel}","templated":true}]}}