{"id":4279,"date":"2021-08-10T19:41:39","date_gmt":"2021-08-10T19:41:39","guid":{"rendered":"https:\/\/apacame.org.br\/site\/?page_id=4279"},"modified":"2021-08-10T19:41:39","modified_gmt":"2021-08-10T19:41:39","slug":"apiterapia","status":"publish","type":"page","link":"https:\/\/apacame.org.br\/site\/revista\/mensagem-doce-n-162-julho-de-2021\/apiterapia\/","title":{"rendered":"Apiterapia"},"content":{"rendered":"<h1 style=\"text-align: center;\">IMPORT\u00c2NCIA DA PR\u00d3POLIS<br \/>\nPARA A SA\u00daDE HUMANA<\/h1>\n<blockquote><p>Dr. Celso Henrique &#8211; Diretor T\u00e9cnico da APACAME &#8211; Supervisor de cursos da cl\u00ednica PORTAL DA SA\u00daDE &#8211; Fisioterapeuta, p\u00f3s-graduado em Acupuntura, p\u00f3s-graduado em Apicultura e Meliponicultura, Quiroprata e Apiterapeuta.<\/p><\/blockquote>\n<p><a href=\"https:\/\/apacame.org.br\/site\/wp-content\/uploads\/2021\/08\/Abertura_Importancia-propolis.jpg\"><img fetchpriority=\"high\" decoding=\"async\" class=\"aligncenter size-large wp-image-4280\" src=\"https:\/\/apacame.org.br\/site\/wp-content\/uploads\/2021\/08\/Abertura_Importancia-propolis-1024x406.jpg\" alt=\"Abertura_Importancia-propolis\" width=\"1024\" height=\"406\" srcset=\"https:\/\/apacame.org.br\/site\/wp-content\/uploads\/2021\/08\/Abertura_Importancia-propolis-1024x406.jpg 1024w, https:\/\/apacame.org.br\/site\/wp-content\/uploads\/2021\/08\/Abertura_Importancia-propolis-300x119.jpg 300w, https:\/\/apacame.org.br\/site\/wp-content\/uploads\/2021\/08\/Abertura_Importancia-propolis-150x59.jpg 150w, https:\/\/apacame.org.br\/site\/wp-content\/uploads\/2021\/08\/Abertura_Importancia-propolis-500x198.jpg 500w, https:\/\/apacame.org.br\/site\/wp-content\/uploads\/2021\/08\/Abertura_Importancia-propolis.jpg 1534w\" sizes=\"(max-width: 1024px) 100vw, 1024px\" \/><\/a><\/p>\n<p><span style=\"font-size: large;\">Apiterapia \u00e9 o emprego dos produtos da colmeia em prol da manuten\u00e7\u00e3o da sa\u00fade e preven\u00e7\u00e3o de doen\u00e7as em humanos.<\/span><\/p>\n<p><span style=\"font-size: large;\">A pr\u00f3polis \u00e9 um produto elaborado pelas abelhas a partir das resinas de vegetais e enriquecida com suas secre\u00e7\u00f5es para prote\u00e7\u00e3o da colmeia, tais como, fechar frestas, selar partes moveis e assepsia.<\/span><\/p>\n<p><span style=\"font-size: large;\">O uso da pr\u00f3polis \u00e9 muito antiga, seu emprego foi relatado no papiro de Ebers, escrito em 1700 a.C., e no Egito antigo era utilizada para embalsamamento dos mortos no processo de mumifica\u00e7\u00e3o, tamb\u00e9m foi muito utilizada na Mesopot\u00e2mia, ass\u00edrios, gregos, romanos e incas. <\/span><\/p>\n<p><span style=\"font-size: large;\">O Brasil \u00e9 um dos maiores produtores de pr\u00f3polis do mundo e detentor das melhores que s\u00e3o: a pr\u00f3polis verde originaria da resina da Baccharis dracunculifolia, (alecrim do campo), a vermelha originaria da Dalbergia ecastophyllum, (rabo do bugio) e a mais recente descoberta, pr\u00f3polis da jurema preta, Mimosa tenuiflora. <\/span><\/p>\n<p><span style=\"font-size: large;\"><b>Componentes<\/b> <\/span><\/p>\n<p><span style=\"font-size: large;\"><a href=\"https:\/\/apacame.org.br\/site\/wp-content\/uploads\/2021\/08\/Quadro1_Importancia.jpg\"><img decoding=\"async\" class=\"alignright size-medium wp-image-4282\" src=\"https:\/\/apacame.org.br\/site\/wp-content\/uploads\/2021\/08\/Quadro1_Importancia-274x300.jpg\" alt=\"Quadro1_Importancia\" width=\"274\" height=\"300\" srcset=\"https:\/\/apacame.org.br\/site\/wp-content\/uploads\/2021\/08\/Quadro1_Importancia-274x300.jpg 274w, https:\/\/apacame.org.br\/site\/wp-content\/uploads\/2021\/08\/Quadro1_Importancia-150x164.jpg 150w, https:\/\/apacame.org.br\/site\/wp-content\/uploads\/2021\/08\/Quadro1_Importancia-457x500.jpg 457w, https:\/\/apacame.org.br\/site\/wp-content\/uploads\/2021\/08\/Quadro1_Importancia.jpg 563w\" sizes=\"(max-width: 274px) 100vw, 274px\" \/><\/a>A composi\u00e7\u00e3o qu\u00edmica da pr\u00f3polis, depende da fonte vegetal em que a mat\u00e9ria prima \u00e9 coletada, portanto, vai variar seus compostos qu\u00edmico, por\u00e9m, em sua composi\u00e7\u00e3o os mais abundantes s\u00e3o os compostos fen\u00f3licos os quais lhe conferem import\u00e2ncia para sua a\u00e7\u00e3o farmacol\u00f3gica. Em regra geral, sua composi\u00e7\u00e3o \u00e9 de:<\/span><\/p>\n<p><span style=\"font-size: large;\">Apresenta mais de 300 compostos qu\u00edmicos, sendo que os mais ativos s\u00e3o os flavonoides, (em maior abund\u00e2ncia), \u00e1cidos arom\u00e1ticos, amino\u00e1cidos, minerais vitaminas. Esses compostos capacitam a pr\u00f3polis ser anti-inflamat\u00f3rio, anticarcinog\u00eanico e imunomodulador que quando administrado em humanos e animais, ocorre estabiliza\u00e7\u00e3o do fator imunol\u00f3gico, proporcionando resist\u00eancia aos processos infecciosos e caracter\u00edsticas como:<\/span><\/p>\n<p><span style=\"font-size: large;\"><b>Benef\u00edcios Para Nosso Corpo<\/b><\/span><\/p>\n<p><span style=\"font-size: large;\">J\u00e1 est\u00e1 comprovado cientificamente os v\u00e1rios benef\u00edcios que a pr\u00f3polis proporciona ao organismo humano, in\u00fameros experimentos foram realizados ratificando sua efic\u00e1cia.<\/span><\/p>\n<p><span style=\"font-size: large;\"><a href=\"https:\/\/apacame.org.br\/site\/wp-content\/uploads\/2021\/08\/Quadro2_Importancia.jpg\"><img decoding=\"async\" class=\"alignleft size-medium wp-image-4283\" src=\"https:\/\/apacame.org.br\/site\/wp-content\/uploads\/2021\/08\/Quadro2_Importancia-239x300.jpg\" alt=\"Quadro2_Importancia\" width=\"239\" height=\"300\" srcset=\"https:\/\/apacame.org.br\/site\/wp-content\/uploads\/2021\/08\/Quadro2_Importancia-239x300.jpg 239w, https:\/\/apacame.org.br\/site\/wp-content\/uploads\/2021\/08\/Quadro2_Importancia-150x188.jpg 150w, https:\/\/apacame.org.br\/site\/wp-content\/uploads\/2021\/08\/Quadro2_Importancia-398x500.jpg 398w, https:\/\/apacame.org.br\/site\/wp-content\/uploads\/2021\/08\/Quadro2_Importancia.jpg 580w\" sizes=\"(max-width: 239px) 100vw, 239px\" \/><\/a>Atualmente, com o advento da pandemia causada pelo v\u00edrus covid-19, t\u00eam se desenvolvido in\u00fameros estudos \u00e0 fim de se encontrar meios de erradica\u00e7\u00e3o de tal mal. Dentre esses estudos, foi utilizado a pr\u00f3polis que demonstrou ser um \u00f3timo aliado esse enfrentamento tanto no combate quanto na preven\u00e7\u00e3o, pois constatou-se que indiv\u00edduos infectados diminuiu tempo de interna\u00e7\u00e3o em UTI, medica\u00e7\u00e3o de suporte foi administrada em menor quantidade e as sequelas na grande maioria foram brandas em rela\u00e7\u00e3o aos infectados eu foram tratados convencionalmente.<\/span><\/p>\n<p><span style=\"font-size: large;\"><b>Considera\u00e7\u00f5es Finais<\/b><\/span><\/p>\n<p><span style=\"font-size: large;\">Ao longo da hist\u00f3ria da humanidade, a pr\u00f3polis foi utilizada de forma emp\u00edrica, no tratamento de muitas doen\u00e7as e outras utiliza\u00e7\u00f5es.<\/span><\/p>\n<p><span style=\"font-size: large;\">Atualmente, com o avan\u00e7o das t\u00e9cnicas anal\u00edticas, t\u00eam sido realizados estudos mais detalhados da sua constitui\u00e7\u00e3o qu\u00edmicas e das atividades de seus componentes.<\/span><\/p>\n<p><span style=\"font-size: large;\">Os v\u00e1rios resultados de trabalhos cient\u00edficos mostram o seu potencial para diversos usos e aplica\u00e7\u00f5es farmacol\u00f3gicas e confirmam, sem espa\u00e7o de d\u00favida, a sua efic\u00e1cia, principalmente como antioxidante, anti-inflamat\u00f3rio e antimicrobiano.<\/span><\/p>\n<p><span style=\"font-size: large;\">A pr\u00f3polis tem sido apontada como alternativa ao tratamento de in\u00fameras enfermidades, tanto na medicina humana como na veterin\u00e1ria<\/span><\/p>\n<p><a href=\"https:\/\/apacame.org.br\/site\/wp-content\/uploads\/2021\/08\/Figura_1_Importancia.jpg\"><img loading=\"lazy\" decoding=\"async\" class=\"aligncenter size-large wp-image-4281\" src=\"https:\/\/apacame.org.br\/site\/wp-content\/uploads\/2021\/08\/Figura_1_Importancia-1024x518.jpg\" alt=\"Figura_1_Importancia\" width=\"1024\" height=\"518\" srcset=\"https:\/\/apacame.org.br\/site\/wp-content\/uploads\/2021\/08\/Figura_1_Importancia-1024x518.jpg 1024w, https:\/\/apacame.org.br\/site\/wp-content\/uploads\/2021\/08\/Figura_1_Importancia-300x152.jpg 300w, https:\/\/apacame.org.br\/site\/wp-content\/uploads\/2021\/08\/Figura_1_Importancia-150x76.jpg 150w, https:\/\/apacame.org.br\/site\/wp-content\/uploads\/2021\/08\/Figura_1_Importancia-500x253.jpg 500w, https:\/\/apacame.org.br\/site\/wp-content\/uploads\/2021\/08\/Figura_1_Importancia.jpg 1141w\" sizes=\"(max-width: 1024px) 100vw, 1024px\" \/><\/a><\/p>\n","protected":false},"excerpt":{"rendered":"<p>IMPORT\u00c2NCIA DA PR\u00d3POLIS PARA A SA\u00daDE HUMANA Dr. Celso Henrique &#8211; Diretor T\u00e9cnico da APACAME &#8211; Supervisor de cursos da cl\u00ednica PORTAL DA SA\u00daDE &#8211; Fisioterapeuta, p\u00f3s-graduado em Acupuntura, p\u00f3s-graduado [&hellip;]<\/p>\n","protected":false},"author":20,"featured_media":0,"parent":4196,"menu_order":0,"comment_status":"open","ping_status":"open","template":"","meta":{"pmpro_default_level":"","_price":"","_stock":"","_tribe_ticket_header":"","_tribe_default_ticket_provider":"","_tribe_ticket_capacity":"0","_ticket_start_date":"","_ticket_end_date":"","_tribe_ticket_show_description":"","_tribe_ticket_show_not_going":false,"_tribe_ticket_use_global_stock":"","_tribe_ticket_global_stock_level":"","_global_stock_mode":"","_global_stock_cap":"","_tribe_rsvp_for_event":"","_tribe_ticket_going_count":"","_tribe_ticket_not_going_count":"","_tribe_tickets_list":"[]","_tribe_ticket_has_attendee_info_fields":false,"cybocfi_hide_featured_image":"","footnotes":""},"class_list":["post-4279","page","type-page","status-publish","hentry","pmpro-has-access"],"_links":{"self":[{"href":"https:\/\/apacame.org.br\/site\/wp-json\/wp\/v2\/pages\/4279"}],"collection":[{"href":"https:\/\/apacame.org.br\/site\/wp-json\/wp\/v2\/pages"}],"about":[{"href":"https:\/\/apacame.org.br\/site\/wp-json\/wp\/v2\/types\/page"}],"author":[{"embeddable":true,"href":"https:\/\/apacame.org.br\/site\/wp-json\/wp\/v2\/users\/20"}],"replies":[{"embeddable":true,"href":"https:\/\/apacame.org.br\/site\/wp-json\/wp\/v2\/comments?post=4279"}],"version-history":[{"count":2,"href":"https:\/\/apacame.org.br\/site\/wp-json\/wp\/v2\/pages\/4279\/revisions"}],"predecessor-version":[{"id":4285,"href":"https:\/\/apacame.org.br\/site\/wp-json\/wp\/v2\/pages\/4279\/revisions\/4285"}],"up":[{"embeddable":true,"href":"https:\/\/apacame.org.br\/site\/wp-json\/wp\/v2\/pages\/4196"}],"wp:attachment":[{"href":"https:\/\/apacame.org.br\/site\/wp-json\/wp\/v2\/media?parent=4279"}],"curies":[{"name":"wp","href":"https:\/\/api.w.org\/{rel}","templated":true}]}}