{"id":4271,"date":"2021-08-10T18:31:40","date_gmt":"2021-08-10T18:31:40","guid":{"rendered":"https:\/\/apacame.org.br\/site\/?page_id=4271"},"modified":"2021-08-10T18:37:52","modified_gmt":"2021-08-10T18:37:52","slug":"saude","status":"publish","type":"page","link":"https:\/\/apacame.org.br\/site\/revista\/mensagem-doce-n-162-julho-de-2021\/saude\/","title":{"rendered":"Sa\u00fade"},"content":{"rendered":"<h1 style=\"text-align: center;\">\u00c1cido Clor\u00eddrico (HCI)<br \/>\nvoc\u00ea vive sem ele?<\/h1>\n<blockquote><p>Hilton Claudino \u00e9 Fitoterapeuta, trofoterapeuta e naturoterapeuta.<br \/>\nTel. 012 3883 &#8211; 1011 &#8211; whatsApp: 12 98117-3044 &#8211; <a href=\"http:\/\/loja.hiltonfito.com.br\" target=\"_blank\" rel=\"noopener\">loja.hiltonfito.com.br<\/a><\/p><\/blockquote>\n<p><span style=\"font-size: large;\"><b>\u00c1cido Clor\u00eddrico (HCI), voc\u00ea vive sem ele? voc\u00ea o conhece? Quem deveria falar-lhe sobre ele provavelmente nunca o fez, quer conhece-lo? N\u00e3o? Tem pregui\u00e7a de ler? bom&#8230; problema seu.<\/b> <\/span><\/p>\n<p><span style=\"font-size: large;\">Uma verdade e que pouco \u00e9 propalada, \u00e9 que quando os alimentos s\u00e3o bem mastigados automaticamente no est\u00f4mago \u00e9 produzido o \u00e1cido clor\u00eddrico (HCI), e da\u00ed ele passa a integrar o suco g\u00e1strico proporcionando um pH adequado, ou seja, um ambiente apropriado para que ocorra a a\u00e7\u00e3o das enzimas digestivas. Esse \u00e1cido \u00e9 fundamental para que a digest\u00e3o seja perfeita, sem ele isso \u00e9 imposs\u00edvel acontecer. <\/span><\/p>\n<p><span style=\"font-size: large;\">Normalmente a partir dos 50 anos de idade, todas as pessoas t\u00eam uma baixa dos n\u00edveis de \u00e1cido clor\u00eddrico no est\u00f4mago. Quando por motivos de uma mastiga\u00e7\u00e3o deficiente a pessoa tem baixo n\u00edvel de \u00e1cido clor\u00eddrico no est\u00f4mago, \u00e9 chamado de hipocloridria e a sua aus\u00eancia total \u00e9 chamado de acloridria. <\/span><\/p>\n<p><span style=\"font-size: large;\"><b>O que acontece quando o est\u00f4mago n\u00e3o produz o \u00e1cido clor\u00eddrico:<\/b><\/span><\/p>\n<p><span style=\"font-size: large;\">1-Ocorre falta de enzimas digestivas, as quais s\u00e3o produzidas por ele. A falta dessas enzimas causa m\u00e1 digest\u00e3o, e os nutrientes contidos nos alimentos n\u00e3o s\u00e3o absorvidos.<\/span><\/p>\n<p><span style=\"font-size: large;\">2-O bolo alimentar ou quimo fica retido no est\u00f4mago por um longo per\u00edodo a espera que fique no ponto e, enquanto isso n\u00e3o acontece, o alimento produz fermenta\u00e7\u00f5es indevidas e at\u00e9 p\u00fatridas, podendo produzir flatul\u00eancias que s\u00e3o os gases, toxinas e assim ficamos inchados e intoxicados, sentimos azia, refluxo, queima\u00e7\u00e3o, mau h\u00e1lito, gastrite, \u00falceras.<\/span><\/p>\n<p><span style=\"font-size: large;\">3-Sem \u00e1cido clor\u00eddrico em n\u00edveis normais no est\u00f4mago, as bact\u00e9rias, v\u00edrus e fungos n\u00e3o s\u00e3o exterminados. As bact\u00e9rias causadoras de doen\u00e7as e infec\u00e7\u00f5es que tanto mal causa a nossa sa\u00fade, foram desenvolvidas pela aus\u00eancia do \u00e1cido clor\u00eddrico, \u00e9 esse \u00e1cido que reduz ou impede o desenvolvimento e a sua respectiva prolifera\u00e7\u00e3o. Quando o nosso est\u00f4mago possui bons n\u00edveis de \u00e1cido clor\u00eddrico, n\u00e3o existe v\u00edrus e bact\u00e9rias que sobrevivam quando l\u00e1 adentrarem. <\/span><\/p>\n<p><span style=\"font-size: large;\">4-Sem \u00e1cido clor\u00eddrico os sais minerais n\u00e3o s\u00e3o convertidos.<\/span><\/p>\n<p><span style=\"font-size: large;\">5-A falta do \u00e1cido clor\u00eddrico deixa de ativar a enzima pepsina, que \u00e9 respons\u00e1vel pela quebra de prote\u00ednas. N\u00e3o havendo quebra de prote\u00ednas acontece car\u00eancia de amino\u00e1cidos. A car\u00eancia de amino\u00e1cidos prejudica o sistema end\u00f3crino, imunol\u00f3gico, a produ\u00e7\u00e3o de horm\u00f4nios, e de enzimas que s\u00e3o respons\u00e1veis por dar vida e sustenta\u00e7\u00e3o \u00e0s c\u00e9lulas. <\/span><\/p>\n<p><span style=\"font-size: large;\"><b>Observa\u00e7\u00f5es:<\/b><\/span><\/p>\n<p><span style=\"font-size: large;\">1-Segue um exemplo para se saber da a\u00e7\u00e3o e de quanto o \u00e1cido clor\u00eddrico \u00e9 poderoso, pois bem, se voc\u00ea conseguisse enfiar a sua m\u00e3o de goela abaixo, levando-a at\u00e9 o est\u00f4mago, e deixasse l\u00e1 por 20 segundos, ao retir\u00e1-la voc\u00ea iria ver que veio somente os ossos, a parte carnosa foi decomposta pelo \u00e1cido clor\u00eddrico. <\/span><\/p>\n<p><span style=\"font-size: large;\">2-Se depois de uma refei\u00e7\u00e3o voc\u00ea beber caf\u00e9 e usar tabaco, isso corrobora ainda mais para uma p\u00e9ssima digest\u00e3o, \u00e9 que eles aceleram a passagem de alimentos do est\u00f4mago para o intestino, e isso n\u00e3o \u00e9 bom, pois, n\u00e3o se produz \u00e1cido clor\u00eddrico a contento, e faz com que o intestino receba alimentos que n\u00e3o foram devidamente processados no est\u00f4mago, e no intestino eles servir\u00e3o para alimentar as bact\u00e9rias ruins. Os alimentos quando saem do est\u00f4mago est\u00e3o \u00e1cidos, por\u00e9m, a acidez \u00e9 neutralizada pela bile e pelo bicarbonato antes de ingressarem no intestino.<a href=\"https:\/\/apacame.org.br\/site\/wp-content\/uploads\/2021\/08\/Figura_Acido.jpg\"><img fetchpriority=\"high\" decoding=\"async\" class=\"alignright size-medium wp-image-4274\" src=\"https:\/\/apacame.org.br\/site\/wp-content\/uploads\/2021\/08\/Figura_Acido-300x275.jpg\" alt=\"Figura_Acido\" width=\"300\" height=\"275\" srcset=\"https:\/\/apacame.org.br\/site\/wp-content\/uploads\/2021\/08\/Figura_Acido-300x275.jpg 300w, https:\/\/apacame.org.br\/site\/wp-content\/uploads\/2021\/08\/Figura_Acido-150x138.jpg 150w, https:\/\/apacame.org.br\/site\/wp-content\/uploads\/2021\/08\/Figura_Acido-500x458.jpg 500w, https:\/\/apacame.org.br\/site\/wp-content\/uploads\/2021\/08\/Figura_Acido.jpg 780w\" sizes=\"(max-width: 300px) 100vw, 300px\" \/><\/a> <\/span><\/p>\n<p><span style=\"font-size: large;\"><b>O que fazer para manter bons n\u00edveis de \u00e1cido clor\u00eddrico:<\/b> <\/span><\/p>\n<p><span style=\"font-size: large;\"><b>Alecrim:<\/b><\/span><\/p>\n<p><span style=\"font-size: large;\">\u00c9 eficaz para aumentar a produ\u00e7\u00e3o do \u00e1cido clor\u00eddrico e do suco digestivo, regula a flora intestinal e promove a a\u00e7\u00e3o das enzimas do f\u00edgado que eliminam as toxinas do corpo. O Alecrim combate a azia e o refluxo gastroesof\u00e1gico, para essa finalidade aconselha-se ingerir durante o dia tr\u00eas x\u00edcaras (ch\u00e1) dessa planta, que deve ser preparado sob a forma de infus\u00e3o.<\/span><\/p>\n<p><span style=\"font-size: large;\"><b>Espinheira Santa:<\/b><\/span><\/p>\n<p><span style=\"font-size: large;\">Esta planta \u00e9 realmente um fen\u00f4meno, \u00e9 outra d\u00e1diva da natureza. Quem tem car\u00eancia de \u00e1cido clor\u00eddrico esta planta aumenta a sua produ\u00e7\u00e3o, mas, se voc\u00ea tem excesso desse \u00e1cido ela diminui seus n\u00edveis. Enfim, a espinheira santa regula a produ\u00e7\u00e3o do \u00e1cido clor\u00eddrico atendendo as necessidades do seu organismo. Por outro lado, os rem\u00e9dios ministrados para tratar problemas de acidez estomacal nos deixa predipostos a desenvolver um c\u00e2ncer. <\/span><\/p>\n<p><span style=\"font-size: large;\"><b>Consumo:<\/b> Prepare o ch\u00e1 sob a forma de infus\u00e3o, beba tr\u00eas xicaras (ch\u00e1) durante o dia. Quando o ch\u00e1 estiver de morno para frio e se quiser pode ado\u00e7ar com uma colher (ch\u00e1) de mel, desde que n\u00e3o seja diab\u00e9tico. A\u00e7\u00facar nem pensar. <\/span><\/p>\n<p><span style=\"font-size: large;\"><b>Mel:<\/b> <\/span><\/p>\n<p><span style=\"font-size: large;\">Devido a sua a\u00e7\u00e3o anti-inflamat\u00f3ria e antioxidante, o seu consumo regula, protege e recupera danos na mucosa g\u00e1strica. O mel, produz e mant\u00e9m as boas bact\u00e9rias, n\u00e3o irrita ou agride o est\u00f4mago, n\u00e3o desenvolve nem mant\u00e9m processos inflamat\u00f3rios, e n\u00e3o afeta o sistema imunol\u00f3gico. Dessa forma, o mel contribui eficazmente para sanar problemas digestivos e intestinais.<\/span><\/p>\n<p><span style=\"font-size: large;\"><b>Consumo:<\/b><\/span><\/p>\n<p><span style=\"font-size: large;\">Aconselha-se ingerir uma colher (sopa) durante o dia, pode comer de uma s\u00f3 vez, ou dividida em duas a tr\u00eas vezes.<\/span><\/p>\n<p><span style=\"font-size: large;\">Se for diab\u00e9tico n\u00e3o utilize mel, e crian\u00e7as s\u00f3 deve comer mel depois de um ano de idade. <\/span><\/p>\n<p><span style=\"font-size: large;\"><b>Argila Medicinal Verde:<\/b><\/span><\/p>\n<p><span style=\"font-size: large;\">\u00c9 de grande import\u00e2ncia nesse processo. Pode fazer constantes aplica\u00e7\u00f5es de argila verde preparada com \u00e1gua em temperatura ambiente sobre todo o abd\u00f4men e deixe agir por 45 a 60 minutos. <\/span><\/p>\n<p><span style=\"font-size: large;\">Outra boa op\u00e7\u00e3o \u00e9 consumir a \u00e1gua argilosa, que consiste em dissolver uma colher (sobremesa) de argila verde que seja comest\u00edvel, em um copo de \u00e1gua (n\u00e3o utilize recipiente pl\u00e1stico ou met\u00e1lico). Mexer bem por 3 minutos, deixar em descanso por 30 minutos e depois beber somente a \u00e1gua turva (despreze o res\u00edduo que ficar\u00e1 no fundo do copo). Pode beber um copo diariamente. Os benef\u00edcios pelo consumo da \u00e1gua argilosa s\u00e3o in\u00fameros, exemplos, combate o refluxo gastroesof\u00e1gico, contribui para a cura de gastrite e \u00falceras, neutraliza o excesso de acidez no est\u00f4mago, absorve toxinas eliminando-as pelas fezes. Como se percebe o uso da argila medicinal verde \u00e9 muito amplo e poderoso em casos dessa natureza.<\/span><\/p>\n<p><span style=\"font-size: large;\"><b>Alimenta\u00e7\u00e3o:<\/b><\/span><\/p>\n<p><span style=\"font-size: large;\">Para o tratamento natural dos dois casos (hipocloridria que \u00e9 o baixo n\u00edvel de \u00e1cido clor\u00eddrico no est\u00f4mago, e acloridria que \u00e9 a sua aus\u00eancia total) \u00e9 necess\u00e1rio consumir alimentos que aumentem a produ\u00e7\u00e3o de \u00e1cido clor\u00eddrico, e, \u00e9 evidente mastig\u00e1-los bem. Se sabe tamb\u00e9m que a defici\u00eancia do mineral zinco e de vitaminas do complexo B, presentes principalmente nas frutas, pode interferir negativamente na produ\u00e7\u00e3o do \u00e1cido clor\u00eddrico.<\/span><\/p>\n<p><strong><span style=\"font-size: large;\">Vinagre Natural de Fruta Ma\u00e7\u00e3 Org\u00e2nico (recomendo da marca S\u00e3o Francisco):<\/span><\/strong><\/p>\n<p><span style=\"font-size: large;\">\u00c9 um forte estimulante da produ\u00e7\u00e3o de \u00e1cidos digestivos, notadamente do \u00e1cido clor\u00eddrico. Esse tipo de vinagre \u00e9 rico em enzimas digestivas, elas quebram rapidamente qualquer alimento consumido durante as refei\u00e7\u00f5es, al\u00e9m, de eliminar o merc\u00fario quando contido em peixes. <\/span><\/p>\n<p><span style=\"font-size: large;\"><b>Consumo:<\/b> Pode ingerir uma colher (sopa) dilu\u00edda em uns 3 dedos de \u00e1gua depois das refei\u00e7\u00f5es. Se sofre com refluxo beba-o uns 5 minutos antes das refei\u00e7\u00f5es.<\/span><\/p>\n<p><span style=\"font-size: large;\"><b>Leite de Magn\u00e9sia:<\/b><br \/>\n<span style=\"font-size: large;\">\u00c9 outra boa op\u00e7\u00e3o para tratamento da acidez estomacal. <\/span><\/span><\/p>\n","protected":false},"excerpt":{"rendered":"<p>\u00c1cido Clor\u00eddrico (HCI) voc\u00ea vive sem ele? Hilton Claudino \u00e9 Fitoterapeuta, trofoterapeuta e naturoterapeuta. Tel. 012 3883 &#8211; 1011 &#8211; whatsApp: 12 98117-3044 &#8211; loja.hiltonfito.com.br \u00c1cido Clor\u00eddrico (HCI), voc\u00ea vive [&hellip;]<\/p>\n","protected":false},"author":20,"featured_media":0,"parent":4196,"menu_order":0,"comment_status":"open","ping_status":"open","template":"","meta":{"pmpro_default_level":"","_price":"","_stock":"","_tribe_ticket_header":"","_tribe_default_ticket_provider":"","_tribe_ticket_capacity":"0","_ticket_start_date":"","_ticket_end_date":"","_tribe_ticket_show_description":"","_tribe_ticket_show_not_going":false,"_tribe_ticket_use_global_stock":"","_tribe_ticket_global_stock_level":"","_global_stock_mode":"","_global_stock_cap":"","_tribe_rsvp_for_event":"","_tribe_ticket_going_count":"","_tribe_ticket_not_going_count":"","_tribe_tickets_list":"[]","_tribe_ticket_has_attendee_info_fields":false,"cybocfi_hide_featured_image":"","footnotes":""},"class_list":["post-4271","page","type-page","status-publish","hentry","pmpro-has-access"],"_links":{"self":[{"href":"https:\/\/apacame.org.br\/site\/wp-json\/wp\/v2\/pages\/4271"}],"collection":[{"href":"https:\/\/apacame.org.br\/site\/wp-json\/wp\/v2\/pages"}],"about":[{"href":"https:\/\/apacame.org.br\/site\/wp-json\/wp\/v2\/types\/page"}],"author":[{"embeddable":true,"href":"https:\/\/apacame.org.br\/site\/wp-json\/wp\/v2\/users\/20"}],"replies":[{"embeddable":true,"href":"https:\/\/apacame.org.br\/site\/wp-json\/wp\/v2\/comments?post=4271"}],"version-history":[{"count":3,"href":"https:\/\/apacame.org.br\/site\/wp-json\/wp\/v2\/pages\/4271\/revisions"}],"predecessor-version":[{"id":4276,"href":"https:\/\/apacame.org.br\/site\/wp-json\/wp\/v2\/pages\/4271\/revisions\/4276"}],"up":[{"embeddable":true,"href":"https:\/\/apacame.org.br\/site\/wp-json\/wp\/v2\/pages\/4196"}],"wp:attachment":[{"href":"https:\/\/apacame.org.br\/site\/wp-json\/wp\/v2\/media?parent=4271"}],"curies":[{"name":"wp","href":"https:\/\/api.w.org\/{rel}","templated":true}]}}