{"id":4256,"date":"2021-08-09T20:00:24","date_gmt":"2021-08-09T20:00:24","guid":{"rendered":"https:\/\/apacame.org.br\/site\/?page_id=4256"},"modified":"2021-08-09T20:01:47","modified_gmt":"2021-08-09T20:01:47","slug":"alimentacao","status":"publish","type":"page","link":"https:\/\/apacame.org.br\/site\/revista\/mensagem-doce-n-162-julho-de-2021\/alimentacao\/","title":{"rendered":"Alimenta\u00e7\u00e3o"},"content":{"rendered":"<h1 style=\"text-align: center;\">Alimenta\u00e7\u00e3o Artificial<\/h1>\n<blockquote><p>Radam\u00e9s Zovaro \u2013 Empres\u00e1rio ap\u00edcola e Vice-Presidente da Apacame<\/p><\/blockquote>\n<p><span style=\"font-size: large;\">Por princ\u00edpios naturais, as abelhas possuem capacidade para coletar e produzir seu pr\u00f3prio alimento, na depend\u00eancia de uma boa florada e condi\u00e7\u00f5es clim\u00e1ticas que permitam a atividade de campo.<\/span><\/p>\n<p><span style=\"font-size: large;\">As abelhas adultas se alimentam por si s\u00f3, enquanto que as larvas s\u00e3o alimentadas pelas abelhas nutrizes com alimento especial, preparado no pr\u00f3prio organismo.<\/span><\/p>\n<p><span style=\"font-size: large;\">A mortandade de abelhas no per\u00edodo de faltas de flores e mau tempo, na maioria dos casos, pode ser diretamente atribu\u00eddo \u00e0 fome. Para cobrir a necessidade as abelhas disp\u00f5em e utilizam dos seguintes alimentos naturais: N\u00e9ctar; Mela\u00e7o; P\u00f3len e \u00c1gua.<\/span><\/p>\n<p><span style=\"font-size: large;\">Quando necess\u00e1rio, o apicultor pode e deve socorrer as suas abelhas, dando-lhes uma alimenta\u00e7\u00e3o artificial.<\/span><\/p>\n<p><span style=\"font-size: large;\">Essa alimenta\u00e7\u00e3o artificial normalmente \u00e9 realizada com A\u00e7\u00facar, Farinha de Soja, Farinha de Milho, Farinha de Trigo, Cafe\u00edna, Fermento de Cerveja, Leite desnatado em p\u00f3, gema de ovo em p\u00f3. <\/span><\/p>\n<p><span style=\"font-size: large;\">Abaixo apresentamos uma serie de receitas:<\/span><\/p>\n<p><span style=\"font-size: large;\"><b>Manejo das Abelhas<\/b><\/span><\/p>\n<p><span style=\"font-size: large;\"><b>T\u00e9cnicas de Intensifica\u00e7\u00e3o da produ\u00e7\u00e3o<\/b><\/span><\/p>\n<p><span style=\"font-size: large;\"><b>1 \u2013 Alimenta\u00e7\u00e3o &#8211; Desenvolvimento<\/b><\/span><\/p>\n<p><a href=\"https:\/\/apacame.org.br\/site\/wp-content\/uploads\/2021\/08\/Figura_1_Alimentacao.jpg\"><img fetchpriority=\"high\" decoding=\"async\" class=\"alignleft size-medium wp-image-4257\" src=\"https:\/\/apacame.org.br\/site\/wp-content\/uploads\/2021\/08\/Figura_1_Alimentacao-300x210.jpg\" alt=\"Figura_1_Alimentacao\" width=\"300\" height=\"210\" srcset=\"https:\/\/apacame.org.br\/site\/wp-content\/uploads\/2021\/08\/Figura_1_Alimentacao-300x210.jpg 300w, https:\/\/apacame.org.br\/site\/wp-content\/uploads\/2021\/08\/Figura_1_Alimentacao-150x105.jpg 150w, https:\/\/apacame.org.br\/site\/wp-content\/uploads\/2021\/08\/Figura_1_Alimentacao-500x350.jpg 500w, https:\/\/apacame.org.br\/site\/wp-content\/uploads\/2021\/08\/Figura_1_Alimentacao.jpg 777w\" sizes=\"(max-width: 300px) 100vw, 300px\" \/><\/a><a href=\"https:\/\/apacame.org.br\/site\/wp-content\/uploads\/2021\/08\/Figura_2_Alimentacao.jpg\"><img decoding=\"async\" class=\"alignleft size-medium wp-image-4258\" src=\"https:\/\/apacame.org.br\/site\/wp-content\/uploads\/2021\/08\/Figura_2_Alimentacao-300x177.jpg\" alt=\"Figura_2_Alimentacao\" width=\"300\" height=\"177\" srcset=\"https:\/\/apacame.org.br\/site\/wp-content\/uploads\/2021\/08\/Figura_2_Alimentacao-300x177.jpg 300w, https:\/\/apacame.org.br\/site\/wp-content\/uploads\/2021\/08\/Figura_2_Alimentacao.jpg 769w, https:\/\/apacame.org.br\/site\/wp-content\/uploads\/2021\/08\/Figura_2_Alimentacao-150x88.jpg 150w, https:\/\/apacame.org.br\/site\/wp-content\/uploads\/2021\/08\/Figura_2_Alimentacao-500x295.jpg 500w\" sizes=\"(max-width: 300px) 100vw, 300px\" \/><\/a><b>Alimenta\u00e7\u00e3o &#8211; Vantagens:<\/b><\/p>\n<p><span style=\"font-size: large;\">Estimula a postura da rainha <\/span><\/p>\n<p><span style=\"font-size: large;\">Aumenta a produtividade na florada<\/span><\/p>\n<p><span style=\"font-size: large;\">Poupa o mel para a produ\u00e7\u00e3o de cera<\/span><\/p>\n<p><span style=\"font-size: large;\">Substitui o mel de reserva na entressafra<\/span><\/p>\n<p><span style=\"font-size: large;\"><b>Tipos de Alimenta\u00e7\u00e3o:<\/b> <\/span><\/p>\n<p><span style=\"font-size: large;\">\u2013 Substitui\u00e7\u00e3o de P\u00f3len<\/span><\/p>\n<p><span style=\"font-size: large;\">\u2013 Xarope estimulante<\/span><\/p>\n<p><span style=\"font-size: large;\">\u2013 Alimenta\u00e7\u00e3o integral<\/span><\/p>\n<p><span style=\"font-size: large;\">\u2013 Alimenta\u00e7\u00e3o para produ\u00e7\u00e3o de Geleia Real<\/span><\/p>\n<p><span style=\"font-size: large;\">\u2013 Pasta C\u00e2ndi<\/span><\/p>\n<p><a href=\"https:\/\/apacame.org.br\/site\/wp-content\/uploads\/2021\/08\/Quadro1_Alimentacao.jpg\"><img decoding=\"async\" class=\"aligncenter size-large wp-image-4259\" src=\"https:\/\/apacame.org.br\/site\/wp-content\/uploads\/2021\/08\/Quadro1_Alimentacao-540x1024.jpg\" alt=\"Quadro1_Alimentacao\" width=\"540\" height=\"1024\" srcset=\"https:\/\/apacame.org.br\/site\/wp-content\/uploads\/2021\/08\/Quadro1_Alimentacao-540x1024.jpg 540w, https:\/\/apacame.org.br\/site\/wp-content\/uploads\/2021\/08\/Quadro1_Alimentacao-158x300.jpg 158w, https:\/\/apacame.org.br\/site\/wp-content\/uploads\/2021\/08\/Quadro1_Alimentacao-150x284.jpg 150w, https:\/\/apacame.org.br\/site\/wp-content\/uploads\/2021\/08\/Quadro1_Alimentacao-264x500.jpg 264w, https:\/\/apacame.org.br\/site\/wp-content\/uploads\/2021\/08\/Quadro1_Alimentacao.jpg 780w\" sizes=\"(max-width: 540px) 100vw, 540px\" \/><\/a><\/p>\n<p><a href=\"https:\/\/apacame.org.br\/site\/wp-content\/uploads\/2021\/08\/Quadro2_Alimentacao.jpg\"><img loading=\"lazy\" decoding=\"async\" class=\"aligncenter size-large wp-image-4260\" src=\"https:\/\/apacame.org.br\/site\/wp-content\/uploads\/2021\/08\/Quadro2_Alimentacao-1024x818.jpg\" alt=\"Quadro2_Alimentacao\" width=\"1024\" height=\"818\" srcset=\"https:\/\/apacame.org.br\/site\/wp-content\/uploads\/2021\/08\/Quadro2_Alimentacao-1024x818.jpg 1024w, https:\/\/apacame.org.br\/site\/wp-content\/uploads\/2021\/08\/Quadro2_Alimentacao-300x240.jpg 300w, https:\/\/apacame.org.br\/site\/wp-content\/uploads\/2021\/08\/Quadro2_Alimentacao-150x120.jpg 150w, https:\/\/apacame.org.br\/site\/wp-content\/uploads\/2021\/08\/Quadro2_Alimentacao-500x399.jpg 500w, https:\/\/apacame.org.br\/site\/wp-content\/uploads\/2021\/08\/Quadro2_Alimentacao.jpg 1566w\" sizes=\"(max-width: 1024px) 100vw, 1024px\" \/><\/a><\/p>\n","protected":false},"excerpt":{"rendered":"<p>Alimenta\u00e7\u00e3o Artificial Radam\u00e9s Zovaro \u2013 Empres\u00e1rio ap\u00edcola e Vice-Presidente da Apacame Por princ\u00edpios naturais, as abelhas possuem capacidade para coletar e produzir seu pr\u00f3prio alimento, na depend\u00eancia de uma boa [&hellip;]<\/p>\n","protected":false},"author":20,"featured_media":0,"parent":4196,"menu_order":0,"comment_status":"open","ping_status":"open","template":"","meta":{"pmpro_default_level":"","_price":"","_stock":"","_tribe_ticket_header":"","_tribe_default_ticket_provider":"","_tribe_ticket_capacity":"0","_ticket_start_date":"","_ticket_end_date":"","_tribe_ticket_show_description":"","_tribe_ticket_show_not_going":false,"_tribe_ticket_use_global_stock":"","_tribe_ticket_global_stock_level":"","_global_stock_mode":"","_global_stock_cap":"","_tribe_rsvp_for_event":"","_tribe_ticket_going_count":"","_tribe_ticket_not_going_count":"","_tribe_tickets_list":"[]","_tribe_ticket_has_attendee_info_fields":false,"cybocfi_hide_featured_image":"","footnotes":""},"class_list":["post-4256","page","type-page","status-publish","hentry","pmpro-has-access"],"_links":{"self":[{"href":"https:\/\/apacame.org.br\/site\/wp-json\/wp\/v2\/pages\/4256"}],"collection":[{"href":"https:\/\/apacame.org.br\/site\/wp-json\/wp\/v2\/pages"}],"about":[{"href":"https:\/\/apacame.org.br\/site\/wp-json\/wp\/v2\/types\/page"}],"author":[{"embeddable":true,"href":"https:\/\/apacame.org.br\/site\/wp-json\/wp\/v2\/users\/20"}],"replies":[{"embeddable":true,"href":"https:\/\/apacame.org.br\/site\/wp-json\/wp\/v2\/comments?post=4256"}],"version-history":[{"count":4,"href":"https:\/\/apacame.org.br\/site\/wp-json\/wp\/v2\/pages\/4256\/revisions"}],"predecessor-version":[{"id":4262,"href":"https:\/\/apacame.org.br\/site\/wp-json\/wp\/v2\/pages\/4256\/revisions\/4262"}],"up":[{"embeddable":true,"href":"https:\/\/apacame.org.br\/site\/wp-json\/wp\/v2\/pages\/4196"}],"wp:attachment":[{"href":"https:\/\/apacame.org.br\/site\/wp-json\/wp\/v2\/media?parent=4256"}],"curies":[{"name":"wp","href":"https:\/\/api.w.org\/{rel}","templated":true}]}}