{"id":4231,"date":"2021-08-05T20:01:30","date_gmt":"2021-08-05T20:01:30","guid":{"rendered":"https:\/\/apacame.org.br\/site\/?page_id=4231"},"modified":"2021-08-05T20:02:17","modified_gmt":"2021-08-05T20:02:17","slug":"gastronomia","status":"publish","type":"page","link":"https:\/\/apacame.org.br\/site\/revista\/mensagem-doce-n-162-julho-de-2021\/gastronomia\/","title":{"rendered":"Gastronomia"},"content":{"rendered":"<h1 style=\"text-align: center;\">Uma receita de p\u00e3o de mel e uma hist\u00f3ria pra contar<\/h1>\n<blockquote><p>Clau Gavioli (ou Maria Cl\u00e1udia Gavioli) \u00e9 jornalista, mestre em hospitalidade e pesquisadora de comida. Ela \u00e9 editora do site e apresentadora do podcast Minestrone (<a href=\"http:\/\/www.minestrone.com.br\" target=\"_blank\" rel=\"noopener\">www.minestrone.com.br<\/a>).<\/p><\/blockquote>\n<p><a href=\"https:\/\/apacame.org.br\/site\/wp-content\/uploads\/2021\/08\/Abertura_Gastronomia.jpg\"><img fetchpriority=\"high\" decoding=\"async\" class=\"aligncenter size-large wp-image-4232\" src=\"https:\/\/apacame.org.br\/site\/wp-content\/uploads\/2021\/08\/Abertura_Gastronomia-1024x541.jpg\" alt=\"Abertura_Gastronomia\" width=\"1024\" height=\"541\" srcset=\"https:\/\/apacame.org.br\/site\/wp-content\/uploads\/2021\/08\/Abertura_Gastronomia-1024x541.jpg 1024w, https:\/\/apacame.org.br\/site\/wp-content\/uploads\/2021\/08\/Abertura_Gastronomia-300x159.jpg 300w, https:\/\/apacame.org.br\/site\/wp-content\/uploads\/2021\/08\/Abertura_Gastronomia-150x79.jpg 150w, https:\/\/apacame.org.br\/site\/wp-content\/uploads\/2021\/08\/Abertura_Gastronomia-500x264.jpg 500w, https:\/\/apacame.org.br\/site\/wp-content\/uploads\/2021\/08\/Abertura_Gastronomia.jpg 1535w\" sizes=\"(max-width: 1024px) 100vw, 1024px\" \/><\/a><\/p>\n<p><span style=\"font-size: large;\">Minha m\u00e3e \u00e9 uma dessas cozinheiras autodidatas de m\u00e3o cheia que, como quase todas as pessoas que cozinham, tem caracter\u00edsticas especiais na culin\u00e1ria que pratica. Ela faz tortas salgadas como ningu\u00e9m mais no planeta, p\u00e3es fofinhos e recheados divinos, doce de ab\u00f3bora, figo, laranja e outros tantos brilhantes e tenros e mais uma infinidade de comidas que ela v\u00ea nalguma receita da televis\u00e3o ou experimenta em algum lugar e reproduz com adapta\u00e7\u00f5es irretoc\u00e1veis porque s\u00f3 melhoram os sabores. <\/span><\/p>\n<p><span style=\"font-size: large;\">Aprendi a cozinhar com ela, mas temos um estilo de cozinha bem diferente, embora muitas vezes a gente cozinhe juntas. Nessas ocasi\u00f5es, cada uma assume uma posi\u00e7\u00e3o na cozinha, numa divis\u00e3o de tarefas quase org\u00e2nica, uma tendo a fun\u00e7\u00e3o de chef e a outra de auxiliar. Como ela \u00e9 mais experiente e cozinha melhor (sou eu falando isso!), me sinto confort\u00e1vel e segura sendo por mais vez a auxiliar. <\/span><\/p>\n<figure id=\"attachment_4233\" aria-describedby=\"caption-attachment-4233\" style=\"width: 178px\" class=\"wp-caption alignright\"><a href=\"https:\/\/apacame.org.br\/site\/wp-content\/uploads\/2021\/08\/Figura_1_Gastronomia.jpg\"><img decoding=\"async\" class=\"size-medium wp-image-4233\" src=\"https:\/\/apacame.org.br\/site\/wp-content\/uploads\/2021\/08\/Figura_1_Gastronomia-178x300.jpg\" alt=\"Um tornado na cozinha\" width=\"178\" height=\"300\" srcset=\"https:\/\/apacame.org.br\/site\/wp-content\/uploads\/2021\/08\/Figura_1_Gastronomia-178x300.jpg 178w, https:\/\/apacame.org.br\/site\/wp-content\/uploads\/2021\/08\/Figura_1_Gastronomia-150x252.jpg 150w, https:\/\/apacame.org.br\/site\/wp-content\/uploads\/2021\/08\/Figura_1_Gastronomia-297x500.jpg 297w, https:\/\/apacame.org.br\/site\/wp-content\/uploads\/2021\/08\/Figura_1_Gastronomia.jpg 382w\" sizes=\"(max-width: 178px) 100vw, 178px\" \/><\/a><figcaption id=\"caption-attachment-4233\" class=\"wp-caption-text\">Um tornado na cozinha<\/figcaption><\/figure>\n<p><span style=\"font-size: large;\">Teve um ano que, para o almo\u00e7o de P\u00e1scoa, decidimos fazer p\u00e3o de mel recheado e coberto de chocolate. Deve ter sido em 2007, n\u00e3o sei precisar a data, mas como me lembro claramente da cozinha, arrisco dizer que foi nesse ano. Na verdade, me lembro do estado em que conseguimos deixar a cozinha para executar toda a receita. Parecia ter passado um tornado por ali e espalhando chocolate por tudo. Utens\u00edlios, esp\u00e1tulas, colheres, tigelas, fog\u00e3o, pia, mesa, azulejos e o ch\u00e3o, al\u00e9m de v\u00e1rios panos de prato que fomos al\u00e7ando da gaveta para tentar amenizar a desordem, tudo foi atingido pela nossa comum inabilidade para banhar com chocolate os cortes quadrados recheados com beijinho de coco do p\u00e3o de mel. <\/span><\/p>\n<p><span style=\"font-size: large;\">Essa hist\u00f3ria foi t\u00e3o marcante, apesar do resultado delicioso, que nunca mais tornamos a experi\u00eancia de fazer qualquer tipo de preparo que demande trabalhar com chocolate como bombons ou ovos de P\u00e1scoa. Mesmo depois de ambas termos aprendido a t\u00e9cnica de temperagem do chocolate. Ficou na mem\u00f3ria o epis\u00f3dio que, em meio ao desespero, a gente ria e tentava fazer de outro jeito e ent\u00e3o, ria de novo, porque nada dava certo. A lembran\u00e7a daquela nossa desastrosa e deliciosa travessura na cozinha, como tantas outras que tivemos e ainda teremos, \u00e9 o resultado de um plano conjunto para que a gente usasse da melhor forma um pote de mel que minha m\u00e3e ganhara dias antes. A receita veio de uma amiga que executava facilmente todo o processo, inclusive a cobertura.<\/span><\/p>\n<p><a href=\"https:\/\/apacame.org.br\/site\/wp-content\/uploads\/2021\/08\/Quadro_Receita_Gastronomia.jpg\"><img decoding=\"async\" class=\"aligncenter size-large wp-image-4234\" src=\"https:\/\/apacame.org.br\/site\/wp-content\/uploads\/2021\/08\/Quadro_Receita_Gastronomia-832x1024.jpg\" alt=\"Quadro_Receita_Gastronomia\" width=\"832\" height=\"1024\" srcset=\"https:\/\/apacame.org.br\/site\/wp-content\/uploads\/2021\/08\/Quadro_Receita_Gastronomia-832x1024.jpg 832w, https:\/\/apacame.org.br\/site\/wp-content\/uploads\/2021\/08\/Quadro_Receita_Gastronomia-244x300.jpg 244w, https:\/\/apacame.org.br\/site\/wp-content\/uploads\/2021\/08\/Quadro_Receita_Gastronomia-150x185.jpg 150w, https:\/\/apacame.org.br\/site\/wp-content\/uploads\/2021\/08\/Quadro_Receita_Gastronomia-406x500.jpg 406w, https:\/\/apacame.org.br\/site\/wp-content\/uploads\/2021\/08\/Quadro_Receita_Gastronomia.jpg 1534w\" sizes=\"(max-width: 832px) 100vw, 832px\" \/><\/a><\/p>\n","protected":false},"excerpt":{"rendered":"<p>Uma receita de p\u00e3o de mel e uma hist\u00f3ria pra contar Clau Gavioli (ou Maria Cl\u00e1udia Gavioli) \u00e9 jornalista, mestre em hospitalidade e pesquisadora de comida. Ela \u00e9 editora do [&hellip;]<\/p>\n","protected":false},"author":20,"featured_media":0,"parent":4196,"menu_order":0,"comment_status":"open","ping_status":"open","template":"","meta":{"pmpro_default_level":"","_price":"","_stock":"","_tribe_ticket_header":"","_tribe_default_ticket_provider":"","_tribe_ticket_capacity":"0","_ticket_start_date":"","_ticket_end_date":"","_tribe_ticket_show_description":"","_tribe_ticket_show_not_going":false,"_tribe_ticket_use_global_stock":"","_tribe_ticket_global_stock_level":"","_global_stock_mode":"","_global_stock_cap":"","_tribe_rsvp_for_event":"","_tribe_ticket_going_count":"","_tribe_ticket_not_going_count":"","_tribe_tickets_list":"[]","_tribe_ticket_has_attendee_info_fields":false,"cybocfi_hide_featured_image":"","footnotes":""},"class_list":["post-4231","page","type-page","status-publish","hentry","pmpro-has-access"],"_links":{"self":[{"href":"https:\/\/apacame.org.br\/site\/wp-json\/wp\/v2\/pages\/4231"}],"collection":[{"href":"https:\/\/apacame.org.br\/site\/wp-json\/wp\/v2\/pages"}],"about":[{"href":"https:\/\/apacame.org.br\/site\/wp-json\/wp\/v2\/types\/page"}],"author":[{"embeddable":true,"href":"https:\/\/apacame.org.br\/site\/wp-json\/wp\/v2\/users\/20"}],"replies":[{"embeddable":true,"href":"https:\/\/apacame.org.br\/site\/wp-json\/wp\/v2\/comments?post=4231"}],"version-history":[{"count":3,"href":"https:\/\/apacame.org.br\/site\/wp-json\/wp\/v2\/pages\/4231\/revisions"}],"predecessor-version":[{"id":4237,"href":"https:\/\/apacame.org.br\/site\/wp-json\/wp\/v2\/pages\/4231\/revisions\/4237"}],"up":[{"embeddable":true,"href":"https:\/\/apacame.org.br\/site\/wp-json\/wp\/v2\/pages\/4196"}],"wp:attachment":[{"href":"https:\/\/apacame.org.br\/site\/wp-json\/wp\/v2\/media?parent=4231"}],"curies":[{"name":"wp","href":"https:\/\/api.w.org\/{rel}","templated":true}]}}