{"id":4214,"date":"2021-08-05T19:19:37","date_gmt":"2021-08-05T19:19:37","guid":{"rendered":"https:\/\/apacame.org.br\/site\/?page_id=4214"},"modified":"2021-08-05T19:21:30","modified_gmt":"2021-08-05T19:21:30","slug":"curiosidade","status":"publish","type":"page","link":"https:\/\/apacame.org.br\/site\/revista\/mensagem-doce-n-162-julho-de-2021\/curiosidade\/","title":{"rendered":"Curiosidade"},"content":{"rendered":"<h1 style=\"text-align: center;\">M\u00fasica imprescind\u00edvel<\/h1>\n<p><span style=\"font-size: large;\">Salvador Costa, natural de Conde\u00faba na Bahia nos contou que nasceu na zona rural de seu munic\u00edpio e que desde crian\u00e7a teve contato com abelhas sem ferr\u00e3o, abelhas essas nativas da regi\u00e3o, matrizes habitadas principalmente em \u00e1rvores sendo a jata\u00ed principalmente. O mesmo confessa que se recorda de quando crian\u00e7a ou talvez j\u00e1 adolescente ter ido com os irm\u00e3os mais velhos em regi\u00f5es de mata nativa da caatinga em busca de abelhas para \u201cfurar\u201d, atividade que hoje repudia, a pessoa que ainda pratica essa atividade chamamos de \u201cmeleiro\u201d.<\/span><\/p>\n<p><span style=\"font-size: large;\">Salvador Costa hoje \u00e9 servidor p\u00fablico municipal, mas como hobby passou a criar abelhas sem ferr\u00e3o desde 2019 inicialmente incentivado pelos seus vizinhos, os irm\u00e3os g\u00eameos Joas e Joabe, sushiman e cabelereiro respectivamente, que tamb\u00e9m cria abelhas sem ferr\u00e3o de diversas esp\u00e9cies. Salvador Costa \u00e9 ainda compositor e se autodenomina \u201ccompositor amador\u201d, escreveu j\u00e1 algumas m\u00fasicas e depois de entrar na atividade da cria\u00e7\u00e3o das abelhas ASF teve a ideia de compor a m\u00fasica \u201cAbelhas\u201d por entender a necessidade da preserva\u00e7\u00e3o e prote\u00e7\u00e3o das mais diferentes esp\u00e9cies, vale lembrar que as abelhas tem um papel fundamental para a vida humana, as mesmas s\u00e3o as principais respons\u00e1veis pela poliniza\u00e7\u00e3o das mais variadas planta\u00e7\u00f5es. <\/span><\/p>\n<p><span style=\"font-size: large;\">Salvador nos disse que ap\u00f3s uns dois anos de escrever a m\u00fasica resolveu gravar um \u00e1udio caseiro cantarolando a mesma e compartilhou nos grupos de wathsapp cujo membros s\u00e3o \u201capicultores\u201d e \u201cmeliponicultores\u201d de todo o Brasil, da\u00ed houve uma grande repercuss\u00e3o e aceita\u00e7\u00e3o de muita gente, agradece inclusive especialmente a Dra. Genna, Iara Callegaro, Ricardo Gusm\u00e3o e Dr. Celso Henrique pelo incentivo, foi ai que resolveu recorrer ao amigo de inf\u00e2ncia Reinaldo Bys que \u00e9 cantor e toca em barzinhos na grande S\u00e3o Paulo a gravar a sua composi\u00e7\u00e3o. No canal do cantor no YouTube atrav\u00e9s do link <a href=\"https:\/\/www.youtube.com\/watch?v=iF9GyDImQG8\" target=\"_blank\" rel=\"noopener\">https:\/\/www.youtube.com\/watch?v=iF9GyDImQG8<\/a> \u00e9 poss\u00edvel acessar a m\u00fasica.<\/span><\/p>\n<p><span style=\"font-size: large;\">Veja abaixo a letra na \u00edntegra: <\/span><\/p>\n<p><span style=\"font-size: large;\">O nosso amigo acredita que a m\u00fasica ir\u00e1 incentivar ainda mais a preserva\u00e7\u00e3o das esp\u00e9cies, que espera acontecer grava\u00e7\u00f5es e interpreta\u00e7\u00f5es de outros artistas e estilos musicais diferentes, para assim a mesma ter ainda mais repercuss\u00e3o e conscientiza\u00e7\u00e3o do povo em geral para a prote\u00e7\u00e3o das nossas queridas e amadas abelhas. O mesmo chama a aten\u00e7\u00e3o para parte de sua letra \u201cN\u00e3o precisa gostar, \u00e9 s\u00f3 preciso respeitar&#8230;\u201d pois \u00e9 sabido da exist\u00eancia de pessoas que ainda matam os enxames com venenos ou ateando fogo, a Apis e \u201csanharol\u201d s\u00e3o os principais alvos na regi\u00e3o que mora. Por fim agradece a revista \u201cMensagem Doce\u201d da APACAME pela divulga\u00e7\u00e3o do seu trabalho.<\/span><\/p>\n<p><a href=\"https:\/\/apacame.org.br\/site\/wp-content\/uploads\/2021\/08\/Quadro_Musica.jpg\"><img fetchpriority=\"high\" decoding=\"async\" class=\"aligncenter size-large wp-image-4215\" src=\"https:\/\/apacame.org.br\/site\/wp-content\/uploads\/2021\/08\/Quadro_Musica-1024x683.jpg\" alt=\"\" width=\"1024\" height=\"683\" srcset=\"https:\/\/apacame.org.br\/site\/wp-content\/uploads\/2021\/08\/Quadro_Musica-1024x683.jpg 1024w, https:\/\/apacame.org.br\/site\/wp-content\/uploads\/2021\/08\/Quadro_Musica-300x200.jpg 300w, https:\/\/apacame.org.br\/site\/wp-content\/uploads\/2021\/08\/Quadro_Musica-150x100.jpg 150w, https:\/\/apacame.org.br\/site\/wp-content\/uploads\/2021\/08\/Quadro_Musica-500x333.jpg 500w, https:\/\/apacame.org.br\/site\/wp-content\/uploads\/2021\/08\/Quadro_Musica.jpg 1567w\" sizes=\"(max-width: 1024px) 100vw, 1024px\" \/><\/a><\/p>\n","protected":false},"excerpt":{"rendered":"<p>M\u00fasica imprescind\u00edvel Salvador Costa, natural de Conde\u00faba na Bahia nos contou que nasceu na zona rural de seu munic\u00edpio e que desde crian\u00e7a teve contato com abelhas sem ferr\u00e3o, abelhas [&hellip;]<\/p>\n","protected":false},"author":20,"featured_media":0,"parent":4196,"menu_order":0,"comment_status":"open","ping_status":"open","template":"","meta":{"pmpro_default_level":"","_price":"","_stock":"","_tribe_ticket_header":"","_tribe_default_ticket_provider":"","_tribe_ticket_capacity":"0","_ticket_start_date":"","_ticket_end_date":"","_tribe_ticket_show_description":"","_tribe_ticket_show_not_going":false,"_tribe_ticket_use_global_stock":"","_tribe_ticket_global_stock_level":"","_global_stock_mode":"","_global_stock_cap":"","_tribe_rsvp_for_event":"","_tribe_ticket_going_count":"","_tribe_ticket_not_going_count":"","_tribe_tickets_list":"[]","_tribe_ticket_has_attendee_info_fields":false,"cybocfi_hide_featured_image":"","footnotes":""},"class_list":["post-4214","page","type-page","status-publish","hentry","pmpro-has-access"],"_links":{"self":[{"href":"https:\/\/apacame.org.br\/site\/wp-json\/wp\/v2\/pages\/4214"}],"collection":[{"href":"https:\/\/apacame.org.br\/site\/wp-json\/wp\/v2\/pages"}],"about":[{"href":"https:\/\/apacame.org.br\/site\/wp-json\/wp\/v2\/types\/page"}],"author":[{"embeddable":true,"href":"https:\/\/apacame.org.br\/site\/wp-json\/wp\/v2\/users\/20"}],"replies":[{"embeddable":true,"href":"https:\/\/apacame.org.br\/site\/wp-json\/wp\/v2\/comments?post=4214"}],"version-history":[{"count":3,"href":"https:\/\/apacame.org.br\/site\/wp-json\/wp\/v2\/pages\/4214\/revisions"}],"predecessor-version":[{"id":4217,"href":"https:\/\/apacame.org.br\/site\/wp-json\/wp\/v2\/pages\/4214\/revisions\/4217"}],"up":[{"embeddable":true,"href":"https:\/\/apacame.org.br\/site\/wp-json\/wp\/v2\/pages\/4196"}],"wp:attachment":[{"href":"https:\/\/apacame.org.br\/site\/wp-json\/wp\/v2\/media?parent=4214"}],"curies":[{"name":"wp","href":"https:\/\/api.w.org\/{rel}","templated":true}]}}