{"id":4209,"date":"2021-08-05T19:13:16","date_gmt":"2021-08-05T19:13:16","guid":{"rendered":"https:\/\/apacame.org.br\/site\/?page_id=4209"},"modified":"2021-08-05T19:13:16","modified_gmt":"2021-08-05T19:13:16","slug":"artigo","status":"publish","type":"page","link":"https:\/\/apacame.org.br\/site\/revista\/mensagem-doce-n-162-julho-de-2021\/artigo\/","title":{"rendered":"Artigo"},"content":{"rendered":"<h1 style=\"text-align: center;\">BEEBOOK \u2013 VOLUME I<br \/>\nStandard methods for<br \/>\nApis mellifera research<\/h1>\n<p><span style=\"font-size: large;\">(M\u00e9todos padr\u00e3o para pesquisa sobre A. mellifera). <\/span><\/p>\n<blockquote><p>Arthur Henrique Puccetti\u00a0Nascimento &amp; David De Jong &#8211; Departamento de Gen\u00e9tica, Faculdade de Medicina de Ribeir\u00e3o Preto, Universidade de S\u00e3o Paulo, Ribeir\u00e3o Preto, SP. e-mail: <a href=\"mailto:arthurhpn@usp.br\">arthurhpn@usp.br<\/a><\/p><\/blockquote>\n<p><span style=\"font-size: large;\"><a href=\"https:\/\/apacame.org.br\/site\/wp-content\/uploads\/2021\/08\/Figura1_Beebook.jpg\"><img fetchpriority=\"high\" decoding=\"async\" class=\"alignright size-medium wp-image-4210\" src=\"https:\/\/apacame.org.br\/site\/wp-content\/uploads\/2021\/08\/Figura1_Beebook-300x241.jpg\" alt=\"Beebook\" width=\"300\" height=\"241\" srcset=\"https:\/\/apacame.org.br\/site\/wp-content\/uploads\/2021\/08\/Figura1_Beebook-300x241.jpg 300w, https:\/\/apacame.org.br\/site\/wp-content\/uploads\/2021\/08\/Figura1_Beebook-150x120.jpg 150w, https:\/\/apacame.org.br\/site\/wp-content\/uploads\/2021\/08\/Figura1_Beebook-500x401.jpg 500w, https:\/\/apacame.org.br\/site\/wp-content\/uploads\/2021\/08\/Figura1_Beebook.jpg 751w\" sizes=\"(max-width: 300px) 100vw, 300px\" \/><\/a>O primeiro volume do BEEBOOK (livro online em ingl\u00eas) foi lan\u00e7ado no ano de 2013 e publicado pela revista Journal of Apicultural Research. Motivado pelas crescentes perdas de col\u00f4nias de abelhas ao redor do mundo, essa produ\u00e7\u00e3o liter\u00e1ria cient\u00edfica produzida pela ONG COLOSS, apresenta dezoito cap\u00edtulos que trazem protocolos e m\u00e9todos padr\u00e3o para pesquisa com a abelha Apis mellifera. O BEEBOOK, al\u00e9m de contribuir e ampliar os conhecimentos acerca das abelhas, tamb\u00e9m demonstra como \u00e9 poss\u00edvel a colabora\u00e7\u00e3o entre laborat\u00f3rios de v\u00e1rios pa\u00edses, unindo pesquisadores e professores su\u00ed\u00e7os, ingleses, gregos, americanos, israelenses, entre outras nacionalidades. Este \u00e9 um material rico e acess\u00edvel para quem lida com as abelhas, sejam apicultores que buscam aperfei\u00e7oar seus manejos de produ\u00e7\u00e3o, pesquisadores, para estudantes que visam profissionaliza\u00e7\u00e3o nas \u00e1reas que se relacionam com as abelhas.<\/span><\/p>\n<p><span style=\"font-size: large;\">A COLOSS al\u00e9m de desenvolver todo o material, conseguiu verba da comunidade Europeia para sua disponibiliza\u00e7\u00e3o gratuita no ambiente virtual, onde pode ser visualizado em acesso livre (open access) e baixado na \u00edntegra do site da COLOSS pelo link: <a href=\"https:\/\/coloss.org\/core-projects\/beebook\/volume-1\/\" target=\"_blank\" rel=\"noopener\">https:\/\/coloss.org\/core-projects\/beebook\/volume-1\/<\/a>, escritos na l\u00edngua inglesa, que \u00e9 o idioma padr\u00e3o na pesquisa cient\u00edfica. Todos os cap\u00edtulos t\u00eam m\u00faltiplos autores, cujos nomes podem ser vistos nos cap\u00edtulos, atrav\u00e9s dos links nas refer\u00eancias dos cap\u00edtulos a seguir. Aqui estamos incluindo uma explica\u00e7\u00e3o breve em portugu\u00eas sobre cada cap\u00edtulo para facilitar pesquisas sobre os assuntos.<\/span><\/p>\n<p><span style=\"font-size: large;\">S\u00edntese e links dos cap\u00edtulos do BEEBOOK Volume 1 produzido pela ONG \u2013 COLOSS <a href=\"https:\/\/coloss.org\/\" target=\"_blank\" rel=\"noopener\">https:\/\/coloss.org\/<\/a><\/span><\/p>\n<p><span style=\"font-size: large;\"><b>Introdu\u00e7\u00e3o<\/b><\/span><\/p>\n<p><span style=\"font-size: large;\">Na introdu\u00e7\u00e3o do BEEBOOK, o presidente da COLOSS, Peter Neumann, o secret\u00e1rio Vincent Dietemann, e o coordenador da ONG nos Estados Unidos, James D. Ellis, apresentam o livro BEEBOOK como um manual pr\u00e1tico que cont\u00e9m m\u00e9todos padr\u00f5es de pesquisa sobre a abelha Apis mellifera.<\/span><\/p>\n<p><span style=\"font-size: large;\">Dietemann V, Ellis JD, Peter Neumann P, (2013) The COLOSS BEEBOOK Volume I, Standard methods for Apis mellifera research: Introduction, Journal of Apicultural Research, 52:4, 1-4. <a href=\"http:\/\/doi.org\/10.3896\/IBRA.1.52.4.23\" target=\"_blank\" rel=\"noopener\">http:\/\/doi.org\/10.3896\/IBRA.1.52.4.23<\/a> <\/span><\/p>\n<p><span style=\"font-size: large;\"><b>CAP\u00cdTULOS<\/b><\/span><\/p>\n<p><span style=\"font-size: large;\"><b>M\u00e9todos padr\u00e3o sobre anatomia e dissec\u00e7\u00e3o de Apis mellifera.<\/b><\/span><\/p>\n<p><span style=\"font-size: large;\">Neste cap\u00edtulo, s\u00e3o apresentadas informa\u00e7\u00f5es sobre a anatomia da abelha A. mellifera e t\u00e9cnicas b\u00e1sicas de dissec\u00e7\u00e3o do inseto.<\/span><\/p>\n<p><span style=\"font-size: large;\">Carreck NL, Andree M, Brent CS, et al. (2013) Standard methods for Apis mellifera anatomy and dissection. Journal of Apicultural Research 52:4, 1-40. <a href=\"http:\/\/doi.org\/10.3896\/IBRA.1.52.4.03\" target=\"_blank\" rel=\"noopener\">http:\/\/doi.org\/10.3896\/IBRA.1.52.4.03<\/a> <\/span><\/p>\n<p><span style=\"font-size: large;\"><b>M\u00e9todos padr\u00e3o para estudos comportamentais de Apis mellifera.<\/b><\/span><\/p>\n<p><span style=\"font-size: large;\">Cap\u00edtulo completo sobre o comportamento da abelha Apis mellifera. Os autores descrevem m\u00e9todos para prepara\u00e7\u00e3o das abelhas para estudos de comportamento; como quantificar respostas gustativas, sensoriais e visuais; comportamentos de voo em varia\u00e7\u00e3o de temperatura, t\u00e9cnicas de observa\u00e7\u00e3o de voo em condi\u00e7\u00f5es laboratoriais e no campo; comunica\u00e7\u00e3o intraespec\u00edfica das abelhas, como a dan\u00e7a; comportamento de acasalamento da rainha com os zang\u00f5es; inclui tamb\u00e9m estudos sobre a a\u00e7\u00e3o dos pesticidas sobre as abelhas. <\/span><\/p>\n<p><span style=\"font-size: large;\">Scheiner R, Abramson CI, Brodschneider R, et al. (2013) Standard methods for behavioural studies of Apis mellifera. Journal of Apicultural Research 52:4, 1-58. <a href=\"http:\/\/doi.org\/10.3896\/IBRA.1.52.4.04\" target=\"_blank\" rel=\"noopener\">http:\/\/doi.org\/10.3896\/IBRA.1.52.4.04<\/a> <\/span><\/p>\n<p><span style=\"font-size: large;\"><b>M\u00e9todos padr\u00e3o para culturas de c\u00e9lulas na pesquisa de Apis mellifera.<\/b><\/span><\/p>\n<p><span style=\"font-size: large;\">Os autores apresentam protocolos de cultivo de c\u00e9lulas prim\u00e1rias (rec\u00e9m diferenciadas) de A. mellifera, bem como cultivo de linhagens de c\u00e9lulas n\u00e3o permanentes desta abelha.<\/span><\/p>\n<p><span style=\"font-size: large;\">Genersch E, Gisder S, Hedtke K, et al. (2013) Standard methods for cell cultures in\u00a0Apis mellifera\u00a0research. Journal of Apicultural Research 52:1, 1-8. <a href=\"http:\/\/doi.org\/10.3896\/IBRA.1.52.1.02\" target=\"_blank\" rel=\"noopener\">http:\/\/doi.org\/10.3896\/IBRA.1.52.1.02<\/a><\/span><\/p>\n<p><span style=\"font-size: large;\"><b>M\u00e9todos padr\u00e3o para caracterizar subesp\u00e9cies e ec\u00f3tipos de Apis mellifera.<\/b><\/span><\/p>\n<p><span style=\"font-size: large;\">Neste cap\u00edtulo s\u00e3o apresentados m\u00e9todos para identifica\u00e7\u00e3o das subesp\u00e9cies de A. mellifera, bem como seus ec\u00f3tipos e origens gen\u00e9ticas para fins de reprodu\u00e7\u00e3o. Os autores discorrem sobre detalhes de morfometria, an\u00e1lises de alozima e DNA, como tamb\u00e9m sugerem m\u00e9todos estat\u00edsticos para an\u00e1lise de dados.<\/span><\/p>\n<p><span style=\"font-size: large;\">Meixner M, Pinto M, Bouga M, et al. (2013) Standard methods for characterising subspecies and ecotypes of Apis mellifera. Journal of Apicultural Research 52:4, 1-28. <a href=\"http:\/\/doi.org\/10.3896\/IBRA.1.52.4.05\" target=\"_blank\" rel=\"noopener\">http:\/\/doi.org\/10.3896\/IBRA.1.52.4.05<\/a><\/span><\/p>\n<p><span style=\"font-size: large;\"><b>M\u00e9todos padr\u00e3o para pesquisa de ecologia qu\u00edmica em Apis mellifera.<\/b> <\/span><\/p>\n<p><span style=\"font-size: large;\">S\u00e3o descritas informa\u00e7\u00f5es a respeito das intera\u00e7\u00f5es comportamentais que s\u00e3o quimicamente mediadas entre as abelhas de uma col\u00f4nia, e entre abelhas e outros indiv\u00edduos, bem como apresentadas t\u00e9cnicas e equipamentos de coleta e an\u00e1lise de semioqu\u00edmicos das abelhas.<\/span><\/p>\n<p><span style=\"font-size: large;\">Torto B, Carroll M, Duehl A, et al. (2013) Standard methods for chemical ecology research in\u00a0Apis mellifera. Journal of Apicultural Research 52:4, 1-34. <a href=\"http:\/\/doi.org\/10.3896\/IBRA.1.52.4.06\" target=\"_blank\" rel=\"noopener\">http:\/\/doi.org\/10.3896\/IBRA.1.52.4.06<\/a><\/span><\/p>\n<p><span style=\"font-size: large;\"><b>M\u00e9todos padr\u00e3o para estimar par\u00e2metros de for\u00e7a de col\u00f4nias de Apis mellifera.<\/b><\/span><\/p>\n<p><span style=\"font-size: large;\">O artigo contido neste cap\u00edtulo trata da avalia\u00e7\u00e3o da for\u00e7a das col\u00f4nias em campo, medindo a popula\u00e7\u00e3o de adultos e crias das colmeias. Al\u00e9m de indicar a metodologia realizada na medi\u00e7\u00e3o de for\u00e7a das col\u00f4nias de A. mellifera, os autores tamb\u00e9m apresentam indicadores para avalia\u00e7\u00e3o dos ninhos, como por exemplo: produ\u00e7\u00e3o de rainhas e zang\u00f5es, atividade de voo das oper\u00e1rias, constru\u00e7\u00e3o de favos, entre outros.<\/span><\/p>\n<p><span style=\"font-size: large;\">Delaplane K, Steen J &amp; Guzman-Novoa E, (2013) Standard methods for estimating strength parameters of\u00a0Apis mellifera\u00a0colonies. Journal of Apicultural Research 52:1, 1-12. <\/span><\/p>\n<p><span style=\"font-size: large;\"><a href=\"https:\/\/www.tandfonline.com\/doi\/pdf\/10.3896\/IBRA.1.52.1.03\" target=\"_blank\" rel=\"noopener\">https:\/\/www.tandfonline.com\/doi\/pdf\/10.3896\/IBRA.1.52.1.03<\/a><\/span><\/p>\n<p><span style=\"font-size: large;\"><b>M\u00e9todos padr\u00e3o para pesquisa de simbiontes intestinais em Apis mellifera<\/b><\/span><\/p>\n<p><span style=\"font-size: large;\">Neste cap\u00edtulo o leitor encontrar\u00e1 protocolos padr\u00f5es para estudo de simbiontes intestinais em A. mellifera. S\u00e3o descritas t\u00e9cnicas, como Next Generation Sequencing (NGS), Fluorescent In Situ Hybridization (FISH) e culturas de c\u00e9lulas bacterianas, que permitem e ampliam a identifica\u00e7\u00e3o e an\u00e1lise da microbiota intestinal das abelhas.<\/span><\/p>\n<p><span style=\"font-size: large;\">Engel P, James R, Koga R, et al. (2013) Standard methods for research on\u00a0Apis mellifera\u00a0gut symbionts. Journal of Apicultural Research 52:4, 1-24. <a href=\"http:\/\/doi.org\/10.3896\/IBRA.1.52.4.07\" target=\"_blank\" rel=\"noopener\">http:\/\/doi.org\/10.3896\/IBRA.1.52.4.07<\/a><\/span><\/p>\n<p><span style=\"font-size: large;\"><b>Uso padr\u00e3o de t\u00e9cnicas de Sistema de Informa\u00e7\u00e3o Geogr\u00e1fica (SIG) na pesquisa de abelhas.<\/b><\/span><\/p>\n<p><span style=\"font-size: large;\">Os autores apresentam neste cap\u00edtulo como utilizar o Sistema de Informa\u00e7\u00e3o Geogr\u00e1fica (SIG) na pesquisa com A. mellifera. S\u00e3o introduzidos conceitos e instru\u00e7\u00f5es sobre os softwares do SIG e a aplica\u00e7\u00e3o desta tecnologia na an\u00e1lise de padr\u00f5es espaciais e distribui\u00e7\u00f5es dos organismos de interesse.<\/span><\/p>\n<p><span style=\"font-size: large;\">Rogers S &amp; Staub B, (2013) Standard use of Geographic Information System (GIS) techniques in honey bee research. Journal of Apicultural Research 52:4, 1-48. <a href=\"http:\/\/doi.org\/10.3896\/IBRA.1.52.4.08\" target=\"_blank\" rel=\"noopener\">http:\/\/doi.org\/10.3896\/IBRA.1.52.4.08<\/a><\/span><\/p>\n<p><span style=\"font-size: large;\"><b>M\u00e9todos padr\u00e3o para manter Apis mellifera adulta em gaiolas sob condi\u00e7\u00f5es de laborat\u00f3rio in vitro.<\/b><\/span><\/p>\n<p><span style=\"font-size: large;\">Neste cap\u00edtulo s\u00e3o descritos m\u00e9todos para manter as abelhas em gaiolas para estudos laboratoriais. Detalhamentos, como: como inserir as abelhas nas gaiolas, quais s\u00e3o as gaiolas mais adequadas, condi\u00e7\u00f5es da incubadora e alimenta\u00e7\u00e3o s\u00e3o tratados neste artigo.<\/span><\/p>\n<p><span style=\"font-size: large;\">Williams G, Alaux C, Costa C, et al. (2013) Standard methods for maintaining adult\u00a0Apis mellifera\u00a0in cages under\u00a0in vitro\u00a0laboratory conditions. Journal of Apicultural Research 52:1, 1-36. <a href=\"http:\/\/doi.org\/10.3896\/IBRA.1.52.1.04\" target=\"_blank\" rel=\"noopener\">http:\/\/doi.org\/10.3896\/IBRA.1.52.1.04<\/a><\/span><\/p>\n<p><span style=\"font-size: large;\"><b>M\u00e9todos padr\u00e3o para cria\u00e7\u00e3o artificial de larvas de Apis mellifera.<\/b><\/span><\/p>\n<p><span style=\"font-size: large;\">Este artigo discorre sobre m\u00e9todos de recria artificial de abelhas e instrui o leitor a ajustar as t\u00e9cnicas de recria em rela\u00e7\u00e3o aos objetivos espec\u00edficos de seu estudo.<\/span><\/p>\n<p><span style=\"font-size: large;\">Crailsheim K, Brodschneider R, Aupinel P, et al. (2013) Standard methods for artificial rearing of\u00a0Apis mellifera\u00a0larvae. Journal of Apicultural Research 52:1, 1-16. <a href=\"http:\/\/doi.org\/10.3896\/IBRA.1.52.1.05\" target=\"_blank\" rel=\"noopener\">http:\/\/doi.org\/10.3896\/IBRA.1.52.1.05<\/a><\/span><\/p>\n<p><span style=\"font-size: large;\"><b>M\u00e9todos padr\u00e3o para insemina\u00e7\u00e3o instrumental de rainhas Apis mellifera.<\/b><\/span><\/p>\n<p><span style=\"font-size: large;\">Os autores deste cap\u00edtulo apresentam m\u00e9todos de insemina\u00e7\u00e3o artificial de abelhas rainhas. S\u00e3o relatados os instrumentos utilizados no processo, bem como t\u00e9cnicas para retirada de s\u00eamen dos zang\u00f5es e insemina\u00e7\u00e3o nos ovidutos das rainhas.<\/span><\/p>\n<p><span style=\"font-size: large;\">Cobey S, Tarpy D &amp; Woyke J, (2013) Standard methods for instrumental insemination of\u00a0Apis mellifera\u00a0queens. Journal of Apicultural Research 52:4, 1-18. <a href=\"http:\/\/doi.org\/10.3896\/IBRA.1.52.4.09\" target=\"_blank\" rel=\"noopener\">http:\/\/doi.org\/10.3896\/IBRA.1.52.4.09<\/a><\/span><\/p>\n<p><span style=\"font-size: large;\"><b>M\u00e9todos padronizados diversos para pesquisa de Apis mellifera.<\/b><\/span><\/p>\n<p><span style=\"font-size: large;\">Neste cap\u00edtulo s\u00e3o apresentadas v\u00e1rias t\u00e9cnicas e procedimentos utilizados na pesquisa com A. mellifera, exemplos a citar: manuseio de adultos e crias; pesagem das abelhas; armazenamento e descarte de abelhas; identifica\u00e7\u00e3o dos est\u00e1gios de desenvolvimento; marca\u00e7\u00e3o de rainhas; verifica\u00e7\u00e3o da for\u00e7a de uma colmeia; estimativa de densidade populacional. Segundo os autores, os m\u00e9todos citados s\u00e3o especialmente \u00fateis para pesquisas sobre a a\u00e7\u00e3o dos pesticidas, polui\u00e7\u00e3o e doen\u00e7as nas col\u00f4nias.<\/span><\/p>\n<p><span style=\"font-size: large;\">Human H, Brodschneider R, Dietemann V, et al. (2013) Miscellaneous standard methods for\u00a0Apis mellifera\u00a0research. Journal of Apicultural Research 52:4, 1-53. <a href=\"http:\/\/doi.org\/10.3896\/IBRA.1.52.4.10\" target=\"_blank\" rel=\"noopener\">http:\/\/doi.org\/10.3896\/IBRA.1.52.4.10<\/a><\/span><\/p>\n<p><span style=\"font-size: large;\"><b>M\u00e9todos padr\u00e3o para pesquisa molecular em Apis mellifera.<\/b><\/span><\/p>\n<p><span style=\"font-size: large;\">S\u00e3o descritas neste cap\u00edtulo, t\u00e9cnicas e ferramentas moleculares para pesquisa com A. mellifera, na busca por compreender comportamento, resist\u00eancia a doen\u00e7as e outros aspectos de sua biologia. Os autores discorrem sobre m\u00e9todos de manipula\u00e7\u00e3o e an\u00e1lise de DNA e RNA, sobre como amostrar, transportar e armazenar abelhas, apresentam as t\u00e9cnicas de Hibridiza\u00e7\u00e3o Fluorescente in situ, Interfer\u00eancia de RNA e estimativa de metila\u00e7\u00e3o cromoss\u00f4mica, al\u00e9m de discutir uma s\u00e9rie de t\u00e9cnicas de an\u00e1lise gen\u00e9tica utilizadas na atualidade.<\/span><\/p>\n<p><span style=\"font-size: large;\">Evans J, Schwarz R, Chen Y, et al. (2013) Standard methods for molecular research in\u00a0Apis mellifera. Journal of Apicultural Research 52:4, 1-54. <a href=\"http:\/\/doi.org\/10.3896\/IBRA.1.52.4.11\" target=\"_blank\" rel=\"noopener\">http:\/\/doi.org\/10.3896\/IBRA.1.52.4.11<\/a><\/span><\/p>\n<p><span style=\"font-size: large;\"><b>M\u00e9todos padr\u00e3o para pesquisa em fisiologia e bioqu\u00edmica em Apis mellifera.<\/b><\/span><\/p>\n<p><span style=\"font-size: large;\">Neste cap\u00edtulo s\u00e3o apresentados protocolos laboratoriais padr\u00f5es para an\u00e1lise de prote\u00ednas envolvidas nos processos fisiol\u00f3gicos e bioqu\u00edmicos das abelhas-do-mel. S\u00e3o descritos tamb\u00e9m mecanismos end\u00f3crinos respons\u00e1veis pelo desenvolvimento de oper\u00e1rias e rainhas, polietismo, reprodu\u00e7\u00e3o e os pap\u00e9is dos horm\u00f4nios ecdister\u00f3ides e horm\u00f4nio juvenil, bem como instrumentos necess\u00e1rios para detec\u00e7\u00e3o e quantifica\u00e7\u00e3o hormonal nas abelhas, entre outros assuntos concernentes \u00e0 fisiologia deste inseto.<\/span><\/p>\n<p><span style=\"font-size: large;\">Hartfelder K, Bitondi M, Brent C, et al. (2013) Standard methods for physiology and biochemistry research in\u00a0Apis mellifera. Journal of Apicultural Research 52:1, 1-48. <a href=\"http:\/\/doi.org\/10.3896\/IBRA.1.52.1.06\" target=\"_blank\" rel=\"noopener\">http:\/\/doi.org\/10.3896\/IBRA.1.52.1.06<\/a><\/span><\/p>\n<p><span style=\"font-size: large;\"><b>M\u00e9todos padr\u00e3o para pesquisa de poliniza\u00e7\u00e3o com Apis mellifera.<\/b><\/span><\/p>\n<p><span style=\"font-size: large;\">Os autores apresentam, neste cap\u00edtulo, recomenda\u00e7\u00f5es para estudo de campo em poliniza\u00e7\u00e3o de culturas agr\u00edcolas. S\u00e3o descritas informa\u00e7\u00f5es a respeito da reprodu\u00e7\u00e3o vegetal com a\u00e7\u00e3o dos polinizadores espec\u00edficos, m\u00e9todos para an\u00e1lise de coleta de p\u00f3len pelas abelhas e seu armazenamento nas colmeias, e tamb\u00e9m como determinar efeitos da poliniza\u00e7\u00e3o na produ\u00e7\u00e3o agr\u00edcola e os efeitos dos pesticidas sobre as abelhas.<\/span><\/p>\n<p><span style=\"font-size: large;\">Delaplane K, Dag A, Danka R, et al. (2013) Standard methods for pollination research with\u00a0Apis mellifera. Journal of Apicultural Research 52:4, 1-28. <a href=\"http:\/\/doi.org\/10.3896\/IBRA.1.52.4.12\" target=\"_blank\" rel=\"noopener\">http:\/\/doi.org\/10.3896\/IBRA.1.52.4.12<\/a><\/span><\/p>\n<p><span style=\"font-size: large;\"><b>M\u00e9todos padr\u00e3o para cria\u00e7\u00e3o e sele\u00e7\u00e3o de rainhas Apis mellifera.<\/b><\/span><\/p>\n<p><span style=\"font-size: large;\">Neste cap\u00edtulo s\u00e3o apresentados m\u00e9todos de cria\u00e7\u00e3o, sele\u00e7\u00e3o e reprodu\u00e7\u00e3o de abelhas rainhas. Os autores detalham condi\u00e7\u00f5es b\u00e1sicas e manejos padr\u00f5es, bem como equipamentos usados na cria\u00e7\u00e3o de rainhas, esta\u00e7\u00f5es de acasalamento recomendadas, caracteres comuns que devem ser selecionados, m\u00e9todos estat\u00edsticos e estimativas de valores gen\u00e9ticos que integram dados de pedigree e desempenho das col\u00f4nias s\u00e3o citados.<\/span><\/p>\n<p><span style=\"font-size: large;\">B\u00fcchler R, Andonov S, Bienefeld K, et al. (2013) Standard methods for rearing and selection of\u00a0Apis mellifera\u00a0queens. Journal of Apicultural Research 52:1, 1-30. <a href=\"http:\/\/doi.org\/10.3896\/IBRA.1.52.1.07\" target=\"_blank\" rel=\"noopener\">http:\/\/doi.org\/10.3896\/IBRA.1.52.1.07<\/a><\/span><\/p>\n<p><span style=\"font-size: large;\"><b>Diretrizes estat\u00edsticas para pesquisa de Apis mellifera.<\/b><\/span><\/p>\n<p><span style=\"font-size: large;\">O artigo em quest\u00e3o apresenta diretrizes estat\u00edsticas recomendadas para an\u00e1lise de dados nas pesquisas sobre A. mellifera. As informa\u00e7\u00f5es relatadas podem auxiliar o pesquisador na escolha da metodologia de an\u00e1lise de dados, na determina\u00e7\u00e3o das amostras e quais dados elas forneceriam, bem como na produ\u00e7\u00e3o de um relat\u00f3rio de dados e op\u00e7\u00f5es de softwares adequados.<\/span><\/p>\n<p><span style=\"font-size: large;\">Pirk C, Miranda J, Kramer M, et al. (2013) Statistical guidelines for\u00a0Apis mellifera\u00a0research. Journal of Apicultural Research 52:4, 1-24. <a href=\"http:\/\/doi.org\/10.3896\/IBRA.1.52.4.13\" target=\"_blank\" rel=\"noopener\">http:\/\/doi.org\/10.3896\/IBRA.1.52.4.13<\/a><\/span><\/p>\n<p><span style=\"font-size: large;\"><b>M\u00e9todos padr\u00e3o para pesquisa de toxicologia em Apis mellifera.<\/b><\/span><\/p>\n<p><span style=\"font-size: large;\">Neste cap\u00edtulo s\u00e3o descritos m\u00e9todos de avalia\u00e7\u00e3o dos efeitos toxicol\u00f3gicos dos pesticidas sobre a popula\u00e7\u00e3o de abelhas, tanto efeitos agudos quanto cr\u00f4nicos podem ser determinados atrav\u00e9s das t\u00e9cnicas apresentadas.<\/span><\/p>\n<p><span style=\"font-size: large;\">Medrzycki P, Giffard H, Aupinel P, et al. (2013) Standard methods for toxicology research in\u00a0Apis mellifera. Journal of Apicultural Research 52:4, 1-60. <a href=\"http:\/\/doi.org\/10.3896\/IBRA.1.52.4.14\" target=\"_blank\" rel=\"noopener\">http:\/\/doi.org\/10.3896\/IBRA.1.52.4.14<\/a><\/span><\/p>\n","protected":false},"excerpt":{"rendered":"<p>BEEBOOK \u2013 VOLUME I Standard methods for Apis mellifera research (M\u00e9todos padr\u00e3o para pesquisa sobre A. mellifera). Arthur Henrique Puccetti\u00a0Nascimento &amp; David De Jong &#8211; Departamento de Gen\u00e9tica, Faculdade de [&hellip;]<\/p>\n","protected":false},"author":20,"featured_media":0,"parent":4196,"menu_order":0,"comment_status":"open","ping_status":"open","template":"","meta":{"pmpro_default_level":"","_price":"","_stock":"","_tribe_ticket_header":"","_tribe_default_ticket_provider":"","_tribe_ticket_capacity":"0","_ticket_start_date":"","_ticket_end_date":"","_tribe_ticket_show_description":"","_tribe_ticket_show_not_going":false,"_tribe_ticket_use_global_stock":"","_tribe_ticket_global_stock_level":"","_global_stock_mode":"","_global_stock_cap":"","_tribe_rsvp_for_event":"","_tribe_ticket_going_count":"","_tribe_ticket_not_going_count":"","_tribe_tickets_list":"[]","_tribe_ticket_has_attendee_info_fields":false,"cybocfi_hide_featured_image":"","footnotes":""},"class_list":["post-4209","page","type-page","status-publish","hentry","pmpro-has-access"],"_links":{"self":[{"href":"https:\/\/apacame.org.br\/site\/wp-json\/wp\/v2\/pages\/4209"}],"collection":[{"href":"https:\/\/apacame.org.br\/site\/wp-json\/wp\/v2\/pages"}],"about":[{"href":"https:\/\/apacame.org.br\/site\/wp-json\/wp\/v2\/types\/page"}],"author":[{"embeddable":true,"href":"https:\/\/apacame.org.br\/site\/wp-json\/wp\/v2\/users\/20"}],"replies":[{"embeddable":true,"href":"https:\/\/apacame.org.br\/site\/wp-json\/wp\/v2\/comments?post=4209"}],"version-history":[{"count":1,"href":"https:\/\/apacame.org.br\/site\/wp-json\/wp\/v2\/pages\/4209\/revisions"}],"predecessor-version":[{"id":4211,"href":"https:\/\/apacame.org.br\/site\/wp-json\/wp\/v2\/pages\/4209\/revisions\/4211"}],"up":[{"embeddable":true,"href":"https:\/\/apacame.org.br\/site\/wp-json\/wp\/v2\/pages\/4196"}],"wp:attachment":[{"href":"https:\/\/apacame.org.br\/site\/wp-json\/wp\/v2\/media?parent=4209"}],"curies":[{"name":"wp","href":"https:\/\/api.w.org\/{rel}","templated":true}]}}