{"id":4204,"date":"2021-08-05T18:52:47","date_gmt":"2021-08-05T18:52:47","guid":{"rendered":"https:\/\/apacame.org.br\/site\/?page_id=4204"},"modified":"2021-08-05T18:52:47","modified_gmt":"2021-08-05T18:52:47","slug":"editorial","status":"publish","type":"page","link":"https:\/\/apacame.org.br\/site\/revista\/mensagem-doce-n-162-julho-de-2021\/editorial\/","title":{"rendered":"Editorial"},"content":{"rendered":"<h1 style=\"text-align: center;\">APICULTURA EM DESTAQUE<\/h1>\n<p><span style=\"font-size: large;\"><a href=\"https:\/\/apacame.org.br\/site\/wp-content\/uploads\/2021\/08\/Foto_Editorial.jpg\"><img fetchpriority=\"high\" decoding=\"async\" class=\"alignleft size-full wp-image-4205\" src=\"https:\/\/apacame.org.br\/site\/wp-content\/uploads\/2021\/08\/Foto_Editorial.jpg\" alt=\"Foto_Editorial\" width=\"385\" height=\"350\" srcset=\"https:\/\/apacame.org.br\/site\/wp-content\/uploads\/2021\/08\/Foto_Editorial.jpg 385w, https:\/\/apacame.org.br\/site\/wp-content\/uploads\/2021\/08\/Foto_Editorial-300x273.jpg 300w, https:\/\/apacame.org.br\/site\/wp-content\/uploads\/2021\/08\/Foto_Editorial-150x136.jpg 150w\" sizes=\"(max-width: 385px) 100vw, 385px\" \/><\/a>N\u00f3s, apicultores, estamos em uma fase de gl\u00f3ria na apicultura em se tratando de neg\u00f3cios. A procura por produtos ap\u00edcolas est\u00e1 em alta, mas a produ\u00e7\u00e3o nem tanto, precisamos de mais trabalho para aumentar oferta com qualidade e profissionalismo, o que n\u00e3o \u00e9 poss\u00edvel fazer de imediato, pois nossos produtos dependem tamb\u00e9m da m\u00e3e natureza. Apesar disso, temos de fazer a nossa parte.<\/span><\/p>\n<p><span style=\"font-size: large;\">Por outro lado, estamos muito preocupados com os rumos que se pretende dar aos neg\u00f3cios ap\u00edcolas, com normas e regula\u00e7\u00f5es preocupantes, por isso pretendemos transmitir aos nossos associados informa\u00e7\u00f5es relevantes sobre mel falsificado, que n\u00e3o \u00e9 produzido por apicultores. N\u00e3o podemos permitir que apenas os atravessadores determinem os rumos do nosso setor, pois se isso acontecer perderemos o controle ficaremos nas m\u00e3os de alguns empres\u00e1rios do mel, repetindo a hist\u00f3ria dos produtores de leite. Temos que estar livres para negociar nosso produto com qualidade e garantia sem que ter de passar por terceiros. <\/span><\/p>\n<p><span style=\"font-size: large;\">Quanto ao processo de rotulagem, seria \u00f3timo que todos os detalhes estivessem detalhados, no contexto de uma sociedade s\u00e9ria, com dirigentes justos para com seus cidad\u00e3os &#8211; o que ainda n\u00e3o \u00e9 nossa realidade &#8211; sem fraquejar, devemos continuar insistindo. <\/span><\/p>\n<p><span style=\"font-size: large;\">\u201cE que as abelhas sejam motivos de reuni\u00e3o e uni\u00e3o entre os homens\u201d <\/span><\/p>\n<p><span style=\"font-size: large;\">Uma associa\u00e7\u00e3o se faz com associados.<\/span><\/p>\n<p><span style=\"font-size: large;\"><i><b>Eloi Viana da Silva \u2013 Presidente Executivo &#8211; <a href=\"mailto:eloi@apacame.org.br\">eloi@apacame.org.br<\/a><\/b><\/i><\/span><\/p>\n","protected":false},"excerpt":{"rendered":"<p>APICULTURA EM DESTAQUE N\u00f3s, apicultores, estamos em uma fase de gl\u00f3ria na apicultura em se tratando de neg\u00f3cios. A procura por produtos ap\u00edcolas est\u00e1 em alta, mas a produ\u00e7\u00e3o nem [&hellip;]<\/p>\n","protected":false},"author":20,"featured_media":0,"parent":4196,"menu_order":0,"comment_status":"open","ping_status":"open","template":"","meta":{"pmpro_default_level":"","_price":"","_stock":"","_tribe_ticket_header":"","_tribe_default_ticket_provider":"","_tribe_ticket_capacity":"0","_ticket_start_date":"","_ticket_end_date":"","_tribe_ticket_show_description":"","_tribe_ticket_show_not_going":false,"_tribe_ticket_use_global_stock":"","_tribe_ticket_global_stock_level":"","_global_stock_mode":"","_global_stock_cap":"","_tribe_rsvp_for_event":"","_tribe_ticket_going_count":"","_tribe_ticket_not_going_count":"","_tribe_tickets_list":"[]","_tribe_ticket_has_attendee_info_fields":false,"cybocfi_hide_featured_image":"","footnotes":""},"class_list":["post-4204","page","type-page","status-publish","hentry","pmpro-has-access"],"_links":{"self":[{"href":"https:\/\/apacame.org.br\/site\/wp-json\/wp\/v2\/pages\/4204"}],"collection":[{"href":"https:\/\/apacame.org.br\/site\/wp-json\/wp\/v2\/pages"}],"about":[{"href":"https:\/\/apacame.org.br\/site\/wp-json\/wp\/v2\/types\/page"}],"author":[{"embeddable":true,"href":"https:\/\/apacame.org.br\/site\/wp-json\/wp\/v2\/users\/20"}],"replies":[{"embeddable":true,"href":"https:\/\/apacame.org.br\/site\/wp-json\/wp\/v2\/comments?post=4204"}],"version-history":[{"count":1,"href":"https:\/\/apacame.org.br\/site\/wp-json\/wp\/v2\/pages\/4204\/revisions"}],"predecessor-version":[{"id":4206,"href":"https:\/\/apacame.org.br\/site\/wp-json\/wp\/v2\/pages\/4204\/revisions\/4206"}],"up":[{"embeddable":true,"href":"https:\/\/apacame.org.br\/site\/wp-json\/wp\/v2\/pages\/4196"}],"wp:attachment":[{"href":"https:\/\/apacame.org.br\/site\/wp-json\/wp\/v2\/media?parent=4204"}],"curies":[{"name":"wp","href":"https:\/\/api.w.org\/{rel}","templated":true}]}}