{"id":4156,"date":"2021-06-10T18:22:09","date_gmt":"2021-06-10T18:22:09","guid":{"rendered":"http:\/\/apacame.org.br\/site\/?page_id=4156"},"modified":"2021-06-10T18:22:09","modified_gmt":"2021-06-10T18:22:09","slug":"noticia-2","status":"publish","type":"page","link":"https:\/\/apacame.org.br\/site\/revista\/mensagem-doce-n-161-maio-de-2021\/noticia-2\/","title":{"rendered":"Not\u00edcia"},"content":{"rendered":"<h1 style=\"text-align: center;\">E.U.A INICIA PROCESSO ANTI DUMPING CONTRA ARGENTINA, \u00cdNDIA, UCRANIA, VIETN\u00c3 E BRASIL<\/h1>\n<blockquote><p>Renato Azevedo &#8211; Diretor da ABEMEL \u2013 Associa\u00e7\u00e3o Brasileira dos Exportadores de Mel \u2013 Gest\u00e3o 2020\/2021. &#8211; Artigo escrito em 26 de abril de 2021.<\/p><\/blockquote>\n<p><span style=\"font-size: large;\">Na \u00faltima quarta-feira, 21 de abril de 2021, a Associa\u00e7\u00e3o Americana de Produtores de Mel e a Associa\u00e7\u00e3o Sioux de Mel entraram, em conjunto, com um pedido de investiga\u00e7\u00e3o contra as importa\u00e7\u00f5es de mel pelos EUA da Argentina, \u00cdndia, Ucr\u00e2nia, Vietn\u00e3 e Brasil. <\/span><\/p>\n<p><span style=\"font-size: large;\">A alega\u00e7\u00e3o das associa\u00e7\u00f5es \u00e9 que o mel advindo desses pa\u00edses \u00e9 vendido abaixo do custo, de forma a que os produtores americanos estariam sendo prejudicados com isso.<\/span><\/p>\n<p><span style=\"font-size: large;\">\u00c9 importante, nesse momento, entender o que \u00e9 e quais s\u00e3o os poss\u00edveis impactos de um processo antidumping para o nosso setor ap\u00edcola. O termo \u201cDumping\u201d, significa, no jarg\u00e3o econ\u00f4mico, reduzir os pre\u00e7os de venda abaixo do custo para prejudicar a concorr\u00eancia. O efeito disso seria eliminar a concorr\u00eancia, para que, em seguida, os pre\u00e7os possam subir sem a limita\u00e7\u00e3o da concorr\u00eancia. Um mercado com poucos fornecedores \u00e9 um mercado com pouca concorr\u00eancia, e isso n\u00e3o interessa aos consumidores \u2013 que s\u00e3o os maiores beneficiados pela disputa entre os fornecedores de um determinado bem. Quando ocorre a desconfian\u00e7a de ocorre pr\u00e1tica de dumping, as autoridades locais conduzem uma investiga\u00e7\u00e3o e, comprovando a pr\u00e1tica de acordo com seus crit\u00e9rios de an\u00e1lise, imp\u00f5e uma taxa aos praticantes do dumping. <\/span><\/p>\n<p><span style=\"font-size: large;\">No caso do processo em quest\u00e3o nos EUA, os pr\u00f3ximos passos ser\u00e3o \u2013 em linhas gerais \u2013 os seguintes:<\/span><\/p>\n<p><span style=\"font-size: large;\">\u00c9 aberto uma investiga\u00e7\u00e3o pr\u00e9via no ITC (International Trade Commission), nos EUA. Esse \u00f3rg\u00e3o \u00e9 respons\u00e1vel por avaliar se a pr\u00e1tica denunciada causou preju\u00edzos \u00e0 ind\u00fastria local. Nesse momento, os mercados dos pa\u00edses como um todo, s\u00e3o avaliados. Os principais exportadores de cada pa\u00eds aos EUA s\u00e3o convidados a responder uma s\u00e9rie de perguntas.<\/span><\/p>\n<p><span style=\"font-size: large;\">Se o ITC considerar que houve \u201cdano \u00e0 ind\u00fastria\u201d norte-americana, o processo vai para o DOC (Department of Commerce), aonde s\u00e3o selecionadas algumas empresas \u2013 normalmente as que mais exportaram aos EUA \u2013 para que seja conduzida uma investiga\u00e7\u00e3o em nome do mercado todo. <\/span><\/p>\n<p><span style=\"font-size: large;\"><b>Importante ressaltar alguns pontos:<\/b><\/span><\/p>\n<p><span style=\"font-size: large;\">Apesar de haver possibilidade de o processo n\u00e3o evoluir \u00e0 segunda fase \u2013 que \u00e9 quando ele toma forma \u2013 nos \u00faltimos cinco anos quase todos os processos anti dumping iniciados pelos EUA contra diversos pa\u00edses e produtos evolu\u00edram desta fase. Alguns especialistas da \u00e1rea consideram essa primeira fase quase como uma formalidade para a segunda, e consideram bastante improv\u00e1vel o processo n\u00e3o avan\u00e7ar, mesmo sem ter conhecimento de nossa realidade.<\/span><\/p>\n<p><span style=\"font-size: large;\">Outro ponto importante a levantar \u00e9 que n\u00e3o s\u00e3o as empresas propriamente ditas que ser\u00e3o investigadas. Na realidade, as empresas s\u00e3o utilizadas como ferramenta pelo governo americano para investigar o mercado. Nesse sentido, \u00e9 um erro considerar a empresa \u201cA\u201d ou \u201cB\u201d de ter promovido qualquer a\u00e7\u00e3o que tenha desencadeado no processo de dumping. Esse \u00e9 um processo que est\u00e1 sendo conduzido em 5 pa\u00edses ao mesmo tempo. Por mais influente que qualquer empresa possa ser no mercado norte-americano, dificilmente teria influ\u00eancia para impactar o mercado dessa forma.<\/span><\/p>\n<p><span style=\"font-size: large;\">Uma vez no DOC, as empresas s\u00e3o avaliadas para definir-se pela aplica\u00e7\u00e3o de uma sobre taxa \u2013 que recair\u00e1 sobre todo o mercado.<\/span><\/p>\n<p><span style=\"font-size: large;\">Bem, agora que j\u00e1 entendemos o \u201cpasso a passo\u201d do processo, \u00e9 importante considerar dois fatores bastante relevantes:<\/span><\/p>\n<p><span style=\"font-size: large;\">Primeiramente, entender que o processo anti-dumping representa, de certa forma, um movimento pol\u00edtico. Se o dumping \u00e9 a organiza\u00e7\u00e3o de um determinado setor para vender abaixo do custo para prejudicar outro mercado (no caso, os produtores norte-americanos), \u00e9 bastante insensato afirmar que esteja ocorrendo um conluio entre Argentina, \u00cdndia, Ucr\u00e2nia, Vietn\u00e3 e Brasil, para defini\u00e7\u00e3o dessa pr\u00e1tica; simplesmente n\u00e3o h\u00e1. Ocorre que, em decorr\u00eancia da pandemia do COVID-19, houve no \u00faltimo ano uma valoriza\u00e7\u00e3o do d\u00f3lar em todo o mundo. D\u00f3lar valorizado significa que \u00e9 mais barato para os importadores trazerem produtos de fora. Assim, esse movimento fez com que as importa\u00e7\u00f5es de mel nos EUA, em geral, ficassem mais baratas, tornando o produtor americano menos competitivo. Essa \u00e9 uma contextualiza\u00e7\u00e3o muito importante se der considerada.<\/span><\/p>\n<p><span style=\"font-size: large;\">Em segundo, ao observarmos os pre\u00e7os do mel exportado pelo Brasil aos EUA, notamos que os pre\u00e7os em d\u00f3lar t\u00eam subido. Sa\u00edram de US$ 1,85\/kg em abril de 2020 para uma m\u00e9dia de US$ 3,35\/kg em mar\u00e7o de 2021. Um aumento de pre\u00e7os dessa ordem n\u00e3o \u00e9 o comportamento habitual de praticantes de dumping. <\/span><\/p>\n<p><span style=\"font-size: large;\">Esses argumentos s\u00e3o bastante relevantes para afirmar que n\u00e3o existe dumping. Entretanto, \u00e9 dif\u00edcil afirmar do ponto de vista pr\u00e1tico quais ser\u00e3o os resultados desse processo. Atualmente, 60% da produ\u00e7\u00e3o brasileira de mel \u00e9 exportada, e 80% dessa exporta\u00e7\u00e3o \u00e9 feita aos EUA. Com o aumento do pre\u00e7o do mel e das exporta\u00e7\u00f5es, \u00e9 bastante prov\u00e1vel que esse percentual seja ainda superior a 60%.<\/span><\/p>\n<p><span style=\"font-size: large;\">Com base nas informa\u00e7\u00f5es dispon\u00edveis, a cada 100kg produzidos no Brasil, 48kg s\u00e3o exportados aos EUA. O impacto de uma sobre taxa no mel brasileiro significaria fazer nosso produto ficar mais caro aos nossos clientes. Aumento de pre\u00e7o geralmente significa redu\u00e7\u00e3o na demanda. Nesse sentido, pode ser s\u00e9rio o impacto na produ\u00e7\u00e3o, comercializa\u00e7\u00e3o, e em toda a cadeia ap\u00edcola em geral. Nesse sentido, a ABEMEL tem conversado com diversos especialistas no assunto, buscando a melhor alternativa para defender o setor ap\u00edcola brasileiro como um todo, dessa situa\u00e7\u00e3o, al\u00e9m de estar em constante contato com apicultores e outras entidades ligadas \u00e0 apicultura. <\/span><\/p>\n<p><span style=\"font-size: large;\">Acreditamos que o processo que enfrentaremos a frente ser\u00e1 duro, t\u00e9cnico, e bastante trabalhoso. Nossa capacidade de nos organizarmos e nos unirmos como cadeia ser\u00e1 posta \u00e0 prova. Uma sobre taxa do nosso principal cliente para mel impactar\u00e1 a todos, desde os consumidores americanos, aos exportadores e produtores. Assim, \u00e9 de interesse de toda a nossa cadeia, mais do que nunca, que estejamos unidos. <\/span><\/p>\n<p><span style=\"font-size: large;\">Diz o ditado popular que o segredo da vida \u00e9 \u201cFazer do lim\u00e3o, uma limonada\u201d. Apesar do desafio, temos uma oportunidade \u00fanica para unir nosso setor, e mostrar o valor do nosso produto. Como sempre, depende de cada um de n\u00f3s!<\/span><\/p>\n","protected":false},"excerpt":{"rendered":"<p>E.U.A INICIA PROCESSO ANTI DUMPING CONTRA ARGENTINA, \u00cdNDIA, UCRANIA, VIETN\u00c3 E BRASIL Renato Azevedo &#8211; Diretor da ABEMEL \u2013 Associa\u00e7\u00e3o Brasileira dos Exportadores de Mel \u2013 Gest\u00e3o 2020\/2021. &#8211; Artigo [&hellip;]<\/p>\n","protected":false},"author":20,"featured_media":0,"parent":4068,"menu_order":0,"comment_status":"open","ping_status":"open","template":"","meta":{"pmpro_default_level":"","_price":"","_stock":"","_tribe_ticket_header":"","_tribe_default_ticket_provider":"","_tribe_ticket_capacity":"0","_ticket_start_date":"","_ticket_end_date":"","_tribe_ticket_show_description":"","_tribe_ticket_show_not_going":false,"_tribe_ticket_use_global_stock":"","_tribe_ticket_global_stock_level":"","_global_stock_mode":"","_global_stock_cap":"","_tribe_rsvp_for_event":"","_tribe_ticket_going_count":"","_tribe_ticket_not_going_count":"","_tribe_tickets_list":"[]","_tribe_ticket_has_attendee_info_fields":false,"cybocfi_hide_featured_image":"","footnotes":""},"class_list":["post-4156","page","type-page","status-publish","hentry","pmpro-has-access"],"_links":{"self":[{"href":"https:\/\/apacame.org.br\/site\/wp-json\/wp\/v2\/pages\/4156"}],"collection":[{"href":"https:\/\/apacame.org.br\/site\/wp-json\/wp\/v2\/pages"}],"about":[{"href":"https:\/\/apacame.org.br\/site\/wp-json\/wp\/v2\/types\/page"}],"author":[{"embeddable":true,"href":"https:\/\/apacame.org.br\/site\/wp-json\/wp\/v2\/users\/20"}],"replies":[{"embeddable":true,"href":"https:\/\/apacame.org.br\/site\/wp-json\/wp\/v2\/comments?post=4156"}],"version-history":[{"count":2,"href":"https:\/\/apacame.org.br\/site\/wp-json\/wp\/v2\/pages\/4156\/revisions"}],"predecessor-version":[{"id":4158,"href":"https:\/\/apacame.org.br\/site\/wp-json\/wp\/v2\/pages\/4156\/revisions\/4158"}],"up":[{"embeddable":true,"href":"https:\/\/apacame.org.br\/site\/wp-json\/wp\/v2\/pages\/4068"}],"wp:attachment":[{"href":"https:\/\/apacame.org.br\/site\/wp-json\/wp\/v2\/media?parent=4156"}],"curies":[{"name":"wp","href":"https:\/\/api.w.org\/{rel}","templated":true}]}}