{"id":4143,"date":"2021-06-10T17:52:08","date_gmt":"2021-06-10T17:52:08","guid":{"rendered":"http:\/\/apacame.org.br\/site\/?page_id=4143"},"modified":"2021-06-10T17:52:08","modified_gmt":"2021-06-10T17:52:08","slug":"polinizacao","status":"publish","type":"page","link":"https:\/\/apacame.org.br\/site\/revista\/mensagem-doce-n-161-maio-de-2021\/polinizacao\/","title":{"rendered":"Poliniza\u00e7\u00e3o"},"content":{"rendered":"<h1 style=\"text-align: center;\">\u201cTecnologia 4.0 para promo\u00e7\u00e3o da Poliniza\u00e7\u00e3o Assistida e Inteligente\u201d<\/h1>\n<blockquote><p>Jorge Kavicki<sup>1<\/sup>, Guilherme Jorge Gomes de Sousa<sup>2<\/sup>, Andresa Aparecida Berretta<sup>3<\/sup><br \/>\n<sup>1<\/sup>Time de Tecnologia da Informa\u00e7\u00e3o da Startup AgroBee<br \/>\n<sup>2<\/sup>CEO AgroBee.<br \/>\n<sup>3<\/sup>Co-fundadora da AgroBee. Presidente da ABEMEL gest\u00e3o 2020\/2021. Farmac\u00eautica Respons\u00e1vel e Gerente de PD&amp;I da Apis Flora Indl. Coml. Ltda. Convenor do Grupo de Trabalho de Pr\u00f3polis (WG2) na ISO.<\/p><\/blockquote>\n<p><span style=\"font-size: large;\">A tecnologia n\u00e3o para de avan\u00e7ar. \u00c9 poss\u00edvel observarmos isso facilmente atrav\u00e9s do que vemos diariamente nos nossos aparelhos de telefonia m\u00f3vel, os celulares. Na ind\u00fastria e na agricultura, isso n\u00e3o \u00e9 diferente. Estamos vivendo um novo momento de revolu\u00e7\u00e3o industrial e no campo, a chamada \u201cInd\u00fastria 4.0\u201d e \u201cAgricultura 4.0\u201d, respectivamente.<\/span><\/p>\n<p><span style=\"font-size: large;\">Esse momento, ainda que ainda tenha um imenso campo para crescimento, j\u00e1 tem sido adotado de forma crescente pelos mais diversos segmentos. Para se ter uma ideia, o \u00faltimo Censo do Instituto Brasileiro de Geografia e Estat\u00edstica (IBGE), mostrou que cerca de 1,5 milh\u00e3o de produtores rurais acessam por meio de dispositivos eletr\u00f4nicos os dados da sua cultura, um crescimento de 1900% em rela\u00e7\u00e3o h\u00e1 10 anos atr\u00e1s. Mostrando que essa tend\u00eancia veio para ficar, e que \u00e9 s\u00f3 quest\u00e3o de tempo e recursos (Zaparoli, 2020).<\/span><\/p>\n<p><span style=\"font-size: large;\">A tecnologia 4.0 independentemente de sua aplica\u00e7\u00e3o, industrial ou no campo, pode ser utilizada independentemente do tamanho do produtor ou empreendedor. Sua opera\u00e7\u00e3o se baseia nas tecnologias de conectividade, computa\u00e7\u00e3o em nuvem, intelig\u00eancia artificial, internet das coisas, comunica\u00e7\u00e3o entre m\u00e1quinas, dentre muitas outras. Essas tecnologias associadas a outros dispositivos como drones, sensores, etc. fazem com que hoje o produtor rural consiga controlar in\u00fameros tratores em tempo real, como um \u201cBig Brother\u201d do campo, sendo poss\u00edvel tomar medidas imediatas se algo ocorrer com aquela m\u00e1quina ou operador. Mensura\u00e7\u00f5es da qualidade do solo, monitoramento do clima, ganho de peso do gado, dentre muitas outras, s\u00e3o algumas das aplica\u00e7\u00f5es dessas tecnologias. Das vantagens que esses sistemas trazem para o agricultor est\u00e3o o aumento de produtividade, monitora\u00e7\u00e3o da opera\u00e7\u00e3o agr\u00edcola gerando redu\u00e7\u00e3o de desperd\u00edcio e de custos. Com o tempo, as m\u00e1quinas associadas \u00e0s tecnologias, ir\u00e3o operar de forma independente.<\/span><\/p>\n<p><span style=\"font-size: large;\">Mas nem tudo s\u00e3o flores, e algumas barreiras ainda se observam. De todas, a infraestrutura das telecomunica\u00e7\u00f5es no campo \u00e9 a que se configura como o maior gargalo por enquanto. De acordo com a Escola Superior de Agricultura Luiz de Queiroz, ESALQ, apenas 5% da \u00e1rea agricultur\u00e1vel do pa\u00eds est\u00e1 conectada \u00e0 internet (Zaparoli, 2020). O Minist\u00e9rio da Agricultura j\u00e1 tem ci\u00eancia do problema, e j\u00e1 mapeou em seu planejamento estrat\u00e9gico a\u00e7\u00f5es voltadas para a amplia\u00e7\u00e3o da conectividade no campo, pois essa a\u00e7\u00e3o proporcionar\u00e1 maiores condi\u00e7\u00f5es do Brasil ampliar sua produ\u00e7\u00e3o de alimentos.<\/span><\/p>\n<p><span style=\"font-size: large;\">De acordo com dados da Organiza\u00e7\u00e3o para a Alimenta\u00e7\u00e3o e Agricultura (FAO), estima-se que at\u00e9 2050 a popula\u00e7\u00e3o mundial estar\u00e1 em 9,8 bilh\u00f5es de pessoas. Nesse cen\u00e1rio, o Brasil demandar\u00e1 um aumento de 70% na produ\u00e7\u00e3o de alimentos para suprir essa demanda. Desse modo, a busca por solu\u00e7\u00f5es que ajudem a aumentar a produtividade, com respeito ao meio ambiente s\u00e3o imprescind\u00edveis (FAO, 2010).<\/span><\/p>\n<p><span style=\"font-size: large;\">Sabemos o papel fundamental das abelhas para o aumento da produtividade e qualidade dos alimentos. A poliniza\u00e7\u00e3o realizada pelas abelhas oferece n\u00e3o s\u00f3 uma ajuda fundamental no aumento das produ\u00e7\u00f5es agr\u00edcolas, mas s\u00e3o essenciais para alguns alimentos, como \u00e9 o caso da ma\u00e7\u00e3 e mel\u00e3o. Mas, t\u00e3o importante como o aumento da produ\u00e7\u00e3o, \u00e9 fazer isso sem causar danos ambientais. E isso, \u00e9 um trabalho que as abelhas fazem muito bem (Berretta &amp; Gon\u00e7alves, 2021).<\/span><\/p>\n<p><span style=\"font-size: large;\">O setor de ap\u00edcola \u00e9 um dos que mais carecem de investimentos em novas tecnologias, pensando no bem estar do nosso planeta, no aumento da produtividade e qualidade dos alimentos, aliado \u00e0 tecnologia 4.0, surge o aplicativo AgroBee. A plataforma que ficou conhecida popularmente como \u201cUber das Abelhas\u201d, vai muito al\u00e9m da conex\u00e3o entre produtores rurais e criadores de abelhas, a proposta busca e utiliza as esp\u00e9cies corretas, nas quantidades adequadas para cada cultura agr\u00edcola, atrav\u00e9s de algoritmos especificamente desenvolvidos para esse fim. A primeira vers\u00e3o do App tinha v\u00e1rias limita\u00e7\u00f5es, e teve in\u00edcio mais como uma forma de cadastro. Pensando em oferecer uma experi\u00eancia ao usu\u00e1rio mais intuitiva e de f\u00e1cil manuseio, foi realizado um trabalho no aprimoramento da ferramenta de modo que possamos ajudar a preservar o meio ambiente e promover a sustentabilidade no agroneg\u00f3cio, de forma mais f\u00e1cil e \u00e1gil tanto para o produtor quanto para o criador de abelhas. Atrav\u00e9s da nova vers\u00e3o do App Agrobee melhorou-se a intera\u00e7\u00e3o entre as culturas agr\u00edcolas e os criadores de abelhas. Com um sistema simples de demandas, os criadores agora podem gerar renda com suas col\u00f4nias e garantir um desenvolvimento mais sustent\u00e1vel para as abelhas. O agricultor cadastrado faz uma solicita\u00e7\u00e3o e a equipe t\u00e9cnica da AgroBee seleciona os mais qualificados e que correspondem as necessidades de cada tipo de cultura, a tend\u00eancia com o uso de intelig\u00eancia artificial \u00e9 que isso tudo ocorra de forma independente num futuro pr\u00f3ximo.<\/span><\/p>\n<p><span style=\"font-size: large;\">O novo sistema de poliniza\u00e7\u00f5es no App d\u00e1 mais controle e liberdade aos criadores de abelhas podendo determinar sua dist\u00e2ncia m\u00e1xima para arrendamento e quantidade de caixas dispon\u00edvel, ou seja, o pr\u00f3prio criador j\u00e1 limitar\u00e1 no cadastro qual \u00e9 a dist\u00e2ncia m\u00e1xima que est\u00e1 disposto a percorrer para levar suas abelhas. Outra facilidade \u00e9 que as poliniza\u00e7\u00f5es s\u00e3o confirmadas pelo pr\u00f3prio criador e seguem gerenciadas pela nossa equipe. Agora contamos com uma sess\u00e3o com diversos artigos sobre agricultura e cria\u00e7\u00e3o de abelhas para promover o conhecimento e uma base segura de informa\u00e7\u00f5es, assim, o App tamb\u00e9m tem uma fun\u00e7\u00e3o de capacita\u00e7\u00e3o e qualifica\u00e7\u00e3o. Com o App os criadores ter\u00e3o um monitor de sa\u00fade das col\u00f4nias preenchendo dados simples e com resultado instant\u00e2neo, garantindo que estejam sempre saud\u00e1veis e aptas a tarefa. Novo perfil e sistema de verifica\u00e7\u00e3o garantem que apenas os melhores sejam selecionados para as poliniza\u00e7\u00f5es atrav\u00e9s de uma avalia\u00e7\u00e3o direta dentro do App.<\/span><\/p>\n<p><span style=\"font-size: large;\">As vantagens n\u00e3o param por a\u00ed. Para os fazendeiros tamb\u00e9m s\u00e3o muitas tanto no aspecto f\u00edsico do trabalho como diminui\u00e7\u00e3o das horas de trator, redu\u00e7\u00e3o do uso de agrot\u00f3xicos, melhoria na qualidade dos produtos e aumento da produtividade, mas tamb\u00e9m em efici\u00eancia e controle, fazendo tudo online.<\/span><\/p>\n<p><span style=\"font-size: large;\">Muitos desafios ainda existem pela frente, os investimentos nas ferramentas de automa\u00e7\u00e3o s\u00e3o altos, e em alguns meses, o sistema oferecer\u00e1 an\u00e1lise da qualidade e for\u00e7a das abelhas atrav\u00e9s de intelig\u00eancia artificial, uma ferramenta que o time de tecnologia da informa\u00e7\u00e3o da AgroBee est\u00e1 trabalhando com o CPQD (Centro de Pesquisa e Desenvolvimento em Telecomunica\u00e7\u00f5es) de Campinas.<\/span><\/p>\n<p><span style=\"font-size: large;\">A poliniza\u00e7\u00e3o \u00e9 uma importante ferramenta para a profissionaliza\u00e7\u00e3o da apicultura e meliponicultura pois cria uma fonte de renda extra para apicultores ao longo do calend\u00e1rio ap\u00edcola e cria uma renda na meliponicultura, onde est\u00e1 era praticamente praticada como um \u201chobby. Para fazer parte desta iniciativa baixe nosso App na Google Play ou na AppStore, e cadastre-se gratuitamente. O servi\u00e7o de poliniza\u00e7\u00e3o assistida e inteligente AgroBee poder\u00e1 te acionar quando houver contratos pr\u00f3ximo a sua localiza\u00e7\u00e3o, para que voc\u00ea avalie se tem interesse em levar suas abelhas para esse servi\u00e7o.<\/span><\/p>\n<p><span style=\"font-size: large;\">O futuro j\u00e1 come\u00e7ou. O mercado ap\u00edcola \u00e9 sempre muito vol\u00e1til e flutuante. Que tal se profissionalizar para estar apto a ter uma renda em v\u00e1rias frentes de atua\u00e7\u00e3o dentro deste mercado? Acredite no potencial das \u201cAbelhas no campo para o bem do Planeta\u201d, e fa\u00e7a parte desta hist\u00f3ria. <\/span><\/p>\n<p><span style=\"font-size: large;\"><b>Refer\u00eancias Bibliogr\u00e1ficas<\/b><\/span><\/p>\n<p><span style=\"font-size: large;\">Berretta, A. A. &amp; Gon\u00e7alves, D.M. \u201cPoliniza\u00e7\u00e3o como estrat\u00e9gia de sustentabilidade ambiental, social e econ\u00f4mica. Revista Apacame, n\u00ba.160, mar\u00e7o de 2021.<\/span><\/p>\n<p><span style=\"font-size: large;\">Food and Agriculture Organization (FAO). 2010. \u2018Climate- smart\u2019 agriculture, policies, practices and finances for food security, adaptation and mitigation. FAO, Rome.<\/span><\/p>\n<p><span style=\"font-size: large;\">Zaparoli, D. Agricultura 4.0. Revista Pesquisa FAPESP v. 287, 2020, p. 13-20.<\/span><\/p>\n<p><a href=\"https:\/\/apacame.org.br\/site\/wp-content\/uploads\/2021\/06\/Quadro_Tecnologia.jpg\"><img fetchpriority=\"high\" decoding=\"async\" class=\"aligncenter size-large wp-image-4144\" src=\"https:\/\/apacame.org.br\/site\/wp-content\/uploads\/2021\/06\/Quadro_Tecnologia-1024x614.jpg\" alt=\"Quadro_Tecnologia\" width=\"1024\" height=\"614\" srcset=\"https:\/\/apacame.org.br\/site\/wp-content\/uploads\/2021\/06\/Quadro_Tecnologia-1024x614.jpg 1024w, https:\/\/apacame.org.br\/site\/wp-content\/uploads\/2021\/06\/Quadro_Tecnologia-300x180.jpg 300w, https:\/\/apacame.org.br\/site\/wp-content\/uploads\/2021\/06\/Quadro_Tecnologia-150x90.jpg 150w, https:\/\/apacame.org.br\/site\/wp-content\/uploads\/2021\/06\/Quadro_Tecnologia-500x300.jpg 500w\" sizes=\"(max-width: 1024px) 100vw, 1024px\" \/><\/a><\/p>\n","protected":false},"excerpt":{"rendered":"<p>\u201cTecnologia 4.0 para promo\u00e7\u00e3o da Poliniza\u00e7\u00e3o Assistida e Inteligente\u201d Jorge Kavicki1, Guilherme Jorge Gomes de Sousa2, Andresa Aparecida Berretta3 1Time de Tecnologia da Informa\u00e7\u00e3o da Startup AgroBee 2CEO AgroBee. 3Co-fundadora [&hellip;]<\/p>\n","protected":false},"author":20,"featured_media":0,"parent":4068,"menu_order":0,"comment_status":"open","ping_status":"open","template":"","meta":{"pmpro_default_level":"","_price":"","_stock":"","_tribe_ticket_header":"","_tribe_default_ticket_provider":"","_tribe_ticket_capacity":"0","_ticket_start_date":"","_ticket_end_date":"","_tribe_ticket_show_description":"","_tribe_ticket_show_not_going":false,"_tribe_ticket_use_global_stock":"","_tribe_ticket_global_stock_level":"","_global_stock_mode":"","_global_stock_cap":"","_tribe_rsvp_for_event":"","_tribe_ticket_going_count":"","_tribe_ticket_not_going_count":"","_tribe_tickets_list":"[]","_tribe_ticket_has_attendee_info_fields":false,"cybocfi_hide_featured_image":"","footnotes":""},"class_list":["post-4143","page","type-page","status-publish","hentry","pmpro-has-access"],"_links":{"self":[{"href":"https:\/\/apacame.org.br\/site\/wp-json\/wp\/v2\/pages\/4143"}],"collection":[{"href":"https:\/\/apacame.org.br\/site\/wp-json\/wp\/v2\/pages"}],"about":[{"href":"https:\/\/apacame.org.br\/site\/wp-json\/wp\/v2\/types\/page"}],"author":[{"embeddable":true,"href":"https:\/\/apacame.org.br\/site\/wp-json\/wp\/v2\/users\/20"}],"replies":[{"embeddable":true,"href":"https:\/\/apacame.org.br\/site\/wp-json\/wp\/v2\/comments?post=4143"}],"version-history":[{"count":2,"href":"https:\/\/apacame.org.br\/site\/wp-json\/wp\/v2\/pages\/4143\/revisions"}],"predecessor-version":[{"id":4146,"href":"https:\/\/apacame.org.br\/site\/wp-json\/wp\/v2\/pages\/4143\/revisions\/4146"}],"up":[{"embeddable":true,"href":"https:\/\/apacame.org.br\/site\/wp-json\/wp\/v2\/pages\/4068"}],"wp:attachment":[{"href":"https:\/\/apacame.org.br\/site\/wp-json\/wp\/v2\/media?parent=4143"}],"curies":[{"name":"wp","href":"https:\/\/api.w.org\/{rel}","templated":true}]}}