{"id":4126,"date":"2021-06-09T21:17:33","date_gmt":"2021-06-09T21:17:33","guid":{"rendered":"http:\/\/apacame.org.br\/site\/?page_id=4126"},"modified":"2021-06-09T21:17:33","modified_gmt":"2021-06-09T21:17:33","slug":"homenagem","status":"publish","type":"page","link":"https:\/\/apacame.org.br\/site\/revista\/mensagem-doce-n-161-maio-de-2021\/homenagem\/","title":{"rendered":"Homenagem"},"content":{"rendered":"<h1 style=\"text-align: center;\">A perda de mais um grande apicultor.<\/h1>\n<blockquote><p>Radam\u00e9s Zovaro \u2013 Empres\u00e1rio e Vice-presidente da APACAME.<\/p><\/blockquote>\n<p><span style=\"font-size: large;\">Lamentavelmente a Apicultura Brasileira, perdeu no m\u00eas de mar\u00e7o passado um dos grandes apicultores, Jos\u00e9 Gomercindo Correa da Cunha, mais conhecido como Cunha, natural do Rio Grande do Sul, onde foi durante os anos de 2006 a 2014, Presidente da Confedera\u00e7\u00e3o Brasileira de Apicultura, nessa condi\u00e7\u00e3o e per\u00edodo visitou todos os estados da federa\u00e7\u00e3o. Na APACAME esteve muitas vezes onde deu v\u00e1rias palestras e ainda, representou bem o Brasil nos Congressos internacionais que participou. <\/span><\/p>\n<p><span style=\"font-size: large;\">Solicitamos ao nosso amigo Prof. Aroni Sattler, Engenheiro Agr\u00f4nomo e professor da Faculdade de Agronomia da UFRGS, a comentar um pouco sobre a vida de nosso falecido amigo:<\/span><\/p>\n<p><span style=\"font-size: large;\"><b>JOS\u00c9 GOMERCINDO CORREA DA CUNHA.<\/b><\/span><\/p>\n<p><span style=\"font-size: large;\">Falecimento em 21\/03\/2021 aos 69 anos de idade, aposentado como capit\u00e3o na carreira militar. Nascido em Santiago\/RS, neto de apicultor, paralelamente sempre desempenhou atividades ap\u00edcolas com dedica\u00e7\u00e3o principal \u00e0 cria\u00e7\u00e3o de rainhas. Deixa a esposa S\u00edlvia Cestari e os filhos Carlos Artur (carreira militar) e Sabrina (arquiteta). <\/span><\/p>\n<p><span style=\"font-size: large;\">&#8211; Presidente da Federa\u00e7\u00e3o Ap\u00edcola do Rio Grande do Sul (FARGS) nas gest\u00f5es de 2003 a 2007. <\/span><\/p>\n<p><span style=\"font-size: large;\">&#8211; Presidente da Confedera\u00e7\u00e3o Brasileira de Apicultura (CBA) nas gest\u00f5es de 2006 a 2014. <\/span><\/p>\n<p><span style=\"font-size: large;\">&#8211; Presidente da Comiss\u00e3o das Am\u00e9ricas junto a Federa\u00e7\u00e3o Internacional de Associa\u00e7\u00f5es de Apicultura (APIMONDIA) nas gest\u00f5es de 2011 a 2015. <\/span><\/p>\n<p><span style=\"font-size: large;\">&#8211; 2007 &#8211; Protocolo de Inten\u00e7\u00f5es entre a Universidade Federal do Rio Grande do Sul (UFRGS) e a Confedera\u00e7\u00e3o Brasileira de Apicultura (CBA) com o objetivo de a\u00e7\u00e3o integrada em prol do desenvolvimento da apicultura nacional e com o apoio e investimento da Funda\u00e7\u00e3o Banco do Brasil e parceiros institucionais, no \u00e2mbito do programa Trabalho e Renda. A partir dos aportes financeiros disponibilizados foi poss\u00edvel a execu\u00e7\u00e3o de reformas e adapta\u00e7\u00f5es de espa\u00e7os f\u00edsicos da UFRGS (Pr\u00e9dio n\u00b041111). <\/span><\/p>\n<p><span style=\"font-size: large;\">&#8211; Inaugura\u00e7\u00e3o da Sala de Apicultura em 2007 com um Laborat\u00f3rio de Apicultura e uma sala Sede Administrativa da CBA. A partir deste momento a CBA passou a contar com um espa\u00e7o f\u00edsico para gerenciar a apicultura nacional com a infraestrutura de telefonia internacional, internet com fibra \u00f3tica, luz e \u00e1gua, tudo custeado pela UFRGS. <\/span><\/p>\n<p><span style=\"font-size: large;\">&#8211; 2010 &#8211; Inaugura\u00e7\u00e3o do audit\u00f3rio Professor Em\u00edlio Schenk em 2010 com capacidade para 40 lugares e dotado de sistema informatizado para apresenta\u00e7\u00f5es em formato digital e por teleconfer\u00eancia, com prioridade para eventos ap\u00edcolas e utiliza\u00e7\u00e3o no ensino de gradua\u00e7\u00e3o e p\u00f3s-gradua\u00e7\u00e3o da UFRGS. O audit\u00f3rio tornou-se refer\u00eancia pois ali acontecem as reuni\u00f5es mensais da Associa\u00e7\u00e3o Ga\u00facha de Apicultores (AGA) e as aulas de gradua\u00e7\u00e3o dos cursos de Agronomia, Zootecnia e Veterin\u00e1ria da UFRGS. <\/span><\/p>\n<p><span style=\"font-size: large;\">Entre as principais realiza\u00e7\u00f5es como presidente da CBA, devemos destacar a campanha nacional \u201cMEU DIA PEDE MEL\u201d, que tinha por objetivo aumentar o consumo de mel e ser capaz de absorver a produ\u00e7\u00e3o, gerando neg\u00f3cios e desenvolvimento para toda cadeia produtiva.<\/span><\/p>\n<p><span style=\"font-size: large;\">Este foi o relato do nosso ilustre Professor Aroni, mas falar sobre o meu amigo Cunha, o grande Presidente da CBA e os tantos feitos por ele, s\u00f3 tenho a agradecer ter participado, ouvido, partilhado e o acompanhado em algumas de suas palestras e viagens pelo mundo e ainda, t\u00ea-lo recebido em minha empresa para uma r\u00e1pida visita, tal era seu interesse por tudo que se relacionava com a Apicultura. <\/span><\/p>\n<p><span style=\"font-size: large;\">Que n\u00e3o se perca no tempo tanto ensinamento e aprendizado para essas novas gera\u00e7\u00f5es as li\u00e7\u00f5es de grandes homens na Apicultura como foi Jos\u00e9 Gomercindo Correia da Cunha.<\/span><\/p>\n<div id='gallery-1' class='gallery galleryid-4126 gallery-columns-1 gallery-size-large'><figure class='gallery-item'>\n\t\t\t<div class='gallery-icon landscape'>\n\t\t\t\t<a href='https:\/\/apacame.org.br\/site\/wp-content\/uploads\/2021\/06\/Quadro_1_Homenagem.jpg'><img fetchpriority=\"high\" decoding=\"async\" width=\"1024\" height=\"769\" src=\"https:\/\/apacame.org.br\/site\/wp-content\/uploads\/2021\/06\/Quadro_1_Homenagem-1024x769.jpg\" class=\"attachment-large size-large\" alt=\"\" srcset=\"https:\/\/apacame.org.br\/site\/wp-content\/uploads\/2021\/06\/Quadro_1_Homenagem-1024x769.jpg 1024w, https:\/\/apacame.org.br\/site\/wp-content\/uploads\/2021\/06\/Quadro_1_Homenagem-300x225.jpg 300w, https:\/\/apacame.org.br\/site\/wp-content\/uploads\/2021\/06\/Quadro_1_Homenagem-150x113.jpg 150w, https:\/\/apacame.org.br\/site\/wp-content\/uploads\/2021\/06\/Quadro_1_Homenagem-500x376.jpg 500w, https:\/\/apacame.org.br\/site\/wp-content\/uploads\/2021\/06\/Quadro_1_Homenagem.jpg 1125w\" sizes=\"(max-width: 1024px) 100vw, 1024px\" \/><\/a>\n\t\t\t<\/div><\/figure><figure class='gallery-item'>\n\t\t\t<div class='gallery-icon landscape'>\n\t\t\t\t<a href='https:\/\/apacame.org.br\/site\/wp-content\/uploads\/2021\/06\/Quadro_2_Homenagem.jpg'><img decoding=\"async\" width=\"1024\" height=\"902\" src=\"https:\/\/apacame.org.br\/site\/wp-content\/uploads\/2021\/06\/Quadro_2_Homenagem-1024x902.jpg\" class=\"attachment-large size-large\" alt=\"\" srcset=\"https:\/\/apacame.org.br\/site\/wp-content\/uploads\/2021\/06\/Quadro_2_Homenagem-1024x902.jpg 1024w, https:\/\/apacame.org.br\/site\/wp-content\/uploads\/2021\/06\/Quadro_2_Homenagem-300x264.jpg 300w, https:\/\/apacame.org.br\/site\/wp-content\/uploads\/2021\/06\/Quadro_2_Homenagem-150x132.jpg 150w, https:\/\/apacame.org.br\/site\/wp-content\/uploads\/2021\/06\/Quadro_2_Homenagem-500x441.jpg 500w, https:\/\/apacame.org.br\/site\/wp-content\/uploads\/2021\/06\/Quadro_2_Homenagem.jpg 1169w\" sizes=\"(max-width: 1024px) 100vw, 1024px\" \/><\/a>\n\t\t\t<\/div><\/figure>\n\t\t<\/div>\n\n","protected":false},"excerpt":{"rendered":"<p>A perda de mais um grande apicultor. Radam\u00e9s Zovaro \u2013 Empres\u00e1rio e Vice-presidente da APACAME. Lamentavelmente a Apicultura Brasileira, perdeu no m\u00eas de mar\u00e7o passado um dos grandes apicultores, Jos\u00e9 [&hellip;]<\/p>\n","protected":false},"author":20,"featured_media":0,"parent":4068,"menu_order":0,"comment_status":"open","ping_status":"open","template":"","meta":{"pmpro_default_level":"","_price":"","_stock":"","_tribe_ticket_header":"","_tribe_default_ticket_provider":"","_tribe_ticket_capacity":"0","_ticket_start_date":"","_ticket_end_date":"","_tribe_ticket_show_description":"","_tribe_ticket_show_not_going":false,"_tribe_ticket_use_global_stock":"","_tribe_ticket_global_stock_level":"","_global_stock_mode":"","_global_stock_cap":"","_tribe_rsvp_for_event":"","_tribe_ticket_going_count":"","_tribe_ticket_not_going_count":"","_tribe_tickets_list":"[]","_tribe_ticket_has_attendee_info_fields":false,"cybocfi_hide_featured_image":"","footnotes":""},"class_list":["post-4126","page","type-page","status-publish","hentry","pmpro-has-access"],"_links":{"self":[{"href":"https:\/\/apacame.org.br\/site\/wp-json\/wp\/v2\/pages\/4126"}],"collection":[{"href":"https:\/\/apacame.org.br\/site\/wp-json\/wp\/v2\/pages"}],"about":[{"href":"https:\/\/apacame.org.br\/site\/wp-json\/wp\/v2\/types\/page"}],"author":[{"embeddable":true,"href":"https:\/\/apacame.org.br\/site\/wp-json\/wp\/v2\/users\/20"}],"replies":[{"embeddable":true,"href":"https:\/\/apacame.org.br\/site\/wp-json\/wp\/v2\/comments?post=4126"}],"version-history":[{"count":1,"href":"https:\/\/apacame.org.br\/site\/wp-json\/wp\/v2\/pages\/4126\/revisions"}],"predecessor-version":[{"id":4129,"href":"https:\/\/apacame.org.br\/site\/wp-json\/wp\/v2\/pages\/4126\/revisions\/4129"}],"up":[{"embeddable":true,"href":"https:\/\/apacame.org.br\/site\/wp-json\/wp\/v2\/pages\/4068"}],"wp:attachment":[{"href":"https:\/\/apacame.org.br\/site\/wp-json\/wp\/v2\/media?parent=4126"}],"curies":[{"name":"wp","href":"https:\/\/api.w.org\/{rel}","templated":true}]}}