{"id":4110,"date":"2021-06-09T20:39:11","date_gmt":"2021-06-09T20:39:11","guid":{"rendered":"http:\/\/apacame.org.br\/site\/?page_id=4110"},"modified":"2021-06-09T20:39:11","modified_gmt":"2021-06-09T20:39:11","slug":"artigo-3","status":"publish","type":"page","link":"https:\/\/apacame.org.br\/site\/revista\/mensagem-doce-n-161-maio-de-2021\/artigo-3\/","title":{"rendered":"Artigo"},"content":{"rendered":"<h1 style=\"text-align: center;\">Todas as abelhas produzem mel?<\/h1>\n<blockquote><p>Fonte: <a href=\"https:\/\/academicamente.wordpress.com\/todas-as-abelhas-produzem-mel\/\" target=\"_blank\" rel=\"noopener\">https:\/\/academicamente.wordpress.com\/todas-as-abelhas-produzem-mel\/<\/a><br \/>\nFelipe Walter.<\/p><\/blockquote>\n<figure id=\"attachment_4111\" aria-describedby=\"caption-attachment-4111\" style=\"width: 1024px\" class=\"wp-caption aligncenter\"><a href=\"https:\/\/apacame.org.br\/site\/wp-content\/uploads\/2021\/06\/abertura_Todas-abelhas.jpg\"><img fetchpriority=\"high\" decoding=\"async\" class=\"size-large wp-image-4111\" src=\"https:\/\/apacame.org.br\/site\/wp-content\/uploads\/2021\/06\/abertura_Todas-abelhas-1024x414.jpg\" alt=\"Colmeia de abelhas mel\u00edferas da esp\u00e9cie Apis mellifera\" width=\"1024\" height=\"414\" srcset=\"https:\/\/apacame.org.br\/site\/wp-content\/uploads\/2021\/06\/abertura_Todas-abelhas-1024x414.jpg 1024w, https:\/\/apacame.org.br\/site\/wp-content\/uploads\/2021\/06\/abertura_Todas-abelhas-300x121.jpg 300w, https:\/\/apacame.org.br\/site\/wp-content\/uploads\/2021\/06\/abertura_Todas-abelhas-150x61.jpg 150w, https:\/\/apacame.org.br\/site\/wp-content\/uploads\/2021\/06\/abertura_Todas-abelhas-500x202.jpg 500w\" sizes=\"(max-width: 1024px) 100vw, 1024px\" \/><\/a><figcaption id=\"caption-attachment-4111\" class=\"wp-caption-text\">Colmeia de abelhas mel\u00edferas da esp\u00e9cie Apis mellifera<\/figcaption><\/figure>\n<p><span style=\"font-size: large;\">Leio o t\u00edtulo desse texto, noto a palavra \u201cabelhas\u201d e logo fa\u00e7o algumas associa\u00e7\u00f5es: pequenos insetos listrados de amarelo e preto que s\u00e3o frequentemente vistos no cotidiano voando de flor em flor ou em volta de barraquinhas de caldo de cana. Amea\u00e7a aos al\u00e9rgicos, representam certo perigo devido ao seu ferr\u00e3o afiado \u2013 que vez ou outra causam algum dano. Mas apesar do ferr\u00e3o, s\u00e3o vistas como muito importantes para a humanidade e s\u00e3o representadas como nossas amigas at\u00e9 mesmo em filmes de anima\u00e7\u00e3o (Bee Movie\u00a0\u2013 A Hist\u00f3ria de uma Abelha). N\u00e3o raramente estampam manchetes de jornais, que alertam: se esses organismos desaparecerem a vida humana no planeta corre perigo, pois dependemos delas para termos boa parte da variedade de alimentos nas g\u00f4ndolas dos mercados e, consequentemente, em nossas mesas. Dentro dessa variedade est\u00e1 o mel, produto de sabor adocicado, com propriedades muitas vezes consideradas medicinais e que \u00e9 uma das primeiras coisas que nos remete ao pensar em abelhas, as quais o produzem.<\/span><\/p>\n<p><span style=\"font-size: large;\">Muito embora a generaliza\u00e7\u00e3o acima descreva de fato uma abelha, ela cabe a apenas uma \u00fanica esp\u00e9cie \u2013 a mais famosa. A \u201cabelha modelo\u201d citada no primeiro par\u00e1grafo \u2013 e que provavelmente voc\u00ea pensou ao ler a palavra \u201cabelhas\u201d no t\u00edtulo desse texto \u2013 \u00e9 pertencente \u00e0 esp\u00e9cie\u00a0Apis mellifera,\u00a0a qual \u00e9 de grande interesse econ\u00f4mico e que estamos muito familiarizados devido \u00e0 domestica\u00e7\u00e3o dessa para a produ\u00e7\u00e3o de mel.<\/span><\/p>\n<p><span style=\"font-size: large;\">Mas, afinal, ser\u00e1 que todas as abelhas s\u00e3o parecidas e produzem mel?<b><\/b><\/span><\/p>\n<p><span style=\"font-size: large;\">Apesar da r\u00e1pida associa\u00e7\u00e3o entre abelhas e mel, nem todas o produzem. Quer dizer, dentro da variedade e diversidade do grupo das abelhas, pouqu\u00edssimas o fazem. As esp\u00e9cies que fazem mel representam apenas uma pequena fra\u00e7\u00e3o das, aproximadamente, 20 mil esp\u00e9cies descritas de abelhas. Apenas as do g\u00eanero\u00a0Apis,\u00a0com 11 esp\u00e9cies descritas\u00a0(uma delas a\u00a0A. mellifera), e as do grupo das abelhas sem ferr\u00e3o, com cerca de 500 esp\u00e9cies conhecidas, s\u00e3o produtoras de mel; e ainda, boa parte dessas n\u00e3o produz mel palat\u00e1vel ao ser humano ou o produz em pouqu\u00edssimas quantidades (1). Outras abelhas fazem um composto semelhante a um \u201cmel\u201d, como as mamangavas do g\u00eanero\u00a0Bombus,\u00a0entretanto pouco se sabe sobre as qualidades desse mel e se sua produ\u00e7\u00e3o para consumo humano \u00e9 vi\u00e1vel.<\/span><\/p>\n<figure id=\"attachment_4112\" aria-describedby=\"caption-attachment-4112\" style=\"width: 300px\" class=\"wp-caption alignright\"><a href=\"https:\/\/apacame.org.br\/site\/wp-content\/uploads\/2021\/06\/Figura_1_Todas-abelhas.jpg\"><img decoding=\"async\" class=\"size-medium wp-image-4112\" src=\"https:\/\/apacame.org.br\/site\/wp-content\/uploads\/2021\/06\/Figura_1_Todas-abelhas-300x195.jpg\" alt=\"Abelha da esp\u00e9cie Thyreus nitidulus. Foto: Michael Doe (https:\/\/www.flickr.com\/ photos\/mickdoe\/40016641441\/)\" width=\"300\" height=\"195\" srcset=\"https:\/\/apacame.org.br\/site\/wp-content\/uploads\/2021\/06\/Figura_1_Todas-abelhas-300x195.jpg 300w, https:\/\/apacame.org.br\/site\/wp-content\/uploads\/2021\/06\/Figura_1_Todas-abelhas-1024x664.jpg 1024w, https:\/\/apacame.org.br\/site\/wp-content\/uploads\/2021\/06\/Figura_1_Todas-abelhas-150x97.jpg 150w, https:\/\/apacame.org.br\/site\/wp-content\/uploads\/2021\/06\/Figura_1_Todas-abelhas-500x324.jpg 500w, https:\/\/apacame.org.br\/site\/wp-content\/uploads\/2021\/06\/Figura_1_Todas-abelhas.jpg 1122w\" sizes=\"(max-width: 300px) 100vw, 300px\" \/><\/a><figcaption id=\"caption-attachment-4112\" class=\"wp-caption-text\">Abelha da esp\u00e9cie Thyreus nitidulus. Foto: Michael Doe (https:\/\/www.flickr.com\/<br \/>photos\/mickdoe\/40016641441\/)<\/figcaption><\/figure>\n<p><span style=\"font-size: large;\"><b>Ent\u00e3o, se todas as outras abelhas n\u00e3o fazem mel, o que elas fazem? Para que servem?<\/b><\/span><\/p>\n<p><span style=\"font-size: large;\">As abelhas, em geral, s\u00e3o animais que compartilham um h\u00e1bito em comum: se alimentam de \u2013 e alimentam suas crias com \u2013 p\u00f3len (2), n\u00e9ctar (3)\u00a0ou algum outro produto floral (ex. \u00f3leos florais). A fim de prover o ninho, precisam carregar o m\u00e1ximo de alimento poss\u00edvel em uma \u00fanica viagem. Para otimizar esse processo, evolutivamente as abelhas desenvolveram pelos ramificados \u2013 onde o p\u00f3len \u00e9 comumente carregado \u2013 em diferentes regi\u00f5es do corpo. Durante o processo de coleta do p\u00f3len, para conseguir mais alimento, uma mesma abelha visita v\u00e1rias flores de plantas diferentes e preferencialmente da mesma esp\u00e9cie. De uma flor a outra, acidentalmente, alguns gr\u00e3os de p\u00f3len presos ao corpo da abelha acabam por cair em outras flores, muitas das vezes nas estruturas reprodutivas femininas dessas, fazendo com que ocorra fertiliza\u00e7\u00e3o cruzada. Esse processo \u00e9 muito famoso, chama-se poliniza\u00e7\u00e3o e \u00e9 de extrema import\u00e2ncia na reprodu\u00e7\u00e3o de angiospermas (plantas que possuem flores e frutos). A poliniza\u00e7\u00e3o, embora possa tamb\u00e9m ocorrer por a\u00e7\u00e3o do vento e por p\u00e1ssaros, ocorre predominantemente pela a\u00e7\u00e3o de insetos, e a maior parte dos insetos que realizam poliniza\u00e7\u00e3o s\u00e3o abelhas.<\/span><\/p>\n<p><span style=\"font-size: large;\">Dentro das plantas que s\u00e3o polinizadas por abelhas, h\u00e1 numerosos exemplos de plantas de import\u00e2ncia econ\u00f4mica. Estima-se que\u00a0quase 90% das esp\u00e9cies de plantas com flores dependem em algum momento de polinizadores\u00a0e que\u00a0cerca de 75% da alimenta\u00e7\u00e3o humana depende, direta ou indiretamente, de plantas que s\u00e3o polinizadas. Embora algumas plantas possam fazer autofecunda\u00e7\u00e3o na aus\u00eancia de polinizadores, esse processo resulta em problemas gen\u00e9ticos e perdas econ\u00f4micas. Planta\u00e7\u00f5es com polinizadores produzem mais sementes e frutos maiores do que planta\u00e7\u00f5es sem esses organismos. Um exemplo \u00e9 o maracuj\u00e1 comercial, que \u00e9 polinizado de forma mais eficiente por abelhas carpinteiras (ou mamangavas) do g\u00eanero\u00a0Xylocopa.\u00a0Abelhas da esp\u00e9cie\u00a0Megachile rotundata\u00a0s\u00e3o polinizadoras em muitas planta\u00e7\u00f5es de alfafa. Planta\u00e7\u00f5es de tomate dependem de esp\u00e9cies de Bombus. Avalia-se que, mundialmente, o valor dos servi\u00e7os ecossist\u00eamicos da poliniza\u00e7\u00e3o \u00e9 de cerca de 153 milh\u00f5es de euros ao ano (o que equivale a mais de 692 bilh\u00f5es de reais).<\/span><\/p>\n<figure id=\"attachment_4113\" aria-describedby=\"caption-attachment-4113\" style=\"width: 300px\" class=\"wp-caption alignleft\"><a href=\"https:\/\/apacame.org.br\/site\/wp-content\/uploads\/2021\/06\/Figura_2_Todas-abelhas.jpg\"><img decoding=\"async\" class=\"size-medium wp-image-4113\" src=\"https:\/\/apacame.org.br\/site\/wp-content\/uploads\/2021\/06\/Figura_2_Todas-abelhas-300x204.jpg\" alt=\"Abelha da esp\u00e9cie Agapostemon melliventris. Foto: Ron Hemberger\" width=\"300\" height=\"204\" srcset=\"https:\/\/apacame.org.br\/site\/wp-content\/uploads\/2021\/06\/Figura_2_Todas-abelhas-300x204.jpg 300w, https:\/\/apacame.org.br\/site\/wp-content\/uploads\/2021\/06\/Figura_2_Todas-abelhas-1024x697.jpg 1024w, https:\/\/apacame.org.br\/site\/wp-content\/uploads\/2021\/06\/Figura_2_Todas-abelhas-150x102.jpg 150w, https:\/\/apacame.org.br\/site\/wp-content\/uploads\/2021\/06\/Figura_2_Todas-abelhas-500x340.jpg 500w, https:\/\/apacame.org.br\/site\/wp-content\/uploads\/2021\/06\/Figura_2_Todas-abelhas.jpg 1122w\" sizes=\"(max-width: 300px) 100vw, 300px\" \/><\/a><figcaption id=\"caption-attachment-4113\" class=\"wp-caption-text\">Abelha da esp\u00e9cie Agapostemon melliventris. Foto: Ron Hemberger<\/figcaption><\/figure>\n<p><span style=\"font-size: large;\"><b>E as esp\u00e9cies que n\u00e3o polinizam plantas de interesse econ\u00f4mico? Por que devemos nos preocupar em preserv\u00e1-las?<\/b><\/span><\/p>\n<p><span style=\"font-size: large;\">Muito mais do que o valor econ\u00f4mico desses organismos, as fun\u00e7\u00f5es ecossist\u00eamicas das abelhas s\u00e3o imprescind\u00edveis para a manuten\u00e7\u00e3o de \u00e1reas naturais.\u00a0 A maioria das \u00e1rvores de florestas tropicais \u00e9 polinizada por insetos, predominantemente abelhas. Em climas temperados, pequenas \u00e1rvores e plantas herb\u00e1ceas (4)\u00a0s\u00e3o tamb\u00e9m polinizadas por abelhas. Ecossistemas x\u00e9ricos, ou semides\u00e9rticos, (ambientes naturais muito secos e quentes, como o Cerrado e a Caatinga) s\u00e3o riqu\u00edssimos em plantas polinizadas por abelhas. Plantas essas que a preserva\u00e7\u00e3o e reprodu\u00e7\u00e3o s\u00e3o essenciais para evitar a eros\u00e3o do solo e prover alimento e ref\u00fagio para outros organismos silvestres.<\/span><\/p>\n<p><span style=\"font-size: large;\">Embora existam esp\u00e9cies de abelhas generalistas, isto \u00e9, que visitam um grande n\u00famero de esp\u00e9cies diferentes de plantas, a maioria das rela\u00e7\u00f5es inseto-planta \u00e9 extremamente espec\u00edfica, em outras palavras, uma esp\u00e9cie de abelha visita apenas algumas esp\u00e9cies semelhantes de plantas; ou ent\u00e3o, uma esp\u00e9cie de planta s\u00f3 \u00e9 polinizada por uma ou algumas esp\u00e9cies de abelhas semelhantes. Portanto, a conserva\u00e7\u00e3o desses ecossistemas depende da preserva\u00e7\u00e3o das popula\u00e7\u00f5es de abelhas de todas as esp\u00e9cies nativas, independentemente se s\u00e3o esp\u00e9cies de valor econ\u00f4mico ou n\u00e3o.<\/span><\/p>\n<p><span style=\"font-size: large;\">Outro fator a ser levado em conta \u00e9 o conhecimento cient\u00edfico que depende de \u00e1reas preservadas para o seu desenvolvimento. Al\u00e9m do mais, os insetos formam o grupo de animais com maior diversidade biol\u00f3gica, isto \u00e9, maior n\u00famero de esp\u00e9cies diferentes. Entretanto, estima-se que apenas cerca de 10% de todas as esp\u00e9cies de insetos foram descritas. Das esp\u00e9cies descritas, pouqu\u00edssimas foram estudadas a fundo. Ou seja, conhecemos muito pouco sobre a nossa diversidade de insetos. Esses bichinhos desconhecidos habitam ambientes naturais preservados. Conforme a esp\u00e9cie humana for destruindo esses ambientes \u2013 o que j\u00e1 vem fazendo h\u00e1 bastante tempo \u2013 esp\u00e9cies v\u00e3o sendo extintas sem ao menos serem conhecidas. Inclusive esp\u00e9cies que poderiam ter alguma import\u00e2ncia econ\u00f4mica. Muito al\u00e9m de destruirmos ambientes \u00fanicos, como o Cerrado e a Mata Atl\u00e2ntica, perdemos tamb\u00e9m a chance de descobrir muitas coisas vantajosas para a humanidade.<\/span><\/p>\n<p><span style=\"font-size: large;\">Outro argumento \u00e9 que gostamos da diversidade biol\u00f3gica, gostamos de ver animais e plantas diferentes e\u00a0isso faz muito bem para a sa\u00fade mental humana. Mesmo que voc\u00ea n\u00e3o ache as abelhas os seres vivos mais bonitos j\u00e1 conhecidos, muito provavelmente deve gostar de algum mam\u00edfero fofinho, certo? Ent\u00e3o imagine uma situa\u00e7\u00e3o hipot\u00e9tica: existe uma esp\u00e9cie de macaco que ocorre naturalmente na Mata Atl\u00e2ntica e se alimenta de frutos nativos desse bioma. Lembra-se que para a exist\u00eancia de frutos \u00e9 imprescind\u00edvel a poliniza\u00e7\u00e3o? E que a poliniza\u00e7\u00e3o ocorre majoritariamente por abelhas? Ent\u00e3o, dessa forma, o nosso macaquinho hipot\u00e9tico depende de abelhas para que tenha seu alimento favorito dispon\u00edvel. Pode pensar em outro animal, seja ele outro mam\u00edfero ou ave, que se alimente de frutos ou de alguma outra parte de uma planta que dependa de poliniza\u00e7\u00e3o, muitas vezes feita apenas por uma ou algumas poucas esp\u00e9cies de abelhas.\u00a0 Pensou em um carn\u00edvoro? Muito provavelmente esse carn\u00edvoro que voc\u00ea gosta, e que \u00e9 importante para o ecossistema, se alimenta de um animal que come frutos ou alguma outra parte de uma planta que depende de poliniza\u00e7\u00e3o. Embora seja apenas um exemplo did\u00e1tico, podemos entender o quanto um ser vivo depende de outro e o quanto n\u00f3s, assim como ecossistemas como um todo, dependemos das abelhas.<\/span><\/p>\n<p><span style=\"font-size: large;\"><b>E como fazemos para preservar as abelhas?<\/b><\/span><\/p>\n<p><span style=\"font-size: large;\">Para a preserva\u00e7\u00e3o, n\u00e3o s\u00f3 das abelhas, s\u00e3o necess\u00e1rias grandes \u00e1reas de preserva\u00e7\u00e3o natural. Parques urbanos tamb\u00e9m podem ajudar, al\u00e9m de serem\u00a0extremamente ben\u00e9ficos para a qualidade de vida e sa\u00fade humana, que vem sofrendo muito em centros urbanos e grandes cidades. Embora ao primeiro olhar a preserva\u00e7\u00e3o da natureza pare\u00e7a ser um atraso na economia, essas \u00e1reas de preserva\u00e7\u00e3o podem ainda trazer retornos econ\u00f4micos diretos (5). Ou seja, mais do que necess\u00e1ria para a vida no planeta como um todo, preservar ambientes naturais \u00e9 preservar a n\u00f3s mesmos.<\/span><\/p>\n<p><span style=\"font-size: large;\"><b>Refer\u00eancias:<\/b><\/span><\/p>\n<p><span style=\"font-size: large;\">Para o texto como um todo foram utilizados os livros \u201cThe Bees of the World\u201d do Charles D. Michener e o \u201cAbelhas Brasileiras: sistem\u00e1tica e identifica\u00e7\u00e3o\u201d como refer\u00eancias.<\/span><\/p>\n<p><span style=\"font-size: large;\"><a href=\"https:\/\/apacame.org.br\/site\/wp-content\/uploads\/2021\/06\/Quadro_todas-abelhas.jpg\"><img loading=\"lazy\" decoding=\"async\" class=\"aligncenter size-large wp-image-4114\" src=\"https:\/\/apacame.org.br\/site\/wp-content\/uploads\/2021\/06\/Quadro_todas-abelhas-1024x1004.jpg\" alt=\"Quadro_todas-abelhas\" width=\"1024\" height=\"1004\" srcset=\"https:\/\/apacame.org.br\/site\/wp-content\/uploads\/2021\/06\/Quadro_todas-abelhas-1024x1004.jpg 1024w, https:\/\/apacame.org.br\/site\/wp-content\/uploads\/2021\/06\/Quadro_todas-abelhas-300x294.jpg 300w, https:\/\/apacame.org.br\/site\/wp-content\/uploads\/2021\/06\/Quadro_todas-abelhas-150x147.jpg 150w, https:\/\/apacame.org.br\/site\/wp-content\/uploads\/2021\/06\/Quadro_todas-abelhas-500x490.jpg 500w, https:\/\/apacame.org.br\/site\/wp-content\/uploads\/2021\/06\/Quadro_todas-abelhas.jpg 1170w\" sizes=\"(max-width: 1024px) 100vw, 1024px\" \/><\/a> <\/span><\/p>\n","protected":false},"excerpt":{"rendered":"<p>Todas as abelhas produzem mel? Fonte: https:\/\/academicamente.wordpress.com\/todas-as-abelhas-produzem-mel\/ Felipe Walter. Leio o t\u00edtulo desse texto, noto a palavra \u201cabelhas\u201d e logo fa\u00e7o algumas associa\u00e7\u00f5es: pequenos insetos listrados de amarelo e preto [&hellip;]<\/p>\n","protected":false},"author":20,"featured_media":0,"parent":4068,"menu_order":0,"comment_status":"open","ping_status":"open","template":"","meta":{"pmpro_default_level":"","_price":"","_stock":"","_tribe_ticket_header":"","_tribe_default_ticket_provider":"","_tribe_ticket_capacity":"0","_ticket_start_date":"","_ticket_end_date":"","_tribe_ticket_show_description":"","_tribe_ticket_show_not_going":false,"_tribe_ticket_use_global_stock":"","_tribe_ticket_global_stock_level":"","_global_stock_mode":"","_global_stock_cap":"","_tribe_rsvp_for_event":"","_tribe_ticket_going_count":"","_tribe_ticket_not_going_count":"","_tribe_tickets_list":"[]","_tribe_ticket_has_attendee_info_fields":false,"cybocfi_hide_featured_image":"","footnotes":""},"class_list":["post-4110","page","type-page","status-publish","hentry","pmpro-has-access"],"_links":{"self":[{"href":"https:\/\/apacame.org.br\/site\/wp-json\/wp\/v2\/pages\/4110"}],"collection":[{"href":"https:\/\/apacame.org.br\/site\/wp-json\/wp\/v2\/pages"}],"about":[{"href":"https:\/\/apacame.org.br\/site\/wp-json\/wp\/v2\/types\/page"}],"author":[{"embeddable":true,"href":"https:\/\/apacame.org.br\/site\/wp-json\/wp\/v2\/users\/20"}],"replies":[{"embeddable":true,"href":"https:\/\/apacame.org.br\/site\/wp-json\/wp\/v2\/comments?post=4110"}],"version-history":[{"count":2,"href":"https:\/\/apacame.org.br\/site\/wp-json\/wp\/v2\/pages\/4110\/revisions"}],"predecessor-version":[{"id":4116,"href":"https:\/\/apacame.org.br\/site\/wp-json\/wp\/v2\/pages\/4110\/revisions\/4116"}],"up":[{"embeddable":true,"href":"https:\/\/apacame.org.br\/site\/wp-json\/wp\/v2\/pages\/4068"}],"wp:attachment":[{"href":"https:\/\/apacame.org.br\/site\/wp-json\/wp\/v2\/media?parent=4110"}],"curies":[{"name":"wp","href":"https:\/\/api.w.org\/{rel}","templated":true}]}}