{"id":4094,"date":"2021-06-09T19:55:46","date_gmt":"2021-06-09T19:55:46","guid":{"rendered":"http:\/\/apacame.org.br\/site\/?page_id=4094"},"modified":"2021-06-09T19:55:46","modified_gmt":"2021-06-09T19:55:46","slug":"pasto-apicola","status":"publish","type":"page","link":"https:\/\/apacame.org.br\/site\/revista\/mensagem-doce-n-161-maio-de-2021\/pasto-apicola\/","title":{"rendered":"Pasto Ap\u00edcola"},"content":{"rendered":"<h1 style=\"text-align: center;\">CIP\u00d3-DE-S\u00c3O-JO\u00c3O<br \/>\nPyrostegia venusta &#8211; Pyrostegia \u00edgnea<\/h1>\n<blockquote><p>Dr. Jo\u00e3o Martins Ferreira \u00e9 Professor Titular da Universidade Paulista UNIP, Pesquisador junto \u00e0 Universidade de S\u00e3o Paulo, Jornalista e Apicultor.<br \/>\nContato: <a href=\"mailto:martins_ferreira@hotmail.com\">martins_ferreira@hotmail.com<\/a><\/p><\/blockquote>\n<figure id=\"attachment_4095\" aria-describedby=\"caption-attachment-4095\" style=\"width: 1024px\" class=\"wp-caption aligncenter\"><a href=\"https:\/\/apacame.org.br\/site\/wp-content\/uploads\/2021\/06\/Figura_1_Pasto.jpg\"><img fetchpriority=\"high\" decoding=\"async\" class=\"size-large wp-image-4095\" src=\"https:\/\/apacame.org.br\/site\/wp-content\/uploads\/2021\/06\/Figura_1_Pasto-1024x284.jpg\" alt=\"Uma Apis Melifera nas flores da planta Cip\u00f3-de-S\u00e3o-Jo\u00e3o \u2013 foto de Jo\u00e3o Martins Ferreira.\" width=\"1024\" height=\"284\" srcset=\"https:\/\/apacame.org.br\/site\/wp-content\/uploads\/2021\/06\/Figura_1_Pasto-1024x284.jpg 1024w, https:\/\/apacame.org.br\/site\/wp-content\/uploads\/2021\/06\/Figura_1_Pasto-300x83.jpg 300w, https:\/\/apacame.org.br\/site\/wp-content\/uploads\/2021\/06\/Figura_1_Pasto-150x42.jpg 150w, https:\/\/apacame.org.br\/site\/wp-content\/uploads\/2021\/06\/Figura_1_Pasto-500x139.jpg 500w\" sizes=\"(max-width: 1024px) 100vw, 1024px\" \/><\/a><figcaption id=\"caption-attachment-4095\" class=\"wp-caption-text\">Uma Apis Melifera nas flores da planta Cip\u00f3-de-S\u00e3o-Jo\u00e3o \u2013 foto de Jo\u00e3o Martins Ferreira.<\/figcaption><\/figure>\n<p><span style=\"font-size: large;\">Os nomes populares dessa planta nativa do Brasil s\u00e3o Cip\u00f3-de-S\u00e3o-Jo\u00e3o, Flor-de-S\u00e3o-Jo\u00e3o, Cip\u00f3-Vermelho, Cip\u00f3-Bela-Flor, Marquesa-de-Belas, Cip\u00f3-P\u00e9-de-Lagartixa e Cip\u00f3-de-Lagarto, entre outros. \u00c9 uma trepadeira que cobre muito bem cercas, treli\u00e7as, muros, p\u00e9rgolas e caramanch\u00f5es, oferecendo abund\u00e2ncia de flores, principalmente na \u00e9poca das temperaturas anuais mais baixas, da\u00ed sua denomina\u00e7\u00e3o mais comum, haja vista que suas flores s\u00e3o muito utilizadas na decora\u00e7\u00e3o de festividades juninas em nosso pa\u00eds, especialmente nas festas em devo\u00e7\u00e3o a S\u00e3o Jo\u00e3o Batista. <\/span><\/p>\n<p><span style=\"font-size: large;\">Presente em climas Equatorial e Tropical, o Cip\u00f3-de-S\u00e3o-Jo\u00e3o \u00e9 encontrado em todo Brasil e em parte da Am\u00e9rica do Sul, sendo observado em locais como a caatinga, o cerrado, a mata atl\u00e2ntica, ou mesmo em florestas e savanas amaz\u00f4nicas. O per\u00edodo da florada varia de uma regi\u00e3o para outra, mas geralmente contempla os meses entre maio e setembro, com maior intensidade em junho e julho.<\/span><\/p>\n<p><span style=\"font-size: large;\">H\u00e1 muitas variedades, sendo mais comum a esp\u00e9cie Pyrostegia venusta, que apresenta flores na cor laranja, pequenas e alongadas, e a esp\u00e9cie Pyrostegia \u00edgnea, que apresenta flores na cor amarela. Ela pode ser multiplicada por estacas ou sementes, por\u00e9m estas t\u00eam curta durabilidade. \u00c9 planta perene, resistente, que aprecia sol pleno, solo f\u00e9rtil e \u00famido, sendo que sua altura normalmente \u00e9 de at\u00e9 5 metros \u2013 no entanto pode crescer bem mais, caso esteja plantada em um local muito favor\u00e1vel para seu desenvolvimento.<\/span><\/p>\n<p><span style=\"font-size: large;\">Em algumas localidades, \u00e9 planta utilizada popularmente com fins medicinais, como reguladora de menstrua\u00e7\u00f5es. Dela pode-se extrair \u00f3leo para uso na pele, bem como das flores e folhas pode-se fazer pomada para tratamentos da epiderme. Com manipula\u00e7\u00e3o correta e utiliza\u00e7\u00e3o equilibrada, tamb\u00e9m pode fornecer medica\u00e7\u00f5es para tratamento de reumatismo e contra diarreia.<\/span><\/p>\n<p><span style=\"font-size: large;\">Caso haja gado pr\u00f3ximo a essa trepadeira, \u00e9 preciso cuidado, haja vista que ela n\u00e3o deve ser ingerida por esses animais, pois pode causar problemas de sa\u00fade neles. Por essa raz\u00e3o, algumas pessoas consideram que essa planta deve ser combatida quando cresce pr\u00f3xima a pastos.<\/span><\/p>\n<p><span style=\"font-size: large;\">Al\u00e9m de ser muito bela, \u00fatil e vers\u00e1til em termos projetos paisag\u00edsticos, \u00e9 uma planta importante como fonte de alimento para nossas abelhas, posto que ela se caracteriza como uma boa produtora de n\u00e9ctar e p\u00f3len em per\u00edodos de estiagem e frio.<\/span><\/p>\n<p><span style=\"font-size: large;\"><b>Refer\u00eancias:<\/b><\/span><\/p>\n<p><span style=\"font-size: large;\">Enciclop\u00e9dia de Plantas e Flores. S\u00e3o Paulo: Abril Cultural, 1972, p. 126.<\/span><\/p>\n<p><span style=\"font-size: large;\"> FEEBURG, Jo\u00e3o B. T\u00e9cnica e Pr\u00e1tica de Apicultura. Porto Alegre: 1986, p. 123.<\/span><\/p>\n<p><span style=\"font-size: large;\"> KORBES, Irm\u00e3o V. Cirilo. Plantas Medicinais. 48 ed. Francisco Beltr\u00e3o: Associa\u00e7\u00e3o de Estudos, Orienta\u00e7\u00e3o e Assist\u00eancia Rural, 1995, p. 74-75.<\/span><\/p>\n<p><span style=\"font-size: large;\"> <a href=\"http:\/\/www.esalq.usp.br\/lcb\/lerf\/divulgacao\/produzidos\/artigos\/2001sav58n2p413-420.pdf\" target=\"_blank\" rel=\"noopener\">http:\/\/www.esalq.usp.br\/lcb\/lerf\/divulgacao\/produzidos\/artigos\/2001sav58n2p413-420.pdf<\/a><\/span><\/p>\n<p><span style=\"font-size: large;\"><a href=\"http:\/\/faunaeflora.terradagente.g1.globo.com\/flora\/epifitas-cipos-trepadeiras\/NOT,0,0,1223785,Flor-de-sao-joao.aspx\" target=\"_blank\" rel=\"noopener\">http:\/\/faunaeflora.terradagente.g1.globo.com\/flora\/epifitas-cipos-trepadeiras\/NOT,0,0,1223785,Flor-de-sao-joao.aspx<\/a><\/span><\/p>\n<p><span style=\"font-size: large;\"><a href=\"http:\/\/floradobrasil.jbrj.gov.br\/\" target=\"_blank\" rel=\"noopener\">http:\/\/floradobrasil.jbrj.gov.br\/<\/a><\/span><\/p>\n<p><span style=\"font-size: large;\"><a href=\"https:\/\/www.jardineiro.net\/plantas\/\" target=\"_blank\" rel=\"noopener\">https:\/\/www.jardineiro.net\/plantas\/<\/a><\/span><\/p>\n<p><span style=\"font-size: large;\"><a href=\"https:\/\/pt.wikipedia.org\/\" target=\"_blank\" rel=\"noopener\">https:\/\/pt.wikipedia.org\/<\/a><\/span><\/p>\n","protected":false},"excerpt":{"rendered":"<p>CIP\u00d3-DE-S\u00c3O-JO\u00c3O Pyrostegia venusta &#8211; Pyrostegia \u00edgnea Dr. Jo\u00e3o Martins Ferreira \u00e9 Professor Titular da Universidade Paulista UNIP, Pesquisador junto \u00e0 Universidade de S\u00e3o Paulo, Jornalista e Apicultor. Contato: martins_ferreira@hotmail.com Os [&hellip;]<\/p>\n","protected":false},"author":20,"featured_media":0,"parent":4068,"menu_order":0,"comment_status":"open","ping_status":"open","template":"","meta":{"pmpro_default_level":"","_price":"","_stock":"","_tribe_ticket_header":"","_tribe_default_ticket_provider":"","_tribe_ticket_capacity":"0","_ticket_start_date":"","_ticket_end_date":"","_tribe_ticket_show_description":"","_tribe_ticket_show_not_going":false,"_tribe_ticket_use_global_stock":"","_tribe_ticket_global_stock_level":"","_global_stock_mode":"","_global_stock_cap":"","_tribe_rsvp_for_event":"","_tribe_ticket_going_count":"","_tribe_ticket_not_going_count":"","_tribe_tickets_list":"[]","_tribe_ticket_has_attendee_info_fields":false,"cybocfi_hide_featured_image":"","footnotes":""},"class_list":["post-4094","page","type-page","status-publish","hentry","pmpro-has-access"],"_links":{"self":[{"href":"https:\/\/apacame.org.br\/site\/wp-json\/wp\/v2\/pages\/4094"}],"collection":[{"href":"https:\/\/apacame.org.br\/site\/wp-json\/wp\/v2\/pages"}],"about":[{"href":"https:\/\/apacame.org.br\/site\/wp-json\/wp\/v2\/types\/page"}],"author":[{"embeddable":true,"href":"https:\/\/apacame.org.br\/site\/wp-json\/wp\/v2\/users\/20"}],"replies":[{"embeddable":true,"href":"https:\/\/apacame.org.br\/site\/wp-json\/wp\/v2\/comments?post=4094"}],"version-history":[{"count":2,"href":"https:\/\/apacame.org.br\/site\/wp-json\/wp\/v2\/pages\/4094\/revisions"}],"predecessor-version":[{"id":4097,"href":"https:\/\/apacame.org.br\/site\/wp-json\/wp\/v2\/pages\/4094\/revisions\/4097"}],"up":[{"embeddable":true,"href":"https:\/\/apacame.org.br\/site\/wp-json\/wp\/v2\/pages\/4068"}],"wp:attachment":[{"href":"https:\/\/apacame.org.br\/site\/wp-json\/wp\/v2\/media?parent=4094"}],"curies":[{"name":"wp","href":"https:\/\/api.w.org\/{rel}","templated":true}]}}