{"id":4068,"date":"2021-06-08T19:02:04","date_gmt":"2021-06-08T19:02:04","guid":{"rendered":"http:\/\/apacame.org.br\/site\/?page_id=4068"},"modified":"2023-08-13T03:56:41","modified_gmt":"2023-08-13T03:56:41","slug":"mensagem-doce-n-161-maio-de-2021","status":"publish","type":"page","link":"https:\/\/apacame.org.br\/site\/revista\/mensagem-doce-n-161-maio-de-2021\/","title":{"rendered":"Mensagem Doce  n\u00b0 161 Maio de 2021"},"content":{"rendered":"\n<p class=\"has-text-align-center\"><p>Capa: Apis Melifera nas flores da planta Cip\u00f3-<br>de-S\u00e3o-Jo\u00e3o \u2013 foto de Jo\u00e3o Martins Ferreira.<\/p><\/p>\n","protected":false},"excerpt":{"rendered":"<p>Capa: Apis Melifera nas flores da planta Cip\u00f3-de-S\u00e3o-Jo\u00e3o \u2013 foto de Jo\u00e3o Martins Ferreira.<\/p>\n","protected":false},"author":20,"featured_media":4070,"parent":587,"menu_order":0,"comment_status":"open","ping_status":"open","template":"","meta":{"pmpro_default_level":"","_price":"","_stock":"","_tribe_ticket_header":"","_tribe_default_ticket_provider":"","_tribe_ticket_capacity":"0","_ticket_start_date":"","_ticket_end_date":"","_tribe_ticket_show_description":"","_tribe_ticket_show_not_going":false,"_tribe_ticket_use_global_stock":"","_tribe_ticket_global_stock_level":"","_global_stock_mode":"","_global_stock_cap":"","_tribe_rsvp_for_event":"","_tribe_ticket_going_count":"","_tribe_ticket_not_going_count":"","_tribe_tickets_list":"[]","_tribe_ticket_has_attendee_info_fields":false,"cybocfi_hide_featured_image":"","footnotes":""},"class_list":["post-4068","page","type-page","status-publish","has-post-thumbnail","hentry","pmpro-has-access"],"_links":{"self":[{"href":"https:\/\/apacame.org.br\/site\/wp-json\/wp\/v2\/pages\/4068"}],"collection":[{"href":"https:\/\/apacame.org.br\/site\/wp-json\/wp\/v2\/pages"}],"about":[{"href":"https:\/\/apacame.org.br\/site\/wp-json\/wp\/v2\/types\/page"}],"author":[{"embeddable":true,"href":"https:\/\/apacame.org.br\/site\/wp-json\/wp\/v2\/users\/20"}],"replies":[{"embeddable":true,"href":"https:\/\/apacame.org.br\/site\/wp-json\/wp\/v2\/comments?post=4068"}],"version-history":[{"count":6,"href":"https:\/\/apacame.org.br\/site\/wp-json\/wp\/v2\/pages\/4068\/revisions"}],"predecessor-version":[{"id":6132,"href":"https:\/\/apacame.org.br\/site\/wp-json\/wp\/v2\/pages\/4068\/revisions\/6132"}],"up":[{"embeddable":true,"href":"https:\/\/apacame.org.br\/site\/wp-json\/wp\/v2\/pages\/587"}],"wp:featuredmedia":[{"embeddable":true,"href":"https:\/\/apacame.org.br\/site\/wp-json\/wp\/v2\/media\/4070"}],"wp:attachment":[{"href":"https:\/\/apacame.org.br\/site\/wp-json\/wp\/v2\/media?parent=4068"}],"curies":[{"name":"wp","href":"https:\/\/api.w.org\/{rel}","templated":true}]}}