{"id":4023,"date":"2021-04-09T20:45:12","date_gmt":"2021-04-09T20:45:12","guid":{"rendered":"http:\/\/apacame.org.br\/site\/?page_id=4023"},"modified":"2021-04-09T20:45:12","modified_gmt":"2021-04-09T20:45:12","slug":"artigo-7","status":"publish","type":"page","link":"https:\/\/apacame.org.br\/site\/revista\/mensagem-doce-n-160-marco-de-2021\/artigo-7\/","title":{"rendered":"Artigo"},"content":{"rendered":"<h1 style=\"text-align: center;\">\u201cPoliniza\u00e7\u00e3o como Estrat\u00e9gia para Sustentabilidade Ambiental, Social e Econ\u00f4mica\u201d<\/h1>\n<blockquote><p>Dra. Andresa A. Berretta<sup>1<\/sup>,<sup>2<\/sup>,<sup>3<\/sup> &amp; Daniel Malus\u00e1 Gon\u00e7alves<sup>2<\/sup>,<sup>4<\/sup>,<sup>5<\/sup><br \/>\n<sup>1<\/sup>Farmac\u00eautica Respons\u00e1vel, Apis Flora Indl. Coml. Ltda., Ribeir\u00e3o Preto\/SP;<br \/>\n<sup>2<\/sup>S\u00f3cios da Startup AgroBee, Ribeir\u00e3o Preto\/SP;<br \/>\n<sup>3<\/sup>Presidente da ABEMEL, Gest\u00e3o 2020\/2021;<br \/>\n<sup>4<\/sup>Vice-Presidente e Co-Fundador da ONG Bee or not to Be, Ribeir\u00e3o Preto\/SP;<br \/>\n<sup>5<\/sup>CEO da Ag\u00eancia de Publicidade e Propaganda 6P, Ribeir\u00e3o Preto\/SP;<br \/>\n<sup>6<\/sup>C\u00f4nsul Honor\u00e1rio da Alemanha, Interior de S\u00e3o Paulo, Ribeir\u00e3o Preto\/SP.<\/p><\/blockquote>\n<figure id=\"attachment_4024\" aria-describedby=\"caption-attachment-4024\" style=\"width: 300px\" class=\"wp-caption alignright\"><a href=\"https:\/\/apacame.org.br\/site\/wp-content\/uploads\/2021\/04\/Fig_1_polinizacao.jpg\"><img fetchpriority=\"high\" decoding=\"async\" class=\"size-medium wp-image-4024\" src=\"https:\/\/apacame.org.br\/site\/wp-content\/uploads\/2021\/04\/Fig_1_polinizacao-300x289.jpg\" alt=\"Fig. 1 - Diego Moura de Oliveira, pesquisador da AgroBee polinizando o Abacate.\" width=\"300\" height=\"289\" srcset=\"https:\/\/apacame.org.br\/site\/wp-content\/uploads\/2021\/04\/Fig_1_polinizacao-300x289.jpg 300w, https:\/\/apacame.org.br\/site\/wp-content\/uploads\/2021\/04\/Fig_1_polinizacao-1024x988.jpg 1024w, https:\/\/apacame.org.br\/site\/wp-content\/uploads\/2021\/04\/Fig_1_polinizacao-150x145.jpg 150w, https:\/\/apacame.org.br\/site\/wp-content\/uploads\/2021\/04\/Fig_1_polinizacao-500x482.jpg 500w, https:\/\/apacame.org.br\/site\/wp-content\/uploads\/2021\/04\/Fig_1_polinizacao.jpg 1127w\" sizes=\"(max-width: 300px) 100vw, 300px\" \/><\/a><figcaption id=\"caption-attachment-4024\" class=\"wp-caption-text\">Fig. 1 &#8211; Diego Moura de Oliveira, pesquisador da AgroBee polinizando o Abacate.<\/figcaption><\/figure>\n<p><span style=\"font-size: large;\">A import\u00e2ncia das abelhas para o planeta j\u00e1 n\u00e3o \u00e9 mais segredo para ningu\u00e9m. Do ponto de vista ambiental e na produ\u00e7\u00e3o de alimentos, sem abelhas, j\u00e1 sabemos que muitas esp\u00e9cies vegetais n\u00e3o se reproduziriam e muitos alimentos n\u00e3o existiriam. Al\u00e9m desse aspecto imprescind\u00edvel e essencial para a vida na Terra, que dispensa adjetivos para falar sobre a import\u00e2ncia desses polinizadores, temos ainda como benef\u00edcios complementares os produtos das abelhas, como o mel, a pr\u00f3polis, a geleia real, p\u00f3len ap\u00edcola, etc. que s\u00e3o produtos consumidos j\u00e1 h\u00e1 milhares de anos, e que mais recentemente tem sido amplamente estudados cientificamente. <\/span><\/p>\n<p><span style=\"font-size: large;\">A Organiza\u00e7\u00e3o para a Alimenta\u00e7\u00e3o e Agricultura (FAO) \u00e9 uma ag\u00eancia especializada das Na\u00e7\u00f5es Unidas que lidera os esfor\u00e7os internacionais para erradicar a fome no mundo. Alcan\u00e7ar a seguran\u00e7a alimentar \u00e9 um grande desafio, uma vez que as altera\u00e7\u00f5es clim\u00e1ticas s\u00e3o suscept\u00edveis de reduzir a produtividade agr\u00edcola, e o crescimento populacional exigir\u00e1 um aumento da produ\u00e7\u00e3o agr\u00edcola de, pelo menos, 70% at\u00e9 2050 (Food and Agriculture Organization of United Nations [FAO] 2010, ONU), sendo que a soja, a canola e o girassol integram a categoria das oleaginosas, que deve ter aumento de produ\u00e7\u00e3o de at\u00e9 76% nesse per\u00edodo. Al\u00e9m disso, a agricultura precisa aumentar os rendimentos das lavouras e produzir mais alimentos, protegendo simultaneamente a biodiversidade e os servi\u00e7os ecossist\u00eamicos, sem mais amea\u00e7as para o meio ambiente (United Nations Environment Programme [UNEP] 2011). <\/span><\/p>\n<figure id=\"attachment_4025\" aria-describedby=\"caption-attachment-4025\" style=\"width: 300px\" class=\"wp-caption alignleft\"><a href=\"https:\/\/apacame.org.br\/site\/wp-content\/uploads\/2021\/04\/Fig_2_polinizacao.jpg\"><img decoding=\"async\" class=\"size-medium wp-image-4025\" src=\"https:\/\/apacame.org.br\/site\/wp-content\/uploads\/2021\/04\/Fig_2_polinizacao-300x188.jpg\" alt=\"Fig.2 - Pesquisadores da AgroBee, Diego M. de Oliveira e Joyce MayraVolpini.\" width=\"300\" height=\"188\" srcset=\"https:\/\/apacame.org.br\/site\/wp-content\/uploads\/2021\/04\/Fig_2_polinizacao-300x188.jpg 300w, https:\/\/apacame.org.br\/site\/wp-content\/uploads\/2021\/04\/Fig_2_polinizacao-1024x642.jpg 1024w, https:\/\/apacame.org.br\/site\/wp-content\/uploads\/2021\/04\/Fig_2_polinizacao-150x94.jpg 150w, https:\/\/apacame.org.br\/site\/wp-content\/uploads\/2021\/04\/Fig_2_polinizacao-500x313.jpg 500w, https:\/\/apacame.org.br\/site\/wp-content\/uploads\/2021\/04\/Fig_2_polinizacao.jpg 1126w\" sizes=\"(max-width: 300px) 100vw, 300px\" \/><\/a><figcaption id=\"caption-attachment-4025\" class=\"wp-caption-text\">Fig.2 &#8211; Pesquisadores da AgroBee, Diego M. de Oliveira e Joyce MayraVolpini.<\/figcaption><\/figure>\n<p><span style=\"font-size: large;\">Giannini et al. (2015) revisou a depend\u00eancia das culturas por polinizadores no Brasil e fez uma estimativa do valor econ\u00f4mico anual da poliniza\u00e7\u00e3o para cada cultura. Ao todo, foram avaliados 141 culturas e destas, 85 mostraram depend\u00eancia dos polinizadores, sendo que quase 1\/3 com depend\u00eancia grande ou essencial. No cen\u00e1rio apresentado por Giannini, a contribui\u00e7\u00e3o econ\u00f4mica dos polinizadores totalizou quase 30% (aproximadamente US$12 bilh\u00f5es) do valor total da produ\u00e7\u00e3o agr\u00edcola anual das culturas dependentes (totalizando quase US$ 45 bilh\u00f5es). <\/span><\/p>\n<p><span style=\"font-size: large;\">A atividade das abelhas tem um efeito positivo em todo o ecossistema e os seus servi\u00e7os garantem a conserva\u00e7\u00e3o da biodiversidade e meio ambiente, al\u00e9m disso, funcionam como um importante bioindicador de condi\u00e7\u00f5es ambientais. A poliniza\u00e7\u00e3o \u00e9 um dos servi\u00e7os ecossist\u00eamicos mais valiosos para a humanidade e a atividade da apicultura direcionada para o agroneg\u00f3cio, \u00e9 imprescind\u00edvel nesse sentido.<\/span><\/p>\n<p><span style=\"font-size: large;\">A poliniza\u00e7\u00e3o \u00e9 parte do processo reprodutivo das flores. Cada esp\u00e9cie tem suas particularidades e especificidades. Flores maiores, menores, \u00f3rg\u00e3os masculinos e femininos na mesma flor, em flores diferentes, em exemplares de plantas diferentes, e cada qual, requerendo um polinizador mais adequado. Nesse sentido, h\u00e1 um campo de trabalho imenso tanto para apicultores, quanto para os criadores de abelhas sem ferr\u00e3o. H\u00e1 espa\u00e7o para a diversifica\u00e7\u00e3o de atua\u00e7\u00e3o, para o aumento de rendimentos para os apicultores, e h\u00e1 oportunidade de abertura de um novo e gigante mercado para os demais criadores de abelhas.<\/span><\/p>\n<p><span style=\"font-size: large;\">No Brasil quando se fala em aumento de produtividade agr\u00edcola, a \u00eanfase sempre \u00e9 dada \u00e0 engenharia gen\u00e9tica, ao uso de agroqu\u00edmicos enquanto fertilizantes, herbicidas ou inseticidas, \u00e0s t\u00e9cnicas de cultivo, \u00e0 gest\u00e3o h\u00eddrica, e mais recentemente ao uso da intelig\u00eancia artificial e recursos de automa\u00e7\u00e3o no campo. Entretanto, ainda pouco se fala sobre a gest\u00e3o sist\u00eamica do equil\u00edbrio ecol\u00f3gico, e, menos ainda, sobre os v\u00e1rios aspectos da gest\u00e3o dos servi\u00e7os de poliniza\u00e7\u00e3o.<\/span><\/p>\n<figure id=\"attachment_4026\" aria-describedby=\"caption-attachment-4026\" style=\"width: 300px\" class=\"wp-caption alignright\"><a href=\"https:\/\/apacame.org.br\/site\/wp-content\/uploads\/2021\/04\/Fig_3_polinizacao.jpg\"><img decoding=\"async\" class=\"size-medium wp-image-4026\" src=\"https:\/\/apacame.org.br\/site\/wp-content\/uploads\/2021\/04\/Fig_3_polinizacao-300x189.jpg\" alt=\"Fig. 3 - Poliniza\u00e7\u00e3o de Caf\u00e9 ar\u00e1bica.\" width=\"300\" height=\"189\" srcset=\"https:\/\/apacame.org.br\/site\/wp-content\/uploads\/2021\/04\/Fig_3_polinizacao-300x189.jpg 300w, https:\/\/apacame.org.br\/site\/wp-content\/uploads\/2021\/04\/Fig_3_polinizacao-1024x644.jpg 1024w, https:\/\/apacame.org.br\/site\/wp-content\/uploads\/2021\/04\/Fig_3_polinizacao-150x94.jpg 150w, https:\/\/apacame.org.br\/site\/wp-content\/uploads\/2021\/04\/Fig_3_polinizacao-500x314.jpg 500w, https:\/\/apacame.org.br\/site\/wp-content\/uploads\/2021\/04\/Fig_3_polinizacao.jpg 1126w\" sizes=\"(max-width: 300px) 100vw, 300px\" \/><\/a><figcaption id=\"caption-attachment-4026\" class=\"wp-caption-text\">Fig. 3 &#8211; Poliniza\u00e7\u00e3o de Caf\u00e9 ar\u00e1bica.<\/figcaption><\/figure>\n<p><span style=\"font-size: large;\">No Brasil, assim, apesar de a poliniza\u00e7\u00e3o agr\u00edcola ser de grande import\u00e2ncia, o mercado de poliniza\u00e7\u00e3o \u00e9 ainda incipiente, tendo marginalmente se desenvolvido nas culturas de mel\u00e3o no Nordeste e ma\u00e7\u00e3 em Santa Catarina. A contrata\u00e7\u00e3o dos servi\u00e7os \u00e9 feita de forma informal facilitada sob demanda por associa\u00e7\u00f5es de apicultores da regi\u00e3o. Gerenciar a disponibilidade das colmeias a partir dos ciclos de produ\u00e7\u00e3o de cada cultura agr\u00edcola, otimizando os ganhos de produtividade tanto para o produtor agr\u00edcola quanto para o criador de abelhas \u00e9 um desafio a ser enfrentado para a expans\u00e3o do uso das abelhas na poliniza\u00e7\u00e3o agr\u00edcola.<\/span><\/p>\n<p><span style=\"font-size: large;\">Alguns pa\u00edses j\u00e1 est\u00e3o bastante adiantados no uso da poliniza\u00e7\u00e3o como ferramenta para aumento da produtividade das culturas agr\u00edcolas e aumento da qualidade dos frutos e sementes. A Austr\u00e1lia \u00e9 um bom exemplo nesse processo. Nesse pa\u00eds, os produtores investem no manejo de paisagens procurando tornar as propriedades mais adequadas para atrair e desenvolver popula\u00e7\u00f5es de polinizadores naturais (Wratten et al. 2012) e o aluguel das colmeias j\u00e1 \u00e9 uma pr\u00e1tica comum. Os servi\u00e7os de poliniza\u00e7\u00e3o no Brasil j\u00e1 est\u00e3o sendo bastante utilizados em algumas culturas com alta depend\u00eancia da poliniza\u00e7\u00e3o, como s\u00e3o os casos citados da ma\u00e7\u00e3 e do mel\u00e3o. Dada a diversidade de esp\u00e9cies de abelhas existentes, seus diferentes tamanhos, h\u00e1bitos e prefer\u00eancias, a poliniza\u00e7\u00e3o por abelhas \u00e9 uma das melhores alternativas para o aumento da produtividade das culturas, al\u00e9m de contribuir para a preserva\u00e7\u00e3o de \u00e1reas com vegeta\u00e7\u00e3o nativa. A car\u00eancia de polinizadores nativos, inclusive, j\u00e1 \u00e9 um dos fatores que impede o aumento da qualidade e produtividade em grande parte das culturas agr\u00edcolas (Klein et al. 2007, Westcott &amp; Nelson, 2001; D\u2019Avila &amp; Marchini, 2005). Para o trabalho de poliniza\u00e7\u00e3o apresentar bons resultados, \u00e9 necess\u00e1rio que o mesmo seja conduzido de forma t\u00e9cnica, observando-se fatores como a quantidade de colmeias para cada cultura, a disposi\u00e7\u00e3o das colmeias no campo agr\u00edcola, as condi\u00e7\u00f5es da vegeta\u00e7\u00e3o dos arredores, per\u00edodos de flora\u00e7\u00e3o, atratividade e morfologia das flores, e, claro, as esp\u00e9cies de abelhas mais apropriadas para cada cultivo agr\u00edcola.<\/span><\/p>\n<p><span style=\"font-size: large;\">A poliniza\u00e7\u00e3o comercial surge, portanto, como uma importante alternativa sustent\u00e1vel de aumento da produtividade agr\u00edcola no Brasil, proporcionalmente reduzindo o consumo de \u00e1gua e agroqu\u00edmicos por tonelada produzida, e diminuindo a press\u00e3o por mais desmatamentos para incremento da \u00e1rea plantada. A poliniza\u00e7\u00e3o tem, ainda, baixo impacto ambiental e gera, como contrapartida, renda para pequenos agricultores\/apicultores familiares (Rehder, 2012).<\/span><\/p>\n<p><span style=\"font-size: large;\">A apicultura \u00e9 uma atividade chave para a produ\u00e7\u00e3o de alimentos no Brasil, e pode-se dizer que seu potencial, em um pa\u00eds com a voca\u00e7\u00e3o agr\u00edcola e de biodiversidade singular, \u00e9 ainda subaproveitado. Atualmente, grande parte desta atividade \u00e9 realizada como segunda atividade ou um hobby &#8211; apenas uma parcela pequena dos apicultores atua de forma profissionalizada, e est\u00e3o focados na produ\u00e7\u00e3o de mel e pr\u00f3polis, um mercado em alta na pa\u00eds. O interesse pelos servi\u00e7os de poliniza\u00e7\u00e3o est\u00e1 crescendo e as oportunidades para ter uma nova renda com as abelhas j\u00e1 come\u00e7am a se tornar uma realidade. Mais do que a atividade financeira por si, abre-se uma oportunidade de trazer tecnologia para a atividade ap\u00edcola. A atividade de cria\u00e7\u00e3o de abelhas requer dedica\u00e7\u00e3o, \u00e9 um trabalho pesado e que demanda esfor\u00e7os. Tem muitos desafios para serem superados, por\u00e9m, \u00e9 uma atividade rent\u00e1vel, e que pode ser ainda mais, com o aumento de escala. <\/span><\/p>\n<figure id=\"attachment_4027\" aria-describedby=\"caption-attachment-4027\" style=\"width: 300px\" class=\"wp-caption alignleft\"><a href=\"https:\/\/apacame.org.br\/site\/wp-content\/uploads\/2021\/04\/Fig_43_polinizacao.jpg\"><img loading=\"lazy\" decoding=\"async\" class=\"size-medium wp-image-4027\" src=\"https:\/\/apacame.org.br\/site\/wp-content\/uploads\/2021\/04\/Fig_43_polinizacao-300x188.jpg\" alt=\"Fig. 4 - Poliniza\u00e7\u00e3o de Caju.\" width=\"300\" height=\"188\" srcset=\"https:\/\/apacame.org.br\/site\/wp-content\/uploads\/2021\/04\/Fig_43_polinizacao-300x188.jpg 300w, https:\/\/apacame.org.br\/site\/wp-content\/uploads\/2021\/04\/Fig_43_polinizacao-1024x643.jpg 1024w, https:\/\/apacame.org.br\/site\/wp-content\/uploads\/2021\/04\/Fig_43_polinizacao-150x94.jpg 150w, https:\/\/apacame.org.br\/site\/wp-content\/uploads\/2021\/04\/Fig_43_polinizacao-500x314.jpg 500w, https:\/\/apacame.org.br\/site\/wp-content\/uploads\/2021\/04\/Fig_43_polinizacao.jpg 1125w\" sizes=\"(max-width: 300px) 100vw, 300px\" \/><\/a><figcaption id=\"caption-attachment-4027\" class=\"wp-caption-text\">Fig. 4 &#8211; Poliniza\u00e7\u00e3o de Caju.<\/figcaption><\/figure>\n<p><span style=\"font-size: large;\">Dentre os desafios da atividade, al\u00e9m do manejo propriamente dito que envolve a necessidade de aten\u00e7\u00e3o, cuidados e busca constante por atualiza\u00e7\u00e3o, nos deparamos com a burocracia envolvida para o cadastro e transporte de abelhas, que n\u00e3o \u00e9 algo t\u00e3o simples ou trivial quanto parece. Vemos diferen\u00e7as importantes no processo e na tecnologia de diferentes cidades e estados, e fatalmente, isso ainda \u00e9 uma barreira. N\u00e3o menos importante \u00e9 o custo log\u00edstico, os riscos de roubo e morte de abelhas, al\u00e9m da dificuldade para formaliza\u00e7\u00e3o de contratos, em todas as frentes, seja para a comercializa\u00e7\u00e3o de mel, pr\u00f3polis, e principalmente para o servi\u00e7o de poliniza\u00e7\u00e3o. Mas, apesar dos desafios, as oportunidades s\u00e3o crescentes, e quem se profissionalizar e investir na multiplica\u00e7\u00e3o de suas col\u00f4nias, poder\u00e1 prosperar ainda mais nesta atividade.<\/span><\/p>\n<p><span style=\"font-size: large;\">Para promover o incremento de alimentos no mundo em escala, com sustentabilidade ambiental, econ\u00f4mica e social, a Startup AgroBee, prop\u00f5e um sistema que conecta o criador de abelhas ao produtor rural, no momento em que sua cultura agr\u00edcola esteja em flora\u00e7\u00e3o e necessita maior presen\u00e7a de polinizadores para o incremento da produ\u00e7\u00e3o. Este modelo \u00e9 capaz de automatizar o gerenciamento dos processos de contrata\u00e7\u00e3o e manejo das colmeias, assim como o acompanhamento do processo de poliniza\u00e7\u00e3o e a an\u00e1lise dos resultados obtidos na colheita, atrav\u00e9s de uma plataforma que ficou conhecida na imprensa como \u201cUber das Abelhas\u201d. Baseado nos conceitos de economia compartilhada, o software aproxima criadores de abelhas e agricultores, oferecendo orienta\u00e7\u00e3o t\u00e9cnica para a execu\u00e7\u00e3o da poliniza\u00e7\u00e3o assistida, organiza\u00e7\u00e3o log\u00edstica para transporte e instala\u00e7\u00e3o apropriada das colmeias e, posteriormente, servi\u00e7os de coleta de dados, acompanhamento da produ\u00e7\u00e3o e an\u00e1lise de resultados. <\/span><\/p>\n<p><span style=\"font-size: large;\">Oferecendo assim uma solu\u00e7\u00e3o fim-a-fim para apicultores e agricultores, levando em conta as particularidades de cada cultura e os ciclos de produ\u00e7\u00e3o de mel. <\/span><\/p>\n<p><span style=\"font-size: large;\">Nos \u00faltimos 3 anos a Agrobee conduziu suas atividades notadamente nas culturas de caf\u00e9, morango, girassol e, mais recentemente, na soja. Os anos iniciais t\u00eam sido focados no desenvolvimento de mercado, introduzindo a poliniza\u00e7\u00e3o na gest\u00e3o da cadeia produtiva agr\u00edcola, e focando na demonstra\u00e7\u00e3o deste potencial por meio de testes e apresenta\u00e7\u00e3o de resultados; por outro lado, um grande esfor\u00e7o tem sido feito no sentido de criar parcerias estrat\u00e9gicas com apicultores, e formatos de remunera\u00e7\u00e3o que garantam a rentabilidade justa pelo servi\u00e7o. Os resultados deste aprendizado come\u00e7am a aparecer de forma expressiva, e abrem um horizonte promissor e de sucesso do modelo. <\/span><\/p>\n<p><span style=\"font-size: large;\">Entre os v\u00e1rios pontos de aten\u00e7\u00e3o das atividades dos s\u00f3cios da empresa, Andresa Berretta, Guilherme Sousa, Carlos Rehder e Daniel Malus\u00e1 Gon\u00e7alves, destacamos alguns relacionados aos criadores de abelhas, como a legaliza\u00e7\u00e3o da atividade, a seguran\u00e7a com as colmeias, o est\u00edmulo \u00e0 capacita\u00e7\u00e3o e profissionaliza\u00e7\u00e3o, e a remunera\u00e7\u00e3o rent\u00e1vel para os criadores de abelhas. Os contratos entre as partes s\u00e3o de responsabilidade da AgroBee que inclusive d\u00e1 suporte para o criador de abelhas emitir as GTAs (guias de transporte de abelhas); o time t\u00e9cnico d\u00e1 apoio e faz a intermedia\u00e7\u00e3o t\u00e9cnica adequada para que a quantidade de col\u00f4nias e esp\u00e9cies adequadas sejam colocadas na propriedade; h\u00e1 auditoria das col\u00f4nias para que o servi\u00e7o aconte\u00e7a de forma eficiente, e treinamentos est\u00e3o sendo preparados para a profissionaliza\u00e7\u00e3o da atividade e est\u00edmulo \u00e0 multiplica\u00e7\u00e3o de abelhas. Atualmente, o aplicativo est\u00e1 funcionando em sua vers\u00e3o original, ainda com diversas restri\u00e7\u00f5es. Mas ser\u00e1 lan\u00e7ado j\u00e1 em meados do primeiro Semestre de 2021 uma nova vers\u00e3o do App, com mais funcionalidades, e automatizadas para um processo gradual de escalonamento.<\/span><\/p>\n<p><span style=\"font-size: large;\">Al\u00e9m de um rico mapeamento de \u00e1reas agr\u00edcolas poliniz\u00e1veis e o potencial dos criadores de abelhas por regi\u00e3o, a nova vers\u00e3o do software dever\u00e1 disponibilizar, entre outros, sistemas de pagamentos para facilitar as transa\u00e7\u00f5es financeiras entre agricultores e apicultores; mapas e acessos log\u00edsticos; pontua\u00e7\u00f5es de servi\u00e7os; avisos, suporte a contratos e documentos; e conte\u00fados essenciais para o manejo das abelhas. <\/span><\/p>\n<p><span style=\"font-size: large;\">Desenvolver uma nova cultura \u00e9 trabalho \u00e1rduo e cont\u00ednuo. Requer tempo e investimento. Mas como as abelhas nos ensinam, para o bem comum, o trabalho em equipe traz resultados, e estes est\u00e3o acontecendo. A Agrobee tem tido o m\u00e9rito de introduzir com sucesso um novo modelo de poliniza\u00e7\u00e3o assistida em culturas agr\u00edcolas. E, sim, ainda nos defrontamos com in\u00fameros desafios e descren\u00e7as. Mas entendemos que \u00e9 quest\u00e3o de tempo derrubar as barreiras frente ao novo, e fazer abrir um novo mercado de poliniza\u00e7\u00e3o para o Brasil. <\/span><\/p>\n<p><span style=\"font-size: large;\">A c\u00e9lebre frase de Einstein sobre as abelhas que tem sido estampada por todos os lados recentemente, de fato, nunca esteve t\u00e3o atual: \u201cse as\u00a0abelhas desaparecerem da face da Terra, a humanidade ter\u00e1 apenas mais quatro anos de exist\u00eancia. Sem\u00a0abelhas\u00a0n\u00e3o h\u00e1 poliniza\u00e7\u00e3o, n\u00e3o h\u00e1 reprodu\u00e7\u00e3o da flora, sem flora n\u00e3o h\u00e1 animais, sem animais, n\u00e3o haver\u00e1 ra\u00e7a humana\u201d.<\/span><\/p>\n<p><span style=\"font-size: large;\">O prop\u00f3sito da AgroBee \u00e9 ajudar a produzir mais e melhores alimentos, com sustentabilidade, atrav\u00e9s dos servi\u00e7os de poliniza\u00e7\u00e3o das abelhas. \u00c9 a nossa contribui\u00e7\u00e3o para ajudar a erradicar a fome no mundo, preservando o meio ambiente, gerando empregos, e produzindo riqueza para todas as partes envolvidas. <\/span><\/p>\n<p><span style=\"font-size: large;\">Venha fazer parte dessa hist\u00f3ria. Baixe o App e cadastre-se, ou entre em nosso site e deixe seus dados: <a href=\"http:\/\/www.agrobee.net\" target=\"_blank\" rel=\"noopener\">http:\/\/www.agrobee.net<\/a>. <\/span><\/p>\n<p><span style=\"font-size: large;\"><b>Refer\u00eancias Bibliogr\u00e1ficas<\/b><\/span><\/p>\n<p><span style=\"font-size: large;\">D\u2019\u00c1vila, M.; Marchini, L.C. 2005. Pollination provided by bees in economically important crops in Brazil. Boletim da Ind\u00fastria Animal 62: 79-90.<\/span><\/p>\n<p><span style=\"font-size: large;\">Food and Agriculture Organization (FAO). 2010. \u2018Climate- smart\u2019 agriculture, policies, practices and finances for food security, adaptation and mitigation. FAO, Rome.<\/span><\/p>\n<p><span style=\"font-size: large;\">Giannini, TC, Cordeiro, GD, Freitas, BM, Saraiva, AM &amp; Imperatriz-Fonseca, VL. The dependence of crops for pollinators and the economic value of pollination in Brazil \u2013 review. Journal of Economic Entomology Advance Access. p.1-9, 2015. Doi: 10.1093\/jee\/tov093.<\/span><\/p>\n<p><span style=\"font-size: large;\">Klein, A. M., B. E. Vaissie`re, J. H. Cane, I. Steffan- Dewenter, S. A. Cunningham, C. Kremen, and T. Tscharntke. 2007. Importance of pollinators in chang- ing landscapes for world crops. Proc. R. Soc. 274: 303\u2013313. <\/span><\/p>\n<p><span style=\"font-size: large;\">REDHER, C. P. POLINIZA\u00c7\u00c3O EM SOJA: um estudo com Apis mellifera L. Monografia apresentada para obten\u00e7\u00e3o do Certificado de Especializa\u00e7\u00e3o pelo Curso de Especializa\u00e7\u00e3o em Apicultura, modalidade a dist\u00e2ncia, do Departamento de Ci\u00eancias Agr\u00e1rias da niversidade deTaubat\u00e9. Taubat\u00e9, 2012.<\/span><\/p>\n<p><span style=\"font-size: large;\">United Nations Environment Programme (UNEP). 2011. Food and ecological security, identifying synergy and trade- offs. UNEP, Nairobi. <\/span><\/p>\n<p><span style=\"font-size: large;\">WRATTEN, Stephen D. et al. Pollinator habitat enhancement: benefits to other ecosystem services.\u00a0Agriculture, Ecosystems &amp; Environment, v. 159, p. 112-122, 2012.<\/span><\/p>\n<p><span style=\"font-size: large;\">Westcott, L.; Nelson, D. 2001. Canola pollination: an update. Bee World 82: 115-129.<\/span><\/p>\n","protected":false},"excerpt":{"rendered":"<p>\u201cPoliniza\u00e7\u00e3o como Estrat\u00e9gia para Sustentabilidade Ambiental, Social e Econ\u00f4mica\u201d Dra. Andresa A. Berretta1,2,3 &amp; Daniel Malus\u00e1 Gon\u00e7alves2,4,5 1Farmac\u00eautica Respons\u00e1vel, Apis Flora Indl. Coml. Ltda., Ribeir\u00e3o Preto\/SP; 2S\u00f3cios da Startup AgroBee, [&hellip;]<\/p>\n","protected":false},"author":20,"featured_media":0,"parent":3952,"menu_order":0,"comment_status":"open","ping_status":"open","template":"","meta":{"pmpro_default_level":"","_price":"","_stock":"","_tribe_ticket_header":"","_tribe_default_ticket_provider":"","_tribe_ticket_capacity":"0","_ticket_start_date":"","_ticket_end_date":"","_tribe_ticket_show_description":"","_tribe_ticket_show_not_going":false,"_tribe_ticket_use_global_stock":"","_tribe_ticket_global_stock_level":"","_global_stock_mode":"","_global_stock_cap":"","_tribe_rsvp_for_event":"","_tribe_ticket_going_count":"","_tribe_ticket_not_going_count":"","_tribe_tickets_list":"[]","_tribe_ticket_has_attendee_info_fields":false,"cybocfi_hide_featured_image":"","footnotes":""},"class_list":["post-4023","page","type-page","status-publish","hentry","pmpro-has-access"],"_links":{"self":[{"href":"https:\/\/apacame.org.br\/site\/wp-json\/wp\/v2\/pages\/4023"}],"collection":[{"href":"https:\/\/apacame.org.br\/site\/wp-json\/wp\/v2\/pages"}],"about":[{"href":"https:\/\/apacame.org.br\/site\/wp-json\/wp\/v2\/types\/page"}],"author":[{"embeddable":true,"href":"https:\/\/apacame.org.br\/site\/wp-json\/wp\/v2\/users\/20"}],"replies":[{"embeddable":true,"href":"https:\/\/apacame.org.br\/site\/wp-json\/wp\/v2\/comments?post=4023"}],"version-history":[{"count":2,"href":"https:\/\/apacame.org.br\/site\/wp-json\/wp\/v2\/pages\/4023\/revisions"}],"predecessor-version":[{"id":4029,"href":"https:\/\/apacame.org.br\/site\/wp-json\/wp\/v2\/pages\/4023\/revisions\/4029"}],"up":[{"embeddable":true,"href":"https:\/\/apacame.org.br\/site\/wp-json\/wp\/v2\/pages\/3952"}],"wp:attachment":[{"href":"https:\/\/apacame.org.br\/site\/wp-json\/wp\/v2\/media?parent=4023"}],"curies":[{"name":"wp","href":"https:\/\/api.w.org\/{rel}","templated":true}]}}