{"id":3993,"date":"2021-04-08T19:39:09","date_gmt":"2021-04-08T19:39:09","guid":{"rendered":"http:\/\/apacame.org.br\/site\/?page_id=3993"},"modified":"2021-04-08T19:55:49","modified_gmt":"2021-04-08T19:55:49","slug":"homenagem","status":"publish","type":"page","link":"https:\/\/apacame.org.br\/site\/revista\/mensagem-doce-n-160-marco-de-2021\/homenagem\/","title":{"rendered":"Homenagem"},"content":{"rendered":"<h1 style=\"text-align: center;\">Dedicado \u00e0s abelhas<\/h1>\n<blockquote><p>T\u00e2nia Soares<\/p><\/blockquote>\n<p><span style=\"font-size: large;\"><b><i>Associado n\u00famero 1 da Apacame, Ademir Ramos teve sua vida transformada pela apicultura<\/i><\/b><\/span><\/p>\n<figure id=\"attachment_3994\" aria-describedby=\"caption-attachment-3994\" style=\"width: 300px\" class=\"wp-caption alignright\"><a href=\"https:\/\/apacame.org.br\/site\/wp-content\/uploads\/2021\/04\/fig_1_dedicado.jpg\"><img decoding=\"async\" class=\"size-medium wp-image-3994\" src=\"https:\/\/apacame.org.br\/site\/wp-content\/uploads\/2021\/04\/fig_1_dedicado-300x149.jpg\" alt=\"Associado n\u00famero 1 da Apacame Ademir Ramos;\" width=\"300\" height=\"149\" srcset=\"https:\/\/apacame.org.br\/site\/wp-content\/uploads\/2021\/04\/fig_1_dedicado-300x149.jpg 300w, https:\/\/apacame.org.br\/site\/wp-content\/uploads\/2021\/04\/fig_1_dedicado-1024x507.jpg 1024w, https:\/\/apacame.org.br\/site\/wp-content\/uploads\/2021\/04\/fig_1_dedicado-150x74.jpg 150w, https:\/\/apacame.org.br\/site\/wp-content\/uploads\/2021\/04\/fig_1_dedicado-500x248.jpg 500w, https:\/\/apacame.org.br\/site\/wp-content\/uploads\/2021\/04\/fig_1_dedicado.jpg 1126w\" sizes=\"(max-width: 300px) 100vw, 300px\" \/><\/a><figcaption id=\"caption-attachment-3994\" class=\"wp-caption-text\">Associado n\u00famero 1 da Apacame Ademir Ramos;<\/figcaption><\/figure>\n<p><span style=\"font-size: large;\">Ademir Ramos foi primeiro apicultor a se associar \u00e0 Apacame, quando a associa\u00e7\u00e3o era apenas um pequeno grupo de apicultores que sonhavam em fortalecer a atividade no pa\u00eds. Nascido em 1940, tornou-se apicultor em 1979, com a conclus\u00e3o do curso t\u00e9cnico do Centro T\u00e9cnico da Apicultura. Na \u00e9poca, Ademir era empres\u00e1rio do setor de embalagens, o que possibilitou que investisse pesadamente em seu primeiro api\u00e1rio, embora fosse iniciante. <\/span><\/p>\n<p><span style=\"font-size: large;\">\u201cSempre fui um apaixonado pela natureza, mas me interessei pela apicultura a partir da minha participa\u00e7\u00e3o na Sociedade Teos\u00f3fica, onde conheci as pessoas que formariam o n\u00facleo fundador da Apacame. Depois que conclu\u00ed o curso no Cetecna, comecei com 33 caixas de tr\u00eas padr\u00f5es diferentes, Schenk, Langstroth e Schirmer, o que \u00e9 bastante para quem est\u00e1 come\u00e7ando. Mas queria aprender e experimentar tudo at\u00e9 que optei pela Schirmer, por ter sido o modelo que proporcionou maior produ\u00e7\u00e3o na \u00e9poca\u201d, lembra. <\/span><\/p>\n<figure id=\"attachment_3995\" aria-describedby=\"caption-attachment-3995\" style=\"width: 300px\" class=\"wp-caption alignleft\"><a href=\"https:\/\/apacame.org.br\/site\/wp-content\/uploads\/2021\/04\/fig_2_dedicado.jpg\"><img decoding=\"async\" class=\"size-medium wp-image-3995\" src=\"https:\/\/apacame.org.br\/site\/wp-content\/uploads\/2021\/04\/fig_2_dedicado-300x149.jpg\" alt=\"O Presidente Eloi Viana da Silva e o diretor Marcio Rinaldi com o homenageado\" width=\"300\" height=\"149\" srcset=\"https:\/\/apacame.org.br\/site\/wp-content\/uploads\/2021\/04\/fig_2_dedicado-300x149.jpg 300w, https:\/\/apacame.org.br\/site\/wp-content\/uploads\/2021\/04\/fig_2_dedicado-1024x507.jpg 1024w, https:\/\/apacame.org.br\/site\/wp-content\/uploads\/2021\/04\/fig_2_dedicado-150x74.jpg 150w, https:\/\/apacame.org.br\/site\/wp-content\/uploads\/2021\/04\/fig_2_dedicado-500x248.jpg 500w, https:\/\/apacame.org.br\/site\/wp-content\/uploads\/2021\/04\/fig_2_dedicado.jpg 1126w\" sizes=\"(max-width: 300px) 100vw, 300px\" \/><\/a><figcaption id=\"caption-attachment-3995\" class=\"wp-caption-text\">O Presidente Eloi Viana da Silva e o diretor Marcio Rinaldi com o homenageado<\/figcaption><\/figure>\n<p><span style=\"font-size: large;\">As experimenta\u00e7\u00f5es foram bem sucedidas. Ademir conta que teve colmeias que chegavam a produzir 120kg de mel. \u201cAl\u00e9m do api\u00e1rio em minha propriedade em Varginha, pratiquei tamb\u00e9m apicultura migrat\u00f3ria. E quando os trabalhos na associa\u00e7\u00e3o come\u00e7aram, embora n\u00e3o fosse parte da diretoria, colaborei para o registro da Apacame na CBA e todos os anos viajava para participar dos congressos. Tenho at\u00e9 uma cole\u00e7\u00e3o das camisetas de todos os que participei\u201d, conta.<a href=\"https:\/\/apacame.org.br\/site\/wp-content\/uploads\/2021\/04\/fig_2_dedicado.jpg\"><br \/>\n<\/a><\/span><\/p>\n<p><span style=\"font-size: large;\">O trabalho com as abelhas foi transformando a vida de Ademir. Cada \u00e1rvore plantada em sua propriedade foi escolhida por ser ben\u00e9fica \u00e0s abelhas, tanto para a apis quanto para as nativas. Ali\u00e1s, a casa onde mora Ademir \u00e9 praticamente um santu\u00e1rio para as abelhas sem ferr\u00e3o. \u201cElas chegam, se instalam e ficam. Eu s\u00f3 observo.\u201d<\/span><\/p>\n<p><span style=\"font-size: large;\">Mesmo tendo deixado de atuar diretamente com a apicultura h\u00e1 alguns anos, Ademir continua sendo um entusiasta dos produtos ap\u00edcolas, especialmente sua aplica\u00e7\u00e3o para a sa\u00fade. Hoje ele \u00e9 terapeuta hol\u00edstico, trabalha com florais e indica o consumo dos produtos ap\u00edcolas a seus clientes. \u201cAcho que d\u00e1 para dizer que deixei a apicultura, mas ela n\u00e3o me deixou. Continuo associado \u00e0 Apacame, leio todos os meses a revista e me orgulho muito de fazer parte dessa hist\u00f3ria\u201d, encerra.<\/span><\/p>\n","protected":false},"excerpt":{"rendered":"<p>Dedicado \u00e0s abelhas T\u00e2nia Soares Associado n\u00famero 1 da Apacame, Ademir Ramos teve sua vida transformada pela apicultura Ademir Ramos foi primeiro apicultor a se associar \u00e0 Apacame, quando a [&hellip;]<\/p>\n","protected":false},"author":20,"featured_media":0,"parent":3952,"menu_order":0,"comment_status":"open","ping_status":"open","template":"","meta":{"pmpro_default_level":"","_price":"","_stock":"","_tribe_ticket_header":"","_tribe_default_ticket_provider":"","_tribe_ticket_capacity":"0","_ticket_start_date":"","_ticket_end_date":"","_tribe_ticket_show_description":"","_tribe_ticket_show_not_going":false,"_tribe_ticket_use_global_stock":"","_tribe_ticket_global_stock_level":"","_global_stock_mode":"","_global_stock_cap":"","_tribe_rsvp_for_event":"","_tribe_ticket_going_count":"","_tribe_ticket_not_going_count":"","_tribe_tickets_list":"[]","_tribe_ticket_has_attendee_info_fields":false,"cybocfi_hide_featured_image":"","footnotes":""},"class_list":["post-3993","page","type-page","status-publish","hentry","pmpro-has-access"],"_links":{"self":[{"href":"https:\/\/apacame.org.br\/site\/wp-json\/wp\/v2\/pages\/3993"}],"collection":[{"href":"https:\/\/apacame.org.br\/site\/wp-json\/wp\/v2\/pages"}],"about":[{"href":"https:\/\/apacame.org.br\/site\/wp-json\/wp\/v2\/types\/page"}],"author":[{"embeddable":true,"href":"https:\/\/apacame.org.br\/site\/wp-json\/wp\/v2\/users\/20"}],"replies":[{"embeddable":true,"href":"https:\/\/apacame.org.br\/site\/wp-json\/wp\/v2\/comments?post=3993"}],"version-history":[{"count":3,"href":"https:\/\/apacame.org.br\/site\/wp-json\/wp\/v2\/pages\/3993\/revisions"}],"predecessor-version":[{"id":4007,"href":"https:\/\/apacame.org.br\/site\/wp-json\/wp\/v2\/pages\/3993\/revisions\/4007"}],"up":[{"embeddable":true,"href":"https:\/\/apacame.org.br\/site\/wp-json\/wp\/v2\/pages\/3952"}],"wp:attachment":[{"href":"https:\/\/apacame.org.br\/site\/wp-json\/wp\/v2\/media?parent=3993"}],"curies":[{"name":"wp","href":"https:\/\/api.w.org\/{rel}","templated":true}]}}