{"id":3988,"date":"2021-04-08T19:31:58","date_gmt":"2021-04-08T19:31:58","guid":{"rendered":"http:\/\/apacame.org.br\/site\/?page_id=3988"},"modified":"2021-04-08T19:59:48","modified_gmt":"2021-04-08T19:59:48","slug":"pasto-apicola","status":"publish","type":"page","link":"https:\/\/apacame.org.br\/site\/revista\/mensagem-doce-n-160-marco-de-2021\/pasto-apicola\/","title":{"rendered":"Pasto Ap\u00edcola"},"content":{"rendered":"<h1 style=\"text-align: center;\">ASSA-PEIXE<br \/>\nVernonia polyanthes Less<\/h1>\n<blockquote><p>Dr. Jo\u00e3o Martins Ferreira \u00e9 Professor Titular da Universidade Paulista UNIP, Pesquisador junto \u00e0 Universidade de S\u00e3o Paulo, Jornalista e Apicultor.<br \/>\nContato: <a href=\"mailto:martins_ferreira@hotmail.com\">martins_ferreira@hotmail.com<\/a><\/p><\/blockquote>\n<p><span style=\"font-size: large;\">Os nomes populares desse grande arbusto (ou pequenina \u00e1rvore) variam de acordo com as regi\u00f5es brasileiras. Pode ser chamado de Assa-Peixe, Assa-Peixe Branco, Chamarrita, Mata-Campo, Cafera, Estanca-Sangue, Tramanh\u00e9m, Erva-Pre\u00e1, Cambar\u00e1-Guassu, ou Cambar\u00e1-Branco, por exemplo. \u00c9 uma planta nativa e que se desenvolve bem em solos considerados pobres, sendo muito comum em \u00e1reas rurais, principalmente na faixa litor\u00e2nea entre os estados da Bahia e Santa Catarina.<\/span><\/p>\n<figure id=\"attachment_3989\" aria-describedby=\"caption-attachment-3989\" style=\"width: 300px\" class=\"wp-caption alignleft\"><a href=\"https:\/\/apacame.org.br\/site\/wp-content\/uploads\/2021\/04\/Imagem-abertura-assapeixe.jpg\"><img decoding=\"async\" class=\"size-medium wp-image-3989\" src=\"https:\/\/apacame.org.br\/site\/wp-content\/uploads\/2021\/04\/Imagem-abertura-assapeixe-300x134.jpg\" alt=\"Uma Apis Melifera nas flores da Assa-Peixe \u2013 foto de Jo\u00e3o Martins Ferreira\" width=\"300\" height=\"134\" srcset=\"https:\/\/apacame.org.br\/site\/wp-content\/uploads\/2021\/04\/Imagem-abertura-assapeixe-300x134.jpg 300w, https:\/\/apacame.org.br\/site\/wp-content\/uploads\/2021\/04\/Imagem-abertura-assapeixe-1024x457.jpg 1024w, https:\/\/apacame.org.br\/site\/wp-content\/uploads\/2021\/04\/Imagem-abertura-assapeixe-150x67.jpg 150w, https:\/\/apacame.org.br\/site\/wp-content\/uploads\/2021\/04\/Imagem-abertura-assapeixe-500x223.jpg 500w\" sizes=\"(max-width: 300px) 100vw, 300px\" \/><\/a><figcaption id=\"caption-attachment-3989\" class=\"wp-caption-text\">Uma Apis Melifera nas flores da Assa-Peixe \u2013 foto de Jo\u00e3o Martins Ferreira<\/figcaption><\/figure>\n<p><span style=\"font-size: large;\">\u00a0<\/span><\/p>\n<p><span style=\"font-size: large;\">Ela \u00e9 boa fornecedora de n\u00e9ctar e p\u00f3len para as abelhas e se configura como planta extremamente importante em termos de pasto ap\u00edcola, haja vista que \u00e9 uma das poucas plantas que floresce em abund\u00e2ncia no Brasil na \u00e9poca do inverno, subsidiando nossas colmeias para que n\u00e3o sofram tanto na estiagem.<\/span><\/p>\n<p><span style=\"font-size: large;\">\u00c9 considerada planta sem import\u00e2ncia para a maioria dos habitantes das zonas rurais e, por isso, muitas vezes \u00e9 desprezada, sendo geralmente cortada e queimada. Outra raz\u00e3o de sua destrui\u00e7\u00e3o est\u00e1 no fato de ser considerada uma planta daninha por alguns pecuaristas, uma vez que a dissemina\u00e7\u00e3o natural de suas sementes \u00e9 intensa e a germina\u00e7\u00e3o delas \u00e9 r\u00e1pida, podendo em alguns casos prejudicar pastagens. H\u00e1 produtores rurais que, preocupados apenas com a conserva\u00e7\u00e3o de seus pastos, usam produtos t\u00f3xicos para evitar a prolifera\u00e7\u00e3o dessa esp\u00e9cie. Cabe principalmente aos apicultores conscientizar as pessoas sobre a import\u00e2ncia de n\u00e3o destru\u00ed-la, mas sim manter sua dissemina\u00e7\u00e3o, por\u00e9m em espa\u00e7os que sejam bem adequados. <\/span><\/p>\n<p><span style=\"font-size: large;\">A Assa-Peixe apresenta folhas simples, com 10 a 24 cent\u00edmetros de comprimento, um pouco \u00e1speras para o nosso tato, que permanecem na planta o ano todo e que apresentam nervuras que se assemelham \u00e0s espinhas de peixes. Suas flores s\u00e3o mi\u00fadas, perfumadas, brancas, mel\u00edferas e ficam nas extremidades dos ramos. H\u00e1 variedades, como as esp\u00e9cies Vernonia ferruginea Less e Vernonia tweediana Baker. Ela pode ser multiplicada por sementes. A altura da planta varia entre 1 metro e 3 metros.<\/span><\/p>\n<p><span style=\"font-size: large;\">Em algumas localidades, suas ra\u00edzes e folhas s\u00e3o utilizadas popularmente para fins medicinais, como em tratamentos de bronquite e de tosses, ou ent\u00e3o com finalidades diur\u00e9ticas e antirreum\u00e1ticas. H\u00e1 registros de que o cozimento de suas ra\u00edzes fornece medica\u00e7\u00e3o \u00fatil para tratar machucados e estancar sangue. Tamb\u00e9m h\u00e1 ocorr\u00eancias da utiliza\u00e7\u00e3o de suas folhas novas em receitas culin\u00e1rias, sendo levadas ao fogo em cozimentos ou frituras, junto com outros ingredientes, fato que deu origem a um dos nomes populares dessa planta. O mel que as abelhas produzem a partir de suas flores \u00e9 leve, com aroma agrad\u00e1vel e muito apreciado pela maioria das pessoas.<\/span><\/p>\n<p><span style=\"font-size: large;\"><b>Refer\u00eancias:<\/b><\/span><\/p>\n<p><span style=\"font-size: large;\">FEEBURG, Jo\u00e3o B. T\u00e9cnica e Pr\u00e1tica de Apicultura. Porto Alegre: 1986, p. 123.<\/span><\/p>\n<p><span style=\"font-size: large;\">KORBES, Irm\u00e3o V. Cirilo. Plantas Medicinais. 48 ed. Francisco Beltr\u00e3o: Associa\u00e7\u00e3o de Estudos, Orienta\u00e7\u00e3o e Assist\u00eancia Rural, 1995, p. 74-75.<\/span><\/p>\n<p><span style=\"font-size: large;\">LORENZI, Harri. Plantas Medicinais do Brasil. 2. ed. Nova Odessa: Plantarum, 2008, p. 166.<\/span><\/p>\n<p><span style=\"font-size: large;\"><a href=\"http:\/\/www.esalq.usp.br\/lcb\/lerf\/divulgacao\/produzidos\/artigos\/2001sav58n2p413-420.pdf\" target=\"_blank\" rel=\"noopener\">http:\/\/www.esalq.usp.br\/lcb\/lerf\/divulgacao\/produzidos\/artigos\/2001sav58n2p413-420.pdf<\/a><\/span><\/p>\n<p><span style=\"font-size: large;\"><a href=\"https:\/\/pastoextraordinario.com.br\/\" target=\"_blank\" rel=\"noopener\">https:\/\/pastoextraordinario.com.br\/<\/a><\/span><\/p>\n<p><span style=\"font-size: large;\"><a href=\"https:\/\/pt.wikipedia.org\/\" target=\"_blank\" rel=\"noopener\">https:\/\/pt.wikipedia.org\/<\/a><\/span><\/p>\n","protected":false},"excerpt":{"rendered":"<p>ASSA-PEIXE Vernonia polyanthes Less Dr. Jo\u00e3o Martins Ferreira \u00e9 Professor Titular da Universidade Paulista UNIP, Pesquisador junto \u00e0 Universidade de S\u00e3o Paulo, Jornalista e Apicultor. Contato: martins_ferreira@hotmail.com Os nomes populares [&hellip;]<\/p>\n","protected":false},"author":20,"featured_media":0,"parent":3952,"menu_order":0,"comment_status":"open","ping_status":"open","template":"","meta":{"pmpro_default_level":"","_price":"","_stock":"","_tribe_ticket_header":"","_tribe_default_ticket_provider":"","_tribe_ticket_capacity":"0","_ticket_start_date":"","_ticket_end_date":"","_tribe_ticket_show_description":"","_tribe_ticket_show_not_going":false,"_tribe_ticket_use_global_stock":"","_tribe_ticket_global_stock_level":"","_global_stock_mode":"","_global_stock_cap":"","_tribe_rsvp_for_event":"","_tribe_ticket_going_count":"","_tribe_ticket_not_going_count":"","_tribe_tickets_list":"[]","_tribe_ticket_has_attendee_info_fields":false,"cybocfi_hide_featured_image":"","footnotes":""},"class_list":["post-3988","page","type-page","status-publish","hentry","pmpro-has-access"],"_links":{"self":[{"href":"https:\/\/apacame.org.br\/site\/wp-json\/wp\/v2\/pages\/3988"}],"collection":[{"href":"https:\/\/apacame.org.br\/site\/wp-json\/wp\/v2\/pages"}],"about":[{"href":"https:\/\/apacame.org.br\/site\/wp-json\/wp\/v2\/types\/page"}],"author":[{"embeddable":true,"href":"https:\/\/apacame.org.br\/site\/wp-json\/wp\/v2\/users\/20"}],"replies":[{"embeddable":true,"href":"https:\/\/apacame.org.br\/site\/wp-json\/wp\/v2\/comments?post=3988"}],"version-history":[{"count":4,"href":"https:\/\/apacame.org.br\/site\/wp-json\/wp\/v2\/pages\/3988\/revisions"}],"predecessor-version":[{"id":4009,"href":"https:\/\/apacame.org.br\/site\/wp-json\/wp\/v2\/pages\/3988\/revisions\/4009"}],"up":[{"embeddable":true,"href":"https:\/\/apacame.org.br\/site\/wp-json\/wp\/v2\/pages\/3952"}],"wp:attachment":[{"href":"https:\/\/apacame.org.br\/site\/wp-json\/wp\/v2\/media?parent=3988"}],"curies":[{"name":"wp","href":"https:\/\/api.w.org\/{rel}","templated":true}]}}