{"id":3981,"date":"2021-04-08T19:21:38","date_gmt":"2021-04-08T19:21:38","guid":{"rendered":"http:\/\/apacame.org.br\/site\/?page_id=3981"},"modified":"2021-04-08T19:24:24","modified_gmt":"2021-04-08T19:24:24","slug":"artigo-4","status":"publish","type":"page","link":"https:\/\/apacame.org.br\/site\/revista\/mensagem-doce-n-160-marco-de-2021\/artigo-4\/","title":{"rendered":"Artigo"},"content":{"rendered":"<h1 style=\"text-align: center;\">Aprendendo com as Abelhas<\/h1>\n<blockquote><p>Vera Amatti &#8211; Jornalista e apicultora<\/p><\/blockquote>\n<p><span style=\"font-size: large;\"><b><i>Curso pr\u00e1tico de manejo em Apicultura introduz fundamentos e abre perspectivas pessoais e profissionais para empreendedores ou pessoas que buscam novo estilo de vida<\/i><\/b><\/span><\/p>\n<p><span style=\"font-size: large;\">O concorrido Curso de Inicia\u00e7\u00e3o \u00e0 Apicultura teve sua edi\u00e7\u00e3o de n\u00famero 192 entre os dias 5 e 13 de dezembro de 2020. Com limites impostos pelo isolamento social e tomadas as medidas propostas pelas autoridades, os 20 alunos que vieram das diversas cidades do estado de S\u00e3o Paulo e de estados vizinhos tiveram a chance de conferir, in loco, a lida di\u00e1ria com as abelhas Apis e, de quebra, ganharam uma consultoria e dicas de meliponicultura com o professor \u00c1lvaro Chaves de Oliveira.<a href=\"https:\/\/apacame.org.br\/site\/wp-content\/uploads\/2021\/04\/Fig_1_Aprendendo.jpg\"><img fetchpriority=\"high\" decoding=\"async\" class=\"alignright size-medium wp-image-3982\" src=\"https:\/\/apacame.org.br\/site\/wp-content\/uploads\/2021\/04\/Fig_1_Aprendendo-300x263.jpg\" alt=\"Fig_1_Aprendendo\" width=\"300\" height=\"263\" srcset=\"https:\/\/apacame.org.br\/site\/wp-content\/uploads\/2021\/04\/Fig_1_Aprendendo-300x263.jpg 300w, https:\/\/apacame.org.br\/site\/wp-content\/uploads\/2021\/04\/Fig_1_Aprendendo-1024x897.jpg 1024w, https:\/\/apacame.org.br\/site\/wp-content\/uploads\/2021\/04\/Fig_1_Aprendendo-150x131.jpg 150w, https:\/\/apacame.org.br\/site\/wp-content\/uploads\/2021\/04\/Fig_1_Aprendendo-500x438.jpg 500w, https:\/\/apacame.org.br\/site\/wp-content\/uploads\/2021\/04\/Fig_1_Aprendendo.jpg 1126w\" sizes=\"(max-width: 300px) 100vw, 300px\" \/><\/a><\/span><\/p>\n<p><span style=\"font-size: large;\">Ministrado tamb\u00e9m pelo presidente da APACAME, Eloi Viana da Silva, o curso de dois finais de semana \u00e9 suficiente para despertar a paix\u00e3o e a curiosidade pela Apicultura, para alguns; e tirar d\u00favidas de manejo e corrigir procedimentos, para outros. O diretor t\u00e9cnico da entidade, Celso Henrique, deu palestra especial sobre Apicultura no \u00e2mbito cient\u00edfico, abrindo um panorama para o estudo das abelhas e de sua produ\u00e7\u00e3o no campo farmac\u00eautico, terap\u00eautico e cl\u00ednico.<\/span><\/p>\n<p><span style=\"font-size: large;\">O cora\u00e7\u00e3o do curso, entretanto, vai muito al\u00e9m do aprendizado e da cobi\u00e7ada certifica\u00e7\u00e3o conferida por uma entidade oficial e tradicional como a APACAME. O perfil heterog\u00eaneo dos participantes revela o que j\u00e1 sabemos por intui\u00e7\u00e3o: Criar abelhas \u00e9 entrar em contato com o esp\u00edrito da natureza, da cria\u00e7\u00e3o divina, \u00e9 fazer da atividade uma forma de sabedoria que n\u00e3o se aprende nos livros, mas na observa\u00e7\u00e3o paciente de uma sociedade que trabalha de forma organizada, obediente \u00e0 hierarquia, produtiva e competente para desempenhar seu papel no mundo.<\/span><\/p>\n<p><span style=\"font-size: large;\">Dessa forma, a turma 192, composta por pessoas t\u00e3o diferentes &#8211; de advogados, dentistas e administradores a simples lavradores e caseiros &#8211; teve em comum o mesmo objetivo de fazer da apicultura uma atividade agrad\u00e1vel, sustent\u00e1vel e lucrativa. De classe, transformou-se em colmeia que mant\u00e9m estreita amizade para trocar informa\u00e7\u00f5es e experi\u00eancias. Alguns depoimentos de alunos revelam como o crescente interesse na \u00e1rea n\u00e3o se trata apenas de uma onda passageira, mas de uma mas de uma tend\u00eancia que veio para ficar:<\/span><\/p>\n<p><span style=\"font-size: large;\">F\u00e1bio: \u201cConsidero que fazer o curso j\u00e1 \u00e9 empreendedorismo, pois estudar e ter olhar cr\u00edtico nos dar\u00e1 embasamento para concretizar o sonho de ter um api\u00e1rio\u201d.<a href=\"https:\/\/apacame.org.br\/site\/wp-content\/uploads\/2021\/04\/Fig_2_Aprendendo.jpg\"><img decoding=\"async\" class=\"alignleft size-medium wp-image-3983\" src=\"https:\/\/apacame.org.br\/site\/wp-content\/uploads\/2021\/04\/Fig_2_Aprendendo-300x264.jpg\" alt=\"Fig_2_Aprendendo\" width=\"300\" height=\"264\" srcset=\"https:\/\/apacame.org.br\/site\/wp-content\/uploads\/2021\/04\/Fig_2_Aprendendo-300x264.jpg 300w, https:\/\/apacame.org.br\/site\/wp-content\/uploads\/2021\/04\/Fig_2_Aprendendo-1024x901.jpg 1024w, https:\/\/apacame.org.br\/site\/wp-content\/uploads\/2021\/04\/Fig_2_Aprendendo-150x132.jpg 150w, https:\/\/apacame.org.br\/site\/wp-content\/uploads\/2021\/04\/Fig_2_Aprendendo-500x440.jpg 500w, https:\/\/apacame.org.br\/site\/wp-content\/uploads\/2021\/04\/Fig_2_Aprendendo.jpg 1125w\" sizes=\"(max-width: 300px) 100vw, 300px\" \/><\/a><\/span><\/p>\n<p><span style=\"font-size: large;\">Carol: \u201cEu era o tipo de pessoa que tinha pavor de abelha. Minha vida mudou completamente no ano passado, quando meu tio, que tem um api\u00e1rio em Lambari, me chamou para ajud\u00e1-lo. Pensei em ficar em casa com o macac\u00e3o que ele tinha me dado, mas depois de dois minutos em campo, senti que aquele era meu universo e tiramos 300 kg de mel em um dos melhores Natais que passei\u201d.<\/span><\/p>\n<p><span style=\"font-size: large;\">Rita: \u201cEstou animada com o curso s\u00f3 de poder entender como lidar com as duas caixas que temos no s\u00edtio!\u201d<\/span><\/p>\n<p><span style=\"font-size: large;\">Murilo: \u201cAs possibilidades de desenvolvimento de atividades econ\u00f4micas com as abelhas s\u00e3o t\u00e3o grandes que \u00e9 comum ter em mente tamb\u00e9m grandes projetos, elaborados e rent\u00e1veis, mas precisamos ter os p\u00e9s no ch\u00e3o e primeiro saber todo o processo, os custos, dificuldades pr\u00e1ticas e burocr\u00e1ticas\u201d.<\/span><\/p>\n<p><span style=\"font-size: large;\">O curso de Inicia\u00e7\u00e3o em Apicultura \u00e9 ministrado no api\u00e1rio-escola da APACAME, em Santana do Parna\u00edba, periodicamente. Para fazer inscri\u00e7\u00f5es, basta acessar o site da loja da APACAME: <a href=\"http:\/\/www.apacameloja.com.br\" target=\"_blank\" rel=\"noopener\">www.apacameloja.com.br<\/a> .<\/span><\/p>\n","protected":false},"excerpt":{"rendered":"<p>Aprendendo com as Abelhas Vera Amatti &#8211; Jornalista e apicultora Curso pr\u00e1tico de manejo em Apicultura introduz fundamentos e abre perspectivas pessoais e profissionais para empreendedores ou pessoas que buscam [&hellip;]<\/p>\n","protected":false},"author":20,"featured_media":0,"parent":3952,"menu_order":0,"comment_status":"open","ping_status":"open","template":"","meta":{"pmpro_default_level":"","_price":"","_stock":"","_tribe_ticket_header":"","_tribe_default_ticket_provider":"","_tribe_ticket_capacity":"0","_ticket_start_date":"","_ticket_end_date":"","_tribe_ticket_show_description":"","_tribe_ticket_show_not_going":false,"_tribe_ticket_use_global_stock":"","_tribe_ticket_global_stock_level":"","_global_stock_mode":"","_global_stock_cap":"","_tribe_rsvp_for_event":"","_tribe_ticket_going_count":"","_tribe_ticket_not_going_count":"","_tribe_tickets_list":"[]","_tribe_ticket_has_attendee_info_fields":false,"cybocfi_hide_featured_image":"","footnotes":""},"class_list":["post-3981","page","type-page","status-publish","hentry","pmpro-has-access"],"_links":{"self":[{"href":"https:\/\/apacame.org.br\/site\/wp-json\/wp\/v2\/pages\/3981"}],"collection":[{"href":"https:\/\/apacame.org.br\/site\/wp-json\/wp\/v2\/pages"}],"about":[{"href":"https:\/\/apacame.org.br\/site\/wp-json\/wp\/v2\/types\/page"}],"author":[{"embeddable":true,"href":"https:\/\/apacame.org.br\/site\/wp-json\/wp\/v2\/users\/20"}],"replies":[{"embeddable":true,"href":"https:\/\/apacame.org.br\/site\/wp-json\/wp\/v2\/comments?post=3981"}],"version-history":[{"count":4,"href":"https:\/\/apacame.org.br\/site\/wp-json\/wp\/v2\/pages\/3981\/revisions"}],"predecessor-version":[{"id":3985,"href":"https:\/\/apacame.org.br\/site\/wp-json\/wp\/v2\/pages\/3981\/revisions\/3985"}],"up":[{"embeddable":true,"href":"https:\/\/apacame.org.br\/site\/wp-json\/wp\/v2\/pages\/3952"}],"wp:attachment":[{"href":"https:\/\/apacame.org.br\/site\/wp-json\/wp\/v2\/media?parent=3981"}],"curies":[{"name":"wp","href":"https:\/\/api.w.org\/{rel}","templated":true}]}}