{"id":3969,"date":"2021-04-07T19:45:29","date_gmt":"2021-04-07T19:45:29","guid":{"rendered":"http:\/\/apacame.org.br\/site\/?page_id=3969"},"modified":"2021-04-07T19:47:56","modified_gmt":"2021-04-07T19:47:56","slug":"artigo-2","status":"publish","type":"page","link":"https:\/\/apacame.org.br\/site\/revista\/mensagem-doce-n-160-marco-de-2021\/artigo-2\/","title":{"rendered":"Artigo"},"content":{"rendered":"<h1 style=\"text-align: center;\">COLOSS &#8211; Uma organiza\u00e7\u00e3o internacional que promove pesquisas e a\u00e7\u00f5es para evitar a perda de abelhas<\/h1>\n<blockquote><p>Arthur Henrique Puccetti Nascimento &amp; David De Jong;<br \/>\nDepartamento de Gen\u00e9tica, Faculdade de Medicina de Ribeir\u00e3o Preto, Universidade de S\u00e3o Paulo, Ribeir\u00e3o Preto, SP. e-mail autor: <a href=\"mailto:arthurhpn@usp.br\">arthurhpn@usp.br<\/a><\/p><\/blockquote>\n<p><span style=\"font-size: large;\"><a href=\"https:\/\/apacame.org.br\/site\/wp-content\/uploads\/2021\/04\/Figura_coloss.jpg\"><img fetchpriority=\"high\" decoding=\"async\" class=\"alignright size-medium wp-image-3972\" src=\"https:\/\/apacame.org.br\/site\/wp-content\/uploads\/2021\/04\/Figura_coloss-293x300.jpg\" alt=\"Figura_coloss\" width=\"293\" height=\"300\" srcset=\"https:\/\/apacame.org.br\/site\/wp-content\/uploads\/2021\/04\/Figura_coloss-293x300.jpg 293w, https:\/\/apacame.org.br\/site\/wp-content\/uploads\/2021\/04\/Figura_coloss-1002x1024.jpg 1002w, https:\/\/apacame.org.br\/site\/wp-content\/uploads\/2021\/04\/Figura_coloss-150x153.jpg 150w, https:\/\/apacame.org.br\/site\/wp-content\/uploads\/2021\/04\/Figura_coloss-489x500.jpg 489w, https:\/\/apacame.org.br\/site\/wp-content\/uploads\/2021\/04\/Figura_coloss.jpg 1123w\" sizes=\"(max-width: 293px) 100vw, 293px\" \/><\/a>COLOSS (prevention of honey bee COlony LOSSes &#8211; preven\u00e7\u00e3o de perdas de col\u00f4nias de abelhas-do-mel) \u00e9 uma organiza\u00e7\u00e3o sem fins lucrativos cujo objetivo central \u00e9 prevenir perdas de col\u00f4nias de abelhas, em particular a abelha da esp\u00e9cie Apis mellifera. Atualmente a COLOSS conta com mais de 1500 membros de 103 pa\u00edses, que s\u00e3o principalmente profissionais da \u00e1rea cient\u00edfica (pesquisadores, veterin\u00e1rios, bi\u00f3logos, etc.) e estudantes de \u00e1reas relacionadas ao trato das abelhas. Vale ressaltar que a l\u00edngua usada no site e nas comunica\u00e7\u00f5es \u00e9 o Ingl\u00eas, que \u00e9 praxe para a maioria das organiza\u00e7\u00f5es cient\u00edficas internacionais.<\/span><\/p>\n<p><span style=\"font-size: large;\">As a\u00e7\u00f5es da COLOSS em prol das abelhas se ramificam em v\u00e1rias esferas da sociedade, como: na pol\u00edtica, incentivando a cria\u00e7\u00e3o de leis de prote\u00e7\u00e3o ao meio ambiente, em especial \u00e0s abelhas; na educa\u00e7\u00e3o, auxiliando no desenvolvimento do aprendizado dos estudantes que promovem pesquisas em prol do bem estar das abelhas; na produ\u00e7\u00e3o cient\u00edfica, estimulando e disseminando conhecimento cient\u00edfico e desenvolvendo metodologias para a pesquisa deste inseto; na sociedade civil, oferecendo cursos e treinamentos de aperfei\u00e7oamento das t\u00e9cnicas de manejo de abelhas. <\/span><\/p>\n<p><span style=\"font-size: large;\">A COLOSS promove suas a\u00e7\u00f5es dividindo-as em tr\u00eas temas principais de interesse, a citar:<\/span><\/p>\n<p><span style=\"font-size: large;\">a \u2013 Pat\u00f3genos e parasitas \u2013 desenvolvendo manejos e conhecimento sobre as patologias ap\u00edcolas;<\/span><\/p>\n<p><span style=\"font-size: large;\">b \u2013 Meio ambiente \u2013 atuando na pesquisa de nutri\u00e7\u00e3o e a\u00e7\u00e3o dos pesticidas nas col\u00f4nias de abelhas;<\/span><\/p>\n<p><span style=\"font-size: large;\">c \u2013 Melhoramento e conserva\u00e7\u00e3o \u2013 selecionando col\u00f4nias resistentes a doen\u00e7as.<\/span><\/p>\n<p><span style=\"font-size: large;\"><b>Como projetos principais, a organiza\u00e7\u00e3o apresenta:<\/b><\/span><\/p>\n<p><span style=\"font-size: large;\">a \u2013 Monitoramento de perda de col\u00f4nias \u2013 onde s\u00e3o realizados estudos e levantamentos a respeito de perdas de col\u00f4nias ao redor do mundo, com investiga\u00e7\u00f5es e question\u00e1rios para apicultores, na busca das raz\u00f5es de tais perdas;<\/span><\/p>\n<p><span style=\"font-size: large;\">b \u2013 O livro \u201cBEEBOOK\u201d \u2013 uma produ\u00e7\u00e3o liter\u00e1ria cient\u00edfica que re\u00fane extenso material sobre padroniza\u00e7\u00e3o de t\u00e9cnicas e pesquisas sobre A. mellifera, bem como conhecimento sobre patologias e produtos ap\u00edcolas;<\/span><\/p>\n<p><span style=\"font-size: large;\">c \u2013 B-RAP (Bridging Research and Practice) \u2013 Unindo pesquisa e pr\u00e1tica, com intuito de transmitir aos apicultores e demais profissionais que lidam com apicultura e produtos ap\u00edcolas, os conhecimentos cient\u00edficos visando aperfei\u00e7oar as pr\u00e1ticas de manejo. <\/span><\/p>\n<p><span style=\"font-size: large;\">A organiza\u00e7\u00e3o produz tamb\u00e9m conte\u00fado informativo com projetos paralelos, denominados pela COLOSS de For\u00e7as Tarefas (Task Forces), cujos temas s\u00e3o:<\/span><\/p>\n<p><span style=\"font-size: large;\">a \u2013 Controle do \u00e1caro parasita Varroa destructor \u2013 formado por mais de 60 pesquisadores de v\u00e1rios pa\u00edses, o projeto possui como objetivo desenvolver solu\u00e7\u00f5es sustent\u00e1veis de controle do \u00e1caro.<\/span><\/p>\n<p><span style=\"font-size: large;\">b \u2013 APITOX \u2013 projeto cujo prop\u00f3sito \u00e9 investigar as consequ\u00eancias dos agroqu\u00edmicos sobre as abelhas.<\/span><\/p>\n<p><span style=\"font-size: large;\">c \u2013 Nutri\u00e7\u00e3o \u2013Buscando padronizar alimentos artificiais para as abelhas, desenvolver pesquisas analisando as consequ\u00eancias da alimenta\u00e7\u00e3o artificial e natural e divulgar conhecimento para os criadores de abelhas em geral.<\/span><\/p>\n<p><span style=\"font-size: large;\">d \u2013 Cria\u00e7\u00e3o de abelhas sustent\u00e1vel \u2013 projeto dedicado a reprodu\u00e7\u00e3o e conserva\u00e7\u00e3o das abelhas.<\/span><\/p>\n<p><span style=\"font-size: large;\">e \u2013 Controle do pequeno besouro da colmeia (Aethina tumida). Com mais de 100 pesquisadores, esse projeto visa ampliar as informa\u00e7\u00f5es a respeito deste parasita de abelhas e desenvolver m\u00e9todos de controle para o besouro.<\/span><\/p>\n<p><span style=\"font-size: large;\">f \u2013 Velutina (Vespa velutina) \u2013 grupo de pesquisadores que se dedicam a compreender a biologia dessa vespa Asi\u00e1tica, rec\u00e9m introduzida na Europa, que atua como predadora das abelhas A. mellifera, bem como desenvolver manejos de controle dessa vespa.<\/span><\/p>\n<p><span style=\"font-size: large;\">g \u2013 Honey Bee Watch \u2013 projeto cujos objetivos s\u00e3o compreender melhor os comportamentos das abelhas, maneiras de auxiliar na preserva\u00e7\u00e3o e conserva\u00e7\u00e3o atrav\u00e9s da participa\u00e7\u00e3o da sociedade civil.<\/span><\/p>\n<p><span style=\"font-size: large;\">h \u2013 V\u00edrus \u2013 iniciativa que busca compreender as viroses que acometem as abelhas e desenvolver m\u00e9todos eficazes no controle dos v\u00edrus.<\/span><\/p>\n<p><span style=\"font-size: large;\">As verbas necess\u00e1rias para a realiza\u00e7\u00e3o das a\u00e7\u00f5es da organiza\u00e7\u00e3o prov\u00eam de taxas pagas pelos membros, doa\u00e7\u00f5es e verbas adquiridas como taxas em workshops e confer\u00eancias.<\/span><\/p>\n<p><span style=\"font-size: large;\">Para se tornar um membro da COLOSS basta se registrar no site da ONG, preenchendo as informa\u00e7\u00f5es requeridas. O membro, para ser aceito, n\u00e3o poder\u00e1 estar envolvido com atividades que interfiram negativamente no bem-estar das abelhas. A associa\u00e7\u00e3o \u00e0 ONG COLOSS n\u00e3o tem custos e entre os benef\u00edcios est\u00e3o o direito a participa\u00e7\u00e3o de eventos promovidos pela COLOSS, como workshops, confer\u00eancias e miss\u00f5es cient\u00edficas de curto prazo, e acesso total aos servi\u00e7os da ONG. Por ser uma associa\u00e7\u00e3o no qual um dos interesses \u00e9 promover a amplia\u00e7\u00e3o e dissemina\u00e7\u00e3o de conhecimento sobre as abelhas, e ainda ser constitu\u00edda por uma imensa rede de pesquisadores e profissionais que trabalham com este inseto, h\u00e1 a possibilidade de inclus\u00e3o de outros assuntos, como por exemplo, a introdu\u00e7\u00e3o de projetos de pesquisa sobre outras esp\u00e9cies de abelha, desde que haja membros interessados e dispostos a desenvolver estudos nessas \u00e1reas.<\/span><\/p>\n<p><span style=\"font-size: large;\">S\u00e3o organizados workshops, confer\u00eancias e treinamentos, a fim de debater os temas relacionados aos projetos em vigor. Um dos exemplos de estudo que foi concebido e incentivado em uma das reuni\u00f5es da ONG \u00e9 o artigo \u201co uso de Ci\u00eancia cidad\u00e3 para estudar diversidade sazonal e tipos de p\u00f3len coletadas pelas abelhas na \u00c1ustria\u201d (link para o artigo https:\/\/rdcu.be\/b9uWD). V\u00e1rios pa\u00edses, como Su\u00ed\u00e7a, Alemanha, Gr\u00e9cia, Eslov\u00e1quia, EUA e Canad\u00e1, j\u00e1 sediaram encontros promovidos pela COLOSS. As \u00faltimas workshops e a reuni\u00e3o anual foi feito online e provavelmente esta op\u00e7\u00e3o vai ficar dispon\u00edvel para os pr\u00f3ximos eventos, facilitando e deixando mais acess\u00edvel a participa\u00e7\u00e3o de membros das v\u00e1rias regi\u00f5es do mundo.<\/span><\/p>\n<p><span style=\"font-size: large;\">Na p\u00e1gina virtual da associa\u00e7\u00e3o o leitor pode encontrar acesso a um grande acervo de informa\u00e7\u00f5es \u00fateis relacionadas \u00e0 pesquisa sobre a abelha Apis mellifera, principal foco de a\u00e7\u00e3o e interesse da COLOSS, distribu\u00eddas nas se\u00e7\u00f5es do site, direcionando quem busca aos projetos e artigos concernentes ao tema. Como exemplo a esses servi\u00e7os virtuais est\u00e3o o acesso a perfis de membros e informa\u00e7\u00f5es \u00fateis na aba \u201cAnnouncements\u201d (an\u00fancios), onde est\u00e3o dispon\u00edveis artigos de pesquisas sobre perdas de col\u00f4nias e outros temas, not\u00edcias sobre eventos e atualiza\u00e7\u00f5es sobre publica\u00e7\u00f5es e an\u00fancios de empregos para pesquisadores, benef\u00edcios acess\u00edveis para os membros da COLOSS, que podem se manter atualizados e fazer parte de um grande grupo cujo objetivo \u00e9 trabalhar em prol das abelhas.<\/span><\/p>\n<p><span style=\"font-size: large;\">Visite o Site da COLOSS &#8211; <a href=\"https:\/\/coloss.org\/\" target=\"_blank\" rel=\"noopener\">https:\/\/coloss.org\/<\/a><\/span><\/p>\n","protected":false},"excerpt":{"rendered":"<p>COLOSS &#8211; Uma organiza\u00e7\u00e3o internacional que promove pesquisas e a\u00e7\u00f5es para evitar a perda de abelhas Arthur Henrique Puccetti Nascimento &amp; David De Jong; Departamento de Gen\u00e9tica, Faculdade de Medicina [&hellip;]<\/p>\n","protected":false},"author":20,"featured_media":0,"parent":3952,"menu_order":0,"comment_status":"open","ping_status":"open","template":"","meta":{"pmpro_default_level":"","_price":"","_stock":"","_tribe_ticket_header":"","_tribe_default_ticket_provider":"","_tribe_ticket_capacity":"0","_ticket_start_date":"","_ticket_end_date":"","_tribe_ticket_show_description":"","_tribe_ticket_show_not_going":false,"_tribe_ticket_use_global_stock":"","_tribe_ticket_global_stock_level":"","_global_stock_mode":"","_global_stock_cap":"","_tribe_rsvp_for_event":"","_tribe_ticket_going_count":"","_tribe_ticket_not_going_count":"","_tribe_tickets_list":"[]","_tribe_ticket_has_attendee_info_fields":false,"cybocfi_hide_featured_image":"","footnotes":""},"class_list":["post-3969","page","type-page","status-publish","hentry","pmpro-has-access"],"_links":{"self":[{"href":"https:\/\/apacame.org.br\/site\/wp-json\/wp\/v2\/pages\/3969"}],"collection":[{"href":"https:\/\/apacame.org.br\/site\/wp-json\/wp\/v2\/pages"}],"about":[{"href":"https:\/\/apacame.org.br\/site\/wp-json\/wp\/v2\/types\/page"}],"author":[{"embeddable":true,"href":"https:\/\/apacame.org.br\/site\/wp-json\/wp\/v2\/users\/20"}],"replies":[{"embeddable":true,"href":"https:\/\/apacame.org.br\/site\/wp-json\/wp\/v2\/comments?post=3969"}],"version-history":[{"count":3,"href":"https:\/\/apacame.org.br\/site\/wp-json\/wp\/v2\/pages\/3969\/revisions"}],"predecessor-version":[{"id":3971,"href":"https:\/\/apacame.org.br\/site\/wp-json\/wp\/v2\/pages\/3969\/revisions\/3971"}],"up":[{"embeddable":true,"href":"https:\/\/apacame.org.br\/site\/wp-json\/wp\/v2\/pages\/3952"}],"wp:attachment":[{"href":"https:\/\/apacame.org.br\/site\/wp-json\/wp\/v2\/media?parent=3969"}],"curies":[{"name":"wp","href":"https:\/\/api.w.org\/{rel}","templated":true}]}}